{"id":9883,"date":"2024-10-29T19:12:47","date_gmt":"2024-10-29T17:12:47","guid":{"rendered":"https:\/\/norvita.eu\/?post_type=product&#038;p=9883"},"modified":"2026-02-25T22:59:56","modified_gmt":"2026-02-25T20:59:56","slug":"beauty","status":"publish","type":"product","link":"https:\/\/norvita.eu\/de\/pood\/beauty\/","title":{"rendered":"Beauty Plus"},"content":{"rendered":"","protected":false},"excerpt":{"rendered":"<h2><span style=\"font-size: 24px;\">Die perfekte Erg\u00e4nzung zu Ihrer t\u00e4glichen Sch\u00f6nheitsroutine!<\/span><\/h2>\n<p>Beauty Plus Spray Vitamin ist eine praktische und wirksame M\u00f6glichkeit, Ihre Sch\u00f6nheit und Gesundheit zu unterst\u00fctzen. Biotin, Zink, Selen und Hyalurons\u00e4ure \u2013 4 Inhaltsstoffe, die zusammenwirken, um den besten Zustand von Haaren, Haut und N\u00e4geln zu gew\u00e4hrleisten. Hyalurons\u00e4ure spendet der Haut tiefe Feuchtigkeit, verbessert ihre Elastizit\u00e4t und reduziert gleichzeitig Trockenheit und Stumpfheit. Biotin unterst\u00fctzt das Haarwachstum und die Nagelst\u00e4rke. Zink hilft, das nat\u00fcrliche Gleichgewicht der Haut aufrechtzuerhalten, und Selen wirkt als starkes Antioxidans und sch\u00fctzt Haut und K\u00f6rper vor oxidativem Stress.<br \/>\nDie t\u00e4gliche Dosis Beauty Plus Spr\u00fchvitamin sorgt f\u00fcr eine schnelle und einfache Aufnahme der notwendigen N\u00e4hrstoffe und bietet eine bequeme Anwendung im Alltag. Und der angenehme Himbeergeschmack macht die Anwendung zum Genuss!<\/p>\n","protected":false},"featured_media":10952,"comment_status":"open","ping_status":"closed","template":"","meta":{"_acf_changed":false,"inline_featured_image":false},"product_brand":[],"product_cat":[85,84],"product_tag":[],"class_list":{"0":"post-9883","1":"product","2":"type-product","3":"status-publish","4":"has-post-thumbnail","6":"product_cat-alle","7":"product_cat-spray-de","9":"first","10":"instock","11":"featured","12":"taxable","13":"shipping-taxable","14":"purchasable","15":"product-type-simple"},"acf":[],"yoast_head":"<!-- This site is optimized with the Yoast SEO plugin v27.2 - https:\/\/yoast.com\/product\/yoast-seo-wordpress\/ -->\n<title>Beauty Plus | Norvita sprei- ja geelvitamiinid<\/title>\n<meta name=\"description\" content=\"Das beste Vitaminspray f\u00fcr Haare, Haut und N\u00e4gel \u2013 Biotin, Zink, Selen, Hyalurons\u00e4ure. Nahrungserg\u00e4nzungsmittel f\u00fcr Haare und Haut, gegen Haar- und Nagelausfall, Anti-Aging-Eigenschaften.\" \/>\n<meta name=\"robots\" content=\"index, follow, max-snippet:-1, max-image-preview:large, max-video-preview:-1\" \/>\n<link rel=\"canonical\" href=\"https:\/\/norvita.eu\/de\/pood\/beauty\/\" \/>\n<meta property=\"og:locale\" content=\"de_DE\" \/>\n<meta property=\"og:type\" content=\"article\" \/>\n<meta property=\"og:title\" content=\"Beauty Plus | Norvita sprei- ja geelvitamiinid\" \/>\n<meta property=\"og:description\" content=\"Das beste Vitaminspray f\u00fcr Haare, Haut und N\u00e4gel \u2013 Biotin, Zink, Selen, Hyalurons\u00e4ure. Nahrungserg\u00e4nzungsmittel f\u00fcr Haare und Haut, gegen Haar- und Nagelausfall, Anti-Aging-Eigenschaften.\" \/>\n<meta property=\"og:url\" content=\"https:\/\/norvita.eu\/de\/pood\/beauty\/\" \/>\n<meta property=\"og:site_name\" content=\"Norvita sprei- ja geelvitamiinid\" \/>\n<meta property=\"article:publisher\" content=\"https:\/\/www.facebook.com\/norvitasupplements\" \/>\n<meta property=\"article:modified_time\" content=\"2026-02-25T20:59:56+00:00\" \/>\n<meta property=\"og:image\" content=\"https:\/\/norvita.eu\/wp-content\/uploads\/2024\/10\/Beauty-plus-Buduaar-ilulemmik-2025.png\" \/>\n\t<meta property=\"og:image:width\" content=\"1000\" \/>\n\t<meta property=\"og:image:height\" content=\"1000\" \/>\n\t<meta property=\"og:image:type\" content=\"image\/png\" \/>\n<meta name=\"twitter:card\" content=\"summary_large_image\" \/>\n<script type=\"application\/ld+json\" class=\"yoast-schema-graph\">{\"@context\":\"https:\/\/schema.org\",\"@graph\":[{\"@type\":\"WebPage\",\"@id\":\"https:\/\/norvita.eu\/de\/pood\/beauty\/\",\"url\":\"https:\/\/norvita.eu\/de\/pood\/beauty\/\",\"name\":\"Beauty Plus | Norvita sprei- ja geelvitamiinid\",\"isPartOf\":{\"@id\":\"https:\/\/norvita.eu\/de\/#website\"},\"primaryImageOfPage\":{\"@id\":\"https:\/\/norvita.eu\/de\/pood\/beauty\/#primaryimage\"},\"image\":{\"@id\":\"https:\/\/norvita.eu\/de\/pood\/beauty\/#primaryimage\"},\"thumbnailUrl\":\"https:\/\/norvita.eu\/wp-content\/uploads\/2024\/10\/Beauty-plus-Buduaar-ilulemmik-2025.png\",\"datePublished\":\"2024-10-29T17:12:47+00:00\",\"dateModified\":\"2026-02-25T20:59:56+00:00\",\"description\":\"Das beste Vitaminspray f\u00fcr Haare, Haut und N\u00e4gel \u2013 Biotin, Zink, Selen, Hyalurons\u00e4ure. Nahrungserg\u00e4nzungsmittel f\u00fcr Haare und Haut, gegen Haar- und Nagelausfall, Anti-Aging-Eigenschaften.\",\"breadcrumb\":{\"@id\":\"https:\/\/norvita.eu\/de\/pood\/beauty\/#breadcrumb\"},\"inLanguage\":\"de\",\"potentialAction\":[{\"@type\":\"ReadAction\",\"target\":[\"https:\/\/norvita.eu\/de\/pood\/beauty\/\"]}]},{\"@type\":\"ImageObject\",\"inLanguage\":\"de\",\"@id\":\"https:\/\/norvita.eu\/de\/pood\/beauty\/#primaryimage\",\"url\":\"https:\/\/norvita.eu\/wp-content\/uploads\/2024\/10\/Beauty-plus-Buduaar-ilulemmik-2025.png\",\"contentUrl\":\"https:\/\/norvita.eu\/wp-content\/uploads\/2024\/10\/Beauty-plus-Buduaar-ilulemmik-2025.png\",\"width\":1000,\"height\":1000,\"caption\":\"Beauty plus spreivitamiin. Buduaar ilulemmik 2025\"},{\"@type\":\"BreadcrumbList\",\"@id\":\"https:\/\/norvita.eu\/de\/pood\/beauty\/#breadcrumb\",\"itemListElement\":[{\"@type\":\"ListItem\",\"position\":1,\"name\":\"Home\",\"item\":\"https:\/\/norvita.eu\/de\/\"},{\"@type\":\"ListItem\",\"position\":2,\"name\":\"Shop\",\"item\":\"https:\/\/norvita.eu\/de\/shop\/\"},{\"@type\":\"ListItem\",\"position\":3,\"name\":\"Beauty Plus\"}]},{\"@type\":\"WebSite\",\"@id\":\"https:\/\/norvita.eu\/de\/#website\",\"url\":\"https:\/\/norvita.eu\/de\/\",\"name\":\"Norvita sprei- ja geelvitamiinid\",\"description\":\"Sprei vitamiinid ja toidulisandid\",\"publisher\":{\"@id\":\"https:\/\/norvita.eu\/de\/#organization\"},\"potentialAction\":[{\"@type\":\"SearchAction\",\"target\":{\"@type\":\"EntryPoint\",\"urlTemplate\":\"https:\/\/norvita.eu\/de\/?s={search_term_string}\"},\"query-input\":{\"@type\":\"PropertyValueSpecification\",\"valueRequired\":true,\"valueName\":\"search_term_string\"}}],\"inLanguage\":\"de\"},{\"@type\":\"Organization\",\"@id\":\"https:\/\/norvita.eu\/de\/#organization\",\"name\":\"NorVita\",\"url\":\"https:\/\/norvita.eu\/de\/\",\"logo\":{\"@type\":\"ImageObject\",\"inLanguage\":\"de\",\"@id\":\"https:\/\/norvita.eu\/de\/#\/schema\/logo\/image\/\",\"url\":\"https:\/\/norvita.eu\/wp-content\/uploads\/2022\/07\/NorVita.svg\",\"contentUrl\":\"https:\/\/norvita.eu\/wp-content\/uploads\/2022\/07\/NorVita.svg\",\"width\":96,\"height\":26,\"caption\":\"NorVita\"},\"image\":{\"@id\":\"https:\/\/norvita.eu\/de\/#\/schema\/logo\/image\/\"},\"sameAs\":[\"https:\/\/www.facebook.com\/norvitasupplements\",\"https:\/\/www.instagram.com\/norvita_supplements\/\"]}]}<\/script>\n<!-- \/ Yoast SEO plugin. -->","yoast_head_json":{"title":"Beauty Plus | Norvita sprei- ja geelvitamiinid","description":"Das beste Vitaminspray f\u00fcr Haare, Haut und N\u00e4gel \u2013 Biotin, Zink, Selen, Hyalurons\u00e4ure. Nahrungserg\u00e4nzungsmittel f\u00fcr Haare und Haut, gegen Haar- und Nagelausfall, Anti-Aging-Eigenschaften.","robots":{"index":"index","follow":"follow","max-snippet":"max-snippet:-1","max-image-preview":"max-image-preview:large","max-video-preview":"max-video-preview:-1"},"canonical":"https:\/\/norvita.eu\/de\/pood\/beauty\/","og_locale":"de_DE","og_type":"article","og_title":"Beauty Plus | Norvita sprei- ja geelvitamiinid","og_description":"Das beste Vitaminspray f\u00fcr Haare, Haut und N\u00e4gel \u2013 Biotin, Zink, Selen, Hyalurons\u00e4ure. Nahrungserg\u00e4nzungsmittel f\u00fcr Haare und Haut, gegen Haar- und Nagelausfall, Anti-Aging-Eigenschaften.","og_url":"https:\/\/norvita.eu\/de\/pood\/beauty\/","og_site_name":"Norvita sprei- ja geelvitamiinid","article_publisher":"https:\/\/www.facebook.com\/norvitasupplements","article_modified_time":"2026-02-25T20:59:56+00:00","og_image":[{"width":1000,"height":1000,"url":"https:\/\/norvita.eu\/wp-content\/uploads\/2024\/10\/Beauty-plus-Buduaar-ilulemmik-2025.png","type":"image\/png"}],"twitter_card":"summary_large_image","schema":{"@context":"https:\/\/schema.org","@graph":[{"@type":"WebPage","@id":"https:\/\/norvita.eu\/de\/pood\/beauty\/","url":"https:\/\/norvita.eu\/de\/pood\/beauty\/","name":"Beauty Plus | Norvita sprei- ja geelvitamiinid","isPartOf":{"@id":"https:\/\/norvita.eu\/de\/#website"},"primaryImageOfPage":{"@id":"https:\/\/norvita.eu\/de\/pood\/beauty\/#primaryimage"},"image":{"@id":"https:\/\/norvita.eu\/de\/pood\/beauty\/#primaryimage"},"thumbnailUrl":"https:\/\/norvita.eu\/wp-content\/uploads\/2024\/10\/Beauty-plus-Buduaar-ilulemmik-2025.png","datePublished":"2024-10-29T17:12:47+00:00","dateModified":"2026-02-25T20:59:56+00:00","description":"Das beste Vitaminspray f\u00fcr Haare, Haut und N\u00e4gel \u2013 Biotin, Zink, Selen, Hyalurons\u00e4ure. Nahrungserg\u00e4nzungsmittel f\u00fcr Haare und Haut, gegen Haar- und Nagelausfall, Anti-Aging-Eigenschaften.","breadcrumb":{"@id":"https:\/\/norvita.eu\/de\/pood\/beauty\/#breadcrumb"},"inLanguage":"de","potentialAction":[{"@type":"ReadAction","target":["https:\/\/norvita.eu\/de\/pood\/beauty\/"]}]},{"@type":"ImageObject","inLanguage":"de","@id":"https:\/\/norvita.eu\/de\/pood\/beauty\/#primaryimage","url":"https:\/\/norvita.eu\/wp-content\/uploads\/2024\/10\/Beauty-plus-Buduaar-ilulemmik-2025.png","contentUrl":"https:\/\/norvita.eu\/wp-content\/uploads\/2024\/10\/Beauty-plus-Buduaar-ilulemmik-2025.png","width":1000,"height":1000,"caption":"Beauty plus spreivitamiin. Buduaar ilulemmik 2025"},{"@type":"BreadcrumbList","@id":"https:\/\/norvita.eu\/de\/pood\/beauty\/#breadcrumb","itemListElement":[{"@type":"ListItem","position":1,"name":"Home","item":"https:\/\/norvita.eu\/de\/"},{"@type":"ListItem","position":2,"name":"Shop","item":"https:\/\/norvita.eu\/de\/shop\/"},{"@type":"ListItem","position":3,"name":"Beauty Plus"}]},{"@type":"WebSite","@id":"https:\/\/norvita.eu\/de\/#website","url":"https:\/\/norvita.eu\/de\/","name":"Norvita sprei- ja geelvitamiinid","description":"Sprei vitamiinid ja toidulisandid","publisher":{"@id":"https:\/\/norvita.eu\/de\/#organization"},"potentialAction":[{"@type":"SearchAction","target":{"@type":"EntryPoint","urlTemplate":"https:\/\/norvita.eu\/de\/?s={search_term_string}"},"query-input":{"@type":"PropertyValueSpecification","valueRequired":true,"valueName":"search_term_string"}}],"inLanguage":"de"},{"@type":"Organization","@id":"https:\/\/norvita.eu\/de\/#organization","name":"NorVita","url":"https:\/\/norvita.eu\/de\/","logo":{"@type":"ImageObject","inLanguage":"de","@id":"https:\/\/norvita.eu\/de\/#\/schema\/logo\/image\/","url":"https:\/\/norvita.eu\/wp-content\/uploads\/2022\/07\/NorVita.svg","contentUrl":"https:\/\/norvita.eu\/wp-content\/uploads\/2022\/07\/NorVita.svg","width":96,"height":26,"caption":"NorVita"},"image":{"@id":"https:\/\/norvita.eu\/de\/#\/schema\/logo\/image\/"},"sameAs":["https:\/\/www.facebook.com\/norvitasupplements","https:\/\/www.instagram.com\/norvita_supplements\/"]}]}},"_links":{"self":[{"href":"https:\/\/norvita.eu\/de\/wp-json\/wp\/v2\/product\/9883","targetHints":{"allow":["GET"]}}],"collection":[{"href":"https:\/\/norvita.eu\/de\/wp-json\/wp\/v2\/product"}],"about":[{"href":"https:\/\/norvita.eu\/de\/wp-json\/wp\/v2\/types\/product"}],"replies":[{"embeddable":true,"href":"https:\/\/norvita.eu\/de\/wp-json\/wp\/v2\/comments?post=9883"}],"wp:featuredmedia":[{"embeddable":true,"href":"https:\/\/norvita.eu\/de\/wp-json\/wp\/v2\/media\/10952"}],"wp:attachment":[{"href":"https:\/\/norvita.eu\/de\/wp-json\/wp\/v2\/media?parent=9883"}],"wp:term":[{"taxonomy":"product_brand","embeddable":true,"href":"https:\/\/norvita.eu\/de\/wp-json\/wp\/v2\/product_brand?post=9883"},{"taxonomy":"product_cat","embeddable":true,"href":"https:\/\/norvita.eu\/de\/wp-json\/wp\/v2\/product_cat?post=9883"},{"taxonomy":"product_tag","embeddable":true,"href":"https:\/\/norvita.eu\/de\/wp-json\/wp\/v2\/product_tag?post=9883"}],"curies":[{"name":"wp","href":"https:\/\/api.w.org\/{rel}","templated":true}]}}