{"id":9417,"date":"2024-09-30T10:00:02","date_gmt":"2024-09-30T07:00:02","guid":{"rendered":"https:\/\/norvita.eu\/?post_type=product&#038;p=9417"},"modified":"2026-02-25T23:02:41","modified_gmt":"2026-02-25T21:02:41","slug":"starkes-eisen","status":"publish","type":"product","link":"https:\/\/norvita.eu\/de\/pood\/starkes-eisen\/","title":{"rendered":"Starkes Eisen"},"content":{"rendered":"","protected":false},"excerpt":{"rendered":"<h2><span style=\"font-size: 24px;\">NEUES Strong Iron Nahrungserg\u00e4nzungsmittel \u2013 mit 14 mg Eisen, B12, B6 und Vitamin C! <\/span><\/h2>\n<p><em><span style=\"font-size: 20px;\">Eisen ist ein Mineral, das eine Schl\u00fcsselrolle bei der Verringerung von M\u00fcdigkeit und der Unterst\u00fctzung des Immunsystems spielt.<\/span><\/em><\/p>\n<p>Die aktualisierte Form von mikroverkapseltem Eisen hilft dem K\u00f6rper, Eisen besser aufzunehmen und reduziert die Beschwerden bei der Eisenverdauung, die bei herk\u00f6mmlichen Eisenpr\u00e4paraten h\u00e4ufig auftreten. Eisen unterst\u00fctzt die normale Bildung roter Blutk\u00f6rperchen und H\u00e4moglobin und hilft beim Sauerstofftransport im K\u00f6rper. Bei Blutarmut oder Eisenmangel kann es daher zu st\u00e4ndiger M\u00fcdigkeit und Bl\u00e4sse kommen. Durch die Einnahme eines Eisen-Nahrungserg\u00e4nzungsmittels k\u00f6nnen Sie M\u00fcdigkeit vorbeugen, sich zus\u00e4tzliche Energie verschaffen und das Immunsystem unterst\u00fctzen. Zus\u00e4tzlich zu Eisen haben wir dem Nahrungserg\u00e4nzungsmittel die Vitamine B12, B6 und C hinzugef\u00fcgt. Vitamin B12 ist f\u00fcr die Bildung roter Blutk\u00f6rperchen unerl\u00e4sslich und Vitamin B6 hilft bei der Umwandlung von Eisen in H\u00e4moglobin. Vitamin C spielt eine Schl\u00fcsselrolle f\u00fcr eine bessere Eisenaufnahme. Ein Organismus, der Eisen von Natur aus nicht gut aufnimmt, profitiert von mikroverkapseltem Eisen in Form eines Sprays, das die Eisenaufnahme unterst\u00fctzt.<\/p>\n","protected":false},"featured_media":10942,"comment_status":"open","ping_status":"closed","template":"","meta":{"_acf_changed":false,"inline_featured_image":false},"product_brand":[],"product_cat":[85,84],"product_tag":[],"class_list":{"0":"post-9417","1":"product","2":"type-product","3":"status-publish","4":"has-post-thumbnail","6":"product_cat-alle","7":"product_cat-spray-de","9":"first","10":"instock","11":"featured","12":"taxable","13":"shipping-taxable","14":"purchasable","15":"product-type-simple"},"acf":[],"yoast_head":"<!-- This site is optimized with the Yoast SEO plugin v27.2 - https:\/\/yoast.com\/product\/yoast-seo-wordpress\/ -->\n<title>Starkes Eisen | Norvita sprei- ja geelvitamiinid<\/title>\n<meta name=\"description\" content=\"Eisen - Vitaminspray. 14 mg Eisen mit Vitamin B12, B6 und C. Eisen als Nahrungserg\u00e4nzungsmittel hilft, M\u00fcdigkeit zu verringern, zus\u00e4tzliche Energie zu liefern und das Immunsystem zu unterst\u00fctzen.\" \/>\n<meta name=\"robots\" content=\"index, follow, max-snippet:-1, max-image-preview:large, max-video-preview:-1\" \/>\n<link rel=\"canonical\" href=\"https:\/\/norvita.eu\/de\/pood\/starkes-eisen\/\" \/>\n<meta property=\"og:locale\" content=\"de_DE\" \/>\n<meta property=\"og:type\" content=\"article\" \/>\n<meta property=\"og:title\" content=\"Starkes Eisen | Norvita sprei- ja geelvitamiinid\" \/>\n<meta property=\"og:description\" content=\"Eisen - Vitaminspray. 14 mg Eisen mit Vitamin B12, B6 und C. Eisen als Nahrungserg\u00e4nzungsmittel hilft, M\u00fcdigkeit zu verringern, zus\u00e4tzliche Energie zu liefern und das Immunsystem zu unterst\u00fctzen.\" \/>\n<meta property=\"og:url\" content=\"https:\/\/norvita.eu\/de\/pood\/starkes-eisen\/\" \/>\n<meta property=\"og:site_name\" content=\"Norvita sprei- ja geelvitamiinid\" \/>\n<meta property=\"article:publisher\" content=\"https:\/\/www.facebook.com\/norvitasupplements\" \/>\n<meta property=\"article:modified_time\" content=\"2026-02-25T21:02:41+00:00\" \/>\n<meta property=\"og:image\" content=\"https:\/\/norvita.eu\/wp-content\/uploads\/2024\/09\/NorVita-tugev-raud-Anne-ja-Stiil-ilulemmik-2025.png\" \/>\n\t<meta property=\"og:image:width\" content=\"1000\" \/>\n\t<meta property=\"og:image:height\" content=\"1000\" \/>\n\t<meta property=\"og:image:type\" content=\"image\/png\" \/>\n<meta name=\"twitter:card\" content=\"summary_large_image\" \/>\n<script type=\"application\/ld+json\" class=\"yoast-schema-graph\">{\"@context\":\"https:\/\/schema.org\",\"@graph\":[{\"@type\":\"WebPage\",\"@id\":\"https:\/\/norvita.eu\/de\/pood\/starkes-eisen\/\",\"url\":\"https:\/\/norvita.eu\/de\/pood\/starkes-eisen\/\",\"name\":\"Starkes Eisen | Norvita sprei- ja geelvitamiinid\",\"isPartOf\":{\"@id\":\"https:\/\/norvita.eu\/de\/#website\"},\"primaryImageOfPage\":{\"@id\":\"https:\/\/norvita.eu\/de\/pood\/starkes-eisen\/#primaryimage\"},\"image\":{\"@id\":\"https:\/\/norvita.eu\/de\/pood\/starkes-eisen\/#primaryimage\"},\"thumbnailUrl\":\"https:\/\/norvita.eu\/wp-content\/uploads\/2024\/09\/NorVita-tugev-raud-Anne-ja-Stiil-ilulemmik-2025.png\",\"datePublished\":\"2024-09-30T07:00:02+00:00\",\"dateModified\":\"2026-02-25T21:02:41+00:00\",\"description\":\"Eisen - Vitaminspray. 14 mg Eisen mit Vitamin B12, B6 und C. Eisen als Nahrungserg\u00e4nzungsmittel hilft, M\u00fcdigkeit zu verringern, zus\u00e4tzliche Energie zu liefern und das Immunsystem zu unterst\u00fctzen.\",\"breadcrumb\":{\"@id\":\"https:\/\/norvita.eu\/de\/pood\/starkes-eisen\/#breadcrumb\"},\"inLanguage\":\"de\",\"potentialAction\":[{\"@type\":\"ReadAction\",\"target\":[\"https:\/\/norvita.eu\/de\/pood\/starkes-eisen\/\"]}]},{\"@type\":\"ImageObject\",\"inLanguage\":\"de\",\"@id\":\"https:\/\/norvita.eu\/de\/pood\/starkes-eisen\/#primaryimage\",\"url\":\"https:\/\/norvita.eu\/wp-content\/uploads\/2024\/09\/NorVita-tugev-raud-Anne-ja-Stiil-ilulemmik-2025.png\",\"contentUrl\":\"https:\/\/norvita.eu\/wp-content\/uploads\/2024\/09\/NorVita-tugev-raud-Anne-ja-Stiil-ilulemmik-2025.png\",\"width\":1000,\"height\":1000,\"caption\":\"Anne ja Stiil ilulemmik 2025 Tugev raud toidulisand\"},{\"@type\":\"BreadcrumbList\",\"@id\":\"https:\/\/norvita.eu\/de\/pood\/starkes-eisen\/#breadcrumb\",\"itemListElement\":[{\"@type\":\"ListItem\",\"position\":1,\"name\":\"Home\",\"item\":\"https:\/\/norvita.eu\/de\/\"},{\"@type\":\"ListItem\",\"position\":2,\"name\":\"Shop\",\"item\":\"https:\/\/norvita.eu\/de\/shop\/\"},{\"@type\":\"ListItem\",\"position\":3,\"name\":\"Starkes Eisen\"}]},{\"@type\":\"WebSite\",\"@id\":\"https:\/\/norvita.eu\/de\/#website\",\"url\":\"https:\/\/norvita.eu\/de\/\",\"name\":\"Norvita sprei- ja geelvitamiinid\",\"description\":\"Sprei vitamiinid ja toidulisandid\",\"publisher\":{\"@id\":\"https:\/\/norvita.eu\/de\/#organization\"},\"potentialAction\":[{\"@type\":\"SearchAction\",\"target\":{\"@type\":\"EntryPoint\",\"urlTemplate\":\"https:\/\/norvita.eu\/de\/?s={search_term_string}\"},\"query-input\":{\"@type\":\"PropertyValueSpecification\",\"valueRequired\":true,\"valueName\":\"search_term_string\"}}],\"inLanguage\":\"de\"},{\"@type\":\"Organization\",\"@id\":\"https:\/\/norvita.eu\/de\/#organization\",\"name\":\"NorVita\",\"url\":\"https:\/\/norvita.eu\/de\/\",\"logo\":{\"@type\":\"ImageObject\",\"inLanguage\":\"de\",\"@id\":\"https:\/\/norvita.eu\/de\/#\/schema\/logo\/image\/\",\"url\":\"https:\/\/norvita.eu\/wp-content\/uploads\/2022\/07\/NorVita.svg\",\"contentUrl\":\"https:\/\/norvita.eu\/wp-content\/uploads\/2022\/07\/NorVita.svg\",\"width\":96,\"height\":26,\"caption\":\"NorVita\"},\"image\":{\"@id\":\"https:\/\/norvita.eu\/de\/#\/schema\/logo\/image\/\"},\"sameAs\":[\"https:\/\/www.facebook.com\/norvitasupplements\",\"https:\/\/www.instagram.com\/norvita_supplements\/\"]}]}<\/script>\n<!-- \/ Yoast SEO plugin. -->","yoast_head_json":{"title":"Starkes Eisen | Norvita sprei- ja geelvitamiinid","description":"Eisen - Vitaminspray. 14 mg Eisen mit Vitamin B12, B6 und C. Eisen als Nahrungserg\u00e4nzungsmittel hilft, M\u00fcdigkeit zu verringern, zus\u00e4tzliche Energie zu liefern und das Immunsystem zu unterst\u00fctzen.","robots":{"index":"index","follow":"follow","max-snippet":"max-snippet:-1","max-image-preview":"max-image-preview:large","max-video-preview":"max-video-preview:-1"},"canonical":"https:\/\/norvita.eu\/de\/pood\/starkes-eisen\/","og_locale":"de_DE","og_type":"article","og_title":"Starkes Eisen | Norvita sprei- ja geelvitamiinid","og_description":"Eisen - Vitaminspray. 14 mg Eisen mit Vitamin B12, B6 und C. Eisen als Nahrungserg\u00e4nzungsmittel hilft, M\u00fcdigkeit zu verringern, zus\u00e4tzliche Energie zu liefern und das Immunsystem zu unterst\u00fctzen.","og_url":"https:\/\/norvita.eu\/de\/pood\/starkes-eisen\/","og_site_name":"Norvita sprei- ja geelvitamiinid","article_publisher":"https:\/\/www.facebook.com\/norvitasupplements","article_modified_time":"2026-02-25T21:02:41+00:00","og_image":[{"width":1000,"height":1000,"url":"https:\/\/norvita.eu\/wp-content\/uploads\/2024\/09\/NorVita-tugev-raud-Anne-ja-Stiil-ilulemmik-2025.png","type":"image\/png"}],"twitter_card":"summary_large_image","schema":{"@context":"https:\/\/schema.org","@graph":[{"@type":"WebPage","@id":"https:\/\/norvita.eu\/de\/pood\/starkes-eisen\/","url":"https:\/\/norvita.eu\/de\/pood\/starkes-eisen\/","name":"Starkes Eisen | Norvita sprei- ja geelvitamiinid","isPartOf":{"@id":"https:\/\/norvita.eu\/de\/#website"},"primaryImageOfPage":{"@id":"https:\/\/norvita.eu\/de\/pood\/starkes-eisen\/#primaryimage"},"image":{"@id":"https:\/\/norvita.eu\/de\/pood\/starkes-eisen\/#primaryimage"},"thumbnailUrl":"https:\/\/norvita.eu\/wp-content\/uploads\/2024\/09\/NorVita-tugev-raud-Anne-ja-Stiil-ilulemmik-2025.png","datePublished":"2024-09-30T07:00:02+00:00","dateModified":"2026-02-25T21:02:41+00:00","description":"Eisen - Vitaminspray. 14 mg Eisen mit Vitamin B12, B6 und C. Eisen als Nahrungserg\u00e4nzungsmittel hilft, M\u00fcdigkeit zu verringern, zus\u00e4tzliche Energie zu liefern und das Immunsystem zu unterst\u00fctzen.","breadcrumb":{"@id":"https:\/\/norvita.eu\/de\/pood\/starkes-eisen\/#breadcrumb"},"inLanguage":"de","potentialAction":[{"@type":"ReadAction","target":["https:\/\/norvita.eu\/de\/pood\/starkes-eisen\/"]}]},{"@type":"ImageObject","inLanguage":"de","@id":"https:\/\/norvita.eu\/de\/pood\/starkes-eisen\/#primaryimage","url":"https:\/\/norvita.eu\/wp-content\/uploads\/2024\/09\/NorVita-tugev-raud-Anne-ja-Stiil-ilulemmik-2025.png","contentUrl":"https:\/\/norvita.eu\/wp-content\/uploads\/2024\/09\/NorVita-tugev-raud-Anne-ja-Stiil-ilulemmik-2025.png","width":1000,"height":1000,"caption":"Anne ja Stiil ilulemmik 2025 Tugev raud toidulisand"},{"@type":"BreadcrumbList","@id":"https:\/\/norvita.eu\/de\/pood\/starkes-eisen\/#breadcrumb","itemListElement":[{"@type":"ListItem","position":1,"name":"Home","item":"https:\/\/norvita.eu\/de\/"},{"@type":"ListItem","position":2,"name":"Shop","item":"https:\/\/norvita.eu\/de\/shop\/"},{"@type":"ListItem","position":3,"name":"Starkes Eisen"}]},{"@type":"WebSite","@id":"https:\/\/norvita.eu\/de\/#website","url":"https:\/\/norvita.eu\/de\/","name":"Norvita sprei- ja geelvitamiinid","description":"Sprei vitamiinid ja toidulisandid","publisher":{"@id":"https:\/\/norvita.eu\/de\/#organization"},"potentialAction":[{"@type":"SearchAction","target":{"@type":"EntryPoint","urlTemplate":"https:\/\/norvita.eu\/de\/?s={search_term_string}"},"query-input":{"@type":"PropertyValueSpecification","valueRequired":true,"valueName":"search_term_string"}}],"inLanguage":"de"},{"@type":"Organization","@id":"https:\/\/norvita.eu\/de\/#organization","name":"NorVita","url":"https:\/\/norvita.eu\/de\/","logo":{"@type":"ImageObject","inLanguage":"de","@id":"https:\/\/norvita.eu\/de\/#\/schema\/logo\/image\/","url":"https:\/\/norvita.eu\/wp-content\/uploads\/2022\/07\/NorVita.svg","contentUrl":"https:\/\/norvita.eu\/wp-content\/uploads\/2022\/07\/NorVita.svg","width":96,"height":26,"caption":"NorVita"},"image":{"@id":"https:\/\/norvita.eu\/de\/#\/schema\/logo\/image\/"},"sameAs":["https:\/\/www.facebook.com\/norvitasupplements","https:\/\/www.instagram.com\/norvita_supplements\/"]}]}},"_links":{"self":[{"href":"https:\/\/norvita.eu\/de\/wp-json\/wp\/v2\/product\/9417","targetHints":{"allow":["GET"]}}],"collection":[{"href":"https:\/\/norvita.eu\/de\/wp-json\/wp\/v2\/product"}],"about":[{"href":"https:\/\/norvita.eu\/de\/wp-json\/wp\/v2\/types\/product"}],"replies":[{"embeddable":true,"href":"https:\/\/norvita.eu\/de\/wp-json\/wp\/v2\/comments?post=9417"}],"wp:featuredmedia":[{"embeddable":true,"href":"https:\/\/norvita.eu\/de\/wp-json\/wp\/v2\/media\/10942"}],"wp:attachment":[{"href":"https:\/\/norvita.eu\/de\/wp-json\/wp\/v2\/media?parent=9417"}],"wp:term":[{"taxonomy":"product_brand","embeddable":true,"href":"https:\/\/norvita.eu\/de\/wp-json\/wp\/v2\/product_brand?post=9417"},{"taxonomy":"product_cat","embeddable":true,"href":"https:\/\/norvita.eu\/de\/wp-json\/wp\/v2\/product_cat?post=9417"},{"taxonomy":"product_tag","embeddable":true,"href":"https:\/\/norvita.eu\/de\/wp-json\/wp\/v2\/product_tag?post=9417"}],"curies":[{"name":"wp","href":"https:\/\/api.w.org\/{rel}","templated":true}]}}