{"id":8368,"date":"2024-06-01T07:04:06","date_gmt":"2024-06-01T07:04:06","guid":{"rendered":"https:\/\/norvita.eu\/?post_type=product&#038;p=8368"},"modified":"2026-02-25T23:05:39","modified_gmt":"2026-02-25T21:05:39","slug":"omega","status":"publish","type":"product","link":"https:\/\/norvita.eu\/de\/pood\/omega\/","title":{"rendered":"Omega-Probiotika"},"content":{"rendered":"","protected":false},"excerpt":{"rendered":"<h2>Leistungsstarker Assistent zur St\u00e4rkung des Herzens und zur Verbesserung der Gehirnfunktionen<\/h2>\n<p>Wir haben ein revolution\u00e4res Nahrungserg\u00e4nzungsmittel entwickelt, das Omega-\u00d6l, Probiotika, Vitamin D und E kombiniert, um Ihre Gesundheit und Ihr Wohlbefinden zu unterst\u00fctzen und zu verbessern. Algen-Omega-\u00d6l unterst\u00fctzt die Herzgesundheit mit EPA (Eicosapentaens\u00e4ure) und DHA (Docosahexaens\u00e4ure), w\u00e4hrend DHA zur Aufrechterhaltung einer normalen Gehirnfunktion und Sehkraft beitr\u00e4gt. Omega-3-Fetts\u00e4uren reduzieren Entz\u00fcndungen im K\u00f6rper, unterst\u00fctzen das Immunsystem und helfen dem K\u00f6rper, Infektionen und Krankheiten besser zu bek\u00e4mpfen. Das Nahrungserg\u00e4nzungsmittel Omega-Probiotika enth\u00e4lt Milchs\u00e4urebakterien (Lactobacillus plantarum TENSIA\u00ae) zur Unterst\u00fctzung Ihrer Verdauung und ist mit Vitamin D3 und E angereichert. Dar\u00fcber hinaus ist es eine ausgezeichnete Wahl f\u00fcr werdende M\u00fctter, da es die Entwicklung des Gehirns und der Augen des Babys f\u00f6rdert w\u00e4hrend der Schwangerschaft. Omega-Probiotika ist 100 % vegan, nat\u00fcrlich und frei von Konservierungsstoffen, alles in einer praktischen, luftdichten und umweltfreundlichen Flasche, um maximale Frische zu gew\u00e4hrleisten.<\/p>\n","protected":false},"featured_media":8391,"comment_status":"open","ping_status":"closed","template":"","meta":{"_acf_changed":false,"inline_featured_image":false},"product_brand":[],"product_cat":[85,82],"product_tag":[],"class_list":{"0":"post-8368","1":"product","2":"type-product","3":"status-publish","4":"has-post-thumbnail","6":"product_cat-alle","7":"product_cat-gel","9":"first","10":"instock","11":"taxable","12":"shipping-taxable","13":"purchasable","14":"product-type-variable"},"acf":[],"yoast_head":"<!-- This site is optimized with the Yoast SEO plugin v27.2 - https:\/\/yoast.com\/product\/yoast-seo-wordpress\/ -->\n<title>Omega-Probiotika | Norvita sprei- ja geelvitamiinid<\/title>\n<meta name=\"description\" content=\"Omega Probiotika unterst\u00fctzt die Herzfunktion, f\u00f6rdert die Gehirn- und Sehgesundheit und verbessert die Verdauung. Enth\u00e4lt Algen-Omega\u00f6l, Probiotika, Vitamin D3 und E. Vegan, konservierungsstofffrei.\" \/>\n<meta name=\"robots\" content=\"index, follow, max-snippet:-1, max-image-preview:large, max-video-preview:-1\" \/>\n<link rel=\"canonical\" href=\"https:\/\/norvita.eu\/de\/pood\/omega\/\" \/>\n<meta property=\"og:locale\" content=\"de_DE\" \/>\n<meta property=\"og:type\" content=\"article\" \/>\n<meta property=\"og:title\" content=\"Omega-Probiotika | Norvita sprei- ja geelvitamiinid\" \/>\n<meta property=\"og:description\" content=\"Omega Probiotika unterst\u00fctzt die Herzfunktion, f\u00f6rdert die Gehirn- und Sehgesundheit und verbessert die Verdauung. Enth\u00e4lt Algen-Omega\u00f6l, Probiotika, Vitamin D3 und E. Vegan, konservierungsstofffrei.\" \/>\n<meta property=\"og:url\" content=\"https:\/\/norvita.eu\/de\/pood\/omega\/\" \/>\n<meta property=\"og:site_name\" content=\"Norvita sprei- ja geelvitamiinid\" \/>\n<meta property=\"article:publisher\" content=\"https:\/\/www.facebook.com\/norvitasupplements\" \/>\n<meta property=\"article:modified_time\" content=\"2026-02-25T21:05:39+00:00\" \/>\n<meta property=\"og:image\" content=\"https:\/\/norvita.eu\/wp-content\/uploads\/2024\/06\/NorVita-Omega-gel-50ml.png\" \/>\n\t<meta property=\"og:image:width\" content=\"1000\" \/>\n\t<meta property=\"og:image:height\" content=\"999\" \/>\n\t<meta property=\"og:image:type\" content=\"image\/png\" \/>\n<meta name=\"twitter:card\" content=\"summary_large_image\" \/>\n<meta name=\"twitter:label1\" content=\"Gesch\u00e4tzte Lesezeit\" \/>\n\t<meta name=\"twitter:data1\" content=\"1\u00a0Minute\" \/>\n<script type=\"application\/ld+json\" class=\"yoast-schema-graph\">{\"@context\":\"https:\/\/schema.org\",\"@graph\":[{\"@type\":\"WebPage\",\"@id\":\"https:\/\/norvita.eu\/de\/pood\/omega\/\",\"url\":\"https:\/\/norvita.eu\/de\/pood\/omega\/\",\"name\":\"Omega-Probiotika | Norvita sprei- ja geelvitamiinid\",\"isPartOf\":{\"@id\":\"https:\/\/norvita.eu\/de\/#website\"},\"primaryImageOfPage\":{\"@id\":\"https:\/\/norvita.eu\/de\/pood\/omega\/#primaryimage\"},\"image\":{\"@id\":\"https:\/\/norvita.eu\/de\/pood\/omega\/#primaryimage\"},\"thumbnailUrl\":\"https:\/\/norvita.eu\/wp-content\/uploads\/2024\/06\/NorVita-Omega-gel-50ml.png\",\"datePublished\":\"2024-06-01T07:04:06+00:00\",\"dateModified\":\"2026-02-25T21:05:39+00:00\",\"description\":\"Omega Probiotika unterst\u00fctzt die Herzfunktion, f\u00f6rdert die Gehirn- und Sehgesundheit und verbessert die Verdauung. Enth\u00e4lt Algen-Omega\u00f6l, Probiotika, Vitamin D3 und E. Vegan, konservierungsstofffrei.\",\"breadcrumb\":{\"@id\":\"https:\/\/norvita.eu\/de\/pood\/omega\/#breadcrumb\"},\"inLanguage\":\"de\",\"potentialAction\":[{\"@type\":\"ReadAction\",\"target\":[\"https:\/\/norvita.eu\/de\/pood\/omega\/\"]}]},{\"@type\":\"ImageObject\",\"inLanguage\":\"de\",\"@id\":\"https:\/\/norvita.eu\/de\/pood\/omega\/#primaryimage\",\"url\":\"https:\/\/norvita.eu\/wp-content\/uploads\/2024\/06\/NorVita-Omega-gel-50ml.png\",\"contentUrl\":\"https:\/\/norvita.eu\/wp-content\/uploads\/2024\/06\/NorVita-Omega-gel-50ml.png\",\"width\":1000,\"height\":999,\"caption\":\"Oomega probiootikumid \/ Omega probiotics\"},{\"@type\":\"BreadcrumbList\",\"@id\":\"https:\/\/norvita.eu\/de\/pood\/omega\/#breadcrumb\",\"itemListElement\":[{\"@type\":\"ListItem\",\"position\":1,\"name\":\"Home\",\"item\":\"https:\/\/norvita.eu\/de\/\"},{\"@type\":\"ListItem\",\"position\":2,\"name\":\"Shop\",\"item\":\"https:\/\/norvita.eu\/de\/shop\/\"},{\"@type\":\"ListItem\",\"position\":3,\"name\":\"Omega-Probiotika\"}]},{\"@type\":\"WebSite\",\"@id\":\"https:\/\/norvita.eu\/de\/#website\",\"url\":\"https:\/\/norvita.eu\/de\/\",\"name\":\"Norvita sprei- ja geelvitamiinid\",\"description\":\"Sprei vitamiinid ja toidulisandid\",\"publisher\":{\"@id\":\"https:\/\/norvita.eu\/de\/#organization\"},\"potentialAction\":[{\"@type\":\"SearchAction\",\"target\":{\"@type\":\"EntryPoint\",\"urlTemplate\":\"https:\/\/norvita.eu\/de\/?s={search_term_string}\"},\"query-input\":{\"@type\":\"PropertyValueSpecification\",\"valueRequired\":true,\"valueName\":\"search_term_string\"}}],\"inLanguage\":\"de\"},{\"@type\":\"Organization\",\"@id\":\"https:\/\/norvita.eu\/de\/#organization\",\"name\":\"NorVita\",\"url\":\"https:\/\/norvita.eu\/de\/\",\"logo\":{\"@type\":\"ImageObject\",\"inLanguage\":\"de\",\"@id\":\"https:\/\/norvita.eu\/de\/#\/schema\/logo\/image\/\",\"url\":\"https:\/\/norvita.eu\/wp-content\/uploads\/2022\/07\/NorVita.svg\",\"contentUrl\":\"https:\/\/norvita.eu\/wp-content\/uploads\/2022\/07\/NorVita.svg\",\"width\":96,\"height\":26,\"caption\":\"NorVita\"},\"image\":{\"@id\":\"https:\/\/norvita.eu\/de\/#\/schema\/logo\/image\/\"},\"sameAs\":[\"https:\/\/www.facebook.com\/norvitasupplements\",\"https:\/\/www.instagram.com\/norvita_supplements\/\"]}]}<\/script>\n<!-- \/ Yoast SEO plugin. -->","yoast_head_json":{"title":"Omega-Probiotika | Norvita sprei- ja geelvitamiinid","description":"Omega Probiotika unterst\u00fctzt die Herzfunktion, f\u00f6rdert die Gehirn- und Sehgesundheit und verbessert die Verdauung. Enth\u00e4lt Algen-Omega\u00f6l, Probiotika, Vitamin D3 und E. Vegan, konservierungsstofffrei.","robots":{"index":"index","follow":"follow","max-snippet":"max-snippet:-1","max-image-preview":"max-image-preview:large","max-video-preview":"max-video-preview:-1"},"canonical":"https:\/\/norvita.eu\/de\/pood\/omega\/","og_locale":"de_DE","og_type":"article","og_title":"Omega-Probiotika | Norvita sprei- ja geelvitamiinid","og_description":"Omega Probiotika unterst\u00fctzt die Herzfunktion, f\u00f6rdert die Gehirn- und Sehgesundheit und verbessert die Verdauung. Enth\u00e4lt Algen-Omega\u00f6l, Probiotika, Vitamin D3 und E. Vegan, konservierungsstofffrei.","og_url":"https:\/\/norvita.eu\/de\/pood\/omega\/","og_site_name":"Norvita sprei- ja geelvitamiinid","article_publisher":"https:\/\/www.facebook.com\/norvitasupplements","article_modified_time":"2026-02-25T21:05:39+00:00","og_image":[{"width":1000,"height":999,"url":"https:\/\/norvita.eu\/wp-content\/uploads\/2024\/06\/NorVita-Omega-gel-50ml.png","type":"image\/png"}],"twitter_card":"summary_large_image","twitter_misc":{"Gesch\u00e4tzte Lesezeit":"1\u00a0Minute"},"schema":{"@context":"https:\/\/schema.org","@graph":[{"@type":"WebPage","@id":"https:\/\/norvita.eu\/de\/pood\/omega\/","url":"https:\/\/norvita.eu\/de\/pood\/omega\/","name":"Omega-Probiotika | Norvita sprei- ja geelvitamiinid","isPartOf":{"@id":"https:\/\/norvita.eu\/de\/#website"},"primaryImageOfPage":{"@id":"https:\/\/norvita.eu\/de\/pood\/omega\/#primaryimage"},"image":{"@id":"https:\/\/norvita.eu\/de\/pood\/omega\/#primaryimage"},"thumbnailUrl":"https:\/\/norvita.eu\/wp-content\/uploads\/2024\/06\/NorVita-Omega-gel-50ml.png","datePublished":"2024-06-01T07:04:06+00:00","dateModified":"2026-02-25T21:05:39+00:00","description":"Omega Probiotika unterst\u00fctzt die Herzfunktion, f\u00f6rdert die Gehirn- und Sehgesundheit und verbessert die Verdauung. Enth\u00e4lt Algen-Omega\u00f6l, Probiotika, Vitamin D3 und E. Vegan, konservierungsstofffrei.","breadcrumb":{"@id":"https:\/\/norvita.eu\/de\/pood\/omega\/#breadcrumb"},"inLanguage":"de","potentialAction":[{"@type":"ReadAction","target":["https:\/\/norvita.eu\/de\/pood\/omega\/"]}]},{"@type":"ImageObject","inLanguage":"de","@id":"https:\/\/norvita.eu\/de\/pood\/omega\/#primaryimage","url":"https:\/\/norvita.eu\/wp-content\/uploads\/2024\/06\/NorVita-Omega-gel-50ml.png","contentUrl":"https:\/\/norvita.eu\/wp-content\/uploads\/2024\/06\/NorVita-Omega-gel-50ml.png","width":1000,"height":999,"caption":"Oomega probiootikumid \/ Omega probiotics"},{"@type":"BreadcrumbList","@id":"https:\/\/norvita.eu\/de\/pood\/omega\/#breadcrumb","itemListElement":[{"@type":"ListItem","position":1,"name":"Home","item":"https:\/\/norvita.eu\/de\/"},{"@type":"ListItem","position":2,"name":"Shop","item":"https:\/\/norvita.eu\/de\/shop\/"},{"@type":"ListItem","position":3,"name":"Omega-Probiotika"}]},{"@type":"WebSite","@id":"https:\/\/norvita.eu\/de\/#website","url":"https:\/\/norvita.eu\/de\/","name":"Norvita sprei- ja geelvitamiinid","description":"Sprei vitamiinid ja toidulisandid","publisher":{"@id":"https:\/\/norvita.eu\/de\/#organization"},"potentialAction":[{"@type":"SearchAction","target":{"@type":"EntryPoint","urlTemplate":"https:\/\/norvita.eu\/de\/?s={search_term_string}"},"query-input":{"@type":"PropertyValueSpecification","valueRequired":true,"valueName":"search_term_string"}}],"inLanguage":"de"},{"@type":"Organization","@id":"https:\/\/norvita.eu\/de\/#organization","name":"NorVita","url":"https:\/\/norvita.eu\/de\/","logo":{"@type":"ImageObject","inLanguage":"de","@id":"https:\/\/norvita.eu\/de\/#\/schema\/logo\/image\/","url":"https:\/\/norvita.eu\/wp-content\/uploads\/2022\/07\/NorVita.svg","contentUrl":"https:\/\/norvita.eu\/wp-content\/uploads\/2022\/07\/NorVita.svg","width":96,"height":26,"caption":"NorVita"},"image":{"@id":"https:\/\/norvita.eu\/de\/#\/schema\/logo\/image\/"},"sameAs":["https:\/\/www.facebook.com\/norvitasupplements","https:\/\/www.instagram.com\/norvita_supplements\/"]}]}},"_links":{"self":[{"href":"https:\/\/norvita.eu\/de\/wp-json\/wp\/v2\/product\/8368","targetHints":{"allow":["GET"]}}],"collection":[{"href":"https:\/\/norvita.eu\/de\/wp-json\/wp\/v2\/product"}],"about":[{"href":"https:\/\/norvita.eu\/de\/wp-json\/wp\/v2\/types\/product"}],"replies":[{"embeddable":true,"href":"https:\/\/norvita.eu\/de\/wp-json\/wp\/v2\/comments?post=8368"}],"wp:featuredmedia":[{"embeddable":true,"href":"https:\/\/norvita.eu\/de\/wp-json\/wp\/v2\/media\/8391"}],"wp:attachment":[{"href":"https:\/\/norvita.eu\/de\/wp-json\/wp\/v2\/media?parent=8368"}],"wp:term":[{"taxonomy":"product_brand","embeddable":true,"href":"https:\/\/norvita.eu\/de\/wp-json\/wp\/v2\/product_brand?post=8368"},{"taxonomy":"product_cat","embeddable":true,"href":"https:\/\/norvita.eu\/de\/wp-json\/wp\/v2\/product_cat?post=8368"},{"taxonomy":"product_tag","embeddable":true,"href":"https:\/\/norvita.eu\/de\/wp-json\/wp\/v2\/product_tag?post=8368"}],"curies":[{"name":"wp","href":"https:\/\/api.w.org\/{rel}","templated":true}]}}