{"id":6758,"date":"2023-11-21T21:00:29","date_gmt":"2023-11-21T21:00:29","guid":{"rendered":"https:\/\/norvita.eu\/?post_type=product&#038;p=6758"},"modified":"2025-04-17T23:33:50","modified_gmt":"2025-04-17T20:33:50","slug":"balance","status":"publish","type":"product","link":"https:\/\/norvita.eu\/de\/pood\/balance\/","title":{"rendered":"Balance Vitamin-Kit"},"content":{"rendered":"","protected":false},"excerpt":{"rendered":"<h2>Finden Sie Balance in allt\u00e4glichen Herausforderungen \u2013 Relax, Schlaf-Hanf und Vitamin-B<\/h2>\n<p>Um Sie bei der Bek\u00e4mpfung von Stress und \u00c4ngsten zu unterst\u00fctzen und Ihnen dabei zu helfen, Ihr inneres Gleichgewicht zu finden, haben wir das Vitamin-Set Balance entwickelt. Unser einzigartiges Relax-Vitaminspray enth\u00e4lt beruhigende Inhaltsstoffe \u2013 Ashwagandha und GABA, die helfen, die Entspannung in Stresssituationen zu unterst\u00fctzen. Schlaf-Hanf Spray Vitamin enth\u00e4lt Melatonin, den h\u00e4ufigsten nat\u00fcrlichen Helfer, der Ihnen hilft, ruhig einzuschlafen und morgens voller Energie aufzuwachen. Dar\u00fcber hinaus unterst\u00fctzen B-Vitamine die normale Funktion des Nervensystems und reduzieren so M\u00fcdigkeit und Ersch\u00f6pfung. Wir sind davon \u00fcberzeugt, dass das Peace of Mind-Set genau das ist, was Sie brauchen, um sich jeden Tag gut und ausgeglichen zu f\u00fchlen. Finden Sie jetzt Ihr Gleichgewicht!<\/p>\n","protected":false},"featured_media":6755,"comment_status":"open","ping_status":"closed","template":"","meta":{"_acf_changed":false,"inline_featured_image":false},"product_brand":[],"product_cat":[85,83],"product_tag":[],"class_list":{"0":"post-6758","1":"product","2":"type-product","3":"status-publish","4":"has-post-thumbnail","6":"product_cat-alle","7":"product_cat-sets-de","9":"first","10":"instock","11":"sale","12":"taxable","13":"shipping-taxable","14":"purchasable","15":"product-type-woosb"},"acf":[],"yoast_head":"<!-- This site is optimized with the Yoast SEO plugin v27.2 - https:\/\/yoast.com\/product\/yoast-seo-wordpress\/ -->\n<title>Balance Vitamin-Kit | Norvita sprei- ja geelvitamiinid<\/title>\n<meta name=\"description\" content=\"Ausgewogene Vitamine zur Stressreduktion, Angstbew\u00e4ltigung und F\u00f6rderung eines erholsamen Schlafs - B-Vitamine, Relax, Strong Sleep Spray Vitamine. Enth\u00e4lt Melatonin, Ashwagandha, GABA, Vitamin B.\" \/>\n<meta name=\"robots\" content=\"index, follow, max-snippet:-1, max-image-preview:large, max-video-preview:-1\" \/>\n<link rel=\"canonical\" href=\"https:\/\/norvita.eu\/de\/pood\/balance\/\" \/>\n<meta property=\"og:locale\" content=\"de_DE\" \/>\n<meta property=\"og:type\" content=\"article\" \/>\n<meta property=\"og:title\" content=\"Balance Vitamin-Kit | Norvita sprei- ja geelvitamiinid\" \/>\n<meta property=\"og:description\" content=\"Ausgewogene Vitamine zur Stressreduktion, Angstbew\u00e4ltigung und F\u00f6rderung eines erholsamen Schlafs - B-Vitamine, Relax, Strong Sleep Spray Vitamine. Enth\u00e4lt Melatonin, Ashwagandha, GABA, Vitamin B.\" \/>\n<meta property=\"og:url\" content=\"https:\/\/norvita.eu\/de\/pood\/balance\/\" \/>\n<meta property=\"og:site_name\" content=\"Norvita sprei- ja geelvitamiinid\" \/>\n<meta property=\"article:publisher\" content=\"https:\/\/www.facebook.com\/norvitasupplements\" \/>\n<meta property=\"article:modified_time\" content=\"2025-04-17T20:33:50+00:00\" \/>\n<meta property=\"og:image\" content=\"https:\/\/norvita.eu\/wp-content\/uploads\/2023\/11\/NorVita-vitamiinid-meelerahu-komplekt.png\" \/>\n\t<meta property=\"og:image:width\" content=\"1000\" \/>\n\t<meta property=\"og:image:height\" content=\"1000\" \/>\n\t<meta property=\"og:image:type\" content=\"image\/png\" \/>\n<meta name=\"twitter:card\" content=\"summary_large_image\" \/>\n<meta name=\"twitter:label1\" content=\"Gesch\u00e4tzte Lesezeit\" \/>\n\t<meta name=\"twitter:data1\" content=\"1\u00a0Minute\" \/>\n<script type=\"application\/ld+json\" class=\"yoast-schema-graph\">{\"@context\":\"https:\/\/schema.org\",\"@graph\":[{\"@type\":\"WebPage\",\"@id\":\"https:\/\/norvita.eu\/de\/pood\/balance\/\",\"url\":\"https:\/\/norvita.eu\/de\/pood\/balance\/\",\"name\":\"Balance Vitamin-Kit | Norvita sprei- ja geelvitamiinid\",\"isPartOf\":{\"@id\":\"https:\/\/norvita.eu\/de\/#website\"},\"primaryImageOfPage\":{\"@id\":\"https:\/\/norvita.eu\/de\/pood\/balance\/#primaryimage\"},\"image\":{\"@id\":\"https:\/\/norvita.eu\/de\/pood\/balance\/#primaryimage\"},\"thumbnailUrl\":\"https:\/\/norvita.eu\/wp-content\/uploads\/2023\/11\/NorVita-vitamiinid-meelerahu-komplekt.png\",\"datePublished\":\"2023-11-21T21:00:29+00:00\",\"dateModified\":\"2025-04-17T20:33:50+00:00\",\"description\":\"Ausgewogene Vitamine zur Stressreduktion, Angstbew\u00e4ltigung und F\u00f6rderung eines erholsamen Schlafs - B-Vitamine, Relax, Strong Sleep Spray Vitamine. Enth\u00e4lt Melatonin, Ashwagandha, GABA, Vitamin B.\",\"breadcrumb\":{\"@id\":\"https:\/\/norvita.eu\/de\/pood\/balance\/#breadcrumb\"},\"inLanguage\":\"de\",\"potentialAction\":[{\"@type\":\"ReadAction\",\"target\":[\"https:\/\/norvita.eu\/de\/pood\/balance\/\"]}]},{\"@type\":\"ImageObject\",\"inLanguage\":\"de\",\"@id\":\"https:\/\/norvita.eu\/de\/pood\/balance\/#primaryimage\",\"url\":\"https:\/\/norvita.eu\/wp-content\/uploads\/2023\/11\/NorVita-vitamiinid-meelerahu-komplekt.png\",\"contentUrl\":\"https:\/\/norvita.eu\/wp-content\/uploads\/2023\/11\/NorVita-vitamiinid-meelerahu-komplekt.png\",\"width\":1000,\"height\":1000,\"caption\":\"NorVita vitamiinid meelerahu komplekt l\u00f5\u00f5gastuseks ja taastumiseks\"},{\"@type\":\"BreadcrumbList\",\"@id\":\"https:\/\/norvita.eu\/de\/pood\/balance\/#breadcrumb\",\"itemListElement\":[{\"@type\":\"ListItem\",\"position\":1,\"name\":\"Home\",\"item\":\"https:\/\/norvita.eu\/de\/\"},{\"@type\":\"ListItem\",\"position\":2,\"name\":\"Shop\",\"item\":\"https:\/\/norvita.eu\/de\/shop\/\"},{\"@type\":\"ListItem\",\"position\":3,\"name\":\"Balance Vitamin-Kit\"}]},{\"@type\":\"WebSite\",\"@id\":\"https:\/\/norvita.eu\/de\/#website\",\"url\":\"https:\/\/norvita.eu\/de\/\",\"name\":\"Norvita sprei- ja geelvitamiinid\",\"description\":\"Sprei vitamiinid ja toidulisandid\",\"publisher\":{\"@id\":\"https:\/\/norvita.eu\/de\/#organization\"},\"potentialAction\":[{\"@type\":\"SearchAction\",\"target\":{\"@type\":\"EntryPoint\",\"urlTemplate\":\"https:\/\/norvita.eu\/de\/?s={search_term_string}\"},\"query-input\":{\"@type\":\"PropertyValueSpecification\",\"valueRequired\":true,\"valueName\":\"search_term_string\"}}],\"inLanguage\":\"de\"},{\"@type\":\"Organization\",\"@id\":\"https:\/\/norvita.eu\/de\/#organization\",\"name\":\"NorVita\",\"url\":\"https:\/\/norvita.eu\/de\/\",\"logo\":{\"@type\":\"ImageObject\",\"inLanguage\":\"de\",\"@id\":\"https:\/\/norvita.eu\/de\/#\/schema\/logo\/image\/\",\"url\":\"https:\/\/norvita.eu\/wp-content\/uploads\/2022\/07\/NorVita.svg\",\"contentUrl\":\"https:\/\/norvita.eu\/wp-content\/uploads\/2022\/07\/NorVita.svg\",\"width\":96,\"height\":26,\"caption\":\"NorVita\"},\"image\":{\"@id\":\"https:\/\/norvita.eu\/de\/#\/schema\/logo\/image\/\"},\"sameAs\":[\"https:\/\/www.facebook.com\/norvitasupplements\",\"https:\/\/www.instagram.com\/norvita_supplements\/\"]}]}<\/script>\n<!-- \/ Yoast SEO plugin. -->","yoast_head_json":{"title":"Balance Vitamin-Kit | Norvita sprei- ja geelvitamiinid","description":"Ausgewogene Vitamine zur Stressreduktion, Angstbew\u00e4ltigung und F\u00f6rderung eines erholsamen Schlafs - B-Vitamine, Relax, Strong Sleep Spray Vitamine. Enth\u00e4lt Melatonin, Ashwagandha, GABA, Vitamin B.","robots":{"index":"index","follow":"follow","max-snippet":"max-snippet:-1","max-image-preview":"max-image-preview:large","max-video-preview":"max-video-preview:-1"},"canonical":"https:\/\/norvita.eu\/de\/pood\/balance\/","og_locale":"de_DE","og_type":"article","og_title":"Balance Vitamin-Kit | Norvita sprei- ja geelvitamiinid","og_description":"Ausgewogene Vitamine zur Stressreduktion, Angstbew\u00e4ltigung und F\u00f6rderung eines erholsamen Schlafs - B-Vitamine, Relax, Strong Sleep Spray Vitamine. Enth\u00e4lt Melatonin, Ashwagandha, GABA, Vitamin B.","og_url":"https:\/\/norvita.eu\/de\/pood\/balance\/","og_site_name":"Norvita sprei- ja geelvitamiinid","article_publisher":"https:\/\/www.facebook.com\/norvitasupplements","article_modified_time":"2025-04-17T20:33:50+00:00","og_image":[{"width":1000,"height":1000,"url":"https:\/\/norvita.eu\/wp-content\/uploads\/2023\/11\/NorVita-vitamiinid-meelerahu-komplekt.png","type":"image\/png"}],"twitter_card":"summary_large_image","twitter_misc":{"Gesch\u00e4tzte Lesezeit":"1\u00a0Minute"},"schema":{"@context":"https:\/\/schema.org","@graph":[{"@type":"WebPage","@id":"https:\/\/norvita.eu\/de\/pood\/balance\/","url":"https:\/\/norvita.eu\/de\/pood\/balance\/","name":"Balance Vitamin-Kit | Norvita sprei- ja geelvitamiinid","isPartOf":{"@id":"https:\/\/norvita.eu\/de\/#website"},"primaryImageOfPage":{"@id":"https:\/\/norvita.eu\/de\/pood\/balance\/#primaryimage"},"image":{"@id":"https:\/\/norvita.eu\/de\/pood\/balance\/#primaryimage"},"thumbnailUrl":"https:\/\/norvita.eu\/wp-content\/uploads\/2023\/11\/NorVita-vitamiinid-meelerahu-komplekt.png","datePublished":"2023-11-21T21:00:29+00:00","dateModified":"2025-04-17T20:33:50+00:00","description":"Ausgewogene Vitamine zur Stressreduktion, Angstbew\u00e4ltigung und F\u00f6rderung eines erholsamen Schlafs - B-Vitamine, Relax, Strong Sleep Spray Vitamine. Enth\u00e4lt Melatonin, Ashwagandha, GABA, Vitamin B.","breadcrumb":{"@id":"https:\/\/norvita.eu\/de\/pood\/balance\/#breadcrumb"},"inLanguage":"de","potentialAction":[{"@type":"ReadAction","target":["https:\/\/norvita.eu\/de\/pood\/balance\/"]}]},{"@type":"ImageObject","inLanguage":"de","@id":"https:\/\/norvita.eu\/de\/pood\/balance\/#primaryimage","url":"https:\/\/norvita.eu\/wp-content\/uploads\/2023\/11\/NorVita-vitamiinid-meelerahu-komplekt.png","contentUrl":"https:\/\/norvita.eu\/wp-content\/uploads\/2023\/11\/NorVita-vitamiinid-meelerahu-komplekt.png","width":1000,"height":1000,"caption":"NorVita vitamiinid meelerahu komplekt l\u00f5\u00f5gastuseks ja taastumiseks"},{"@type":"BreadcrumbList","@id":"https:\/\/norvita.eu\/de\/pood\/balance\/#breadcrumb","itemListElement":[{"@type":"ListItem","position":1,"name":"Home","item":"https:\/\/norvita.eu\/de\/"},{"@type":"ListItem","position":2,"name":"Shop","item":"https:\/\/norvita.eu\/de\/shop\/"},{"@type":"ListItem","position":3,"name":"Balance Vitamin-Kit"}]},{"@type":"WebSite","@id":"https:\/\/norvita.eu\/de\/#website","url":"https:\/\/norvita.eu\/de\/","name":"Norvita sprei- ja geelvitamiinid","description":"Sprei vitamiinid ja toidulisandid","publisher":{"@id":"https:\/\/norvita.eu\/de\/#organization"},"potentialAction":[{"@type":"SearchAction","target":{"@type":"EntryPoint","urlTemplate":"https:\/\/norvita.eu\/de\/?s={search_term_string}"},"query-input":{"@type":"PropertyValueSpecification","valueRequired":true,"valueName":"search_term_string"}}],"inLanguage":"de"},{"@type":"Organization","@id":"https:\/\/norvita.eu\/de\/#organization","name":"NorVita","url":"https:\/\/norvita.eu\/de\/","logo":{"@type":"ImageObject","inLanguage":"de","@id":"https:\/\/norvita.eu\/de\/#\/schema\/logo\/image\/","url":"https:\/\/norvita.eu\/wp-content\/uploads\/2022\/07\/NorVita.svg","contentUrl":"https:\/\/norvita.eu\/wp-content\/uploads\/2022\/07\/NorVita.svg","width":96,"height":26,"caption":"NorVita"},"image":{"@id":"https:\/\/norvita.eu\/de\/#\/schema\/logo\/image\/"},"sameAs":["https:\/\/www.facebook.com\/norvitasupplements","https:\/\/www.instagram.com\/norvita_supplements\/"]}]}},"_links":{"self":[{"href":"https:\/\/norvita.eu\/de\/wp-json\/wp\/v2\/product\/6758","targetHints":{"allow":["GET"]}}],"collection":[{"href":"https:\/\/norvita.eu\/de\/wp-json\/wp\/v2\/product"}],"about":[{"href":"https:\/\/norvita.eu\/de\/wp-json\/wp\/v2\/types\/product"}],"replies":[{"embeddable":true,"href":"https:\/\/norvita.eu\/de\/wp-json\/wp\/v2\/comments?post=6758"}],"wp:featuredmedia":[{"embeddable":true,"href":"https:\/\/norvita.eu\/de\/wp-json\/wp\/v2\/media\/6755"}],"wp:attachment":[{"href":"https:\/\/norvita.eu\/de\/wp-json\/wp\/v2\/media?parent=6758"}],"wp:term":[{"taxonomy":"product_brand","embeddable":true,"href":"https:\/\/norvita.eu\/de\/wp-json\/wp\/v2\/product_brand?post=6758"},{"taxonomy":"product_cat","embeddable":true,"href":"https:\/\/norvita.eu\/de\/wp-json\/wp\/v2\/product_cat?post=6758"},{"taxonomy":"product_tag","embeddable":true,"href":"https:\/\/norvita.eu\/de\/wp-json\/wp\/v2\/product_tag?post=6758"}],"curies":[{"name":"wp","href":"https:\/\/api.w.org\/{rel}","templated":true}]}}