{"id":6682,"date":"2023-11-15T07:09:06","date_gmt":"2023-11-15T07:09:06","guid":{"rendered":"https:\/\/norvita.eu\/?post_type=product&#038;p=6682"},"modified":"2025-04-17T23:39:43","modified_gmt":"2025-04-17T20:39:43","slug":"mutterbaby","status":"publish","type":"product","link":"https:\/\/norvita.eu\/de\/pood\/mutterbaby\/","title":{"rendered":"Vitamin-Kit f\u00fcr Mutter &#038; Baby"},"content":{"rendered":"","protected":false},"excerpt":{"rendered":"<h2>Notwendige Vitamine f\u00fcr Mutter und Baby \u2013 Eisen, Magnesium f\u00fcr das Mutter und Vitamin D3 f\u00fcr das Baby<\/h2>\n<p>W\u00e4hrend der Schwangerschaft und nach der Geburt sind Eisen und Magnesium f\u00fcr eine Frau sehr wichtig, um ihre Gesundheit zu erhalten und M\u00fcdigkeit zu reduzieren. Durch die Einnahme eines Eisen-Nahrungserg\u00e4nzungsmittels k\u00f6nnen Sie M\u00fcdigkeit vorbeugen, sich zus\u00e4tzliche Energie verschaffen und das Immunsystem unterst\u00fctzen. Vitamin B12, das dem Eisenspray zugesetzt wird, ist wichtig f\u00fcr die Bildung roter Blutk\u00f6rperchen und Vitamin B6 hilft bei der Umwandlung von Eisen in H\u00e4moglobin. Magnesium hilft, M\u00fcdigkeit und Ersch\u00f6pfung zu reduzieren und sorgt f\u00fcr eine normale Funktion der Muskeln und des Nervensystems. Es ist Magnesium, das bei der Bek\u00e4mpfung von Muskelkr\u00e4mpfen hilft, die h\u00e4ufig mit einer Schwangerschaft einhergehen. Vitamin D ist f\u00fcr Neugeborene sehr wichtig, da es zur normalen Entwicklung der Knochen beitr\u00e4gt, aber auch eine gro\u00dfe Rolle bei der St\u00e4rkung des Immunsystems spielt. Dieses Set wird Ihnen und Ihrem Baby helfen, diese wundervolle Zeit gesund und munter zu genie\u00dfen.<\/p>\n","protected":false},"featured_media":6685,"comment_status":"open","ping_status":"closed","template":"","meta":{"_acf_changed":false,"inline_featured_image":false},"product_brand":[],"product_cat":[85,83],"product_tag":[],"class_list":{"0":"post-6682","1":"product","2":"type-product","3":"status-publish","4":"has-post-thumbnail","6":"product_cat-alle","7":"product_cat-sets-de","9":"first","10":"instock","11":"sale","12":"taxable","13":"shipping-taxable","14":"purchasable","15":"product-type-woosb"},"acf":[],"yoast_head":"<!-- This site is optimized with the Yoast SEO plugin v27.2 - https:\/\/yoast.com\/product\/yoast-seo-wordpress\/ -->\n<title>Vitamin-Kit f\u00fcr Mutter &amp; Baby | Norvita sprei- ja geelvitamiinid<\/title>\n<meta name=\"description\" content=\"Vitamine f\u00fcr Mutter und Kind - wichtige Vitamine f\u00fcr die Mutter w\u00e4hrend der Schwangerschaft und nach der Geburt - Eisen und Magnesium. Vitamin D f\u00fcr das Baby ab dem ersten Lebenstag.\" \/>\n<meta name=\"robots\" content=\"index, follow, max-snippet:-1, max-image-preview:large, max-video-preview:-1\" \/>\n<link rel=\"canonical\" href=\"https:\/\/norvita.eu\/de\/pood\/mutterbaby\/\" \/>\n<meta property=\"og:locale\" content=\"de_DE\" \/>\n<meta property=\"og:type\" content=\"article\" \/>\n<meta property=\"og:title\" content=\"Vitamin-Kit f\u00fcr Mutter &amp; Baby | Norvita sprei- ja geelvitamiinid\" \/>\n<meta property=\"og:description\" content=\"Vitamine f\u00fcr Mutter und Kind - wichtige Vitamine f\u00fcr die Mutter w\u00e4hrend der Schwangerschaft und nach der Geburt - Eisen und Magnesium. Vitamin D f\u00fcr das Baby ab dem ersten Lebenstag.\" \/>\n<meta property=\"og:url\" content=\"https:\/\/norvita.eu\/de\/pood\/mutterbaby\/\" \/>\n<meta property=\"og:site_name\" content=\"Norvita sprei- ja geelvitamiinid\" \/>\n<meta property=\"article:publisher\" content=\"https:\/\/www.facebook.com\/norvitasupplements\" \/>\n<meta property=\"article:modified_time\" content=\"2025-04-17T20:39:43+00:00\" \/>\n<meta property=\"og:image\" content=\"https:\/\/norvita.eu\/wp-content\/uploads\/2023\/11\/NorVita-vitamiinid-emabeebi-komplekt.png\" \/>\n\t<meta property=\"og:image:width\" content=\"1000\" \/>\n\t<meta property=\"og:image:height\" content=\"1000\" \/>\n\t<meta property=\"og:image:type\" content=\"image\/png\" \/>\n<meta name=\"twitter:card\" content=\"summary_large_image\" \/>\n<meta name=\"twitter:label1\" content=\"Gesch\u00e4tzte Lesezeit\" \/>\n\t<meta name=\"twitter:data1\" content=\"1\u00a0Minute\" \/>\n<script type=\"application\/ld+json\" class=\"yoast-schema-graph\">{\"@context\":\"https:\/\/schema.org\",\"@graph\":[{\"@type\":\"WebPage\",\"@id\":\"https:\/\/norvita.eu\/de\/pood\/mutterbaby\/\",\"url\":\"https:\/\/norvita.eu\/de\/pood\/mutterbaby\/\",\"name\":\"Vitamin-Kit f\u00fcr Mutter & Baby | Norvita sprei- ja geelvitamiinid\",\"isPartOf\":{\"@id\":\"https:\/\/norvita.eu\/de\/#website\"},\"primaryImageOfPage\":{\"@id\":\"https:\/\/norvita.eu\/de\/pood\/mutterbaby\/#primaryimage\"},\"image\":{\"@id\":\"https:\/\/norvita.eu\/de\/pood\/mutterbaby\/#primaryimage\"},\"thumbnailUrl\":\"https:\/\/norvita.eu\/wp-content\/uploads\/2023\/11\/NorVita-vitamiinid-emabeebi-komplekt.png\",\"datePublished\":\"2023-11-15T07:09:06+00:00\",\"dateModified\":\"2025-04-17T20:39:43+00:00\",\"description\":\"Vitamine f\u00fcr Mutter und Kind - wichtige Vitamine f\u00fcr die Mutter w\u00e4hrend der Schwangerschaft und nach der Geburt - Eisen und Magnesium. Vitamin D f\u00fcr das Baby ab dem ersten Lebenstag.\",\"breadcrumb\":{\"@id\":\"https:\/\/norvita.eu\/de\/pood\/mutterbaby\/#breadcrumb\"},\"inLanguage\":\"de\",\"potentialAction\":[{\"@type\":\"ReadAction\",\"target\":[\"https:\/\/norvita.eu\/de\/pood\/mutterbaby\/\"]}]},{\"@type\":\"ImageObject\",\"inLanguage\":\"de\",\"@id\":\"https:\/\/norvita.eu\/de\/pood\/mutterbaby\/#primaryimage\",\"url\":\"https:\/\/norvita.eu\/wp-content\/uploads\/2023\/11\/NorVita-vitamiinid-emabeebi-komplekt.png\",\"contentUrl\":\"https:\/\/norvita.eu\/wp-content\/uploads\/2023\/11\/NorVita-vitamiinid-emabeebi-komplekt.png\",\"width\":1000,\"height\":1000,\"caption\":\"ema ja beebi vitamiinide komplekt\"},{\"@type\":\"BreadcrumbList\",\"@id\":\"https:\/\/norvita.eu\/de\/pood\/mutterbaby\/#breadcrumb\",\"itemListElement\":[{\"@type\":\"ListItem\",\"position\":1,\"name\":\"Home\",\"item\":\"https:\/\/norvita.eu\/de\/\"},{\"@type\":\"ListItem\",\"position\":2,\"name\":\"Shop\",\"item\":\"https:\/\/norvita.eu\/de\/shop\/\"},{\"@type\":\"ListItem\",\"position\":3,\"name\":\"Vitamin-Kit f\u00fcr Mutter &#038; Baby\"}]},{\"@type\":\"WebSite\",\"@id\":\"https:\/\/norvita.eu\/de\/#website\",\"url\":\"https:\/\/norvita.eu\/de\/\",\"name\":\"Norvita sprei- ja geelvitamiinid\",\"description\":\"Sprei vitamiinid ja toidulisandid\",\"publisher\":{\"@id\":\"https:\/\/norvita.eu\/de\/#organization\"},\"potentialAction\":[{\"@type\":\"SearchAction\",\"target\":{\"@type\":\"EntryPoint\",\"urlTemplate\":\"https:\/\/norvita.eu\/de\/?s={search_term_string}\"},\"query-input\":{\"@type\":\"PropertyValueSpecification\",\"valueRequired\":true,\"valueName\":\"search_term_string\"}}],\"inLanguage\":\"de\"},{\"@type\":\"Organization\",\"@id\":\"https:\/\/norvita.eu\/de\/#organization\",\"name\":\"NorVita\",\"url\":\"https:\/\/norvita.eu\/de\/\",\"logo\":{\"@type\":\"ImageObject\",\"inLanguage\":\"de\",\"@id\":\"https:\/\/norvita.eu\/de\/#\/schema\/logo\/image\/\",\"url\":\"https:\/\/norvita.eu\/wp-content\/uploads\/2022\/07\/NorVita.svg\",\"contentUrl\":\"https:\/\/norvita.eu\/wp-content\/uploads\/2022\/07\/NorVita.svg\",\"width\":96,\"height\":26,\"caption\":\"NorVita\"},\"image\":{\"@id\":\"https:\/\/norvita.eu\/de\/#\/schema\/logo\/image\/\"},\"sameAs\":[\"https:\/\/www.facebook.com\/norvitasupplements\",\"https:\/\/www.instagram.com\/norvita_supplements\/\"]}]}<\/script>\n<!-- \/ Yoast SEO plugin. -->","yoast_head_json":{"title":"Vitamin-Kit f\u00fcr Mutter & Baby | Norvita sprei- ja geelvitamiinid","description":"Vitamine f\u00fcr Mutter und Kind - wichtige Vitamine f\u00fcr die Mutter w\u00e4hrend der Schwangerschaft und nach der Geburt - Eisen und Magnesium. Vitamin D f\u00fcr das Baby ab dem ersten Lebenstag.","robots":{"index":"index","follow":"follow","max-snippet":"max-snippet:-1","max-image-preview":"max-image-preview:large","max-video-preview":"max-video-preview:-1"},"canonical":"https:\/\/norvita.eu\/de\/pood\/mutterbaby\/","og_locale":"de_DE","og_type":"article","og_title":"Vitamin-Kit f\u00fcr Mutter & Baby | Norvita sprei- ja geelvitamiinid","og_description":"Vitamine f\u00fcr Mutter und Kind - wichtige Vitamine f\u00fcr die Mutter w\u00e4hrend der Schwangerschaft und nach der Geburt - Eisen und Magnesium. Vitamin D f\u00fcr das Baby ab dem ersten Lebenstag.","og_url":"https:\/\/norvita.eu\/de\/pood\/mutterbaby\/","og_site_name":"Norvita sprei- ja geelvitamiinid","article_publisher":"https:\/\/www.facebook.com\/norvitasupplements","article_modified_time":"2025-04-17T20:39:43+00:00","og_image":[{"width":1000,"height":1000,"url":"https:\/\/norvita.eu\/wp-content\/uploads\/2023\/11\/NorVita-vitamiinid-emabeebi-komplekt.png","type":"image\/png"}],"twitter_card":"summary_large_image","twitter_misc":{"Gesch\u00e4tzte Lesezeit":"1\u00a0Minute"},"schema":{"@context":"https:\/\/schema.org","@graph":[{"@type":"WebPage","@id":"https:\/\/norvita.eu\/de\/pood\/mutterbaby\/","url":"https:\/\/norvita.eu\/de\/pood\/mutterbaby\/","name":"Vitamin-Kit f\u00fcr Mutter & Baby | Norvita sprei- ja geelvitamiinid","isPartOf":{"@id":"https:\/\/norvita.eu\/de\/#website"},"primaryImageOfPage":{"@id":"https:\/\/norvita.eu\/de\/pood\/mutterbaby\/#primaryimage"},"image":{"@id":"https:\/\/norvita.eu\/de\/pood\/mutterbaby\/#primaryimage"},"thumbnailUrl":"https:\/\/norvita.eu\/wp-content\/uploads\/2023\/11\/NorVita-vitamiinid-emabeebi-komplekt.png","datePublished":"2023-11-15T07:09:06+00:00","dateModified":"2025-04-17T20:39:43+00:00","description":"Vitamine f\u00fcr Mutter und Kind - wichtige Vitamine f\u00fcr die Mutter w\u00e4hrend der Schwangerschaft und nach der Geburt - Eisen und Magnesium. Vitamin D f\u00fcr das Baby ab dem ersten Lebenstag.","breadcrumb":{"@id":"https:\/\/norvita.eu\/de\/pood\/mutterbaby\/#breadcrumb"},"inLanguage":"de","potentialAction":[{"@type":"ReadAction","target":["https:\/\/norvita.eu\/de\/pood\/mutterbaby\/"]}]},{"@type":"ImageObject","inLanguage":"de","@id":"https:\/\/norvita.eu\/de\/pood\/mutterbaby\/#primaryimage","url":"https:\/\/norvita.eu\/wp-content\/uploads\/2023\/11\/NorVita-vitamiinid-emabeebi-komplekt.png","contentUrl":"https:\/\/norvita.eu\/wp-content\/uploads\/2023\/11\/NorVita-vitamiinid-emabeebi-komplekt.png","width":1000,"height":1000,"caption":"ema ja beebi vitamiinide komplekt"},{"@type":"BreadcrumbList","@id":"https:\/\/norvita.eu\/de\/pood\/mutterbaby\/#breadcrumb","itemListElement":[{"@type":"ListItem","position":1,"name":"Home","item":"https:\/\/norvita.eu\/de\/"},{"@type":"ListItem","position":2,"name":"Shop","item":"https:\/\/norvita.eu\/de\/shop\/"},{"@type":"ListItem","position":3,"name":"Vitamin-Kit f\u00fcr Mutter &#038; Baby"}]},{"@type":"WebSite","@id":"https:\/\/norvita.eu\/de\/#website","url":"https:\/\/norvita.eu\/de\/","name":"Norvita sprei- ja geelvitamiinid","description":"Sprei vitamiinid ja toidulisandid","publisher":{"@id":"https:\/\/norvita.eu\/de\/#organization"},"potentialAction":[{"@type":"SearchAction","target":{"@type":"EntryPoint","urlTemplate":"https:\/\/norvita.eu\/de\/?s={search_term_string}"},"query-input":{"@type":"PropertyValueSpecification","valueRequired":true,"valueName":"search_term_string"}}],"inLanguage":"de"},{"@type":"Organization","@id":"https:\/\/norvita.eu\/de\/#organization","name":"NorVita","url":"https:\/\/norvita.eu\/de\/","logo":{"@type":"ImageObject","inLanguage":"de","@id":"https:\/\/norvita.eu\/de\/#\/schema\/logo\/image\/","url":"https:\/\/norvita.eu\/wp-content\/uploads\/2022\/07\/NorVita.svg","contentUrl":"https:\/\/norvita.eu\/wp-content\/uploads\/2022\/07\/NorVita.svg","width":96,"height":26,"caption":"NorVita"},"image":{"@id":"https:\/\/norvita.eu\/de\/#\/schema\/logo\/image\/"},"sameAs":["https:\/\/www.facebook.com\/norvitasupplements","https:\/\/www.instagram.com\/norvita_supplements\/"]}]}},"_links":{"self":[{"href":"https:\/\/norvita.eu\/de\/wp-json\/wp\/v2\/product\/6682","targetHints":{"allow":["GET"]}}],"collection":[{"href":"https:\/\/norvita.eu\/de\/wp-json\/wp\/v2\/product"}],"about":[{"href":"https:\/\/norvita.eu\/de\/wp-json\/wp\/v2\/types\/product"}],"replies":[{"embeddable":true,"href":"https:\/\/norvita.eu\/de\/wp-json\/wp\/v2\/comments?post=6682"}],"wp:featuredmedia":[{"embeddable":true,"href":"https:\/\/norvita.eu\/de\/wp-json\/wp\/v2\/media\/6685"}],"wp:attachment":[{"href":"https:\/\/norvita.eu\/de\/wp-json\/wp\/v2\/media?parent=6682"}],"wp:term":[{"taxonomy":"product_brand","embeddable":true,"href":"https:\/\/norvita.eu\/de\/wp-json\/wp\/v2\/product_brand?post=6682"},{"taxonomy":"product_cat","embeddable":true,"href":"https:\/\/norvita.eu\/de\/wp-json\/wp\/v2\/product_cat?post=6682"},{"taxonomy":"product_tag","embeddable":true,"href":"https:\/\/norvita.eu\/de\/wp-json\/wp\/v2\/product_tag?post=6682"}],"curies":[{"name":"wp","href":"https:\/\/api.w.org\/{rel}","templated":true}]}}