{"id":6604,"date":"2023-11-10T07:45:46","date_gmt":"2023-11-10T07:45:46","guid":{"rendered":"https:\/\/norvita.eu\/?post_type=product&#038;p=6604"},"modified":"2026-02-25T23:23:44","modified_gmt":"2026-02-25T21:23:44","slug":"stark-immunitaet","status":"publish","type":"product","link":"https:\/\/norvita.eu\/de\/pood\/stark-immunitaet\/","title":{"rendered":"Stark Immunit\u00e4t"},"content":{"rendered":"","protected":false},"excerpt":{"rendered":"<h2>Dreifach starker Schutz f\u00fcr ein widerstandsf\u00e4higes Immunsystem<\/h2>\n<p>Ihr Wohlbefinden ist unbestritten, und deshalb haben wir das Spray Vitamin Strong Immunity entwickelt, das dabei hilft, Ihre Gesundheit t\u00e4glich zu unterst\u00fctzen. Vitamin C tr\u00e4gt dazu bei, den K\u00f6rper vor oxidativem Stress zu sch\u00fctzen und unterst\u00fctzt die Kollagenbildung. Zink tr\u00e4gt zur kognitiven Funktion Ihres K\u00f6rpers, zur Entwicklung des Sehverm\u00f6gens und der Fruchtbarkeit bei und unterst\u00fctzt die Entwicklung normaler Knochen, N\u00e4gel und Haut. Zusammen halten Zink und Vitamin C Ihren K\u00f6rper gesund und helfen Ihnen, sich schneller von anstrengenden Erk\u00e4ltungen zu erholen. Schwarzer Holunderextrakt ist jedoch ein bekanntes traditionelles Volksheilmittel, das Entz\u00fcndungen und Stress reduziert. Durch die Interaktion miteinander werden diese beiden w\u00fcrdigen Helfer Ihnen ein gutes Gef\u00fchl und einen starken und gesunden K\u00f6rper zur\u00fcckgeben. Sind Sie bereit, jeden Tag mit Kraft, Ausdauer und einem strahlenden Geist zu meistern? Warten Sie nicht, probieren Sie Immunity noch heute aus und lassen Sie Ihre innere St\u00e4rke erstrahlen!<\/p>\n","protected":false},"featured_media":7738,"comment_status":"open","ping_status":"closed","template":"","meta":{"_acf_changed":false,"inline_featured_image":false},"product_brand":[],"product_cat":[85,84],"product_tag":[],"class_list":{"0":"post-6604","1":"product","2":"type-product","3":"status-publish","4":"has-post-thumbnail","6":"product_cat-alle","7":"product_cat-spray-de","9":"first","10":"instock","11":"taxable","12":"shipping-taxable","13":"purchasable","14":"product-type-simple"},"acf":[],"yoast_head":"<!-- This site is optimized with the Yoast SEO plugin v27.2 - https:\/\/yoast.com\/product\/yoast-seo-wordpress\/ -->\n<title>Stark Immunit\u00e4t | Norvita sprei- ja geelvitamiinid<\/title>\n<meta name=\"description\" content=\"Starke Immunit\u00e4t Vitaminspray zur Unterst\u00fctzung Ihrer Gesundheit. Zink unterst\u00fctzt die Gehirnfunktion und hilft zusammen mit Vitamin C bei Erk\u00e4ltungen.\" \/>\n<meta name=\"robots\" content=\"index, follow, max-snippet:-1, max-image-preview:large, max-video-preview:-1\" \/>\n<link rel=\"canonical\" href=\"https:\/\/norvita.eu\/de\/pood\/stark-immunitaet\/\" \/>\n<meta property=\"og:locale\" content=\"de_DE\" \/>\n<meta property=\"og:type\" content=\"article\" \/>\n<meta property=\"og:title\" content=\"Stark Immunit\u00e4t | Norvita sprei- ja geelvitamiinid\" \/>\n<meta property=\"og:description\" content=\"Starke Immunit\u00e4t Vitaminspray zur Unterst\u00fctzung Ihrer Gesundheit. Zink unterst\u00fctzt die Gehirnfunktion und hilft zusammen mit Vitamin C bei Erk\u00e4ltungen.\" \/>\n<meta property=\"og:url\" content=\"https:\/\/norvita.eu\/de\/pood\/stark-immunitaet\/\" \/>\n<meta property=\"og:site_name\" content=\"Norvita sprei- ja geelvitamiinid\" \/>\n<meta property=\"article:publisher\" content=\"https:\/\/www.facebook.com\/norvitasupplements\" \/>\n<meta property=\"article:modified_time\" content=\"2026-02-25T21:23:44+00:00\" \/>\n<meta property=\"og:image\" content=\"https:\/\/norvita.eu\/wp-content\/uploads\/2024\/03\/Immunity-Buduaar-ilulemmik-2024.png\" \/>\n\t<meta property=\"og:image:width\" content=\"1000\" \/>\n\t<meta property=\"og:image:height\" content=\"1000\" \/>\n\t<meta property=\"og:image:type\" content=\"image\/png\" \/>\n<meta name=\"twitter:card\" content=\"summary_large_image\" \/>\n<script type=\"application\/ld+json\" class=\"yoast-schema-graph\">{\"@context\":\"https:\/\/schema.org\",\"@graph\":[{\"@type\":\"WebPage\",\"@id\":\"https:\/\/norvita.eu\/de\/pood\/stark-immunitaet\/\",\"url\":\"https:\/\/norvita.eu\/de\/pood\/stark-immunitaet\/\",\"name\":\"Stark Immunit\u00e4t | Norvita sprei- ja geelvitamiinid\",\"isPartOf\":{\"@id\":\"https:\/\/norvita.eu\/de\/#website\"},\"primaryImageOfPage\":{\"@id\":\"https:\/\/norvita.eu\/de\/pood\/stark-immunitaet\/#primaryimage\"},\"image\":{\"@id\":\"https:\/\/norvita.eu\/de\/pood\/stark-immunitaet\/#primaryimage\"},\"thumbnailUrl\":\"https:\/\/norvita.eu\/wp-content\/uploads\/2024\/03\/Immunity-Buduaar-ilulemmik-2024.png\",\"datePublished\":\"2023-11-10T07:45:46+00:00\",\"dateModified\":\"2026-02-25T21:23:44+00:00\",\"description\":\"Starke Immunit\u00e4t Vitaminspray zur Unterst\u00fctzung Ihrer Gesundheit. Zink unterst\u00fctzt die Gehirnfunktion und hilft zusammen mit Vitamin C bei Erk\u00e4ltungen.\",\"breadcrumb\":{\"@id\":\"https:\/\/norvita.eu\/de\/pood\/stark-immunitaet\/#breadcrumb\"},\"inLanguage\":\"de\",\"potentialAction\":[{\"@type\":\"ReadAction\",\"target\":[\"https:\/\/norvita.eu\/de\/pood\/stark-immunitaet\/\"]}]},{\"@type\":\"ImageObject\",\"inLanguage\":\"de\",\"@id\":\"https:\/\/norvita.eu\/de\/pood\/stark-immunitaet\/#primaryimage\",\"url\":\"https:\/\/norvita.eu\/wp-content\/uploads\/2024\/03\/Immunity-Buduaar-ilulemmik-2024.png\",\"contentUrl\":\"https:\/\/norvita.eu\/wp-content\/uploads\/2024\/03\/Immunity-Buduaar-ilulemmik-2024.png\",\"width\":1000,\"height\":1000,\"caption\":\"Tugev immuunsus spreivitamiin Buduaar ilulemmik 2024\"},{\"@type\":\"BreadcrumbList\",\"@id\":\"https:\/\/norvita.eu\/de\/pood\/stark-immunitaet\/#breadcrumb\",\"itemListElement\":[{\"@type\":\"ListItem\",\"position\":1,\"name\":\"Home\",\"item\":\"https:\/\/norvita.eu\/de\/\"},{\"@type\":\"ListItem\",\"position\":2,\"name\":\"Shop\",\"item\":\"https:\/\/norvita.eu\/de\/shop\/\"},{\"@type\":\"ListItem\",\"position\":3,\"name\":\"Stark Immunit\u00e4t\"}]},{\"@type\":\"WebSite\",\"@id\":\"https:\/\/norvita.eu\/de\/#website\",\"url\":\"https:\/\/norvita.eu\/de\/\",\"name\":\"Norvita sprei- ja geelvitamiinid\",\"description\":\"Sprei vitamiinid ja toidulisandid\",\"publisher\":{\"@id\":\"https:\/\/norvita.eu\/de\/#organization\"},\"potentialAction\":[{\"@type\":\"SearchAction\",\"target\":{\"@type\":\"EntryPoint\",\"urlTemplate\":\"https:\/\/norvita.eu\/de\/?s={search_term_string}\"},\"query-input\":{\"@type\":\"PropertyValueSpecification\",\"valueRequired\":true,\"valueName\":\"search_term_string\"}}],\"inLanguage\":\"de\"},{\"@type\":\"Organization\",\"@id\":\"https:\/\/norvita.eu\/de\/#organization\",\"name\":\"NorVita\",\"url\":\"https:\/\/norvita.eu\/de\/\",\"logo\":{\"@type\":\"ImageObject\",\"inLanguage\":\"de\",\"@id\":\"https:\/\/norvita.eu\/de\/#\/schema\/logo\/image\/\",\"url\":\"https:\/\/norvita.eu\/wp-content\/uploads\/2022\/07\/NorVita.svg\",\"contentUrl\":\"https:\/\/norvita.eu\/wp-content\/uploads\/2022\/07\/NorVita.svg\",\"width\":96,\"height\":26,\"caption\":\"NorVita\"},\"image\":{\"@id\":\"https:\/\/norvita.eu\/de\/#\/schema\/logo\/image\/\"},\"sameAs\":[\"https:\/\/www.facebook.com\/norvitasupplements\",\"https:\/\/www.instagram.com\/norvita_supplements\/\"]}]}<\/script>\n<!-- \/ Yoast SEO plugin. -->","yoast_head_json":{"title":"Stark Immunit\u00e4t | Norvita sprei- ja geelvitamiinid","description":"Starke Immunit\u00e4t Vitaminspray zur Unterst\u00fctzung Ihrer Gesundheit. Zink unterst\u00fctzt die Gehirnfunktion und hilft zusammen mit Vitamin C bei Erk\u00e4ltungen.","robots":{"index":"index","follow":"follow","max-snippet":"max-snippet:-1","max-image-preview":"max-image-preview:large","max-video-preview":"max-video-preview:-1"},"canonical":"https:\/\/norvita.eu\/de\/pood\/stark-immunitaet\/","og_locale":"de_DE","og_type":"article","og_title":"Stark Immunit\u00e4t | Norvita sprei- ja geelvitamiinid","og_description":"Starke Immunit\u00e4t Vitaminspray zur Unterst\u00fctzung Ihrer Gesundheit. Zink unterst\u00fctzt die Gehirnfunktion und hilft zusammen mit Vitamin C bei Erk\u00e4ltungen.","og_url":"https:\/\/norvita.eu\/de\/pood\/stark-immunitaet\/","og_site_name":"Norvita sprei- ja geelvitamiinid","article_publisher":"https:\/\/www.facebook.com\/norvitasupplements","article_modified_time":"2026-02-25T21:23:44+00:00","og_image":[{"width":1000,"height":1000,"url":"https:\/\/norvita.eu\/wp-content\/uploads\/2024\/03\/Immunity-Buduaar-ilulemmik-2024.png","type":"image\/png"}],"twitter_card":"summary_large_image","schema":{"@context":"https:\/\/schema.org","@graph":[{"@type":"WebPage","@id":"https:\/\/norvita.eu\/de\/pood\/stark-immunitaet\/","url":"https:\/\/norvita.eu\/de\/pood\/stark-immunitaet\/","name":"Stark Immunit\u00e4t | Norvita sprei- ja geelvitamiinid","isPartOf":{"@id":"https:\/\/norvita.eu\/de\/#website"},"primaryImageOfPage":{"@id":"https:\/\/norvita.eu\/de\/pood\/stark-immunitaet\/#primaryimage"},"image":{"@id":"https:\/\/norvita.eu\/de\/pood\/stark-immunitaet\/#primaryimage"},"thumbnailUrl":"https:\/\/norvita.eu\/wp-content\/uploads\/2024\/03\/Immunity-Buduaar-ilulemmik-2024.png","datePublished":"2023-11-10T07:45:46+00:00","dateModified":"2026-02-25T21:23:44+00:00","description":"Starke Immunit\u00e4t Vitaminspray zur Unterst\u00fctzung Ihrer Gesundheit. Zink unterst\u00fctzt die Gehirnfunktion und hilft zusammen mit Vitamin C bei Erk\u00e4ltungen.","breadcrumb":{"@id":"https:\/\/norvita.eu\/de\/pood\/stark-immunitaet\/#breadcrumb"},"inLanguage":"de","potentialAction":[{"@type":"ReadAction","target":["https:\/\/norvita.eu\/de\/pood\/stark-immunitaet\/"]}]},{"@type":"ImageObject","inLanguage":"de","@id":"https:\/\/norvita.eu\/de\/pood\/stark-immunitaet\/#primaryimage","url":"https:\/\/norvita.eu\/wp-content\/uploads\/2024\/03\/Immunity-Buduaar-ilulemmik-2024.png","contentUrl":"https:\/\/norvita.eu\/wp-content\/uploads\/2024\/03\/Immunity-Buduaar-ilulemmik-2024.png","width":1000,"height":1000,"caption":"Tugev immuunsus spreivitamiin Buduaar ilulemmik 2024"},{"@type":"BreadcrumbList","@id":"https:\/\/norvita.eu\/de\/pood\/stark-immunitaet\/#breadcrumb","itemListElement":[{"@type":"ListItem","position":1,"name":"Home","item":"https:\/\/norvita.eu\/de\/"},{"@type":"ListItem","position":2,"name":"Shop","item":"https:\/\/norvita.eu\/de\/shop\/"},{"@type":"ListItem","position":3,"name":"Stark Immunit\u00e4t"}]},{"@type":"WebSite","@id":"https:\/\/norvita.eu\/de\/#website","url":"https:\/\/norvita.eu\/de\/","name":"Norvita sprei- ja geelvitamiinid","description":"Sprei vitamiinid ja toidulisandid","publisher":{"@id":"https:\/\/norvita.eu\/de\/#organization"},"potentialAction":[{"@type":"SearchAction","target":{"@type":"EntryPoint","urlTemplate":"https:\/\/norvita.eu\/de\/?s={search_term_string}"},"query-input":{"@type":"PropertyValueSpecification","valueRequired":true,"valueName":"search_term_string"}}],"inLanguage":"de"},{"@type":"Organization","@id":"https:\/\/norvita.eu\/de\/#organization","name":"NorVita","url":"https:\/\/norvita.eu\/de\/","logo":{"@type":"ImageObject","inLanguage":"de","@id":"https:\/\/norvita.eu\/de\/#\/schema\/logo\/image\/","url":"https:\/\/norvita.eu\/wp-content\/uploads\/2022\/07\/NorVita.svg","contentUrl":"https:\/\/norvita.eu\/wp-content\/uploads\/2022\/07\/NorVita.svg","width":96,"height":26,"caption":"NorVita"},"image":{"@id":"https:\/\/norvita.eu\/de\/#\/schema\/logo\/image\/"},"sameAs":["https:\/\/www.facebook.com\/norvitasupplements","https:\/\/www.instagram.com\/norvita_supplements\/"]}]}},"_links":{"self":[{"href":"https:\/\/norvita.eu\/de\/wp-json\/wp\/v2\/product\/6604","targetHints":{"allow":["GET"]}}],"collection":[{"href":"https:\/\/norvita.eu\/de\/wp-json\/wp\/v2\/product"}],"about":[{"href":"https:\/\/norvita.eu\/de\/wp-json\/wp\/v2\/types\/product"}],"replies":[{"embeddable":true,"href":"https:\/\/norvita.eu\/de\/wp-json\/wp\/v2\/comments?post=6604"}],"wp:featuredmedia":[{"embeddable":true,"href":"https:\/\/norvita.eu\/de\/wp-json\/wp\/v2\/media\/7738"}],"wp:attachment":[{"href":"https:\/\/norvita.eu\/de\/wp-json\/wp\/v2\/media?parent=6604"}],"wp:term":[{"taxonomy":"product_brand","embeddable":true,"href":"https:\/\/norvita.eu\/de\/wp-json\/wp\/v2\/product_brand?post=6604"},{"taxonomy":"product_cat","embeddable":true,"href":"https:\/\/norvita.eu\/de\/wp-json\/wp\/v2\/product_cat?post=6604"},{"taxonomy":"product_tag","embeddable":true,"href":"https:\/\/norvita.eu\/de\/wp-json\/wp\/v2\/product_tag?post=6604"}],"curies":[{"name":"wp","href":"https:\/\/api.w.org\/{rel}","templated":true}]}}