{"id":6348,"date":"2023-07-14T15:08:53","date_gmt":"2023-07-14T15:08:53","guid":{"rendered":"https:\/\/norvita.eu\/pood\/sportlasele\/"},"modified":"2026-02-25T23:57:27","modified_gmt":"2026-02-25T21:57:27","slug":"vitamin-kit-fur-sportler","status":"publish","type":"product","link":"https:\/\/norvita.eu\/de\/pood\/vitamin-kit-fur-sportler\/","title":{"rendered":"Vitamin-Kit f\u00fcr Sportler"},"content":{"rendered":"","protected":false},"excerpt":{"rendered":"<h2>Zus\u00e4tzliche Anstrengungen zur F\u00f6rderung eines aktiven Lebensstils<\/h2>\n<p>Magnesium-Gel, Eisen und Vitamin-B-Spray ist das ideale Set, um Ihren Muskeln einen zus\u00e4tzlichen Schub zu verleihen, wenn Sie t\u00e4glich Sport treiben oder k\u00f6rperlich aktiv sind. Magnesium tr\u00e4gt zur Verringerung von M\u00fcdigkeit und Ersch\u00f6pfung bei und sorgt daf\u00fcr, dass die Muskeln und das Nervensystem normal funktionieren. Vitamin\u00a0B ist gut f\u00fcr das K\u00f6rpergewicht und die Verdauung. Eisen hingegen unterst\u00fctzt die normale Bildung von roten Blutk\u00f6rperchen und H\u00e4moglobin und tr\u00e4gt zum Sauerstofftransport im K\u00f6rper bei. Jetzt probieren!<\/p>\n","protected":false},"featured_media":5822,"comment_status":"open","ping_status":"closed","template":"","meta":{"_acf_changed":false,"inline_featured_image":false},"product_brand":[],"product_cat":[85,83],"product_tag":[],"class_list":{"0":"post-6348","1":"product","2":"type-product","3":"status-publish","4":"has-post-thumbnail","6":"product_cat-alle","7":"product_cat-sets-de","9":"first","10":"instock","11":"sale","12":"taxable","13":"shipping-taxable","14":"purchasable","15":"product-type-woosb"},"acf":[],"yoast_head":"<!-- This site is optimized with the Yoast SEO plugin v27.2 - https:\/\/yoast.com\/product\/yoast-seo-wordpress\/ -->\n<title>Vitamin-Kit f\u00fcr Sportler | Norvita sprei- ja geelvitamiinid<\/title>\n<meta name=\"description\" content=\"Vitamine f\u00fcr Sportler - Magnesium, Eisen, B-Vitamine. Geben Sie Ihren Muskeln zus\u00e4tzliche Kraft und verringern Sie die M\u00fcdigkeit bei k\u00f6rperlicher Aktivit\u00e4t.\" \/>\n<meta name=\"robots\" content=\"index, follow, max-snippet:-1, max-image-preview:large, max-video-preview:-1\" \/>\n<link rel=\"canonical\" href=\"https:\/\/norvita.eu\/de\/pood\/vitamin-kit-fur-sportler\/\" \/>\n<meta property=\"og:locale\" content=\"de_DE\" \/>\n<meta property=\"og:type\" content=\"article\" \/>\n<meta property=\"og:title\" content=\"Vitamin-Kit f\u00fcr Sportler | Norvita sprei- ja geelvitamiinid\" \/>\n<meta property=\"og:description\" content=\"Vitamine f\u00fcr Sportler - Magnesium, Eisen, B-Vitamine. Geben Sie Ihren Muskeln zus\u00e4tzliche Kraft und verringern Sie die M\u00fcdigkeit bei k\u00f6rperlicher Aktivit\u00e4t.\" \/>\n<meta property=\"og:url\" content=\"https:\/\/norvita.eu\/de\/pood\/vitamin-kit-fur-sportler\/\" \/>\n<meta property=\"og:site_name\" content=\"Norvita sprei- ja geelvitamiinid\" \/>\n<meta property=\"article:publisher\" content=\"https:\/\/www.facebook.com\/norvitasupplements\" \/>\n<meta property=\"article:modified_time\" content=\"2026-02-25T21:57:27+00:00\" \/>\n<meta property=\"og:image\" content=\"https:\/\/norvita.eu\/wp-content\/uploads\/2023\/07\/NorVita-vitamiinid-sportlase-komplekt.png\" \/>\n\t<meta property=\"og:image:width\" content=\"1000\" \/>\n\t<meta property=\"og:image:height\" content=\"1000\" \/>\n\t<meta property=\"og:image:type\" content=\"image\/png\" \/>\n<meta name=\"twitter:card\" content=\"summary_large_image\" \/>\n<meta name=\"twitter:label1\" content=\"Gesch\u00e4tzte Lesezeit\" \/>\n\t<meta name=\"twitter:data1\" content=\"1\u00a0Minute\" \/>\n<script type=\"application\/ld+json\" class=\"yoast-schema-graph\">{\"@context\":\"https:\/\/schema.org\",\"@graph\":[{\"@type\":\"WebPage\",\"@id\":\"https:\/\/norvita.eu\/de\/pood\/vitamin-kit-fur-sportler\/\",\"url\":\"https:\/\/norvita.eu\/de\/pood\/vitamin-kit-fur-sportler\/\",\"name\":\"Vitamin-Kit f\u00fcr Sportler | Norvita sprei- ja geelvitamiinid\",\"isPartOf\":{\"@id\":\"https:\/\/norvita.eu\/de\/#website\"},\"primaryImageOfPage\":{\"@id\":\"https:\/\/norvita.eu\/de\/pood\/vitamin-kit-fur-sportler\/#primaryimage\"},\"image\":{\"@id\":\"https:\/\/norvita.eu\/de\/pood\/vitamin-kit-fur-sportler\/#primaryimage\"},\"thumbnailUrl\":\"https:\/\/norvita.eu\/wp-content\/uploads\/2023\/07\/NorVita-vitamiinid-sportlase-komplekt.png\",\"datePublished\":\"2023-07-14T15:08:53+00:00\",\"dateModified\":\"2026-02-25T21:57:27+00:00\",\"description\":\"Vitamine f\u00fcr Sportler - Magnesium, Eisen, B-Vitamine. Geben Sie Ihren Muskeln zus\u00e4tzliche Kraft und verringern Sie die M\u00fcdigkeit bei k\u00f6rperlicher Aktivit\u00e4t.\",\"breadcrumb\":{\"@id\":\"https:\/\/norvita.eu\/de\/pood\/vitamin-kit-fur-sportler\/#breadcrumb\"},\"inLanguage\":\"de\",\"potentialAction\":[{\"@type\":\"ReadAction\",\"target\":[\"https:\/\/norvita.eu\/de\/pood\/vitamin-kit-fur-sportler\/\"]}]},{\"@type\":\"ImageObject\",\"inLanguage\":\"de\",\"@id\":\"https:\/\/norvita.eu\/de\/pood\/vitamin-kit-fur-sportler\/#primaryimage\",\"url\":\"https:\/\/norvita.eu\/wp-content\/uploads\/2023\/07\/NorVita-vitamiinid-sportlase-komplekt.png\",\"contentUrl\":\"https:\/\/norvita.eu\/wp-content\/uploads\/2023\/07\/NorVita-vitamiinid-sportlase-komplekt.png\",\"width\":1000,\"height\":1000,\"caption\":\"vitamiinid sportlastele \/ vitamin kit for athletes\"},{\"@type\":\"BreadcrumbList\",\"@id\":\"https:\/\/norvita.eu\/de\/pood\/vitamin-kit-fur-sportler\/#breadcrumb\",\"itemListElement\":[{\"@type\":\"ListItem\",\"position\":1,\"name\":\"Home\",\"item\":\"https:\/\/norvita.eu\/de\/\"},{\"@type\":\"ListItem\",\"position\":2,\"name\":\"Shop\",\"item\":\"https:\/\/norvita.eu\/de\/shop\/\"},{\"@type\":\"ListItem\",\"position\":3,\"name\":\"Vitamin-Kit f\u00fcr Sportler\"}]},{\"@type\":\"WebSite\",\"@id\":\"https:\/\/norvita.eu\/de\/#website\",\"url\":\"https:\/\/norvita.eu\/de\/\",\"name\":\"Norvita sprei- ja geelvitamiinid\",\"description\":\"Sprei vitamiinid ja toidulisandid\",\"publisher\":{\"@id\":\"https:\/\/norvita.eu\/de\/#organization\"},\"potentialAction\":[{\"@type\":\"SearchAction\",\"target\":{\"@type\":\"EntryPoint\",\"urlTemplate\":\"https:\/\/norvita.eu\/de\/?s={search_term_string}\"},\"query-input\":{\"@type\":\"PropertyValueSpecification\",\"valueRequired\":true,\"valueName\":\"search_term_string\"}}],\"inLanguage\":\"de\"},{\"@type\":\"Organization\",\"@id\":\"https:\/\/norvita.eu\/de\/#organization\",\"name\":\"NorVita\",\"url\":\"https:\/\/norvita.eu\/de\/\",\"logo\":{\"@type\":\"ImageObject\",\"inLanguage\":\"de\",\"@id\":\"https:\/\/norvita.eu\/de\/#\/schema\/logo\/image\/\",\"url\":\"https:\/\/norvita.eu\/wp-content\/uploads\/2022\/07\/NorVita.svg\",\"contentUrl\":\"https:\/\/norvita.eu\/wp-content\/uploads\/2022\/07\/NorVita.svg\",\"width\":96,\"height\":26,\"caption\":\"NorVita\"},\"image\":{\"@id\":\"https:\/\/norvita.eu\/de\/#\/schema\/logo\/image\/\"},\"sameAs\":[\"https:\/\/www.facebook.com\/norvitasupplements\",\"https:\/\/www.instagram.com\/norvita_supplements\/\"]}]}<\/script>\n<!-- \/ Yoast SEO plugin. -->","yoast_head_json":{"title":"Vitamin-Kit f\u00fcr Sportler | Norvita sprei- ja geelvitamiinid","description":"Vitamine f\u00fcr Sportler - Magnesium, Eisen, B-Vitamine. Geben Sie Ihren Muskeln zus\u00e4tzliche Kraft und verringern Sie die M\u00fcdigkeit bei k\u00f6rperlicher Aktivit\u00e4t.","robots":{"index":"index","follow":"follow","max-snippet":"max-snippet:-1","max-image-preview":"max-image-preview:large","max-video-preview":"max-video-preview:-1"},"canonical":"https:\/\/norvita.eu\/de\/pood\/vitamin-kit-fur-sportler\/","og_locale":"de_DE","og_type":"article","og_title":"Vitamin-Kit f\u00fcr Sportler | Norvita sprei- ja geelvitamiinid","og_description":"Vitamine f\u00fcr Sportler - Magnesium, Eisen, B-Vitamine. Geben Sie Ihren Muskeln zus\u00e4tzliche Kraft und verringern Sie die M\u00fcdigkeit bei k\u00f6rperlicher Aktivit\u00e4t.","og_url":"https:\/\/norvita.eu\/de\/pood\/vitamin-kit-fur-sportler\/","og_site_name":"Norvita sprei- ja geelvitamiinid","article_publisher":"https:\/\/www.facebook.com\/norvitasupplements","article_modified_time":"2026-02-25T21:57:27+00:00","og_image":[{"width":1000,"height":1000,"url":"https:\/\/norvita.eu\/wp-content\/uploads\/2023\/07\/NorVita-vitamiinid-sportlase-komplekt.png","type":"image\/png"}],"twitter_card":"summary_large_image","twitter_misc":{"Gesch\u00e4tzte Lesezeit":"1\u00a0Minute"},"schema":{"@context":"https:\/\/schema.org","@graph":[{"@type":"WebPage","@id":"https:\/\/norvita.eu\/de\/pood\/vitamin-kit-fur-sportler\/","url":"https:\/\/norvita.eu\/de\/pood\/vitamin-kit-fur-sportler\/","name":"Vitamin-Kit f\u00fcr Sportler | Norvita sprei- ja geelvitamiinid","isPartOf":{"@id":"https:\/\/norvita.eu\/de\/#website"},"primaryImageOfPage":{"@id":"https:\/\/norvita.eu\/de\/pood\/vitamin-kit-fur-sportler\/#primaryimage"},"image":{"@id":"https:\/\/norvita.eu\/de\/pood\/vitamin-kit-fur-sportler\/#primaryimage"},"thumbnailUrl":"https:\/\/norvita.eu\/wp-content\/uploads\/2023\/07\/NorVita-vitamiinid-sportlase-komplekt.png","datePublished":"2023-07-14T15:08:53+00:00","dateModified":"2026-02-25T21:57:27+00:00","description":"Vitamine f\u00fcr Sportler - Magnesium, Eisen, B-Vitamine. Geben Sie Ihren Muskeln zus\u00e4tzliche Kraft und verringern Sie die M\u00fcdigkeit bei k\u00f6rperlicher Aktivit\u00e4t.","breadcrumb":{"@id":"https:\/\/norvita.eu\/de\/pood\/vitamin-kit-fur-sportler\/#breadcrumb"},"inLanguage":"de","potentialAction":[{"@type":"ReadAction","target":["https:\/\/norvita.eu\/de\/pood\/vitamin-kit-fur-sportler\/"]}]},{"@type":"ImageObject","inLanguage":"de","@id":"https:\/\/norvita.eu\/de\/pood\/vitamin-kit-fur-sportler\/#primaryimage","url":"https:\/\/norvita.eu\/wp-content\/uploads\/2023\/07\/NorVita-vitamiinid-sportlase-komplekt.png","contentUrl":"https:\/\/norvita.eu\/wp-content\/uploads\/2023\/07\/NorVita-vitamiinid-sportlase-komplekt.png","width":1000,"height":1000,"caption":"vitamiinid sportlastele \/ vitamin kit for athletes"},{"@type":"BreadcrumbList","@id":"https:\/\/norvita.eu\/de\/pood\/vitamin-kit-fur-sportler\/#breadcrumb","itemListElement":[{"@type":"ListItem","position":1,"name":"Home","item":"https:\/\/norvita.eu\/de\/"},{"@type":"ListItem","position":2,"name":"Shop","item":"https:\/\/norvita.eu\/de\/shop\/"},{"@type":"ListItem","position":3,"name":"Vitamin-Kit f\u00fcr Sportler"}]},{"@type":"WebSite","@id":"https:\/\/norvita.eu\/de\/#website","url":"https:\/\/norvita.eu\/de\/","name":"Norvita sprei- ja geelvitamiinid","description":"Sprei vitamiinid ja toidulisandid","publisher":{"@id":"https:\/\/norvita.eu\/de\/#organization"},"potentialAction":[{"@type":"SearchAction","target":{"@type":"EntryPoint","urlTemplate":"https:\/\/norvita.eu\/de\/?s={search_term_string}"},"query-input":{"@type":"PropertyValueSpecification","valueRequired":true,"valueName":"search_term_string"}}],"inLanguage":"de"},{"@type":"Organization","@id":"https:\/\/norvita.eu\/de\/#organization","name":"NorVita","url":"https:\/\/norvita.eu\/de\/","logo":{"@type":"ImageObject","inLanguage":"de","@id":"https:\/\/norvita.eu\/de\/#\/schema\/logo\/image\/","url":"https:\/\/norvita.eu\/wp-content\/uploads\/2022\/07\/NorVita.svg","contentUrl":"https:\/\/norvita.eu\/wp-content\/uploads\/2022\/07\/NorVita.svg","width":96,"height":26,"caption":"NorVita"},"image":{"@id":"https:\/\/norvita.eu\/de\/#\/schema\/logo\/image\/"},"sameAs":["https:\/\/www.facebook.com\/norvitasupplements","https:\/\/www.instagram.com\/norvita_supplements\/"]}]}},"_links":{"self":[{"href":"https:\/\/norvita.eu\/de\/wp-json\/wp\/v2\/product\/6348","targetHints":{"allow":["GET"]}}],"collection":[{"href":"https:\/\/norvita.eu\/de\/wp-json\/wp\/v2\/product"}],"about":[{"href":"https:\/\/norvita.eu\/de\/wp-json\/wp\/v2\/types\/product"}],"replies":[{"embeddable":true,"href":"https:\/\/norvita.eu\/de\/wp-json\/wp\/v2\/comments?post=6348"}],"wp:featuredmedia":[{"embeddable":true,"href":"https:\/\/norvita.eu\/de\/wp-json\/wp\/v2\/media\/5822"}],"wp:attachment":[{"href":"https:\/\/norvita.eu\/de\/wp-json\/wp\/v2\/media?parent=6348"}],"wp:term":[{"taxonomy":"product_brand","embeddable":true,"href":"https:\/\/norvita.eu\/de\/wp-json\/wp\/v2\/product_brand?post=6348"},{"taxonomy":"product_cat","embeddable":true,"href":"https:\/\/norvita.eu\/de\/wp-json\/wp\/v2\/product_cat?post=6348"},{"taxonomy":"product_tag","embeddable":true,"href":"https:\/\/norvita.eu\/de\/wp-json\/wp\/v2\/product_tag?post=6348"}],"curies":[{"name":"wp","href":"https:\/\/api.w.org\/{rel}","templated":true}]}}