{"id":6343,"date":"2023-05-29T17:41:27","date_gmt":"2023-05-29T17:41:27","guid":{"rendered":"https:\/\/norvita.eu\/pood\/ilu-kollageen-komplekt\/"},"modified":"2026-03-11T10:54:47","modified_gmt":"2026-03-11T08:54:47","slug":"schoenheits-kollagen-kit","status":"publish","type":"product","link":"https:\/\/norvita.eu\/de\/pood\/schoenheits-kollagen-kit\/","title":{"rendered":"Sch\u00f6nheits Kollagen-Kit"},"content":{"rendered":"","protected":false},"excerpt":{"rendered":"<h2><span style=\"font-size: 24px;\">Der Grundstein f\u00fcr ein frisches Aussehen und eine gesunde, strahlende Haut<\/span><\/h2>\n<p>Unser Top-Produkt Beauty Kollagen-Gel gibt es ab sofort bequem und preisg\u00fcnstig im Set. Kollagen ist ein wichtiger Stoff f\u00fcr die Sch\u00f6nheit und Gesundheit der Haut. Es macht bis zu 80 % der Haut und des darunter liegenden Gewebes aus. Neben dem wirksamen Kollagen Verisol enth\u00e4lt das Beauty Kollagen-Set auch Hyalurons\u00e4ure, Biotin und Vitamin C. Hyalurons\u00e4ure verbessert die Elastizit\u00e4t der Haut und verringert die Trockenheit. Biotin wiederum f\u00f6rdert die Gesundheit von Haaren und N\u00e4geln, w\u00e4hrend Vitamin C den Kollagenstoffwechsel verbessert. NorVita Beauty Kollagen enth\u00e4lt 2500 mg Verisol-Kollagen in einer t\u00e4glichen Dosis, die Falten in 8 Wochen um bis zu 20 % reduzieren kann. Beseitigen Sie die Anzeichen von M\u00fcdigkeit mit dem BEAUTY-Vitamingel!<\/p>\n","protected":false},"featured_media":7732,"comment_status":"open","ping_status":"closed","template":"","meta":{"_acf_changed":false,"inline_featured_image":false},"product_brand":[],"product_cat":[85,82,83],"product_tag":[],"class_list":{"0":"post-6343","1":"product","2":"type-product","3":"status-publish","4":"has-post-thumbnail","6":"product_cat-alle","7":"product_cat-gel","8":"product_cat-sets-de","10":"first","11":"instock","12":"sale","13":"taxable","14":"shipping-taxable","15":"purchasable","16":"product-type-woosb"},"acf":[],"yoast_head":"<!-- This site is optimized with the Yoast SEO plugin v27.2 - https:\/\/yoast.com\/product\/yoast-seo-wordpress\/ -->\n<title>Sch\u00f6nheits Kollagen-Kit | Norvita sprei- ja geelvitamiinid<\/title>\n<meta name=\"description\" content=\"Kollagen-Set. Effektivere Sch\u00f6nheitsvitamine. Verisol-Kollagen, Hyalurons\u00e4ure, Biotin, Vitamin C. Frisches Aussehen. Gesunde Haut. Reduzierung von F\u00e4ltchen.\" \/>\n<meta name=\"robots\" content=\"index, follow, max-snippet:-1, max-image-preview:large, max-video-preview:-1\" \/>\n<link rel=\"canonical\" href=\"https:\/\/norvita.eu\/de\/pood\/schoenheits-kollagen-kit\/\" \/>\n<meta property=\"og:locale\" content=\"de_DE\" \/>\n<meta property=\"og:type\" content=\"article\" \/>\n<meta property=\"og:title\" content=\"Sch\u00f6nheits Kollagen-Kit | Norvita sprei- ja geelvitamiinid\" \/>\n<meta property=\"og:description\" content=\"Kollagen-Set. Effektivere Sch\u00f6nheitsvitamine. Verisol-Kollagen, Hyalurons\u00e4ure, Biotin, Vitamin C. Frisches Aussehen. Gesunde Haut. Reduzierung von F\u00e4ltchen.\" \/>\n<meta property=\"og:url\" content=\"https:\/\/norvita.eu\/de\/pood\/schoenheits-kollagen-kit\/\" \/>\n<meta property=\"og:site_name\" content=\"Norvita sprei- ja geelvitamiinid\" \/>\n<meta property=\"article:publisher\" content=\"https:\/\/www.facebook.com\/norvitasupplements\" \/>\n<meta property=\"article:modified_time\" content=\"2026-03-11T08:54:47+00:00\" \/>\n<meta property=\"og:image\" content=\"https:\/\/norvita.eu\/wp-content\/uploads\/2024\/03\/NorVita-kollageen-geel-Anne-ja-Stiil-ning-Buduaar-2024-ilulemmik.png\" \/>\n\t<meta property=\"og:image:width\" content=\"1000\" \/>\n\t<meta property=\"og:image:height\" content=\"1000\" \/>\n\t<meta property=\"og:image:type\" content=\"image\/png\" \/>\n<meta name=\"twitter:card\" content=\"summary_large_image\" \/>\n<script type=\"application\/ld+json\" class=\"yoast-schema-graph\">{\"@context\":\"https:\/\/schema.org\",\"@graph\":[{\"@type\":\"WebPage\",\"@id\":\"https:\/\/norvita.eu\/de\/pood\/schoenheits-kollagen-kit\/\",\"url\":\"https:\/\/norvita.eu\/de\/pood\/schoenheits-kollagen-kit\/\",\"name\":\"Sch\u00f6nheits Kollagen-Kit | Norvita sprei- ja geelvitamiinid\",\"isPartOf\":{\"@id\":\"https:\/\/norvita.eu\/de\/#website\"},\"primaryImageOfPage\":{\"@id\":\"https:\/\/norvita.eu\/de\/pood\/schoenheits-kollagen-kit\/#primaryimage\"},\"image\":{\"@id\":\"https:\/\/norvita.eu\/de\/pood\/schoenheits-kollagen-kit\/#primaryimage\"},\"thumbnailUrl\":\"https:\/\/norvita.eu\/wp-content\/uploads\/2024\/03\/NorVita-kollageen-geel-Anne-ja-Stiil-ning-Buduaar-2024-ilulemmik.png\",\"datePublished\":\"2023-05-29T17:41:27+00:00\",\"dateModified\":\"2026-03-11T08:54:47+00:00\",\"description\":\"Kollagen-Set. Effektivere Sch\u00f6nheitsvitamine. Verisol-Kollagen, Hyalurons\u00e4ure, Biotin, Vitamin C. Frisches Aussehen. Gesunde Haut. Reduzierung von F\u00e4ltchen.\",\"breadcrumb\":{\"@id\":\"https:\/\/norvita.eu\/de\/pood\/schoenheits-kollagen-kit\/#breadcrumb\"},\"inLanguage\":\"de\",\"potentialAction\":[{\"@type\":\"ReadAction\",\"target\":[\"https:\/\/norvita.eu\/de\/pood\/schoenheits-kollagen-kit\/\"]}]},{\"@type\":\"ImageObject\",\"inLanguage\":\"de\",\"@id\":\"https:\/\/norvita.eu\/de\/pood\/schoenheits-kollagen-kit\/#primaryimage\",\"url\":\"https:\/\/norvita.eu\/wp-content\/uploads\/2024\/03\/NorVita-kollageen-geel-Anne-ja-Stiil-ning-Buduaar-2024-ilulemmik.png\",\"contentUrl\":\"https:\/\/norvita.eu\/wp-content\/uploads\/2024\/03\/NorVita-kollageen-geel-Anne-ja-Stiil-ning-Buduaar-2024-ilulemmik.png\",\"width\":1000,\"height\":1000,\"caption\":\"NorVita kollageen geel - Anne ja Stiil ning Buduaar 2024 ilulemmik\"},{\"@type\":\"BreadcrumbList\",\"@id\":\"https:\/\/norvita.eu\/de\/pood\/schoenheits-kollagen-kit\/#breadcrumb\",\"itemListElement\":[{\"@type\":\"ListItem\",\"position\":1,\"name\":\"Home\",\"item\":\"https:\/\/norvita.eu\/de\/\"},{\"@type\":\"ListItem\",\"position\":2,\"name\":\"Shop\",\"item\":\"https:\/\/norvita.eu\/de\/shop\/\"},{\"@type\":\"ListItem\",\"position\":3,\"name\":\"Sch\u00f6nheits Kollagen-Kit\"}]},{\"@type\":\"WebSite\",\"@id\":\"https:\/\/norvita.eu\/de\/#website\",\"url\":\"https:\/\/norvita.eu\/de\/\",\"name\":\"Norvita sprei- ja geelvitamiinid\",\"description\":\"Sprei vitamiinid ja toidulisandid\",\"publisher\":{\"@id\":\"https:\/\/norvita.eu\/de\/#organization\"},\"potentialAction\":[{\"@type\":\"SearchAction\",\"target\":{\"@type\":\"EntryPoint\",\"urlTemplate\":\"https:\/\/norvita.eu\/de\/?s={search_term_string}\"},\"query-input\":{\"@type\":\"PropertyValueSpecification\",\"valueRequired\":true,\"valueName\":\"search_term_string\"}}],\"inLanguage\":\"de\"},{\"@type\":\"Organization\",\"@id\":\"https:\/\/norvita.eu\/de\/#organization\",\"name\":\"NorVita\",\"url\":\"https:\/\/norvita.eu\/de\/\",\"logo\":{\"@type\":\"ImageObject\",\"inLanguage\":\"de\",\"@id\":\"https:\/\/norvita.eu\/de\/#\/schema\/logo\/image\/\",\"url\":\"https:\/\/norvita.eu\/wp-content\/uploads\/2022\/07\/NorVita.svg\",\"contentUrl\":\"https:\/\/norvita.eu\/wp-content\/uploads\/2022\/07\/NorVita.svg\",\"width\":96,\"height\":26,\"caption\":\"NorVita\"},\"image\":{\"@id\":\"https:\/\/norvita.eu\/de\/#\/schema\/logo\/image\/\"},\"sameAs\":[\"https:\/\/www.facebook.com\/norvitasupplements\",\"https:\/\/www.instagram.com\/norvita_supplements\/\"]}]}<\/script>\n<!-- \/ Yoast SEO plugin. -->","yoast_head_json":{"title":"Sch\u00f6nheits Kollagen-Kit | Norvita sprei- ja geelvitamiinid","description":"Kollagen-Set. Effektivere Sch\u00f6nheitsvitamine. Verisol-Kollagen, Hyalurons\u00e4ure, Biotin, Vitamin C. Frisches Aussehen. Gesunde Haut. Reduzierung von F\u00e4ltchen.","robots":{"index":"index","follow":"follow","max-snippet":"max-snippet:-1","max-image-preview":"max-image-preview:large","max-video-preview":"max-video-preview:-1"},"canonical":"https:\/\/norvita.eu\/de\/pood\/schoenheits-kollagen-kit\/","og_locale":"de_DE","og_type":"article","og_title":"Sch\u00f6nheits Kollagen-Kit | Norvita sprei- ja geelvitamiinid","og_description":"Kollagen-Set. Effektivere Sch\u00f6nheitsvitamine. Verisol-Kollagen, Hyalurons\u00e4ure, Biotin, Vitamin C. Frisches Aussehen. Gesunde Haut. Reduzierung von F\u00e4ltchen.","og_url":"https:\/\/norvita.eu\/de\/pood\/schoenheits-kollagen-kit\/","og_site_name":"Norvita sprei- ja geelvitamiinid","article_publisher":"https:\/\/www.facebook.com\/norvitasupplements","article_modified_time":"2026-03-11T08:54:47+00:00","og_image":[{"width":1000,"height":1000,"url":"https:\/\/norvita.eu\/wp-content\/uploads\/2024\/03\/NorVita-kollageen-geel-Anne-ja-Stiil-ning-Buduaar-2024-ilulemmik.png","type":"image\/png"}],"twitter_card":"summary_large_image","schema":{"@context":"https:\/\/schema.org","@graph":[{"@type":"WebPage","@id":"https:\/\/norvita.eu\/de\/pood\/schoenheits-kollagen-kit\/","url":"https:\/\/norvita.eu\/de\/pood\/schoenheits-kollagen-kit\/","name":"Sch\u00f6nheits Kollagen-Kit | Norvita sprei- ja geelvitamiinid","isPartOf":{"@id":"https:\/\/norvita.eu\/de\/#website"},"primaryImageOfPage":{"@id":"https:\/\/norvita.eu\/de\/pood\/schoenheits-kollagen-kit\/#primaryimage"},"image":{"@id":"https:\/\/norvita.eu\/de\/pood\/schoenheits-kollagen-kit\/#primaryimage"},"thumbnailUrl":"https:\/\/norvita.eu\/wp-content\/uploads\/2024\/03\/NorVita-kollageen-geel-Anne-ja-Stiil-ning-Buduaar-2024-ilulemmik.png","datePublished":"2023-05-29T17:41:27+00:00","dateModified":"2026-03-11T08:54:47+00:00","description":"Kollagen-Set. Effektivere Sch\u00f6nheitsvitamine. Verisol-Kollagen, Hyalurons\u00e4ure, Biotin, Vitamin C. Frisches Aussehen. Gesunde Haut. Reduzierung von F\u00e4ltchen.","breadcrumb":{"@id":"https:\/\/norvita.eu\/de\/pood\/schoenheits-kollagen-kit\/#breadcrumb"},"inLanguage":"de","potentialAction":[{"@type":"ReadAction","target":["https:\/\/norvita.eu\/de\/pood\/schoenheits-kollagen-kit\/"]}]},{"@type":"ImageObject","inLanguage":"de","@id":"https:\/\/norvita.eu\/de\/pood\/schoenheits-kollagen-kit\/#primaryimage","url":"https:\/\/norvita.eu\/wp-content\/uploads\/2024\/03\/NorVita-kollageen-geel-Anne-ja-Stiil-ning-Buduaar-2024-ilulemmik.png","contentUrl":"https:\/\/norvita.eu\/wp-content\/uploads\/2024\/03\/NorVita-kollageen-geel-Anne-ja-Stiil-ning-Buduaar-2024-ilulemmik.png","width":1000,"height":1000,"caption":"NorVita kollageen geel - Anne ja Stiil ning Buduaar 2024 ilulemmik"},{"@type":"BreadcrumbList","@id":"https:\/\/norvita.eu\/de\/pood\/schoenheits-kollagen-kit\/#breadcrumb","itemListElement":[{"@type":"ListItem","position":1,"name":"Home","item":"https:\/\/norvita.eu\/de\/"},{"@type":"ListItem","position":2,"name":"Shop","item":"https:\/\/norvita.eu\/de\/shop\/"},{"@type":"ListItem","position":3,"name":"Sch\u00f6nheits Kollagen-Kit"}]},{"@type":"WebSite","@id":"https:\/\/norvita.eu\/de\/#website","url":"https:\/\/norvita.eu\/de\/","name":"Norvita sprei- ja geelvitamiinid","description":"Sprei vitamiinid ja toidulisandid","publisher":{"@id":"https:\/\/norvita.eu\/de\/#organization"},"potentialAction":[{"@type":"SearchAction","target":{"@type":"EntryPoint","urlTemplate":"https:\/\/norvita.eu\/de\/?s={search_term_string}"},"query-input":{"@type":"PropertyValueSpecification","valueRequired":true,"valueName":"search_term_string"}}],"inLanguage":"de"},{"@type":"Organization","@id":"https:\/\/norvita.eu\/de\/#organization","name":"NorVita","url":"https:\/\/norvita.eu\/de\/","logo":{"@type":"ImageObject","inLanguage":"de","@id":"https:\/\/norvita.eu\/de\/#\/schema\/logo\/image\/","url":"https:\/\/norvita.eu\/wp-content\/uploads\/2022\/07\/NorVita.svg","contentUrl":"https:\/\/norvita.eu\/wp-content\/uploads\/2022\/07\/NorVita.svg","width":96,"height":26,"caption":"NorVita"},"image":{"@id":"https:\/\/norvita.eu\/de\/#\/schema\/logo\/image\/"},"sameAs":["https:\/\/www.facebook.com\/norvitasupplements","https:\/\/www.instagram.com\/norvita_supplements\/"]}]}},"_links":{"self":[{"href":"https:\/\/norvita.eu\/de\/wp-json\/wp\/v2\/product\/6343","targetHints":{"allow":["GET"]}}],"collection":[{"href":"https:\/\/norvita.eu\/de\/wp-json\/wp\/v2\/product"}],"about":[{"href":"https:\/\/norvita.eu\/de\/wp-json\/wp\/v2\/types\/product"}],"replies":[{"embeddable":true,"href":"https:\/\/norvita.eu\/de\/wp-json\/wp\/v2\/comments?post=6343"}],"wp:featuredmedia":[{"embeddable":true,"href":"https:\/\/norvita.eu\/de\/wp-json\/wp\/v2\/media\/7732"}],"wp:attachment":[{"href":"https:\/\/norvita.eu\/de\/wp-json\/wp\/v2\/media?parent=6343"}],"wp:term":[{"taxonomy":"product_brand","embeddable":true,"href":"https:\/\/norvita.eu\/de\/wp-json\/wp\/v2\/product_brand?post=6343"},{"taxonomy":"product_cat","embeddable":true,"href":"https:\/\/norvita.eu\/de\/wp-json\/wp\/v2\/product_cat?post=6343"},{"taxonomy":"product_tag","embeddable":true,"href":"https:\/\/norvita.eu\/de\/wp-json\/wp\/v2\/product_tag?post=6343"}],"curies":[{"name":"wp","href":"https:\/\/api.w.org\/{rel}","templated":true}]}}