{"id":6331,"date":"2023-02-08T19:37:01","date_gmt":"2023-02-08T19:37:01","guid":{"rendered":"https:\/\/norvita.eu\/pood\/relax\/"},"modified":"2026-02-26T00:03:55","modified_gmt":"2026-02-25T22:03:55","slug":"relax","status":"publish","type":"product","link":"https:\/\/norvita.eu\/de\/pood\/relax\/","title":{"rendered":"Relax"},"content":{"rendered":"","protected":false},"excerpt":{"rendered":"<h2>Seelenfrieden f\u00fcr den gestressten K\u00f6rper und Geist<\/h2>\n<p>Die Ashwagandha (Withania somnifera) in diesem Set ist gut f\u00fcr das geistige und k\u00f6rperliche Wohlbefinden und verhindert, dass der K\u00f6rper in \u00fcberm\u00e4\u00dfigen Stress ger\u00e4t. Das Vitamin\u00a0B6 unterst\u00fctzt die Wirkung der Ashwagandha, tr\u00e4gt zur Verringerung von M\u00fcdigkeit und Ersch\u00f6pfung bei und unterst\u00fctzt die normale Funktion des Nervensystems und des Energiestoffwechsels. Wenn Sie sich aufgrund der Schnelllebigkeit des Alltags geistig und k\u00f6rperlich ersch\u00f6pft f\u00fchlen, ist Relax die perfekte M\u00f6glichkeit, um Ihr Gleichgewicht wiederherzustellen.<\/p>\n","protected":false},"featured_media":4921,"comment_status":"open","ping_status":"closed","template":"","meta":{"_acf_changed":false,"inline_featured_image":false},"product_brand":[],"product_cat":[85,84],"product_tag":[],"class_list":{"0":"post-6331","1":"product","2":"type-product","3":"status-publish","4":"has-post-thumbnail","6":"product_cat-alle","7":"product_cat-spray-de","9":"first","10":"instock","11":"taxable","12":"shipping-taxable","13":"purchasable","14":"product-type-simple"},"acf":[],"yoast_head":"<!-- This site is optimized with the Yoast SEO plugin v27.2 - https:\/\/yoast.com\/product\/yoast-seo-wordpress\/ -->\n<title>Relax | Norvita sprei- ja geelvitamiinid<\/title>\n<meta name=\"description\" content=\"Vitamine zum Abbau von Stress und Angstzust\u00e4nden - Ashwagandha, GABA, Vitamin B6. Tr\u00e4gt zum geistigen und k\u00f6rperlichen Wohlbefinden bei, indem es Stress und \u00c4ngste abbaut.\" \/>\n<meta name=\"robots\" content=\"index, follow, max-snippet:-1, max-image-preview:large, max-video-preview:-1\" \/>\n<link rel=\"canonical\" href=\"https:\/\/norvita.eu\/de\/pood\/relax\/\" \/>\n<meta property=\"og:locale\" content=\"de_DE\" \/>\n<meta property=\"og:type\" content=\"article\" \/>\n<meta property=\"og:title\" content=\"Relax | Norvita sprei- ja geelvitamiinid\" \/>\n<meta property=\"og:description\" content=\"Vitamine zum Abbau von Stress und Angstzust\u00e4nden - Ashwagandha, GABA, Vitamin B6. Tr\u00e4gt zum geistigen und k\u00f6rperlichen Wohlbefinden bei, indem es Stress und \u00c4ngste abbaut.\" \/>\n<meta property=\"og:url\" content=\"https:\/\/norvita.eu\/de\/pood\/relax\/\" \/>\n<meta property=\"og:site_name\" content=\"Norvita sprei- ja geelvitamiinid\" \/>\n<meta property=\"article:publisher\" content=\"https:\/\/www.facebook.com\/norvitasupplements\" \/>\n<meta property=\"article:modified_time\" content=\"2026-02-25T22:03:55+00:00\" \/>\n<meta property=\"og:image\" content=\"https:\/\/norvita.eu\/wp-content\/uploads\/2023\/02\/NorVita-Relax-spray-30ml-1.png\" \/>\n\t<meta property=\"og:image:width\" content=\"1000\" \/>\n\t<meta property=\"og:image:height\" content=\"999\" \/>\n\t<meta property=\"og:image:type\" content=\"image\/png\" \/>\n<meta name=\"twitter:card\" content=\"summary_large_image\" \/>\n<meta name=\"twitter:label1\" content=\"Gesch\u00e4tzte Lesezeit\" \/>\n\t<meta name=\"twitter:data1\" content=\"1\u00a0Minute\" \/>\n<script type=\"application\/ld+json\" class=\"yoast-schema-graph\">{\"@context\":\"https:\/\/schema.org\",\"@graph\":[{\"@type\":\"WebPage\",\"@id\":\"https:\/\/norvita.eu\/de\/pood\/relax\/\",\"url\":\"https:\/\/norvita.eu\/de\/pood\/relax\/\",\"name\":\"Relax | Norvita sprei- ja geelvitamiinid\",\"isPartOf\":{\"@id\":\"https:\/\/norvita.eu\/de\/#website\"},\"primaryImageOfPage\":{\"@id\":\"https:\/\/norvita.eu\/de\/pood\/relax\/#primaryimage\"},\"image\":{\"@id\":\"https:\/\/norvita.eu\/de\/pood\/relax\/#primaryimage\"},\"thumbnailUrl\":\"https:\/\/norvita.eu\/wp-content\/uploads\/2023\/02\/NorVita-Relax-spray-30ml-1.png\",\"datePublished\":\"2023-02-08T19:37:01+00:00\",\"dateModified\":\"2026-02-25T22:03:55+00:00\",\"description\":\"Vitamine zum Abbau von Stress und Angstzust\u00e4nden - Ashwagandha, GABA, Vitamin B6. Tr\u00e4gt zum geistigen und k\u00f6rperlichen Wohlbefinden bei, indem es Stress und \u00c4ngste abbaut.\",\"breadcrumb\":{\"@id\":\"https:\/\/norvita.eu\/de\/pood\/relax\/#breadcrumb\"},\"inLanguage\":\"de\",\"potentialAction\":[{\"@type\":\"ReadAction\",\"target\":[\"https:\/\/norvita.eu\/de\/pood\/relax\/\"]}]},{\"@type\":\"ImageObject\",\"inLanguage\":\"de\",\"@id\":\"https:\/\/norvita.eu\/de\/pood\/relax\/#primaryimage\",\"url\":\"https:\/\/norvita.eu\/wp-content\/uploads\/2023\/02\/NorVita-Relax-spray-30ml-1.png\",\"contentUrl\":\"https:\/\/norvita.eu\/wp-content\/uploads\/2023\/02\/NorVita-Relax-spray-30ml-1.png\",\"width\":1000,\"height\":999,\"caption\":\"relax sprei vitamiin\"},{\"@type\":\"BreadcrumbList\",\"@id\":\"https:\/\/norvita.eu\/de\/pood\/relax\/#breadcrumb\",\"itemListElement\":[{\"@type\":\"ListItem\",\"position\":1,\"name\":\"Home\",\"item\":\"https:\/\/norvita.eu\/de\/\"},{\"@type\":\"ListItem\",\"position\":2,\"name\":\"Shop\",\"item\":\"https:\/\/norvita.eu\/de\/shop\/\"},{\"@type\":\"ListItem\",\"position\":3,\"name\":\"Relax\"}]},{\"@type\":\"WebSite\",\"@id\":\"https:\/\/norvita.eu\/de\/#website\",\"url\":\"https:\/\/norvita.eu\/de\/\",\"name\":\"Norvita sprei- ja geelvitamiinid\",\"description\":\"Sprei vitamiinid ja toidulisandid\",\"publisher\":{\"@id\":\"https:\/\/norvita.eu\/de\/#organization\"},\"potentialAction\":[{\"@type\":\"SearchAction\",\"target\":{\"@type\":\"EntryPoint\",\"urlTemplate\":\"https:\/\/norvita.eu\/de\/?s={search_term_string}\"},\"query-input\":{\"@type\":\"PropertyValueSpecification\",\"valueRequired\":true,\"valueName\":\"search_term_string\"}}],\"inLanguage\":\"de\"},{\"@type\":\"Organization\",\"@id\":\"https:\/\/norvita.eu\/de\/#organization\",\"name\":\"NorVita\",\"url\":\"https:\/\/norvita.eu\/de\/\",\"logo\":{\"@type\":\"ImageObject\",\"inLanguage\":\"de\",\"@id\":\"https:\/\/norvita.eu\/de\/#\/schema\/logo\/image\/\",\"url\":\"https:\/\/norvita.eu\/wp-content\/uploads\/2022\/07\/NorVita.svg\",\"contentUrl\":\"https:\/\/norvita.eu\/wp-content\/uploads\/2022\/07\/NorVita.svg\",\"width\":96,\"height\":26,\"caption\":\"NorVita\"},\"image\":{\"@id\":\"https:\/\/norvita.eu\/de\/#\/schema\/logo\/image\/\"},\"sameAs\":[\"https:\/\/www.facebook.com\/norvitasupplements\",\"https:\/\/www.instagram.com\/norvita_supplements\/\"]}]}<\/script>\n<!-- \/ Yoast SEO plugin. -->","yoast_head_json":{"title":"Relax | Norvita sprei- ja geelvitamiinid","description":"Vitamine zum Abbau von Stress und Angstzust\u00e4nden - Ashwagandha, GABA, Vitamin B6. Tr\u00e4gt zum geistigen und k\u00f6rperlichen Wohlbefinden bei, indem es Stress und \u00c4ngste abbaut.","robots":{"index":"index","follow":"follow","max-snippet":"max-snippet:-1","max-image-preview":"max-image-preview:large","max-video-preview":"max-video-preview:-1"},"canonical":"https:\/\/norvita.eu\/de\/pood\/relax\/","og_locale":"de_DE","og_type":"article","og_title":"Relax | Norvita sprei- ja geelvitamiinid","og_description":"Vitamine zum Abbau von Stress und Angstzust\u00e4nden - Ashwagandha, GABA, Vitamin B6. Tr\u00e4gt zum geistigen und k\u00f6rperlichen Wohlbefinden bei, indem es Stress und \u00c4ngste abbaut.","og_url":"https:\/\/norvita.eu\/de\/pood\/relax\/","og_site_name":"Norvita sprei- ja geelvitamiinid","article_publisher":"https:\/\/www.facebook.com\/norvitasupplements","article_modified_time":"2026-02-25T22:03:55+00:00","og_image":[{"width":1000,"height":999,"url":"https:\/\/norvita.eu\/wp-content\/uploads\/2023\/02\/NorVita-Relax-spray-30ml-1.png","type":"image\/png"}],"twitter_card":"summary_large_image","twitter_misc":{"Gesch\u00e4tzte Lesezeit":"1\u00a0Minute"},"schema":{"@context":"https:\/\/schema.org","@graph":[{"@type":"WebPage","@id":"https:\/\/norvita.eu\/de\/pood\/relax\/","url":"https:\/\/norvita.eu\/de\/pood\/relax\/","name":"Relax | Norvita sprei- ja geelvitamiinid","isPartOf":{"@id":"https:\/\/norvita.eu\/de\/#website"},"primaryImageOfPage":{"@id":"https:\/\/norvita.eu\/de\/pood\/relax\/#primaryimage"},"image":{"@id":"https:\/\/norvita.eu\/de\/pood\/relax\/#primaryimage"},"thumbnailUrl":"https:\/\/norvita.eu\/wp-content\/uploads\/2023\/02\/NorVita-Relax-spray-30ml-1.png","datePublished":"2023-02-08T19:37:01+00:00","dateModified":"2026-02-25T22:03:55+00:00","description":"Vitamine zum Abbau von Stress und Angstzust\u00e4nden - Ashwagandha, GABA, Vitamin B6. Tr\u00e4gt zum geistigen und k\u00f6rperlichen Wohlbefinden bei, indem es Stress und \u00c4ngste abbaut.","breadcrumb":{"@id":"https:\/\/norvita.eu\/de\/pood\/relax\/#breadcrumb"},"inLanguage":"de","potentialAction":[{"@type":"ReadAction","target":["https:\/\/norvita.eu\/de\/pood\/relax\/"]}]},{"@type":"ImageObject","inLanguage":"de","@id":"https:\/\/norvita.eu\/de\/pood\/relax\/#primaryimage","url":"https:\/\/norvita.eu\/wp-content\/uploads\/2023\/02\/NorVita-Relax-spray-30ml-1.png","contentUrl":"https:\/\/norvita.eu\/wp-content\/uploads\/2023\/02\/NorVita-Relax-spray-30ml-1.png","width":1000,"height":999,"caption":"relax sprei vitamiin"},{"@type":"BreadcrumbList","@id":"https:\/\/norvita.eu\/de\/pood\/relax\/#breadcrumb","itemListElement":[{"@type":"ListItem","position":1,"name":"Home","item":"https:\/\/norvita.eu\/de\/"},{"@type":"ListItem","position":2,"name":"Shop","item":"https:\/\/norvita.eu\/de\/shop\/"},{"@type":"ListItem","position":3,"name":"Relax"}]},{"@type":"WebSite","@id":"https:\/\/norvita.eu\/de\/#website","url":"https:\/\/norvita.eu\/de\/","name":"Norvita sprei- ja geelvitamiinid","description":"Sprei vitamiinid ja toidulisandid","publisher":{"@id":"https:\/\/norvita.eu\/de\/#organization"},"potentialAction":[{"@type":"SearchAction","target":{"@type":"EntryPoint","urlTemplate":"https:\/\/norvita.eu\/de\/?s={search_term_string}"},"query-input":{"@type":"PropertyValueSpecification","valueRequired":true,"valueName":"search_term_string"}}],"inLanguage":"de"},{"@type":"Organization","@id":"https:\/\/norvita.eu\/de\/#organization","name":"NorVita","url":"https:\/\/norvita.eu\/de\/","logo":{"@type":"ImageObject","inLanguage":"de","@id":"https:\/\/norvita.eu\/de\/#\/schema\/logo\/image\/","url":"https:\/\/norvita.eu\/wp-content\/uploads\/2022\/07\/NorVita.svg","contentUrl":"https:\/\/norvita.eu\/wp-content\/uploads\/2022\/07\/NorVita.svg","width":96,"height":26,"caption":"NorVita"},"image":{"@id":"https:\/\/norvita.eu\/de\/#\/schema\/logo\/image\/"},"sameAs":["https:\/\/www.facebook.com\/norvitasupplements","https:\/\/www.instagram.com\/norvita_supplements\/"]}]}},"_links":{"self":[{"href":"https:\/\/norvita.eu\/de\/wp-json\/wp\/v2\/product\/6331","targetHints":{"allow":["GET"]}}],"collection":[{"href":"https:\/\/norvita.eu\/de\/wp-json\/wp\/v2\/product"}],"about":[{"href":"https:\/\/norvita.eu\/de\/wp-json\/wp\/v2\/types\/product"}],"replies":[{"embeddable":true,"href":"https:\/\/norvita.eu\/de\/wp-json\/wp\/v2\/comments?post=6331"}],"wp:featuredmedia":[{"embeddable":true,"href":"https:\/\/norvita.eu\/de\/wp-json\/wp\/v2\/media\/4921"}],"wp:attachment":[{"href":"https:\/\/norvita.eu\/de\/wp-json\/wp\/v2\/media?parent=6331"}],"wp:term":[{"taxonomy":"product_brand","embeddable":true,"href":"https:\/\/norvita.eu\/de\/wp-json\/wp\/v2\/product_brand?post=6331"},{"taxonomy":"product_cat","embeddable":true,"href":"https:\/\/norvita.eu\/de\/wp-json\/wp\/v2\/product_cat?post=6331"},{"taxonomy":"product_tag","embeddable":true,"href":"https:\/\/norvita.eu\/de\/wp-json\/wp\/v2\/product_tag?post=6331"}],"curies":[{"name":"wp","href":"https:\/\/api.w.org\/{rel}","templated":true}]}}