{"id":6176,"date":"2023-09-17T08:08:17","date_gmt":"2023-09-17T08:08:17","guid":{"rendered":"https:\/\/norvita.eu\/?post_type=product&#038;p=6176"},"modified":"2026-02-25T23:40:18","modified_gmt":"2026-02-25T21:40:18","slug":"immunitaet-fur-kinder","status":"publish","type":"product","link":"https:\/\/norvita.eu\/de\/pood\/immunitaet-fur-kinder\/","title":{"rendered":"Immunit\u00e4t f\u00fcr Kinder"},"content":{"rendered":"","protected":false},"excerpt":{"rendered":"<h2>Starker Doppelschutz f\u00fcr die Entwicklung eines widerstandsf\u00e4higen Immunsystems des Kindes<\/h2>\n<p>Das Vitaminspray Immunit\u00e4t f\u00fcr Kinder ist die perfekte Kombination von Vitaminen zur Unterst\u00fctzung ihres Immunsystems \u2013 Zink, Vitamin\u00a0C und Schwarzer Holunder. Vitamin\u00a0C hilft, langanhaltende Virusinfektionen und M\u00fcdigkeit in der Erk\u00e4ltungszeit zu lindern. Die t\u00e4gliche Einnahme von Vitamin\u00a0C st\u00e4rkt den K\u00f6rper des Kindes und erh\u00e4lt die Widerstandsf\u00e4higkeit gegen Krankheiten aufrecht. Zink ist ein Mineralstoff, der zu den kognitiven F\u00e4higkeiten, der Sehkraft und der Entwicklung eines Kindes beitr\u00e4gt und die Entwicklung normaler Knochen, N\u00e4gel und Haut unterst\u00fctzt. Weiterhin tr\u00e4gt Zink zur Gesunderhaltung des Kinderk\u00f6rpers bei und unterst\u00fctzt die schnellere Genesung bei erm\u00fcdenden Erk\u00e4ltungserkrankungen. Der Extrakt aus Schwarzem Holunder hingegen ist ein bekanntes traditionelles Volksheilmittel, das Entz\u00fcndungen und Stress reduziert. Zusammen sorgen diese wertvollen Hilfsmittel daf\u00fcr, dass sich das Kind wohlf\u00fchlt und einen starken und gesunden K\u00f6rper entwickelt.<\/p>\n","protected":false},"featured_media":6161,"comment_status":"open","ping_status":"closed","template":"","meta":{"_acf_changed":false,"inline_featured_image":false},"product_brand":[],"product_cat":[85,89,84],"product_tag":[],"class_list":{"0":"post-6176","1":"product","2":"type-product","3":"status-publish","4":"has-post-thumbnail","6":"product_cat-alle","7":"product_cat-kinder","8":"product_cat-spray-de","10":"first","11":"instock","12":"taxable","13":"shipping-taxable","14":"purchasable","15":"product-type-simple"},"acf":[],"yoast_head":"<!-- This site is optimized with the Yoast SEO plugin v27.2 - https:\/\/yoast.com\/product\/yoast-seo-wordpress\/ -->\n<title>Immunit\u00e4t f\u00fcr Kinder | Norvita sprei- ja geelvitamiinid<\/title>\n<meta name=\"description\" content=\"Immunit\u00e4t f\u00fcr Kinder - Vitaminspray st\u00e4rkt das Immunsystem. Zink unterst\u00fctzt die Gehirnfunktion und hilft, Erk\u00e4ltungen zu heilen und zu verhindern.\" \/>\n<meta name=\"robots\" content=\"index, follow, max-snippet:-1, max-image-preview:large, max-video-preview:-1\" \/>\n<link rel=\"canonical\" href=\"https:\/\/norvita.eu\/de\/pood\/immunitaet-fur-kinder\/\" \/>\n<meta property=\"og:locale\" content=\"de_DE\" \/>\n<meta property=\"og:type\" content=\"article\" \/>\n<meta property=\"og:title\" content=\"Immunit\u00e4t f\u00fcr Kinder | Norvita sprei- ja geelvitamiinid\" \/>\n<meta property=\"og:description\" content=\"Immunit\u00e4t f\u00fcr Kinder - Vitaminspray st\u00e4rkt das Immunsystem. Zink unterst\u00fctzt die Gehirnfunktion und hilft, Erk\u00e4ltungen zu heilen und zu verhindern.\" \/>\n<meta property=\"og:url\" content=\"https:\/\/norvita.eu\/de\/pood\/immunitaet-fur-kinder\/\" \/>\n<meta property=\"og:site_name\" content=\"Norvita sprei- ja geelvitamiinid\" \/>\n<meta property=\"article:publisher\" content=\"https:\/\/www.facebook.com\/norvitasupplements\" \/>\n<meta property=\"article:modified_time\" content=\"2026-02-25T21:40:18+00:00\" \/>\n<meta property=\"og:image\" content=\"https:\/\/norvita.eu\/wp-content\/uploads\/2023\/09\/NorVita-IMC-laste-immuunsus-spray-30ml.png\" \/>\n\t<meta property=\"og:image:width\" content=\"1000\" \/>\n\t<meta property=\"og:image:height\" content=\"999\" \/>\n\t<meta property=\"og:image:type\" content=\"image\/png\" \/>\n<meta name=\"twitter:card\" content=\"summary_large_image\" \/>\n<script type=\"application\/ld+json\" class=\"yoast-schema-graph\">{\"@context\":\"https:\/\/schema.org\",\"@graph\":[{\"@type\":\"WebPage\",\"@id\":\"https:\/\/norvita.eu\/de\/pood\/immunitaet-fur-kinder\/\",\"url\":\"https:\/\/norvita.eu\/de\/pood\/immunitaet-fur-kinder\/\",\"name\":\"Immunit\u00e4t f\u00fcr Kinder | Norvita sprei- ja geelvitamiinid\",\"isPartOf\":{\"@id\":\"https:\/\/norvita.eu\/de\/#website\"},\"primaryImageOfPage\":{\"@id\":\"https:\/\/norvita.eu\/de\/pood\/immunitaet-fur-kinder\/#primaryimage\"},\"image\":{\"@id\":\"https:\/\/norvita.eu\/de\/pood\/immunitaet-fur-kinder\/#primaryimage\"},\"thumbnailUrl\":\"https:\/\/norvita.eu\/wp-content\/uploads\/2023\/09\/NorVita-IMC-laste-immuunsus-spray-30ml.png\",\"datePublished\":\"2023-09-17T08:08:17+00:00\",\"dateModified\":\"2026-02-25T21:40:18+00:00\",\"description\":\"Immunit\u00e4t f\u00fcr Kinder - Vitaminspray st\u00e4rkt das Immunsystem. Zink unterst\u00fctzt die Gehirnfunktion und hilft, Erk\u00e4ltungen zu heilen und zu verhindern.\",\"breadcrumb\":{\"@id\":\"https:\/\/norvita.eu\/de\/pood\/immunitaet-fur-kinder\/#breadcrumb\"},\"inLanguage\":\"de\",\"potentialAction\":[{\"@type\":\"ReadAction\",\"target\":[\"https:\/\/norvita.eu\/de\/pood\/immunitaet-fur-kinder\/\"]}]},{\"@type\":\"ImageObject\",\"inLanguage\":\"de\",\"@id\":\"https:\/\/norvita.eu\/de\/pood\/immunitaet-fur-kinder\/#primaryimage\",\"url\":\"https:\/\/norvita.eu\/wp-content\/uploads\/2023\/09\/NorVita-IMC-laste-immuunsus-spray-30ml.png\",\"contentUrl\":\"https:\/\/norvita.eu\/wp-content\/uploads\/2023\/09\/NorVita-IMC-laste-immuunsus-spray-30ml.png\",\"width\":1000,\"height\":999,\"caption\":\"Laste vitamiin sprei immuunsus - kids spray vitamin immunity\"},{\"@type\":\"BreadcrumbList\",\"@id\":\"https:\/\/norvita.eu\/de\/pood\/immunitaet-fur-kinder\/#breadcrumb\",\"itemListElement\":[{\"@type\":\"ListItem\",\"position\":1,\"name\":\"Home\",\"item\":\"https:\/\/norvita.eu\/de\/\"},{\"@type\":\"ListItem\",\"position\":2,\"name\":\"Shop\",\"item\":\"https:\/\/norvita.eu\/de\/shop\/\"},{\"@type\":\"ListItem\",\"position\":3,\"name\":\"Immunit\u00e4t f\u00fcr Kinder\"}]},{\"@type\":\"WebSite\",\"@id\":\"https:\/\/norvita.eu\/de\/#website\",\"url\":\"https:\/\/norvita.eu\/de\/\",\"name\":\"Norvita sprei- ja geelvitamiinid\",\"description\":\"Sprei vitamiinid ja toidulisandid\",\"publisher\":{\"@id\":\"https:\/\/norvita.eu\/de\/#organization\"},\"potentialAction\":[{\"@type\":\"SearchAction\",\"target\":{\"@type\":\"EntryPoint\",\"urlTemplate\":\"https:\/\/norvita.eu\/de\/?s={search_term_string}\"},\"query-input\":{\"@type\":\"PropertyValueSpecification\",\"valueRequired\":true,\"valueName\":\"search_term_string\"}}],\"inLanguage\":\"de\"},{\"@type\":\"Organization\",\"@id\":\"https:\/\/norvita.eu\/de\/#organization\",\"name\":\"NorVita\",\"url\":\"https:\/\/norvita.eu\/de\/\",\"logo\":{\"@type\":\"ImageObject\",\"inLanguage\":\"de\",\"@id\":\"https:\/\/norvita.eu\/de\/#\/schema\/logo\/image\/\",\"url\":\"https:\/\/norvita.eu\/wp-content\/uploads\/2022\/07\/NorVita.svg\",\"contentUrl\":\"https:\/\/norvita.eu\/wp-content\/uploads\/2022\/07\/NorVita.svg\",\"width\":96,\"height\":26,\"caption\":\"NorVita\"},\"image\":{\"@id\":\"https:\/\/norvita.eu\/de\/#\/schema\/logo\/image\/\"},\"sameAs\":[\"https:\/\/www.facebook.com\/norvitasupplements\",\"https:\/\/www.instagram.com\/norvita_supplements\/\"]}]}<\/script>\n<!-- \/ Yoast SEO plugin. -->","yoast_head_json":{"title":"Immunit\u00e4t f\u00fcr Kinder | Norvita sprei- ja geelvitamiinid","description":"Immunit\u00e4t f\u00fcr Kinder - Vitaminspray st\u00e4rkt das Immunsystem. Zink unterst\u00fctzt die Gehirnfunktion und hilft, Erk\u00e4ltungen zu heilen und zu verhindern.","robots":{"index":"index","follow":"follow","max-snippet":"max-snippet:-1","max-image-preview":"max-image-preview:large","max-video-preview":"max-video-preview:-1"},"canonical":"https:\/\/norvita.eu\/de\/pood\/immunitaet-fur-kinder\/","og_locale":"de_DE","og_type":"article","og_title":"Immunit\u00e4t f\u00fcr Kinder | Norvita sprei- ja geelvitamiinid","og_description":"Immunit\u00e4t f\u00fcr Kinder - Vitaminspray st\u00e4rkt das Immunsystem. Zink unterst\u00fctzt die Gehirnfunktion und hilft, Erk\u00e4ltungen zu heilen und zu verhindern.","og_url":"https:\/\/norvita.eu\/de\/pood\/immunitaet-fur-kinder\/","og_site_name":"Norvita sprei- ja geelvitamiinid","article_publisher":"https:\/\/www.facebook.com\/norvitasupplements","article_modified_time":"2026-02-25T21:40:18+00:00","og_image":[{"width":1000,"height":999,"url":"https:\/\/norvita.eu\/wp-content\/uploads\/2023\/09\/NorVita-IMC-laste-immuunsus-spray-30ml.png","type":"image\/png"}],"twitter_card":"summary_large_image","schema":{"@context":"https:\/\/schema.org","@graph":[{"@type":"WebPage","@id":"https:\/\/norvita.eu\/de\/pood\/immunitaet-fur-kinder\/","url":"https:\/\/norvita.eu\/de\/pood\/immunitaet-fur-kinder\/","name":"Immunit\u00e4t f\u00fcr Kinder | Norvita sprei- ja geelvitamiinid","isPartOf":{"@id":"https:\/\/norvita.eu\/de\/#website"},"primaryImageOfPage":{"@id":"https:\/\/norvita.eu\/de\/pood\/immunitaet-fur-kinder\/#primaryimage"},"image":{"@id":"https:\/\/norvita.eu\/de\/pood\/immunitaet-fur-kinder\/#primaryimage"},"thumbnailUrl":"https:\/\/norvita.eu\/wp-content\/uploads\/2023\/09\/NorVita-IMC-laste-immuunsus-spray-30ml.png","datePublished":"2023-09-17T08:08:17+00:00","dateModified":"2026-02-25T21:40:18+00:00","description":"Immunit\u00e4t f\u00fcr Kinder - Vitaminspray st\u00e4rkt das Immunsystem. Zink unterst\u00fctzt die Gehirnfunktion und hilft, Erk\u00e4ltungen zu heilen und zu verhindern.","breadcrumb":{"@id":"https:\/\/norvita.eu\/de\/pood\/immunitaet-fur-kinder\/#breadcrumb"},"inLanguage":"de","potentialAction":[{"@type":"ReadAction","target":["https:\/\/norvita.eu\/de\/pood\/immunitaet-fur-kinder\/"]}]},{"@type":"ImageObject","inLanguage":"de","@id":"https:\/\/norvita.eu\/de\/pood\/immunitaet-fur-kinder\/#primaryimage","url":"https:\/\/norvita.eu\/wp-content\/uploads\/2023\/09\/NorVita-IMC-laste-immuunsus-spray-30ml.png","contentUrl":"https:\/\/norvita.eu\/wp-content\/uploads\/2023\/09\/NorVita-IMC-laste-immuunsus-spray-30ml.png","width":1000,"height":999,"caption":"Laste vitamiin sprei immuunsus - kids spray vitamin immunity"},{"@type":"BreadcrumbList","@id":"https:\/\/norvita.eu\/de\/pood\/immunitaet-fur-kinder\/#breadcrumb","itemListElement":[{"@type":"ListItem","position":1,"name":"Home","item":"https:\/\/norvita.eu\/de\/"},{"@type":"ListItem","position":2,"name":"Shop","item":"https:\/\/norvita.eu\/de\/shop\/"},{"@type":"ListItem","position":3,"name":"Immunit\u00e4t f\u00fcr Kinder"}]},{"@type":"WebSite","@id":"https:\/\/norvita.eu\/de\/#website","url":"https:\/\/norvita.eu\/de\/","name":"Norvita sprei- ja geelvitamiinid","description":"Sprei vitamiinid ja toidulisandid","publisher":{"@id":"https:\/\/norvita.eu\/de\/#organization"},"potentialAction":[{"@type":"SearchAction","target":{"@type":"EntryPoint","urlTemplate":"https:\/\/norvita.eu\/de\/?s={search_term_string}"},"query-input":{"@type":"PropertyValueSpecification","valueRequired":true,"valueName":"search_term_string"}}],"inLanguage":"de"},{"@type":"Organization","@id":"https:\/\/norvita.eu\/de\/#organization","name":"NorVita","url":"https:\/\/norvita.eu\/de\/","logo":{"@type":"ImageObject","inLanguage":"de","@id":"https:\/\/norvita.eu\/de\/#\/schema\/logo\/image\/","url":"https:\/\/norvita.eu\/wp-content\/uploads\/2022\/07\/NorVita.svg","contentUrl":"https:\/\/norvita.eu\/wp-content\/uploads\/2022\/07\/NorVita.svg","width":96,"height":26,"caption":"NorVita"},"image":{"@id":"https:\/\/norvita.eu\/de\/#\/schema\/logo\/image\/"},"sameAs":["https:\/\/www.facebook.com\/norvitasupplements","https:\/\/www.instagram.com\/norvita_supplements\/"]}]}},"_links":{"self":[{"href":"https:\/\/norvita.eu\/de\/wp-json\/wp\/v2\/product\/6176","targetHints":{"allow":["GET"]}}],"collection":[{"href":"https:\/\/norvita.eu\/de\/wp-json\/wp\/v2\/product"}],"about":[{"href":"https:\/\/norvita.eu\/de\/wp-json\/wp\/v2\/types\/product"}],"replies":[{"embeddable":true,"href":"https:\/\/norvita.eu\/de\/wp-json\/wp\/v2\/comments?post=6176"}],"wp:featuredmedia":[{"embeddable":true,"href":"https:\/\/norvita.eu\/de\/wp-json\/wp\/v2\/media\/6161"}],"wp:attachment":[{"href":"https:\/\/norvita.eu\/de\/wp-json\/wp\/v2\/media?parent=6176"}],"wp:term":[{"taxonomy":"product_brand","embeddable":true,"href":"https:\/\/norvita.eu\/de\/wp-json\/wp\/v2\/product_brand?post=6176"},{"taxonomy":"product_cat","embeddable":true,"href":"https:\/\/norvita.eu\/de\/wp-json\/wp\/v2\/product_cat?post=6176"},{"taxonomy":"product_tag","embeddable":true,"href":"https:\/\/norvita.eu\/de\/wp-json\/wp\/v2\/product_tag?post=6176"}],"curies":[{"name":"wp","href":"https:\/\/api.w.org\/{rel}","templated":true}]}}