{"id":6173,"date":"2023-09-17T08:04:30","date_gmt":"2023-09-17T08:04:30","guid":{"rendered":"https:\/\/norvita.eu\/?post_type=product&#038;p=6173"},"modified":"2026-02-25T23:42:46","modified_gmt":"2026-02-25T21:42:46","slug":"eisen-fur-kinder","status":"publish","type":"product","link":"https:\/\/norvita.eu\/de\/pood\/eisen-fur-kinder\/","title":{"rendered":"Eisen f\u00fcr Kinder"},"content":{"rendered":"","protected":false},"excerpt":{"rendered":"<h2>Eisen f\u00fcr Kinder, das eine wichtige Rolle bei der Steigerung der k\u00f6rperlichen Aktivit\u00e4t und der normalen Entwicklung spielt<\/h2>\n<p>Eisen unterst\u00fctzt die normale Bildung von roten Blutk\u00f6rperchen und H\u00e4moglobin und tr\u00e4gt zum Sauerstofftransport im K\u00f6rper bei. Ein Kind mit An\u00e4mie oder Eisenmangel kann k\u00f6rperlich inaktiv, launisch und appetitlos sein und blass aussehen. Mit einem Eisenpr\u00e4parat kann dem Kind zus\u00e4tzliche Energie zugef\u00fchrt und seine Entwicklung und sein Immunsystem unterst\u00fctzt werden. Vitamin\u00a0B12 ist f\u00fcr die Bildung roter Blutk\u00f6rperchen unerl\u00e4sslich, w\u00e4hrend Vitamin\u00a0B6 zur Umwandlung von Eisen in H\u00e4moglobin beitr\u00e4gt. Ein K\u00f6rper, der Eisen von Natur aus nicht gut absorbiert, profitiert am meisten von der Einnahme bioaktiver EDTA-Eisenpr\u00e4parate, die 2- bis 3-mal besser absorbiert werden als herk\u00f6mmliche Quellen.<\/p>\n","protected":false},"featured_media":6164,"comment_status":"open","ping_status":"closed","template":"","meta":{"_acf_changed":false,"inline_featured_image":false},"product_brand":[],"product_cat":[85,89,84],"product_tag":[],"class_list":{"0":"post-6173","1":"product","2":"type-product","3":"status-publish","4":"has-post-thumbnail","6":"product_cat-alle","7":"product_cat-kinder","8":"product_cat-spray-de","10":"first","11":"instock","12":"taxable","13":"shipping-taxable","14":"purchasable","15":"product-type-simple"},"acf":[],"yoast_head":"<!-- This site is optimized with the Yoast SEO plugin v27.2 - https:\/\/yoast.com\/product\/yoast-seo-wordpress\/ -->\n<title>Eisen f\u00fcr Kinder | Norvita sprei- ja geelvitamiinid<\/title>\n<meta name=\"description\" content=\"Eisen f\u00fcr Kinder - Vitaminspray. Die Einnahme eines Eisenpr\u00e4parats unterst\u00fctzt das Immunsystem und die kognitive Entwicklung eines Kindes.\" \/>\n<meta name=\"robots\" content=\"index, follow, max-snippet:-1, max-image-preview:large, max-video-preview:-1\" \/>\n<link rel=\"canonical\" href=\"https:\/\/norvita.eu\/de\/pood\/eisen-fur-kinder\/\" \/>\n<meta property=\"og:locale\" content=\"de_DE\" \/>\n<meta property=\"og:type\" content=\"article\" \/>\n<meta property=\"og:title\" content=\"Eisen f\u00fcr Kinder | Norvita sprei- ja geelvitamiinid\" \/>\n<meta property=\"og:description\" content=\"Eisen f\u00fcr Kinder - Vitaminspray. Die Einnahme eines Eisenpr\u00e4parats unterst\u00fctzt das Immunsystem und die kognitive Entwicklung eines Kindes.\" \/>\n<meta property=\"og:url\" content=\"https:\/\/norvita.eu\/de\/pood\/eisen-fur-kinder\/\" \/>\n<meta property=\"og:site_name\" content=\"Norvita sprei- ja geelvitamiinid\" \/>\n<meta property=\"article:publisher\" content=\"https:\/\/www.facebook.com\/norvitasupplements\" \/>\n<meta property=\"article:modified_time\" content=\"2026-02-25T21:42:46+00:00\" \/>\n<meta property=\"og:image\" content=\"https:\/\/norvita.eu\/wp-content\/uploads\/2023\/09\/NorVita-raud-laste-spray-30ml.png\" \/>\n\t<meta property=\"og:image:width\" content=\"1000\" \/>\n\t<meta property=\"og:image:height\" content=\"999\" \/>\n\t<meta property=\"og:image:type\" content=\"image\/png\" \/>\n<meta name=\"twitter:card\" content=\"summary_large_image\" \/>\n<meta name=\"twitter:label1\" content=\"Gesch\u00e4tzte Lesezeit\" \/>\n\t<meta name=\"twitter:data1\" content=\"1\u00a0Minute\" \/>\n<script type=\"application\/ld+json\" class=\"yoast-schema-graph\">{\"@context\":\"https:\/\/schema.org\",\"@graph\":[{\"@type\":\"WebPage\",\"@id\":\"https:\/\/norvita.eu\/de\/pood\/eisen-fur-kinder\/\",\"url\":\"https:\/\/norvita.eu\/de\/pood\/eisen-fur-kinder\/\",\"name\":\"Eisen f\u00fcr Kinder | Norvita sprei- ja geelvitamiinid\",\"isPartOf\":{\"@id\":\"https:\/\/norvita.eu\/de\/#website\"},\"primaryImageOfPage\":{\"@id\":\"https:\/\/norvita.eu\/de\/pood\/eisen-fur-kinder\/#primaryimage\"},\"image\":{\"@id\":\"https:\/\/norvita.eu\/de\/pood\/eisen-fur-kinder\/#primaryimage\"},\"thumbnailUrl\":\"https:\/\/norvita.eu\/wp-content\/uploads\/2023\/09\/NorVita-raud-laste-spray-30ml.png\",\"datePublished\":\"2023-09-17T08:04:30+00:00\",\"dateModified\":\"2026-02-25T21:42:46+00:00\",\"description\":\"Eisen f\u00fcr Kinder - Vitaminspray. Die Einnahme eines Eisenpr\u00e4parats unterst\u00fctzt das Immunsystem und die kognitive Entwicklung eines Kindes.\",\"breadcrumb\":{\"@id\":\"https:\/\/norvita.eu\/de\/pood\/eisen-fur-kinder\/#breadcrumb\"},\"inLanguage\":\"de\",\"potentialAction\":[{\"@type\":\"ReadAction\",\"target\":[\"https:\/\/norvita.eu\/de\/pood\/eisen-fur-kinder\/\"]}]},{\"@type\":\"ImageObject\",\"inLanguage\":\"de\",\"@id\":\"https:\/\/norvita.eu\/de\/pood\/eisen-fur-kinder\/#primaryimage\",\"url\":\"https:\/\/norvita.eu\/wp-content\/uploads\/2023\/09\/NorVita-raud-laste-spray-30ml.png\",\"contentUrl\":\"https:\/\/norvita.eu\/wp-content\/uploads\/2023\/09\/NorVita-raud-laste-spray-30ml.png\",\"width\":1000,\"height\":999,\"caption\":\"Laste vitamiin sprei raud - kids spray vitamin iron\"},{\"@type\":\"BreadcrumbList\",\"@id\":\"https:\/\/norvita.eu\/de\/pood\/eisen-fur-kinder\/#breadcrumb\",\"itemListElement\":[{\"@type\":\"ListItem\",\"position\":1,\"name\":\"Home\",\"item\":\"https:\/\/norvita.eu\/de\/\"},{\"@type\":\"ListItem\",\"position\":2,\"name\":\"Shop\",\"item\":\"https:\/\/norvita.eu\/de\/shop\/\"},{\"@type\":\"ListItem\",\"position\":3,\"name\":\"Eisen f\u00fcr Kinder\"}]},{\"@type\":\"WebSite\",\"@id\":\"https:\/\/norvita.eu\/de\/#website\",\"url\":\"https:\/\/norvita.eu\/de\/\",\"name\":\"Norvita sprei- ja geelvitamiinid\",\"description\":\"Sprei vitamiinid ja toidulisandid\",\"publisher\":{\"@id\":\"https:\/\/norvita.eu\/de\/#organization\"},\"potentialAction\":[{\"@type\":\"SearchAction\",\"target\":{\"@type\":\"EntryPoint\",\"urlTemplate\":\"https:\/\/norvita.eu\/de\/?s={search_term_string}\"},\"query-input\":{\"@type\":\"PropertyValueSpecification\",\"valueRequired\":true,\"valueName\":\"search_term_string\"}}],\"inLanguage\":\"de\"},{\"@type\":\"Organization\",\"@id\":\"https:\/\/norvita.eu\/de\/#organization\",\"name\":\"NorVita\",\"url\":\"https:\/\/norvita.eu\/de\/\",\"logo\":{\"@type\":\"ImageObject\",\"inLanguage\":\"de\",\"@id\":\"https:\/\/norvita.eu\/de\/#\/schema\/logo\/image\/\",\"url\":\"https:\/\/norvita.eu\/wp-content\/uploads\/2022\/07\/NorVita.svg\",\"contentUrl\":\"https:\/\/norvita.eu\/wp-content\/uploads\/2022\/07\/NorVita.svg\",\"width\":96,\"height\":26,\"caption\":\"NorVita\"},\"image\":{\"@id\":\"https:\/\/norvita.eu\/de\/#\/schema\/logo\/image\/\"},\"sameAs\":[\"https:\/\/www.facebook.com\/norvitasupplements\",\"https:\/\/www.instagram.com\/norvita_supplements\/\"]}]}<\/script>\n<!-- \/ Yoast SEO plugin. -->","yoast_head_json":{"title":"Eisen f\u00fcr Kinder | Norvita sprei- ja geelvitamiinid","description":"Eisen f\u00fcr Kinder - Vitaminspray. Die Einnahme eines Eisenpr\u00e4parats unterst\u00fctzt das Immunsystem und die kognitive Entwicklung eines Kindes.","robots":{"index":"index","follow":"follow","max-snippet":"max-snippet:-1","max-image-preview":"max-image-preview:large","max-video-preview":"max-video-preview:-1"},"canonical":"https:\/\/norvita.eu\/de\/pood\/eisen-fur-kinder\/","og_locale":"de_DE","og_type":"article","og_title":"Eisen f\u00fcr Kinder | Norvita sprei- ja geelvitamiinid","og_description":"Eisen f\u00fcr Kinder - Vitaminspray. Die Einnahme eines Eisenpr\u00e4parats unterst\u00fctzt das Immunsystem und die kognitive Entwicklung eines Kindes.","og_url":"https:\/\/norvita.eu\/de\/pood\/eisen-fur-kinder\/","og_site_name":"Norvita sprei- ja geelvitamiinid","article_publisher":"https:\/\/www.facebook.com\/norvitasupplements","article_modified_time":"2026-02-25T21:42:46+00:00","og_image":[{"width":1000,"height":999,"url":"https:\/\/norvita.eu\/wp-content\/uploads\/2023\/09\/NorVita-raud-laste-spray-30ml.png","type":"image\/png"}],"twitter_card":"summary_large_image","twitter_misc":{"Gesch\u00e4tzte Lesezeit":"1\u00a0Minute"},"schema":{"@context":"https:\/\/schema.org","@graph":[{"@type":"WebPage","@id":"https:\/\/norvita.eu\/de\/pood\/eisen-fur-kinder\/","url":"https:\/\/norvita.eu\/de\/pood\/eisen-fur-kinder\/","name":"Eisen f\u00fcr Kinder | Norvita sprei- ja geelvitamiinid","isPartOf":{"@id":"https:\/\/norvita.eu\/de\/#website"},"primaryImageOfPage":{"@id":"https:\/\/norvita.eu\/de\/pood\/eisen-fur-kinder\/#primaryimage"},"image":{"@id":"https:\/\/norvita.eu\/de\/pood\/eisen-fur-kinder\/#primaryimage"},"thumbnailUrl":"https:\/\/norvita.eu\/wp-content\/uploads\/2023\/09\/NorVita-raud-laste-spray-30ml.png","datePublished":"2023-09-17T08:04:30+00:00","dateModified":"2026-02-25T21:42:46+00:00","description":"Eisen f\u00fcr Kinder - Vitaminspray. Die Einnahme eines Eisenpr\u00e4parats unterst\u00fctzt das Immunsystem und die kognitive Entwicklung eines Kindes.","breadcrumb":{"@id":"https:\/\/norvita.eu\/de\/pood\/eisen-fur-kinder\/#breadcrumb"},"inLanguage":"de","potentialAction":[{"@type":"ReadAction","target":["https:\/\/norvita.eu\/de\/pood\/eisen-fur-kinder\/"]}]},{"@type":"ImageObject","inLanguage":"de","@id":"https:\/\/norvita.eu\/de\/pood\/eisen-fur-kinder\/#primaryimage","url":"https:\/\/norvita.eu\/wp-content\/uploads\/2023\/09\/NorVita-raud-laste-spray-30ml.png","contentUrl":"https:\/\/norvita.eu\/wp-content\/uploads\/2023\/09\/NorVita-raud-laste-spray-30ml.png","width":1000,"height":999,"caption":"Laste vitamiin sprei raud - kids spray vitamin iron"},{"@type":"BreadcrumbList","@id":"https:\/\/norvita.eu\/de\/pood\/eisen-fur-kinder\/#breadcrumb","itemListElement":[{"@type":"ListItem","position":1,"name":"Home","item":"https:\/\/norvita.eu\/de\/"},{"@type":"ListItem","position":2,"name":"Shop","item":"https:\/\/norvita.eu\/de\/shop\/"},{"@type":"ListItem","position":3,"name":"Eisen f\u00fcr Kinder"}]},{"@type":"WebSite","@id":"https:\/\/norvita.eu\/de\/#website","url":"https:\/\/norvita.eu\/de\/","name":"Norvita sprei- ja geelvitamiinid","description":"Sprei vitamiinid ja toidulisandid","publisher":{"@id":"https:\/\/norvita.eu\/de\/#organization"},"potentialAction":[{"@type":"SearchAction","target":{"@type":"EntryPoint","urlTemplate":"https:\/\/norvita.eu\/de\/?s={search_term_string}"},"query-input":{"@type":"PropertyValueSpecification","valueRequired":true,"valueName":"search_term_string"}}],"inLanguage":"de"},{"@type":"Organization","@id":"https:\/\/norvita.eu\/de\/#organization","name":"NorVita","url":"https:\/\/norvita.eu\/de\/","logo":{"@type":"ImageObject","inLanguage":"de","@id":"https:\/\/norvita.eu\/de\/#\/schema\/logo\/image\/","url":"https:\/\/norvita.eu\/wp-content\/uploads\/2022\/07\/NorVita.svg","contentUrl":"https:\/\/norvita.eu\/wp-content\/uploads\/2022\/07\/NorVita.svg","width":96,"height":26,"caption":"NorVita"},"image":{"@id":"https:\/\/norvita.eu\/de\/#\/schema\/logo\/image\/"},"sameAs":["https:\/\/www.facebook.com\/norvitasupplements","https:\/\/www.instagram.com\/norvita_supplements\/"]}]}},"_links":{"self":[{"href":"https:\/\/norvita.eu\/de\/wp-json\/wp\/v2\/product\/6173","targetHints":{"allow":["GET"]}}],"collection":[{"href":"https:\/\/norvita.eu\/de\/wp-json\/wp\/v2\/product"}],"about":[{"href":"https:\/\/norvita.eu\/de\/wp-json\/wp\/v2\/types\/product"}],"replies":[{"embeddable":true,"href":"https:\/\/norvita.eu\/de\/wp-json\/wp\/v2\/comments?post=6173"}],"wp:featuredmedia":[{"embeddable":true,"href":"https:\/\/norvita.eu\/de\/wp-json\/wp\/v2\/media\/6164"}],"wp:attachment":[{"href":"https:\/\/norvita.eu\/de\/wp-json\/wp\/v2\/media?parent=6173"}],"wp:term":[{"taxonomy":"product_brand","embeddable":true,"href":"https:\/\/norvita.eu\/de\/wp-json\/wp\/v2\/product_brand?post=6173"},{"taxonomy":"product_cat","embeddable":true,"href":"https:\/\/norvita.eu\/de\/wp-json\/wp\/v2\/product_cat?post=6173"},{"taxonomy":"product_tag","embeddable":true,"href":"https:\/\/norvita.eu\/de\/wp-json\/wp\/v2\/product_tag?post=6173"}],"curies":[{"name":"wp","href":"https:\/\/api.w.org\/{rel}","templated":true}]}}