{"id":6140,"date":"2023-09-16T17:44:28","date_gmt":"2023-09-16T17:44:28","guid":{"rendered":"https:\/\/norvita.eu\/?post_type=product&#038;p=6140"},"modified":"2026-02-25T23:44:30","modified_gmt":"2026-02-25T21:44:30","slug":"vitamin-d-fur-kinder","status":"publish","type":"product","link":"https:\/\/norvita.eu\/de\/pood\/vitamin-d-fur-kinder\/","title":{"rendered":"Vitamin D f\u00fcr Kinder 400IU"},"content":{"rendered":"","protected":false},"excerpt":{"rendered":"<h2>Ein einfaches Hilfsmittel zur St\u00e4rkung der Immunit\u00e4t Ihrer Kleinen und zur Vorbeugung von Viruserkrankungen<\/h2>\n<p>Vitamin\u00a0D ist zwar in jedem Alter gut f\u00fcr den K\u00f6rper, f\u00fcr Kinder ist es jedoch besonders wichtig. Ihr wachsender K\u00f6rper ben\u00f6tigt f\u00fcr eine normale Entwicklung viele Vitamine und Mineralien. Vitamin\u00a0D3 ist wichtig f\u00fcr das Knochenwachstum von Kindern, spielt aber auch eine wichtige Rolle bei der St\u00e4rkung des Immunsystems. So treten Viruserkrankungen, die uns im Winter plagen, weniger h\u00e4ufig auf, und Ihr Kind kann sich darauf konzentrieren, was am wichtigsten ist \u2013 wachsen und spielen! Versuchen Sie es mit einem Vitamin-D3-Spray f\u00fcr Kinder, das einfach einzunehmen ist und viel besser absorbiert wird als Kapseln.<\/p>\n","protected":false},"featured_media":6167,"comment_status":"open","ping_status":"closed","template":"","meta":{"_acf_changed":false,"inline_featured_image":false},"product_brand":[],"product_cat":[85,89,84],"product_tag":[],"class_list":{"0":"post-6140","1":"product","2":"type-product","3":"status-publish","4":"has-post-thumbnail","6":"product_cat-alle","7":"product_cat-kinder","8":"product_cat-spray-de","10":"first","11":"instock","12":"taxable","13":"shipping-taxable","14":"purchasable","15":"product-type-simple"},"acf":[],"yoast_head":"<!-- This site is optimized with the Yoast SEO plugin v27.2 - https:\/\/yoast.com\/product\/yoast-seo-wordpress\/ -->\n<title>Vitamin D f\u00fcr Kinder 400IU | Norvita sprei- ja geelvitamiinid<\/title>\n<meta name=\"description\" content=\"Spreivitamin D f\u00fcr Kinder - notwendig f\u00fcr starke Knochen und Z\u00e4hne, f\u00f6rdert die Kalziumaufnahme, unterst\u00fctzt das Immunsystem.\" \/>\n<meta name=\"robots\" content=\"index, follow, max-snippet:-1, max-image-preview:large, max-video-preview:-1\" \/>\n<link rel=\"canonical\" href=\"https:\/\/norvita.eu\/de\/pood\/vitamin-d-fur-kinder\/\" \/>\n<meta property=\"og:locale\" content=\"de_DE\" \/>\n<meta property=\"og:type\" content=\"article\" \/>\n<meta property=\"og:title\" content=\"Vitamin D f\u00fcr Kinder 400IU | Norvita sprei- ja geelvitamiinid\" \/>\n<meta property=\"og:description\" content=\"Spreivitamin D f\u00fcr Kinder - notwendig f\u00fcr starke Knochen und Z\u00e4hne, f\u00f6rdert die Kalziumaufnahme, unterst\u00fctzt das Immunsystem.\" \/>\n<meta property=\"og:url\" content=\"https:\/\/norvita.eu\/de\/pood\/vitamin-d-fur-kinder\/\" \/>\n<meta property=\"og:site_name\" content=\"Norvita sprei- ja geelvitamiinid\" \/>\n<meta property=\"article:publisher\" content=\"https:\/\/www.facebook.com\/norvitasupplements\" \/>\n<meta property=\"article:modified_time\" content=\"2026-02-25T21:44:30+00:00\" \/>\n<meta property=\"og:image\" content=\"https:\/\/norvita.eu\/wp-content\/uploads\/2023\/09\/NorVita-D3B-laste-D-vitamiin-spray-30ml.png\" \/>\n\t<meta property=\"og:image:width\" content=\"1000\" \/>\n\t<meta property=\"og:image:height\" content=\"999\" \/>\n\t<meta property=\"og:image:type\" content=\"image\/png\" \/>\n<meta name=\"twitter:card\" content=\"summary_large_image\" \/>\n<script type=\"application\/ld+json\" class=\"yoast-schema-graph\">{\"@context\":\"https:\/\/schema.org\",\"@graph\":[{\"@type\":\"WebPage\",\"@id\":\"https:\/\/norvita.eu\/de\/pood\/vitamin-d-fur-kinder\/\",\"url\":\"https:\/\/norvita.eu\/de\/pood\/vitamin-d-fur-kinder\/\",\"name\":\"Vitamin D f\u00fcr Kinder 400IU | Norvita sprei- ja geelvitamiinid\",\"isPartOf\":{\"@id\":\"https:\/\/norvita.eu\/de\/#website\"},\"primaryImageOfPage\":{\"@id\":\"https:\/\/norvita.eu\/de\/pood\/vitamin-d-fur-kinder\/#primaryimage\"},\"image\":{\"@id\":\"https:\/\/norvita.eu\/de\/pood\/vitamin-d-fur-kinder\/#primaryimage\"},\"thumbnailUrl\":\"https:\/\/norvita.eu\/wp-content\/uploads\/2023\/09\/NorVita-D3B-laste-D-vitamiin-spray-30ml.png\",\"datePublished\":\"2023-09-16T17:44:28+00:00\",\"dateModified\":\"2026-02-25T21:44:30+00:00\",\"description\":\"Spreivitamin D f\u00fcr Kinder - notwendig f\u00fcr starke Knochen und Z\u00e4hne, f\u00f6rdert die Kalziumaufnahme, unterst\u00fctzt das Immunsystem.\",\"breadcrumb\":{\"@id\":\"https:\/\/norvita.eu\/de\/pood\/vitamin-d-fur-kinder\/#breadcrumb\"},\"inLanguage\":\"de\",\"potentialAction\":[{\"@type\":\"ReadAction\",\"target\":[\"https:\/\/norvita.eu\/de\/pood\/vitamin-d-fur-kinder\/\"]}]},{\"@type\":\"ImageObject\",\"inLanguage\":\"de\",\"@id\":\"https:\/\/norvita.eu\/de\/pood\/vitamin-d-fur-kinder\/#primaryimage\",\"url\":\"https:\/\/norvita.eu\/wp-content\/uploads\/2023\/09\/NorVita-D3B-laste-D-vitamiin-spray-30ml.png\",\"contentUrl\":\"https:\/\/norvita.eu\/wp-content\/uploads\/2023\/09\/NorVita-D3B-laste-D-vitamiin-spray-30ml.png\",\"width\":1000,\"height\":999,\"caption\":\"Laste vitamiin sprey D3 vitamiin - kids spray vitamin D3\"},{\"@type\":\"BreadcrumbList\",\"@id\":\"https:\/\/norvita.eu\/de\/pood\/vitamin-d-fur-kinder\/#breadcrumb\",\"itemListElement\":[{\"@type\":\"ListItem\",\"position\":1,\"name\":\"Home\",\"item\":\"https:\/\/norvita.eu\/de\/\"},{\"@type\":\"ListItem\",\"position\":2,\"name\":\"Shop\",\"item\":\"https:\/\/norvita.eu\/de\/shop\/\"},{\"@type\":\"ListItem\",\"position\":3,\"name\":\"Vitamin D f\u00fcr Kinder 400IU\"}]},{\"@type\":\"WebSite\",\"@id\":\"https:\/\/norvita.eu\/de\/#website\",\"url\":\"https:\/\/norvita.eu\/de\/\",\"name\":\"Norvita sprei- ja geelvitamiinid\",\"description\":\"Sprei vitamiinid ja toidulisandid\",\"publisher\":{\"@id\":\"https:\/\/norvita.eu\/de\/#organization\"},\"potentialAction\":[{\"@type\":\"SearchAction\",\"target\":{\"@type\":\"EntryPoint\",\"urlTemplate\":\"https:\/\/norvita.eu\/de\/?s={search_term_string}\"},\"query-input\":{\"@type\":\"PropertyValueSpecification\",\"valueRequired\":true,\"valueName\":\"search_term_string\"}}],\"inLanguage\":\"de\"},{\"@type\":\"Organization\",\"@id\":\"https:\/\/norvita.eu\/de\/#organization\",\"name\":\"NorVita\",\"url\":\"https:\/\/norvita.eu\/de\/\",\"logo\":{\"@type\":\"ImageObject\",\"inLanguage\":\"de\",\"@id\":\"https:\/\/norvita.eu\/de\/#\/schema\/logo\/image\/\",\"url\":\"https:\/\/norvita.eu\/wp-content\/uploads\/2022\/07\/NorVita.svg\",\"contentUrl\":\"https:\/\/norvita.eu\/wp-content\/uploads\/2022\/07\/NorVita.svg\",\"width\":96,\"height\":26,\"caption\":\"NorVita\"},\"image\":{\"@id\":\"https:\/\/norvita.eu\/de\/#\/schema\/logo\/image\/\"},\"sameAs\":[\"https:\/\/www.facebook.com\/norvitasupplements\",\"https:\/\/www.instagram.com\/norvita_supplements\/\"]}]}<\/script>\n<!-- \/ Yoast SEO plugin. -->","yoast_head_json":{"title":"Vitamin D f\u00fcr Kinder 400IU | Norvita sprei- ja geelvitamiinid","description":"Spreivitamin D f\u00fcr Kinder - notwendig f\u00fcr starke Knochen und Z\u00e4hne, f\u00f6rdert die Kalziumaufnahme, unterst\u00fctzt das Immunsystem.","robots":{"index":"index","follow":"follow","max-snippet":"max-snippet:-1","max-image-preview":"max-image-preview:large","max-video-preview":"max-video-preview:-1"},"canonical":"https:\/\/norvita.eu\/de\/pood\/vitamin-d-fur-kinder\/","og_locale":"de_DE","og_type":"article","og_title":"Vitamin D f\u00fcr Kinder 400IU | Norvita sprei- ja geelvitamiinid","og_description":"Spreivitamin D f\u00fcr Kinder - notwendig f\u00fcr starke Knochen und Z\u00e4hne, f\u00f6rdert die Kalziumaufnahme, unterst\u00fctzt das Immunsystem.","og_url":"https:\/\/norvita.eu\/de\/pood\/vitamin-d-fur-kinder\/","og_site_name":"Norvita sprei- ja geelvitamiinid","article_publisher":"https:\/\/www.facebook.com\/norvitasupplements","article_modified_time":"2026-02-25T21:44:30+00:00","og_image":[{"width":1000,"height":999,"url":"https:\/\/norvita.eu\/wp-content\/uploads\/2023\/09\/NorVita-D3B-laste-D-vitamiin-spray-30ml.png","type":"image\/png"}],"twitter_card":"summary_large_image","schema":{"@context":"https:\/\/schema.org","@graph":[{"@type":"WebPage","@id":"https:\/\/norvita.eu\/de\/pood\/vitamin-d-fur-kinder\/","url":"https:\/\/norvita.eu\/de\/pood\/vitamin-d-fur-kinder\/","name":"Vitamin D f\u00fcr Kinder 400IU | Norvita sprei- ja geelvitamiinid","isPartOf":{"@id":"https:\/\/norvita.eu\/de\/#website"},"primaryImageOfPage":{"@id":"https:\/\/norvita.eu\/de\/pood\/vitamin-d-fur-kinder\/#primaryimage"},"image":{"@id":"https:\/\/norvita.eu\/de\/pood\/vitamin-d-fur-kinder\/#primaryimage"},"thumbnailUrl":"https:\/\/norvita.eu\/wp-content\/uploads\/2023\/09\/NorVita-D3B-laste-D-vitamiin-spray-30ml.png","datePublished":"2023-09-16T17:44:28+00:00","dateModified":"2026-02-25T21:44:30+00:00","description":"Spreivitamin D f\u00fcr Kinder - notwendig f\u00fcr starke Knochen und Z\u00e4hne, f\u00f6rdert die Kalziumaufnahme, unterst\u00fctzt das Immunsystem.","breadcrumb":{"@id":"https:\/\/norvita.eu\/de\/pood\/vitamin-d-fur-kinder\/#breadcrumb"},"inLanguage":"de","potentialAction":[{"@type":"ReadAction","target":["https:\/\/norvita.eu\/de\/pood\/vitamin-d-fur-kinder\/"]}]},{"@type":"ImageObject","inLanguage":"de","@id":"https:\/\/norvita.eu\/de\/pood\/vitamin-d-fur-kinder\/#primaryimage","url":"https:\/\/norvita.eu\/wp-content\/uploads\/2023\/09\/NorVita-D3B-laste-D-vitamiin-spray-30ml.png","contentUrl":"https:\/\/norvita.eu\/wp-content\/uploads\/2023\/09\/NorVita-D3B-laste-D-vitamiin-spray-30ml.png","width":1000,"height":999,"caption":"Laste vitamiin sprey D3 vitamiin - kids spray vitamin D3"},{"@type":"BreadcrumbList","@id":"https:\/\/norvita.eu\/de\/pood\/vitamin-d-fur-kinder\/#breadcrumb","itemListElement":[{"@type":"ListItem","position":1,"name":"Home","item":"https:\/\/norvita.eu\/de\/"},{"@type":"ListItem","position":2,"name":"Shop","item":"https:\/\/norvita.eu\/de\/shop\/"},{"@type":"ListItem","position":3,"name":"Vitamin D f\u00fcr Kinder 400IU"}]},{"@type":"WebSite","@id":"https:\/\/norvita.eu\/de\/#website","url":"https:\/\/norvita.eu\/de\/","name":"Norvita sprei- ja geelvitamiinid","description":"Sprei vitamiinid ja toidulisandid","publisher":{"@id":"https:\/\/norvita.eu\/de\/#organization"},"potentialAction":[{"@type":"SearchAction","target":{"@type":"EntryPoint","urlTemplate":"https:\/\/norvita.eu\/de\/?s={search_term_string}"},"query-input":{"@type":"PropertyValueSpecification","valueRequired":true,"valueName":"search_term_string"}}],"inLanguage":"de"},{"@type":"Organization","@id":"https:\/\/norvita.eu\/de\/#organization","name":"NorVita","url":"https:\/\/norvita.eu\/de\/","logo":{"@type":"ImageObject","inLanguage":"de","@id":"https:\/\/norvita.eu\/de\/#\/schema\/logo\/image\/","url":"https:\/\/norvita.eu\/wp-content\/uploads\/2022\/07\/NorVita.svg","contentUrl":"https:\/\/norvita.eu\/wp-content\/uploads\/2022\/07\/NorVita.svg","width":96,"height":26,"caption":"NorVita"},"image":{"@id":"https:\/\/norvita.eu\/de\/#\/schema\/logo\/image\/"},"sameAs":["https:\/\/www.facebook.com\/norvitasupplements","https:\/\/www.instagram.com\/norvita_supplements\/"]}]}},"_links":{"self":[{"href":"https:\/\/norvita.eu\/de\/wp-json\/wp\/v2\/product\/6140","targetHints":{"allow":["GET"]}}],"collection":[{"href":"https:\/\/norvita.eu\/de\/wp-json\/wp\/v2\/product"}],"about":[{"href":"https:\/\/norvita.eu\/de\/wp-json\/wp\/v2\/types\/product"}],"replies":[{"embeddable":true,"href":"https:\/\/norvita.eu\/de\/wp-json\/wp\/v2\/comments?post=6140"}],"wp:featuredmedia":[{"embeddable":true,"href":"https:\/\/norvita.eu\/de\/wp-json\/wp\/v2\/media\/6167"}],"wp:attachment":[{"href":"https:\/\/norvita.eu\/de\/wp-json\/wp\/v2\/media?parent=6140"}],"wp:term":[{"taxonomy":"product_brand","embeddable":true,"href":"https:\/\/norvita.eu\/de\/wp-json\/wp\/v2\/product_brand?post=6140"},{"taxonomy":"product_cat","embeddable":true,"href":"https:\/\/norvita.eu\/de\/wp-json\/wp\/v2\/product_cat?post=6140"},{"taxonomy":"product_tag","embeddable":true,"href":"https:\/\/norvita.eu\/de\/wp-json\/wp\/v2\/product_tag?post=6140"}],"curies":[{"name":"wp","href":"https:\/\/api.w.org\/{rel}","templated":true}]}}