{"id":5830,"date":"2023-07-14T15:20:04","date_gmt":"2023-07-14T15:20:04","guid":{"rendered":"https:\/\/norvita.eu\/?post_type=product&#038;p=5830"},"modified":"2025-04-18T00:06:00","modified_gmt":"2025-04-17T21:06:00","slug":"vitamin-kit-fur-frauen","status":"publish","type":"product","link":"https:\/\/norvita.eu\/de\/pood\/vitamin-kit-fur-frauen\/","title":{"rendered":"Vitamin-Kit f\u00fcr Frauen"},"content":{"rendered":"","protected":false},"excerpt":{"rendered":"<h2>Women&#8217;s Natural Beauty Source &#8211; D3, Biotin &amp; Eisen Erg\u00e4nzungspaket<\/h2>\n<p>St\u00e4rken Sie Ihre Knochen, beugen Sie M\u00fcdigkeit vor, schenken Sie sich zus\u00e4tzliche Energie, unterst\u00fctzen Sie das Immunsystem und bringen Sie Ihre nat\u00fcrliche Ausstrahlung zur\u00fcck mit der kombinierten Wirkung von drei superstarken Vitaminen und Mineralien! Wir haben ein Set zusammengestellt, das die Gesundheit und den Geist verbessert und dabei speziell an die biologischen und physiologischen Besonderheiten von Frauen denkt. NorVita macht Ihre t\u00e4gliche Selbstpflege so einfach wie nie zuvor. Die Spr\u00fchvitamine in einer handlichen Verpackung und mit einer effektiven Wirkung sind immer bequem zu verwenden, unabh\u00e4ngig von Ihrem Tagesablauf.<\/p>\n","protected":false},"featured_media":5825,"comment_status":"open","ping_status":"closed","template":"","meta":{"_acf_changed":false,"inline_featured_image":false},"product_brand":[],"product_cat":[85,83],"product_tag":[],"class_list":{"0":"post-5830","1":"product","2":"type-product","3":"status-publish","4":"has-post-thumbnail","6":"product_cat-alle","7":"product_cat-sets-de","9":"first","10":"instock","11":"sale","12":"taxable","13":"shipping-taxable","14":"purchasable","15":"product-type-woosb"},"acf":[],"yoast_head":"<!-- This site is optimized with the Yoast SEO plugin v27.2 - https:\/\/yoast.com\/product\/yoast-seo-wordpress\/ -->\n<title>Vitamin-Kit f\u00fcr Frauen | Norvita sprei- ja geelvitamiinid<\/title>\n<meta name=\"description\" content=\"Vitamine f\u00fcr Frauen - Vitamin D3, Biotin, Eisen. St\u00e4rken die Knochen, beugen M\u00fcdigkeit vor, unterst\u00fctzen das Immunsystem, lassen Haut und Haare gl\u00e4nzen.\" \/>\n<meta name=\"robots\" content=\"index, follow, max-snippet:-1, max-image-preview:large, max-video-preview:-1\" \/>\n<link rel=\"canonical\" href=\"https:\/\/norvita.eu\/de\/pood\/vitamin-kit-fur-frauen\/\" \/>\n<meta property=\"og:locale\" content=\"de_DE\" \/>\n<meta property=\"og:type\" content=\"article\" \/>\n<meta property=\"og:title\" content=\"Vitamin-Kit f\u00fcr Frauen | Norvita sprei- ja geelvitamiinid\" \/>\n<meta property=\"og:description\" content=\"Vitamine f\u00fcr Frauen - Vitamin D3, Biotin, Eisen. St\u00e4rken die Knochen, beugen M\u00fcdigkeit vor, unterst\u00fctzen das Immunsystem, lassen Haut und Haare gl\u00e4nzen.\" \/>\n<meta property=\"og:url\" content=\"https:\/\/norvita.eu\/de\/pood\/vitamin-kit-fur-frauen\/\" \/>\n<meta property=\"og:site_name\" content=\"Norvita sprei- ja geelvitamiinid\" \/>\n<meta property=\"article:publisher\" content=\"https:\/\/www.facebook.com\/norvitasupplements\" \/>\n<meta property=\"article:modified_time\" content=\"2025-04-17T21:06:00+00:00\" \/>\n<meta property=\"og:image\" content=\"https:\/\/norvita.eu\/wp-content\/uploads\/2023\/07\/NorVita-vitamiinid-naiste-komplekt.png\" \/>\n\t<meta property=\"og:image:width\" content=\"1000\" \/>\n\t<meta property=\"og:image:height\" content=\"1000\" \/>\n\t<meta property=\"og:image:type\" content=\"image\/png\" \/>\n<meta name=\"twitter:card\" content=\"summary_large_image\" \/>\n<meta name=\"twitter:label1\" content=\"Gesch\u00e4tzte Lesezeit\" \/>\n\t<meta name=\"twitter:data1\" content=\"1\u00a0Minute\" \/>\n<script type=\"application\/ld+json\" class=\"yoast-schema-graph\">{\"@context\":\"https:\/\/schema.org\",\"@graph\":[{\"@type\":\"WebPage\",\"@id\":\"https:\/\/norvita.eu\/de\/pood\/vitamin-kit-fur-frauen\/\",\"url\":\"https:\/\/norvita.eu\/de\/pood\/vitamin-kit-fur-frauen\/\",\"name\":\"Vitamin-Kit f\u00fcr Frauen | Norvita sprei- ja geelvitamiinid\",\"isPartOf\":{\"@id\":\"https:\/\/norvita.eu\/de\/#website\"},\"primaryImageOfPage\":{\"@id\":\"https:\/\/norvita.eu\/de\/pood\/vitamin-kit-fur-frauen\/#primaryimage\"},\"image\":{\"@id\":\"https:\/\/norvita.eu\/de\/pood\/vitamin-kit-fur-frauen\/#primaryimage\"},\"thumbnailUrl\":\"https:\/\/norvita.eu\/wp-content\/uploads\/2023\/07\/NorVita-vitamiinid-naiste-komplekt.png\",\"datePublished\":\"2023-07-14T15:20:04+00:00\",\"dateModified\":\"2025-04-17T21:06:00+00:00\",\"description\":\"Vitamine f\u00fcr Frauen - Vitamin D3, Biotin, Eisen. St\u00e4rken die Knochen, beugen M\u00fcdigkeit vor, unterst\u00fctzen das Immunsystem, lassen Haut und Haare gl\u00e4nzen.\",\"breadcrumb\":{\"@id\":\"https:\/\/norvita.eu\/de\/pood\/vitamin-kit-fur-frauen\/#breadcrumb\"},\"inLanguage\":\"de\",\"potentialAction\":[{\"@type\":\"ReadAction\",\"target\":[\"https:\/\/norvita.eu\/de\/pood\/vitamin-kit-fur-frauen\/\"]}]},{\"@type\":\"ImageObject\",\"inLanguage\":\"de\",\"@id\":\"https:\/\/norvita.eu\/de\/pood\/vitamin-kit-fur-frauen\/#primaryimage\",\"url\":\"https:\/\/norvita.eu\/wp-content\/uploads\/2023\/07\/NorVita-vitamiinid-naiste-komplekt.png\",\"contentUrl\":\"https:\/\/norvita.eu\/wp-content\/uploads\/2023\/07\/NorVita-vitamiinid-naiste-komplekt.png\",\"width\":1000,\"height\":1000,\"caption\":\"vitamiinid naistele\"},{\"@type\":\"BreadcrumbList\",\"@id\":\"https:\/\/norvita.eu\/de\/pood\/vitamin-kit-fur-frauen\/#breadcrumb\",\"itemListElement\":[{\"@type\":\"ListItem\",\"position\":1,\"name\":\"Home\",\"item\":\"https:\/\/norvita.eu\/de\/\"},{\"@type\":\"ListItem\",\"position\":2,\"name\":\"Shop\",\"item\":\"https:\/\/norvita.eu\/de\/shop\/\"},{\"@type\":\"ListItem\",\"position\":3,\"name\":\"Vitamin-Kit f\u00fcr Frauen\"}]},{\"@type\":\"WebSite\",\"@id\":\"https:\/\/norvita.eu\/de\/#website\",\"url\":\"https:\/\/norvita.eu\/de\/\",\"name\":\"Norvita sprei- ja geelvitamiinid\",\"description\":\"Sprei vitamiinid ja toidulisandid\",\"publisher\":{\"@id\":\"https:\/\/norvita.eu\/de\/#organization\"},\"potentialAction\":[{\"@type\":\"SearchAction\",\"target\":{\"@type\":\"EntryPoint\",\"urlTemplate\":\"https:\/\/norvita.eu\/de\/?s={search_term_string}\"},\"query-input\":{\"@type\":\"PropertyValueSpecification\",\"valueRequired\":true,\"valueName\":\"search_term_string\"}}],\"inLanguage\":\"de\"},{\"@type\":\"Organization\",\"@id\":\"https:\/\/norvita.eu\/de\/#organization\",\"name\":\"NorVita\",\"url\":\"https:\/\/norvita.eu\/de\/\",\"logo\":{\"@type\":\"ImageObject\",\"inLanguage\":\"de\",\"@id\":\"https:\/\/norvita.eu\/de\/#\/schema\/logo\/image\/\",\"url\":\"https:\/\/norvita.eu\/wp-content\/uploads\/2022\/07\/NorVita.svg\",\"contentUrl\":\"https:\/\/norvita.eu\/wp-content\/uploads\/2022\/07\/NorVita.svg\",\"width\":96,\"height\":26,\"caption\":\"NorVita\"},\"image\":{\"@id\":\"https:\/\/norvita.eu\/de\/#\/schema\/logo\/image\/\"},\"sameAs\":[\"https:\/\/www.facebook.com\/norvitasupplements\",\"https:\/\/www.instagram.com\/norvita_supplements\/\"]}]}<\/script>\n<!-- \/ Yoast SEO plugin. -->","yoast_head_json":{"title":"Vitamin-Kit f\u00fcr Frauen | Norvita sprei- ja geelvitamiinid","description":"Vitamine f\u00fcr Frauen - Vitamin D3, Biotin, Eisen. St\u00e4rken die Knochen, beugen M\u00fcdigkeit vor, unterst\u00fctzen das Immunsystem, lassen Haut und Haare gl\u00e4nzen.","robots":{"index":"index","follow":"follow","max-snippet":"max-snippet:-1","max-image-preview":"max-image-preview:large","max-video-preview":"max-video-preview:-1"},"canonical":"https:\/\/norvita.eu\/de\/pood\/vitamin-kit-fur-frauen\/","og_locale":"de_DE","og_type":"article","og_title":"Vitamin-Kit f\u00fcr Frauen | Norvita sprei- ja geelvitamiinid","og_description":"Vitamine f\u00fcr Frauen - Vitamin D3, Biotin, Eisen. St\u00e4rken die Knochen, beugen M\u00fcdigkeit vor, unterst\u00fctzen das Immunsystem, lassen Haut und Haare gl\u00e4nzen.","og_url":"https:\/\/norvita.eu\/de\/pood\/vitamin-kit-fur-frauen\/","og_site_name":"Norvita sprei- ja geelvitamiinid","article_publisher":"https:\/\/www.facebook.com\/norvitasupplements","article_modified_time":"2025-04-17T21:06:00+00:00","og_image":[{"width":1000,"height":1000,"url":"https:\/\/norvita.eu\/wp-content\/uploads\/2023\/07\/NorVita-vitamiinid-naiste-komplekt.png","type":"image\/png"}],"twitter_card":"summary_large_image","twitter_misc":{"Gesch\u00e4tzte Lesezeit":"1\u00a0Minute"},"schema":{"@context":"https:\/\/schema.org","@graph":[{"@type":"WebPage","@id":"https:\/\/norvita.eu\/de\/pood\/vitamin-kit-fur-frauen\/","url":"https:\/\/norvita.eu\/de\/pood\/vitamin-kit-fur-frauen\/","name":"Vitamin-Kit f\u00fcr Frauen | Norvita sprei- ja geelvitamiinid","isPartOf":{"@id":"https:\/\/norvita.eu\/de\/#website"},"primaryImageOfPage":{"@id":"https:\/\/norvita.eu\/de\/pood\/vitamin-kit-fur-frauen\/#primaryimage"},"image":{"@id":"https:\/\/norvita.eu\/de\/pood\/vitamin-kit-fur-frauen\/#primaryimage"},"thumbnailUrl":"https:\/\/norvita.eu\/wp-content\/uploads\/2023\/07\/NorVita-vitamiinid-naiste-komplekt.png","datePublished":"2023-07-14T15:20:04+00:00","dateModified":"2025-04-17T21:06:00+00:00","description":"Vitamine f\u00fcr Frauen - Vitamin D3, Biotin, Eisen. St\u00e4rken die Knochen, beugen M\u00fcdigkeit vor, unterst\u00fctzen das Immunsystem, lassen Haut und Haare gl\u00e4nzen.","breadcrumb":{"@id":"https:\/\/norvita.eu\/de\/pood\/vitamin-kit-fur-frauen\/#breadcrumb"},"inLanguage":"de","potentialAction":[{"@type":"ReadAction","target":["https:\/\/norvita.eu\/de\/pood\/vitamin-kit-fur-frauen\/"]}]},{"@type":"ImageObject","inLanguage":"de","@id":"https:\/\/norvita.eu\/de\/pood\/vitamin-kit-fur-frauen\/#primaryimage","url":"https:\/\/norvita.eu\/wp-content\/uploads\/2023\/07\/NorVita-vitamiinid-naiste-komplekt.png","contentUrl":"https:\/\/norvita.eu\/wp-content\/uploads\/2023\/07\/NorVita-vitamiinid-naiste-komplekt.png","width":1000,"height":1000,"caption":"vitamiinid naistele"},{"@type":"BreadcrumbList","@id":"https:\/\/norvita.eu\/de\/pood\/vitamin-kit-fur-frauen\/#breadcrumb","itemListElement":[{"@type":"ListItem","position":1,"name":"Home","item":"https:\/\/norvita.eu\/de\/"},{"@type":"ListItem","position":2,"name":"Shop","item":"https:\/\/norvita.eu\/de\/shop\/"},{"@type":"ListItem","position":3,"name":"Vitamin-Kit f\u00fcr Frauen"}]},{"@type":"WebSite","@id":"https:\/\/norvita.eu\/de\/#website","url":"https:\/\/norvita.eu\/de\/","name":"Norvita sprei- ja geelvitamiinid","description":"Sprei vitamiinid ja toidulisandid","publisher":{"@id":"https:\/\/norvita.eu\/de\/#organization"},"potentialAction":[{"@type":"SearchAction","target":{"@type":"EntryPoint","urlTemplate":"https:\/\/norvita.eu\/de\/?s={search_term_string}"},"query-input":{"@type":"PropertyValueSpecification","valueRequired":true,"valueName":"search_term_string"}}],"inLanguage":"de"},{"@type":"Organization","@id":"https:\/\/norvita.eu\/de\/#organization","name":"NorVita","url":"https:\/\/norvita.eu\/de\/","logo":{"@type":"ImageObject","inLanguage":"de","@id":"https:\/\/norvita.eu\/de\/#\/schema\/logo\/image\/","url":"https:\/\/norvita.eu\/wp-content\/uploads\/2022\/07\/NorVita.svg","contentUrl":"https:\/\/norvita.eu\/wp-content\/uploads\/2022\/07\/NorVita.svg","width":96,"height":26,"caption":"NorVita"},"image":{"@id":"https:\/\/norvita.eu\/de\/#\/schema\/logo\/image\/"},"sameAs":["https:\/\/www.facebook.com\/norvitasupplements","https:\/\/www.instagram.com\/norvita_supplements\/"]}]}},"_links":{"self":[{"href":"https:\/\/norvita.eu\/de\/wp-json\/wp\/v2\/product\/5830","targetHints":{"allow":["GET"]}}],"collection":[{"href":"https:\/\/norvita.eu\/de\/wp-json\/wp\/v2\/product"}],"about":[{"href":"https:\/\/norvita.eu\/de\/wp-json\/wp\/v2\/types\/product"}],"replies":[{"embeddable":true,"href":"https:\/\/norvita.eu\/de\/wp-json\/wp\/v2\/comments?post=5830"}],"wp:featuredmedia":[{"embeddable":true,"href":"https:\/\/norvita.eu\/de\/wp-json\/wp\/v2\/media\/5825"}],"wp:attachment":[{"href":"https:\/\/norvita.eu\/de\/wp-json\/wp\/v2\/media?parent=5830"}],"wp:term":[{"taxonomy":"product_brand","embeddable":true,"href":"https:\/\/norvita.eu\/de\/wp-json\/wp\/v2\/product_brand?post=5830"},{"taxonomy":"product_cat","embeddable":true,"href":"https:\/\/norvita.eu\/de\/wp-json\/wp\/v2\/product_cat?post=5830"},{"taxonomy":"product_tag","embeddable":true,"href":"https:\/\/norvita.eu\/de\/wp-json\/wp\/v2\/product_tag?post=5830"}],"curies":[{"name":"wp","href":"https:\/\/api.w.org\/{rel}","templated":true}]}}