{"id":5737,"date":"2023-06-27T21:35:30","date_gmt":"2023-06-27T21:35:30","guid":{"rendered":"https:\/\/norvita.eu\/?post_type=product&#038;p=5737"},"modified":"2026-02-25T23:59:44","modified_gmt":"2026-02-25T21:59:44","slug":"eisen","status":"publish","type":"product","link":"https:\/\/norvita.eu\/de\/pood\/eisen\/","title":{"rendered":"Eisen"},"content":{"rendered":"","protected":false},"excerpt":{"rendered":"<h2>Ein Mineralstoff, der eine Schl\u00fcsselrolle bei der Verringerung von M\u00fcdigkeit und f\u00fcr eine normale Hautfarbe spielt<\/h2>\n<p>Eisen unterst\u00fctzt die normale Bildung von roten Blutk\u00f6rperchen und H\u00e4moglobin und tr\u00e4gt zum Sauerstofftransport im K\u00f6rper bei. Eine Person, die an An\u00e4mie oder Eisenmangel leidet, kann sich zum Beispiel st\u00e4ndig m\u00fcde f\u00fchlen und blass aussehen. Durch die Einnahme eines Nahrungserg\u00e4nzungsmittels mit Eisen k\u00f6nnen Sie M\u00fcdigkeit vermeiden, sich zus\u00e4tzliche Energie verschaffen und das Immunsystem unterst\u00fctzen. Ein Organismus, der Eisen von Natur aus nicht gut aufnimmt, profitiert am meisten von der Einnahme eines bioaktiven EDTA-Eisen-Nahrungserg\u00e4nzungsmittels, das 2-3 Mal besser aufgenommen wird als herk\u00f6mmliche Quellen.<\/p>\n","protected":false},"featured_media":5705,"comment_status":"open","ping_status":"closed","template":"","meta":{"_acf_changed":false,"inline_featured_image":false},"product_brand":[],"product_cat":[85,84],"product_tag":[],"class_list":{"0":"post-5737","1":"product","2":"type-product","3":"status-publish","4":"has-post-thumbnail","6":"product_cat-alle","7":"product_cat-spray-de","9":"first","10":"instock","11":"featured","12":"taxable","13":"shipping-taxable","14":"purchasable","15":"product-type-simple"},"acf":[],"yoast_head":"<!-- This site is optimized with the Yoast SEO plugin v27.2 - https:\/\/yoast.com\/product\/yoast-seo-wordpress\/ -->\n<title>Eisen | Norvita sprei- ja geelvitamiinid<\/title>\n<meta name=\"description\" content=\"Die Einnahme eines Eisenpr\u00e4parats hilft, M\u00fcdigkeit zu verringern, zus\u00e4tzliche Energie zu liefern und das Immunsystem zu unterst\u00fctzen. Beste Aufnahme als Spr\u00fchvitamin.\" \/>\n<meta name=\"robots\" content=\"index, follow, max-snippet:-1, max-image-preview:large, max-video-preview:-1\" \/>\n<link rel=\"canonical\" href=\"https:\/\/norvita.eu\/de\/pood\/eisen\/\" \/>\n<meta property=\"og:locale\" content=\"de_DE\" \/>\n<meta property=\"og:type\" content=\"article\" \/>\n<meta property=\"og:title\" content=\"Eisen | Norvita sprei- ja geelvitamiinid\" \/>\n<meta property=\"og:description\" content=\"Die Einnahme eines Eisenpr\u00e4parats hilft, M\u00fcdigkeit zu verringern, zus\u00e4tzliche Energie zu liefern und das Immunsystem zu unterst\u00fctzen. Beste Aufnahme als Spr\u00fchvitamin.\" \/>\n<meta property=\"og:url\" content=\"https:\/\/norvita.eu\/de\/pood\/eisen\/\" \/>\n<meta property=\"og:site_name\" content=\"Norvita sprei- ja geelvitamiinid\" \/>\n<meta property=\"article:publisher\" content=\"https:\/\/www.facebook.com\/norvitasupplements\" \/>\n<meta property=\"article:modified_time\" content=\"2026-02-25T21:59:44+00:00\" \/>\n<meta property=\"og:image\" content=\"https:\/\/norvita.eu\/wp-content\/uploads\/2023\/06\/NorVita-Iron-b-vitamin-spray-30ml.png\" \/>\n\t<meta property=\"og:image:width\" content=\"1000\" \/>\n\t<meta property=\"og:image:height\" content=\"999\" \/>\n\t<meta property=\"og:image:type\" content=\"image\/png\" \/>\n<meta name=\"twitter:card\" content=\"summary_large_image\" \/>\n<meta name=\"twitter:label1\" content=\"Gesch\u00e4tzte Lesezeit\" \/>\n\t<meta name=\"twitter:data1\" content=\"1\u00a0Minute\" \/>\n<script type=\"application\/ld+json\" class=\"yoast-schema-graph\">{\"@context\":\"https:\/\/schema.org\",\"@graph\":[{\"@type\":\"WebPage\",\"@id\":\"https:\/\/norvita.eu\/de\/pood\/eisen\/\",\"url\":\"https:\/\/norvita.eu\/de\/pood\/eisen\/\",\"name\":\"Eisen | Norvita sprei- ja geelvitamiinid\",\"isPartOf\":{\"@id\":\"https:\/\/norvita.eu\/de\/#website\"},\"primaryImageOfPage\":{\"@id\":\"https:\/\/norvita.eu\/de\/pood\/eisen\/#primaryimage\"},\"image\":{\"@id\":\"https:\/\/norvita.eu\/de\/pood\/eisen\/#primaryimage\"},\"thumbnailUrl\":\"https:\/\/norvita.eu\/wp-content\/uploads\/2023\/06\/NorVita-Iron-b-vitamin-spray-30ml.png\",\"datePublished\":\"2023-06-27T21:35:30+00:00\",\"dateModified\":\"2026-02-25T21:59:44+00:00\",\"description\":\"Die Einnahme eines Eisenpr\u00e4parats hilft, M\u00fcdigkeit zu verringern, zus\u00e4tzliche Energie zu liefern und das Immunsystem zu unterst\u00fctzen. Beste Aufnahme als Spr\u00fchvitamin.\",\"breadcrumb\":{\"@id\":\"https:\/\/norvita.eu\/de\/pood\/eisen\/#breadcrumb\"},\"inLanguage\":\"de\",\"potentialAction\":[{\"@type\":\"ReadAction\",\"target\":[\"https:\/\/norvita.eu\/de\/pood\/eisen\/\"]}]},{\"@type\":\"ImageObject\",\"inLanguage\":\"de\",\"@id\":\"https:\/\/norvita.eu\/de\/pood\/eisen\/#primaryimage\",\"url\":\"https:\/\/norvita.eu\/wp-content\/uploads\/2023\/06\/NorVita-Iron-b-vitamin-spray-30ml.png\",\"contentUrl\":\"https:\/\/norvita.eu\/wp-content\/uploads\/2023\/06\/NorVita-Iron-b-vitamin-spray-30ml.png\",\"width\":1000,\"height\":999,\"caption\":\"raud ja b-vitamiin\"},{\"@type\":\"BreadcrumbList\",\"@id\":\"https:\/\/norvita.eu\/de\/pood\/eisen\/#breadcrumb\",\"itemListElement\":[{\"@type\":\"ListItem\",\"position\":1,\"name\":\"Home\",\"item\":\"https:\/\/norvita.eu\/de\/\"},{\"@type\":\"ListItem\",\"position\":2,\"name\":\"Shop\",\"item\":\"https:\/\/norvita.eu\/de\/shop\/\"},{\"@type\":\"ListItem\",\"position\":3,\"name\":\"Eisen\"}]},{\"@type\":\"WebSite\",\"@id\":\"https:\/\/norvita.eu\/de\/#website\",\"url\":\"https:\/\/norvita.eu\/de\/\",\"name\":\"Norvita sprei- ja geelvitamiinid\",\"description\":\"Sprei vitamiinid ja toidulisandid\",\"publisher\":{\"@id\":\"https:\/\/norvita.eu\/de\/#organization\"},\"potentialAction\":[{\"@type\":\"SearchAction\",\"target\":{\"@type\":\"EntryPoint\",\"urlTemplate\":\"https:\/\/norvita.eu\/de\/?s={search_term_string}\"},\"query-input\":{\"@type\":\"PropertyValueSpecification\",\"valueRequired\":true,\"valueName\":\"search_term_string\"}}],\"inLanguage\":\"de\"},{\"@type\":\"Organization\",\"@id\":\"https:\/\/norvita.eu\/de\/#organization\",\"name\":\"NorVita\",\"url\":\"https:\/\/norvita.eu\/de\/\",\"logo\":{\"@type\":\"ImageObject\",\"inLanguage\":\"de\",\"@id\":\"https:\/\/norvita.eu\/de\/#\/schema\/logo\/image\/\",\"url\":\"https:\/\/norvita.eu\/wp-content\/uploads\/2022\/07\/NorVita.svg\",\"contentUrl\":\"https:\/\/norvita.eu\/wp-content\/uploads\/2022\/07\/NorVita.svg\",\"width\":96,\"height\":26,\"caption\":\"NorVita\"},\"image\":{\"@id\":\"https:\/\/norvita.eu\/de\/#\/schema\/logo\/image\/\"},\"sameAs\":[\"https:\/\/www.facebook.com\/norvitasupplements\",\"https:\/\/www.instagram.com\/norvita_supplements\/\"]}]}<\/script>\n<!-- \/ Yoast SEO plugin. -->","yoast_head_json":{"title":"Eisen | Norvita sprei- ja geelvitamiinid","description":"Die Einnahme eines Eisenpr\u00e4parats hilft, M\u00fcdigkeit zu verringern, zus\u00e4tzliche Energie zu liefern und das Immunsystem zu unterst\u00fctzen. Beste Aufnahme als Spr\u00fchvitamin.","robots":{"index":"index","follow":"follow","max-snippet":"max-snippet:-1","max-image-preview":"max-image-preview:large","max-video-preview":"max-video-preview:-1"},"canonical":"https:\/\/norvita.eu\/de\/pood\/eisen\/","og_locale":"de_DE","og_type":"article","og_title":"Eisen | Norvita sprei- ja geelvitamiinid","og_description":"Die Einnahme eines Eisenpr\u00e4parats hilft, M\u00fcdigkeit zu verringern, zus\u00e4tzliche Energie zu liefern und das Immunsystem zu unterst\u00fctzen. Beste Aufnahme als Spr\u00fchvitamin.","og_url":"https:\/\/norvita.eu\/de\/pood\/eisen\/","og_site_name":"Norvita sprei- ja geelvitamiinid","article_publisher":"https:\/\/www.facebook.com\/norvitasupplements","article_modified_time":"2026-02-25T21:59:44+00:00","og_image":[{"width":1000,"height":999,"url":"https:\/\/norvita.eu\/wp-content\/uploads\/2023\/06\/NorVita-Iron-b-vitamin-spray-30ml.png","type":"image\/png"}],"twitter_card":"summary_large_image","twitter_misc":{"Gesch\u00e4tzte Lesezeit":"1\u00a0Minute"},"schema":{"@context":"https:\/\/schema.org","@graph":[{"@type":"WebPage","@id":"https:\/\/norvita.eu\/de\/pood\/eisen\/","url":"https:\/\/norvita.eu\/de\/pood\/eisen\/","name":"Eisen | Norvita sprei- ja geelvitamiinid","isPartOf":{"@id":"https:\/\/norvita.eu\/de\/#website"},"primaryImageOfPage":{"@id":"https:\/\/norvita.eu\/de\/pood\/eisen\/#primaryimage"},"image":{"@id":"https:\/\/norvita.eu\/de\/pood\/eisen\/#primaryimage"},"thumbnailUrl":"https:\/\/norvita.eu\/wp-content\/uploads\/2023\/06\/NorVita-Iron-b-vitamin-spray-30ml.png","datePublished":"2023-06-27T21:35:30+00:00","dateModified":"2026-02-25T21:59:44+00:00","description":"Die Einnahme eines Eisenpr\u00e4parats hilft, M\u00fcdigkeit zu verringern, zus\u00e4tzliche Energie zu liefern und das Immunsystem zu unterst\u00fctzen. Beste Aufnahme als Spr\u00fchvitamin.","breadcrumb":{"@id":"https:\/\/norvita.eu\/de\/pood\/eisen\/#breadcrumb"},"inLanguage":"de","potentialAction":[{"@type":"ReadAction","target":["https:\/\/norvita.eu\/de\/pood\/eisen\/"]}]},{"@type":"ImageObject","inLanguage":"de","@id":"https:\/\/norvita.eu\/de\/pood\/eisen\/#primaryimage","url":"https:\/\/norvita.eu\/wp-content\/uploads\/2023\/06\/NorVita-Iron-b-vitamin-spray-30ml.png","contentUrl":"https:\/\/norvita.eu\/wp-content\/uploads\/2023\/06\/NorVita-Iron-b-vitamin-spray-30ml.png","width":1000,"height":999,"caption":"raud ja b-vitamiin"},{"@type":"BreadcrumbList","@id":"https:\/\/norvita.eu\/de\/pood\/eisen\/#breadcrumb","itemListElement":[{"@type":"ListItem","position":1,"name":"Home","item":"https:\/\/norvita.eu\/de\/"},{"@type":"ListItem","position":2,"name":"Shop","item":"https:\/\/norvita.eu\/de\/shop\/"},{"@type":"ListItem","position":3,"name":"Eisen"}]},{"@type":"WebSite","@id":"https:\/\/norvita.eu\/de\/#website","url":"https:\/\/norvita.eu\/de\/","name":"Norvita sprei- ja geelvitamiinid","description":"Sprei vitamiinid ja toidulisandid","publisher":{"@id":"https:\/\/norvita.eu\/de\/#organization"},"potentialAction":[{"@type":"SearchAction","target":{"@type":"EntryPoint","urlTemplate":"https:\/\/norvita.eu\/de\/?s={search_term_string}"},"query-input":{"@type":"PropertyValueSpecification","valueRequired":true,"valueName":"search_term_string"}}],"inLanguage":"de"},{"@type":"Organization","@id":"https:\/\/norvita.eu\/de\/#organization","name":"NorVita","url":"https:\/\/norvita.eu\/de\/","logo":{"@type":"ImageObject","inLanguage":"de","@id":"https:\/\/norvita.eu\/de\/#\/schema\/logo\/image\/","url":"https:\/\/norvita.eu\/wp-content\/uploads\/2022\/07\/NorVita.svg","contentUrl":"https:\/\/norvita.eu\/wp-content\/uploads\/2022\/07\/NorVita.svg","width":96,"height":26,"caption":"NorVita"},"image":{"@id":"https:\/\/norvita.eu\/de\/#\/schema\/logo\/image\/"},"sameAs":["https:\/\/www.facebook.com\/norvitasupplements","https:\/\/www.instagram.com\/norvita_supplements\/"]}]}},"_links":{"self":[{"href":"https:\/\/norvita.eu\/de\/wp-json\/wp\/v2\/product\/5737","targetHints":{"allow":["GET"]}}],"collection":[{"href":"https:\/\/norvita.eu\/de\/wp-json\/wp\/v2\/product"}],"about":[{"href":"https:\/\/norvita.eu\/de\/wp-json\/wp\/v2\/types\/product"}],"replies":[{"embeddable":true,"href":"https:\/\/norvita.eu\/de\/wp-json\/wp\/v2\/comments?post=5737"}],"wp:featuredmedia":[{"embeddable":true,"href":"https:\/\/norvita.eu\/de\/wp-json\/wp\/v2\/media\/5705"}],"wp:attachment":[{"href":"https:\/\/norvita.eu\/de\/wp-json\/wp\/v2\/media?parent=5737"}],"wp:term":[{"taxonomy":"product_brand","embeddable":true,"href":"https:\/\/norvita.eu\/de\/wp-json\/wp\/v2\/product_brand?post=5737"},{"taxonomy":"product_cat","embeddable":true,"href":"https:\/\/norvita.eu\/de\/wp-json\/wp\/v2\/product_cat?post=5737"},{"taxonomy":"product_tag","embeddable":true,"href":"https:\/\/norvita.eu\/de\/wp-json\/wp\/v2\/product_tag?post=5737"}],"curies":[{"name":"wp","href":"https:\/\/api.w.org\/{rel}","templated":true}]}}