{"id":4800,"date":"2022-08-31T19:25:59","date_gmt":"2022-08-31T19:25:59","guid":{"rendered":"https:\/\/norvita.eu\/pood\/b12-vitamiin\/"},"modified":"2026-02-26T00:30:49","modified_gmt":"2026-02-25T22:30:49","slug":"vitamin-b12","status":"publish","type":"product","link":"https:\/\/norvita.eu\/de\/pood\/vitamin-b12\/","title":{"rendered":"Vitamin B12"},"content":{"rendered":"","protected":false},"excerpt":{"rendered":"<h2>Ein lebenswichtiges Vitamin, das f\u00fcr Ruhe und Ausgeglichenheit sorgt und Energie spendet<\/h2>\n<p>Vitamin B12 ist vor allem f\u00fcr das Funktionieren des Nervensystems und der psychischen Funktionen, f\u00fcr die Bildung roter Blutk\u00f6rperchen und f\u00fcr das normale Funktionieren des Immunsystems notwendig. \u00dcbrigens ist Vitamin B12 eines der wichtigsten Merkmale, um Ihr bestes, vitales, gutm\u00fctiges und energiegeladenes Selbst zu erhalten. Wenn Sie gro\u00dfe M\u00fcdigkeit, Angstzust\u00e4nde und k\u00f6rperliche Muskelschw\u00e4che bemerken, geben Sie Ihrem K\u00f6rper mit Vitamin B12-Spray zus\u00e4tzliche Kraft. Mit einem Vitamin-Spray, das \u00fcber die Mundschleimhaut aufgenommen wird, sp\u00fcren Sie das Ergebnis 30 % effektiver als mit einem injizierbaren Medikament.<\/p>\n","protected":false},"featured_media":4581,"comment_status":"open","ping_status":"closed","template":"","meta":{"_acf_changed":false,"inline_featured_image":false},"product_brand":[],"product_cat":[85,84],"product_tag":[],"class_list":{"0":"post-4800","1":"product","2":"type-product","3":"status-publish","4":"has-post-thumbnail","6":"product_cat-alle","7":"product_cat-spray-de","9":"first","10":"instock","11":"taxable","12":"shipping-taxable","13":"purchasable","14":"product-type-simple"},"acf":[],"yoast_head":"<!-- This site is optimized with the Yoast SEO plugin v27.2 - https:\/\/yoast.com\/product\/yoast-seo-wordpress\/ -->\n<title>Vitamin B12 | Norvita sprei- ja geelvitamiinid<\/title>\n<meta name=\"description\" content=\"Vitamin B12 - wenn Sie gro\u00dfe M\u00fcdigkeit, Unruhe und k\u00f6rperliche Muskelschw\u00e4che bemerken, geben Sie Ihrem K\u00f6rper zus\u00e4tzliche Kraft mit Vitamin B12 Spray.\" \/>\n<meta name=\"robots\" content=\"index, follow, max-snippet:-1, max-image-preview:large, max-video-preview:-1\" \/>\n<link rel=\"canonical\" href=\"https:\/\/norvita.eu\/de\/pood\/vitamin-b12\/\" \/>\n<meta property=\"og:locale\" content=\"de_DE\" \/>\n<meta property=\"og:type\" content=\"article\" \/>\n<meta property=\"og:title\" content=\"Vitamin B12 | Norvita sprei- ja geelvitamiinid\" \/>\n<meta property=\"og:description\" content=\"Vitamin B12 - wenn Sie gro\u00dfe M\u00fcdigkeit, Unruhe und k\u00f6rperliche Muskelschw\u00e4che bemerken, geben Sie Ihrem K\u00f6rper zus\u00e4tzliche Kraft mit Vitamin B12 Spray.\" \/>\n<meta property=\"og:url\" content=\"https:\/\/norvita.eu\/de\/pood\/vitamin-b12\/\" \/>\n<meta property=\"og:site_name\" content=\"Norvita sprei- ja geelvitamiinid\" \/>\n<meta property=\"article:publisher\" content=\"https:\/\/www.facebook.com\/norvitasupplements\" \/>\n<meta property=\"article:modified_time\" content=\"2026-02-25T22:30:49+00:00\" \/>\n<meta property=\"og:image\" content=\"https:\/\/norvita.eu\/wp-content\/uploads\/2022\/09\/NorVita-B12-spray-30ml.png\" \/>\n\t<meta property=\"og:image:width\" content=\"1000\" \/>\n\t<meta property=\"og:image:height\" content=\"999\" \/>\n\t<meta property=\"og:image:type\" content=\"image\/png\" \/>\n<meta name=\"twitter:card\" content=\"summary_large_image\" \/>\n<script type=\"application\/ld+json\" class=\"yoast-schema-graph\">{\"@context\":\"https:\/\/schema.org\",\"@graph\":[{\"@type\":\"WebPage\",\"@id\":\"https:\/\/norvita.eu\/de\/pood\/vitamin-b12\/\",\"url\":\"https:\/\/norvita.eu\/de\/pood\/vitamin-b12\/\",\"name\":\"Vitamin B12 | Norvita sprei- ja geelvitamiinid\",\"isPartOf\":{\"@id\":\"https:\/\/norvita.eu\/de\/#website\"},\"primaryImageOfPage\":{\"@id\":\"https:\/\/norvita.eu\/de\/pood\/vitamin-b12\/#primaryimage\"},\"image\":{\"@id\":\"https:\/\/norvita.eu\/de\/pood\/vitamin-b12\/#primaryimage\"},\"thumbnailUrl\":\"https:\/\/norvita.eu\/wp-content\/uploads\/2022\/09\/NorVita-B12-spray-30ml.png\",\"datePublished\":\"2022-08-31T19:25:59+00:00\",\"dateModified\":\"2026-02-25T22:30:49+00:00\",\"description\":\"Vitamin B12 - wenn Sie gro\u00dfe M\u00fcdigkeit, Unruhe und k\u00f6rperliche Muskelschw\u00e4che bemerken, geben Sie Ihrem K\u00f6rper zus\u00e4tzliche Kraft mit Vitamin B12 Spray.\",\"breadcrumb\":{\"@id\":\"https:\/\/norvita.eu\/de\/pood\/vitamin-b12\/#breadcrumb\"},\"inLanguage\":\"de\",\"potentialAction\":[{\"@type\":\"ReadAction\",\"target\":[\"https:\/\/norvita.eu\/de\/pood\/vitamin-b12\/\"]}]},{\"@type\":\"ImageObject\",\"inLanguage\":\"de\",\"@id\":\"https:\/\/norvita.eu\/de\/pood\/vitamin-b12\/#primaryimage\",\"url\":\"https:\/\/norvita.eu\/wp-content\/uploads\/2022\/09\/NorVita-B12-spray-30ml.png\",\"contentUrl\":\"https:\/\/norvita.eu\/wp-content\/uploads\/2022\/09\/NorVita-B12-spray-30ml.png\",\"width\":1000,\"height\":999,\"caption\":\"B12 apreivitamiin - spray vitamin\"},{\"@type\":\"BreadcrumbList\",\"@id\":\"https:\/\/norvita.eu\/de\/pood\/vitamin-b12\/#breadcrumb\",\"itemListElement\":[{\"@type\":\"ListItem\",\"position\":1,\"name\":\"Home\",\"item\":\"https:\/\/norvita.eu\/de\/\"},{\"@type\":\"ListItem\",\"position\":2,\"name\":\"Shop\",\"item\":\"https:\/\/norvita.eu\/de\/shop\/\"},{\"@type\":\"ListItem\",\"position\":3,\"name\":\"Vitamin B12\"}]},{\"@type\":\"WebSite\",\"@id\":\"https:\/\/norvita.eu\/de\/#website\",\"url\":\"https:\/\/norvita.eu\/de\/\",\"name\":\"Norvita sprei- ja geelvitamiinid\",\"description\":\"Sprei vitamiinid ja toidulisandid\",\"publisher\":{\"@id\":\"https:\/\/norvita.eu\/de\/#organization\"},\"potentialAction\":[{\"@type\":\"SearchAction\",\"target\":{\"@type\":\"EntryPoint\",\"urlTemplate\":\"https:\/\/norvita.eu\/de\/?s={search_term_string}\"},\"query-input\":{\"@type\":\"PropertyValueSpecification\",\"valueRequired\":true,\"valueName\":\"search_term_string\"}}],\"inLanguage\":\"de\"},{\"@type\":\"Organization\",\"@id\":\"https:\/\/norvita.eu\/de\/#organization\",\"name\":\"NorVita\",\"url\":\"https:\/\/norvita.eu\/de\/\",\"logo\":{\"@type\":\"ImageObject\",\"inLanguage\":\"de\",\"@id\":\"https:\/\/norvita.eu\/de\/#\/schema\/logo\/image\/\",\"url\":\"https:\/\/norvita.eu\/wp-content\/uploads\/2022\/07\/NorVita.svg\",\"contentUrl\":\"https:\/\/norvita.eu\/wp-content\/uploads\/2022\/07\/NorVita.svg\",\"width\":96,\"height\":26,\"caption\":\"NorVita\"},\"image\":{\"@id\":\"https:\/\/norvita.eu\/de\/#\/schema\/logo\/image\/\"},\"sameAs\":[\"https:\/\/www.facebook.com\/norvitasupplements\",\"https:\/\/www.instagram.com\/norvita_supplements\/\"]}]}<\/script>\n<!-- \/ Yoast SEO plugin. -->","yoast_head_json":{"title":"Vitamin B12 | Norvita sprei- ja geelvitamiinid","description":"Vitamin B12 - wenn Sie gro\u00dfe M\u00fcdigkeit, Unruhe und k\u00f6rperliche Muskelschw\u00e4che bemerken, geben Sie Ihrem K\u00f6rper zus\u00e4tzliche Kraft mit Vitamin B12 Spray.","robots":{"index":"index","follow":"follow","max-snippet":"max-snippet:-1","max-image-preview":"max-image-preview:large","max-video-preview":"max-video-preview:-1"},"canonical":"https:\/\/norvita.eu\/de\/pood\/vitamin-b12\/","og_locale":"de_DE","og_type":"article","og_title":"Vitamin B12 | Norvita sprei- ja geelvitamiinid","og_description":"Vitamin B12 - wenn Sie gro\u00dfe M\u00fcdigkeit, Unruhe und k\u00f6rperliche Muskelschw\u00e4che bemerken, geben Sie Ihrem K\u00f6rper zus\u00e4tzliche Kraft mit Vitamin B12 Spray.","og_url":"https:\/\/norvita.eu\/de\/pood\/vitamin-b12\/","og_site_name":"Norvita sprei- ja geelvitamiinid","article_publisher":"https:\/\/www.facebook.com\/norvitasupplements","article_modified_time":"2026-02-25T22:30:49+00:00","og_image":[{"width":1000,"height":999,"url":"https:\/\/norvita.eu\/wp-content\/uploads\/2022\/09\/NorVita-B12-spray-30ml.png","type":"image\/png"}],"twitter_card":"summary_large_image","schema":{"@context":"https:\/\/schema.org","@graph":[{"@type":"WebPage","@id":"https:\/\/norvita.eu\/de\/pood\/vitamin-b12\/","url":"https:\/\/norvita.eu\/de\/pood\/vitamin-b12\/","name":"Vitamin B12 | Norvita sprei- ja geelvitamiinid","isPartOf":{"@id":"https:\/\/norvita.eu\/de\/#website"},"primaryImageOfPage":{"@id":"https:\/\/norvita.eu\/de\/pood\/vitamin-b12\/#primaryimage"},"image":{"@id":"https:\/\/norvita.eu\/de\/pood\/vitamin-b12\/#primaryimage"},"thumbnailUrl":"https:\/\/norvita.eu\/wp-content\/uploads\/2022\/09\/NorVita-B12-spray-30ml.png","datePublished":"2022-08-31T19:25:59+00:00","dateModified":"2026-02-25T22:30:49+00:00","description":"Vitamin B12 - wenn Sie gro\u00dfe M\u00fcdigkeit, Unruhe und k\u00f6rperliche Muskelschw\u00e4che bemerken, geben Sie Ihrem K\u00f6rper zus\u00e4tzliche Kraft mit Vitamin B12 Spray.","breadcrumb":{"@id":"https:\/\/norvita.eu\/de\/pood\/vitamin-b12\/#breadcrumb"},"inLanguage":"de","potentialAction":[{"@type":"ReadAction","target":["https:\/\/norvita.eu\/de\/pood\/vitamin-b12\/"]}]},{"@type":"ImageObject","inLanguage":"de","@id":"https:\/\/norvita.eu\/de\/pood\/vitamin-b12\/#primaryimage","url":"https:\/\/norvita.eu\/wp-content\/uploads\/2022\/09\/NorVita-B12-spray-30ml.png","contentUrl":"https:\/\/norvita.eu\/wp-content\/uploads\/2022\/09\/NorVita-B12-spray-30ml.png","width":1000,"height":999,"caption":"B12 apreivitamiin - spray vitamin"},{"@type":"BreadcrumbList","@id":"https:\/\/norvita.eu\/de\/pood\/vitamin-b12\/#breadcrumb","itemListElement":[{"@type":"ListItem","position":1,"name":"Home","item":"https:\/\/norvita.eu\/de\/"},{"@type":"ListItem","position":2,"name":"Shop","item":"https:\/\/norvita.eu\/de\/shop\/"},{"@type":"ListItem","position":3,"name":"Vitamin B12"}]},{"@type":"WebSite","@id":"https:\/\/norvita.eu\/de\/#website","url":"https:\/\/norvita.eu\/de\/","name":"Norvita sprei- ja geelvitamiinid","description":"Sprei vitamiinid ja toidulisandid","publisher":{"@id":"https:\/\/norvita.eu\/de\/#organization"},"potentialAction":[{"@type":"SearchAction","target":{"@type":"EntryPoint","urlTemplate":"https:\/\/norvita.eu\/de\/?s={search_term_string}"},"query-input":{"@type":"PropertyValueSpecification","valueRequired":true,"valueName":"search_term_string"}}],"inLanguage":"de"},{"@type":"Organization","@id":"https:\/\/norvita.eu\/de\/#organization","name":"NorVita","url":"https:\/\/norvita.eu\/de\/","logo":{"@type":"ImageObject","inLanguage":"de","@id":"https:\/\/norvita.eu\/de\/#\/schema\/logo\/image\/","url":"https:\/\/norvita.eu\/wp-content\/uploads\/2022\/07\/NorVita.svg","contentUrl":"https:\/\/norvita.eu\/wp-content\/uploads\/2022\/07\/NorVita.svg","width":96,"height":26,"caption":"NorVita"},"image":{"@id":"https:\/\/norvita.eu\/de\/#\/schema\/logo\/image\/"},"sameAs":["https:\/\/www.facebook.com\/norvitasupplements","https:\/\/www.instagram.com\/norvita_supplements\/"]}]}},"_links":{"self":[{"href":"https:\/\/norvita.eu\/de\/wp-json\/wp\/v2\/product\/4800","targetHints":{"allow":["GET"]}}],"collection":[{"href":"https:\/\/norvita.eu\/de\/wp-json\/wp\/v2\/product"}],"about":[{"href":"https:\/\/norvita.eu\/de\/wp-json\/wp\/v2\/types\/product"}],"replies":[{"embeddable":true,"href":"https:\/\/norvita.eu\/de\/wp-json\/wp\/v2\/comments?post=4800"}],"wp:featuredmedia":[{"embeddable":true,"href":"https:\/\/norvita.eu\/de\/wp-json\/wp\/v2\/media\/4581"}],"wp:attachment":[{"href":"https:\/\/norvita.eu\/de\/wp-json\/wp\/v2\/media?parent=4800"}],"wp:term":[{"taxonomy":"product_brand","embeddable":true,"href":"https:\/\/norvita.eu\/de\/wp-json\/wp\/v2\/product_brand?post=4800"},{"taxonomy":"product_cat","embeddable":true,"href":"https:\/\/norvita.eu\/de\/wp-json\/wp\/v2\/product_cat?post=4800"},{"taxonomy":"product_tag","embeddable":true,"href":"https:\/\/norvita.eu\/de\/wp-json\/wp\/v2\/product_tag?post=4800"}],"curies":[{"name":"wp","href":"https:\/\/api.w.org\/{rel}","templated":true}]}}