{"id":4799,"date":"2022-08-31T19:36:27","date_gmt":"2022-08-31T19:36:27","guid":{"rendered":"https:\/\/norvita.eu\/pood\/biotiin\/"},"modified":"2026-02-26T00:32:12","modified_gmt":"2026-02-25T22:32:12","slug":"biotin","status":"publish","type":"product","link":"https:\/\/norvita.eu\/de\/pood\/biotin\/","title":{"rendered":"Biotin"},"content":{"rendered":"","protected":false},"excerpt":{"rendered":"<h2>Eine dreifache L\u00f6sung f\u00fcr gesundes Haar, strahlende Haut und ein stabiles Nervensystem<\/h2>\n<p>Vitamin H oder B7, oder Biotin, ist ein unersetzlicher Helfer mit vielen n\u00fctzlichen Faktoren, aber vor allem daf\u00fcr bekannt, dass es Ihnen kr\u00e4ftiges und gesundes Haar, gepflegte Haut und ein gut funktionierendes Nervensystem verleiht. Wenn Sie die ersten Anzeichen des Alterns an Ihrem K\u00f6rper bemerken, wie z. B. br\u00fcchige Haare und N\u00e4gel und stumpfe Haut, bringt Biotin Ihre nat\u00fcrliche Ausstrahlung zur\u00fcck. So tr\u00e4gt diese Substanz beispielsweise dazu bei, die Haardicke deutlich zu verbessern und Falten im Gesicht zu reduzieren. Die Verwendung eines oral verabreichten Spr\u00fchvitamins ist einfach, und so wird Biotin um ein Vielfaches schneller und effektiver in Ihren K\u00f6rper aufgenommen.<\/p>\n","protected":false},"featured_media":5259,"comment_status":"open","ping_status":"closed","template":"","meta":{"_acf_changed":false,"inline_featured_image":false},"product_brand":[],"product_cat":[85,84],"product_tag":[],"class_list":{"0":"post-4799","1":"product","2":"type-product","3":"status-publish","4":"has-post-thumbnail","6":"product_cat-alle","7":"product_cat-spray-de","9":"first","10":"instock","11":"featured","12":"taxable","13":"shipping-taxable","14":"purchasable","15":"product-type-simple"},"acf":[],"yoast_head":"<!-- This site is optimized with the Yoast SEO plugin v27.2 - https:\/\/yoast.com\/product\/yoast-seo-wordpress\/ -->\n<title>Biotin | Norvita sprei- ja geelvitamiinid<\/title>\n<meta name=\"description\" content=\"Biotin - Spr\u00fchvitamin f\u00fcr Haare, Haut und N\u00e4gel. Eine dreifache L\u00f6sung f\u00fcr gesundes Haar, strahlende Haut und ein stabiles Nervensystem. Einfach zu verwenden.\" \/>\n<meta name=\"robots\" content=\"index, follow, max-snippet:-1, max-image-preview:large, max-video-preview:-1\" \/>\n<link rel=\"canonical\" href=\"https:\/\/norvita.eu\/de\/pood\/biotin\/\" \/>\n<meta property=\"og:locale\" content=\"de_DE\" \/>\n<meta property=\"og:type\" content=\"article\" \/>\n<meta property=\"og:title\" content=\"Biotin | Norvita sprei- ja geelvitamiinid\" \/>\n<meta property=\"og:description\" content=\"Biotin - Spr\u00fchvitamin f\u00fcr Haare, Haut und N\u00e4gel. Eine dreifache L\u00f6sung f\u00fcr gesundes Haar, strahlende Haut und ein stabiles Nervensystem. Einfach zu verwenden.\" \/>\n<meta property=\"og:url\" content=\"https:\/\/norvita.eu\/de\/pood\/biotin\/\" \/>\n<meta property=\"og:site_name\" content=\"Norvita sprei- ja geelvitamiinid\" \/>\n<meta property=\"article:publisher\" content=\"https:\/\/www.facebook.com\/norvitasupplements\" \/>\n<meta property=\"article:modified_time\" content=\"2026-02-25T22:32:12+00:00\" \/>\n<meta property=\"og:image\" content=\"https:\/\/norvita.eu\/wp-content\/uploads\/2022\/08\/Biotiin-ilulemmik.png\" \/>\n\t<meta property=\"og:image:width\" content=\"1000\" \/>\n\t<meta property=\"og:image:height\" content=\"1000\" \/>\n\t<meta property=\"og:image:type\" content=\"image\/png\" \/>\n<meta name=\"twitter:card\" content=\"summary_large_image\" \/>\n<meta name=\"twitter:label1\" content=\"Gesch\u00e4tzte Lesezeit\" \/>\n\t<meta name=\"twitter:data1\" content=\"1\u00a0Minute\" \/>\n<script type=\"application\/ld+json\" class=\"yoast-schema-graph\">{\"@context\":\"https:\/\/schema.org\",\"@graph\":[{\"@type\":\"WebPage\",\"@id\":\"https:\/\/norvita.eu\/de\/pood\/biotin\/\",\"url\":\"https:\/\/norvita.eu\/de\/pood\/biotin\/\",\"name\":\"Biotin | Norvita sprei- ja geelvitamiinid\",\"isPartOf\":{\"@id\":\"https:\/\/norvita.eu\/de\/#website\"},\"primaryImageOfPage\":{\"@id\":\"https:\/\/norvita.eu\/de\/pood\/biotin\/#primaryimage\"},\"image\":{\"@id\":\"https:\/\/norvita.eu\/de\/pood\/biotin\/#primaryimage\"},\"thumbnailUrl\":\"https:\/\/norvita.eu\/wp-content\/uploads\/2022\/08\/Biotiin-ilulemmik.png\",\"datePublished\":\"2022-08-31T19:36:27+00:00\",\"dateModified\":\"2026-02-25T22:32:12+00:00\",\"description\":\"Biotin - Spr\u00fchvitamin f\u00fcr Haare, Haut und N\u00e4gel. Eine dreifache L\u00f6sung f\u00fcr gesundes Haar, strahlende Haut und ein stabiles Nervensystem. Einfach zu verwenden.\",\"breadcrumb\":{\"@id\":\"https:\/\/norvita.eu\/de\/pood\/biotin\/#breadcrumb\"},\"inLanguage\":\"de\",\"potentialAction\":[{\"@type\":\"ReadAction\",\"target\":[\"https:\/\/norvita.eu\/de\/pood\/biotin\/\"]}]},{\"@type\":\"ImageObject\",\"inLanguage\":\"de\",\"@id\":\"https:\/\/norvita.eu\/de\/pood\/biotin\/#primaryimage\",\"url\":\"https:\/\/norvita.eu\/wp-content\/uploads\/2022\/08\/Biotiin-ilulemmik.png\",\"contentUrl\":\"https:\/\/norvita.eu\/wp-content\/uploads\/2022\/08\/Biotiin-ilulemmik.png\",\"width\":1000,\"height\":1000,\"caption\":\"NorVita biotiin sprei vitamiin ilulemmik\"},{\"@type\":\"BreadcrumbList\",\"@id\":\"https:\/\/norvita.eu\/de\/pood\/biotin\/#breadcrumb\",\"itemListElement\":[{\"@type\":\"ListItem\",\"position\":1,\"name\":\"Home\",\"item\":\"https:\/\/norvita.eu\/de\/\"},{\"@type\":\"ListItem\",\"position\":2,\"name\":\"Shop\",\"item\":\"https:\/\/norvita.eu\/de\/shop\/\"},{\"@type\":\"ListItem\",\"position\":3,\"name\":\"Biotin\"}]},{\"@type\":\"WebSite\",\"@id\":\"https:\/\/norvita.eu\/de\/#website\",\"url\":\"https:\/\/norvita.eu\/de\/\",\"name\":\"Norvita sprei- ja geelvitamiinid\",\"description\":\"Sprei vitamiinid ja toidulisandid\",\"publisher\":{\"@id\":\"https:\/\/norvita.eu\/de\/#organization\"},\"potentialAction\":[{\"@type\":\"SearchAction\",\"target\":{\"@type\":\"EntryPoint\",\"urlTemplate\":\"https:\/\/norvita.eu\/de\/?s={search_term_string}\"},\"query-input\":{\"@type\":\"PropertyValueSpecification\",\"valueRequired\":true,\"valueName\":\"search_term_string\"}}],\"inLanguage\":\"de\"},{\"@type\":\"Organization\",\"@id\":\"https:\/\/norvita.eu\/de\/#organization\",\"name\":\"NorVita\",\"url\":\"https:\/\/norvita.eu\/de\/\",\"logo\":{\"@type\":\"ImageObject\",\"inLanguage\":\"de\",\"@id\":\"https:\/\/norvita.eu\/de\/#\/schema\/logo\/image\/\",\"url\":\"https:\/\/norvita.eu\/wp-content\/uploads\/2022\/07\/NorVita.svg\",\"contentUrl\":\"https:\/\/norvita.eu\/wp-content\/uploads\/2022\/07\/NorVita.svg\",\"width\":96,\"height\":26,\"caption\":\"NorVita\"},\"image\":{\"@id\":\"https:\/\/norvita.eu\/de\/#\/schema\/logo\/image\/\"},\"sameAs\":[\"https:\/\/www.facebook.com\/norvitasupplements\",\"https:\/\/www.instagram.com\/norvita_supplements\/\"]}]}<\/script>\n<!-- \/ Yoast SEO plugin. -->","yoast_head_json":{"title":"Biotin | Norvita sprei- ja geelvitamiinid","description":"Biotin - Spr\u00fchvitamin f\u00fcr Haare, Haut und N\u00e4gel. Eine dreifache L\u00f6sung f\u00fcr gesundes Haar, strahlende Haut und ein stabiles Nervensystem. Einfach zu verwenden.","robots":{"index":"index","follow":"follow","max-snippet":"max-snippet:-1","max-image-preview":"max-image-preview:large","max-video-preview":"max-video-preview:-1"},"canonical":"https:\/\/norvita.eu\/de\/pood\/biotin\/","og_locale":"de_DE","og_type":"article","og_title":"Biotin | Norvita sprei- ja geelvitamiinid","og_description":"Biotin - Spr\u00fchvitamin f\u00fcr Haare, Haut und N\u00e4gel. Eine dreifache L\u00f6sung f\u00fcr gesundes Haar, strahlende Haut und ein stabiles Nervensystem. Einfach zu verwenden.","og_url":"https:\/\/norvita.eu\/de\/pood\/biotin\/","og_site_name":"Norvita sprei- ja geelvitamiinid","article_publisher":"https:\/\/www.facebook.com\/norvitasupplements","article_modified_time":"2026-02-25T22:32:12+00:00","og_image":[{"width":1000,"height":1000,"url":"https:\/\/norvita.eu\/wp-content\/uploads\/2022\/08\/Biotiin-ilulemmik.png","type":"image\/png"}],"twitter_card":"summary_large_image","twitter_misc":{"Gesch\u00e4tzte Lesezeit":"1\u00a0Minute"},"schema":{"@context":"https:\/\/schema.org","@graph":[{"@type":"WebPage","@id":"https:\/\/norvita.eu\/de\/pood\/biotin\/","url":"https:\/\/norvita.eu\/de\/pood\/biotin\/","name":"Biotin | Norvita sprei- ja geelvitamiinid","isPartOf":{"@id":"https:\/\/norvita.eu\/de\/#website"},"primaryImageOfPage":{"@id":"https:\/\/norvita.eu\/de\/pood\/biotin\/#primaryimage"},"image":{"@id":"https:\/\/norvita.eu\/de\/pood\/biotin\/#primaryimage"},"thumbnailUrl":"https:\/\/norvita.eu\/wp-content\/uploads\/2022\/08\/Biotiin-ilulemmik.png","datePublished":"2022-08-31T19:36:27+00:00","dateModified":"2026-02-25T22:32:12+00:00","description":"Biotin - Spr\u00fchvitamin f\u00fcr Haare, Haut und N\u00e4gel. Eine dreifache L\u00f6sung f\u00fcr gesundes Haar, strahlende Haut und ein stabiles Nervensystem. Einfach zu verwenden.","breadcrumb":{"@id":"https:\/\/norvita.eu\/de\/pood\/biotin\/#breadcrumb"},"inLanguage":"de","potentialAction":[{"@type":"ReadAction","target":["https:\/\/norvita.eu\/de\/pood\/biotin\/"]}]},{"@type":"ImageObject","inLanguage":"de","@id":"https:\/\/norvita.eu\/de\/pood\/biotin\/#primaryimage","url":"https:\/\/norvita.eu\/wp-content\/uploads\/2022\/08\/Biotiin-ilulemmik.png","contentUrl":"https:\/\/norvita.eu\/wp-content\/uploads\/2022\/08\/Biotiin-ilulemmik.png","width":1000,"height":1000,"caption":"NorVita biotiin sprei vitamiin ilulemmik"},{"@type":"BreadcrumbList","@id":"https:\/\/norvita.eu\/de\/pood\/biotin\/#breadcrumb","itemListElement":[{"@type":"ListItem","position":1,"name":"Home","item":"https:\/\/norvita.eu\/de\/"},{"@type":"ListItem","position":2,"name":"Shop","item":"https:\/\/norvita.eu\/de\/shop\/"},{"@type":"ListItem","position":3,"name":"Biotin"}]},{"@type":"WebSite","@id":"https:\/\/norvita.eu\/de\/#website","url":"https:\/\/norvita.eu\/de\/","name":"Norvita sprei- ja geelvitamiinid","description":"Sprei vitamiinid ja toidulisandid","publisher":{"@id":"https:\/\/norvita.eu\/de\/#organization"},"potentialAction":[{"@type":"SearchAction","target":{"@type":"EntryPoint","urlTemplate":"https:\/\/norvita.eu\/de\/?s={search_term_string}"},"query-input":{"@type":"PropertyValueSpecification","valueRequired":true,"valueName":"search_term_string"}}],"inLanguage":"de"},{"@type":"Organization","@id":"https:\/\/norvita.eu\/de\/#organization","name":"NorVita","url":"https:\/\/norvita.eu\/de\/","logo":{"@type":"ImageObject","inLanguage":"de","@id":"https:\/\/norvita.eu\/de\/#\/schema\/logo\/image\/","url":"https:\/\/norvita.eu\/wp-content\/uploads\/2022\/07\/NorVita.svg","contentUrl":"https:\/\/norvita.eu\/wp-content\/uploads\/2022\/07\/NorVita.svg","width":96,"height":26,"caption":"NorVita"},"image":{"@id":"https:\/\/norvita.eu\/de\/#\/schema\/logo\/image\/"},"sameAs":["https:\/\/www.facebook.com\/norvitasupplements","https:\/\/www.instagram.com\/norvita_supplements\/"]}]}},"_links":{"self":[{"href":"https:\/\/norvita.eu\/de\/wp-json\/wp\/v2\/product\/4799","targetHints":{"allow":["GET"]}}],"collection":[{"href":"https:\/\/norvita.eu\/de\/wp-json\/wp\/v2\/product"}],"about":[{"href":"https:\/\/norvita.eu\/de\/wp-json\/wp\/v2\/types\/product"}],"replies":[{"embeddable":true,"href":"https:\/\/norvita.eu\/de\/wp-json\/wp\/v2\/comments?post=4799"}],"wp:featuredmedia":[{"embeddable":true,"href":"https:\/\/norvita.eu\/de\/wp-json\/wp\/v2\/media\/5259"}],"wp:attachment":[{"href":"https:\/\/norvita.eu\/de\/wp-json\/wp\/v2\/media?parent=4799"}],"wp:term":[{"taxonomy":"product_brand","embeddable":true,"href":"https:\/\/norvita.eu\/de\/wp-json\/wp\/v2\/product_brand?post=4799"},{"taxonomy":"product_cat","embeddable":true,"href":"https:\/\/norvita.eu\/de\/wp-json\/wp\/v2\/product_cat?post=4799"},{"taxonomy":"product_tag","embeddable":true,"href":"https:\/\/norvita.eu\/de\/wp-json\/wp\/v2\/product_tag?post=4799"}],"curies":[{"name":"wp","href":"https:\/\/api.w.org\/{rel}","templated":true}]}}