{"id":4790,"date":"2022-08-31T19:50:04","date_gmt":"2022-08-31T19:50:04","guid":{"rendered":"https:\/\/norvita.eu\/pood\/b-kompleks-vitamiin\/"},"modified":"2026-02-26T00:33:30","modified_gmt":"2026-02-25T22:33:30","slug":"vitamin-b","status":"publish","type":"product","link":"https:\/\/norvita.eu\/de\/pood\/vitamin-b\/","title":{"rendered":"Vitamin B"},"content":{"rendered":"","protected":false},"excerpt":{"rendered":"<h2>Eine vielschichtige Kraft f\u00fcr das effiziente Funktionieren von Nervensystem, Gehirn und Blutgef\u00e4\u00dfen<\/h2>\n<p>Vitamin B wird eigentlich in einen Komplex unterteilt, der mehrere B-Vitamine enth\u00e4lt. Zusammen erf\u00fcllen sie mehrere wichtige Funktionen, wirken sich aber direkt auf Herz, Stimmung, K\u00f6rperenergie, Gewicht und Verdauung aus. Es ist erforscht worden, dass dieser Held in der Lage ist, das Stressniveau einer Person im Alltag um bis zu 20 % zu senken. Wenn Sie Ihren Seelenfrieden schnell wiederherstellen wollen, verwenden Sie ein orales Vitamin-B-Spray, dessen Wirkung effektiver ist als die von Tabletten und Kapseln und dessen Anwendung schneller und einfacher ist.<\/p>\n","protected":false},"featured_media":4580,"comment_status":"open","ping_status":"closed","template":"","meta":{"_acf_changed":false,"inline_featured_image":false},"product_brand":[],"product_cat":[85,84],"product_tag":[],"class_list":{"0":"post-4790","1":"product","2":"type-product","3":"status-publish","4":"has-post-thumbnail","6":"product_cat-alle","7":"product_cat-spray-de","9":"first","10":"instock","11":"taxable","12":"shipping-taxable","13":"purchasable","14":"product-type-simple"},"acf":[],"yoast_head":"<!-- This site is optimized with the Yoast SEO plugin v27.2 - https:\/\/yoast.com\/product\/yoast-seo-wordpress\/ -->\n<title>Vitamin B | Norvita sprei- ja geelvitamiinid<\/title>\n<meta name=\"description\" content=\"Vitamin B - baut Stress ab, gibt Ruhe und Energie. Vitamin B-Komplex Spray-Vitamin enth\u00e4lt die Vitamine B1, B2, B3, B5, B6 und B12. Bequem zu verwenden.\" \/>\n<meta name=\"robots\" content=\"index, follow, max-snippet:-1, max-image-preview:large, max-video-preview:-1\" \/>\n<link rel=\"canonical\" href=\"https:\/\/norvita.eu\/de\/pood\/vitamin-b\/\" \/>\n<meta property=\"og:locale\" content=\"de_DE\" \/>\n<meta property=\"og:type\" content=\"article\" \/>\n<meta property=\"og:title\" content=\"Vitamin B | Norvita sprei- ja geelvitamiinid\" \/>\n<meta property=\"og:description\" content=\"Vitamin B - baut Stress ab, gibt Ruhe und Energie. Vitamin B-Komplex Spray-Vitamin enth\u00e4lt die Vitamine B1, B2, B3, B5, B6 und B12. Bequem zu verwenden.\" \/>\n<meta property=\"og:url\" content=\"https:\/\/norvita.eu\/de\/pood\/vitamin-b\/\" \/>\n<meta property=\"og:site_name\" content=\"Norvita sprei- ja geelvitamiinid\" \/>\n<meta property=\"article:publisher\" content=\"https:\/\/www.facebook.com\/norvitasupplements\" \/>\n<meta property=\"article:modified_time\" content=\"2026-02-25T22:33:30+00:00\" \/>\n<meta property=\"og:image\" content=\"https:\/\/norvita.eu\/wp-content\/uploads\/2022\/09\/NorVita-B-vitaminst-spray-30ml.png\" \/>\n\t<meta property=\"og:image:width\" content=\"1000\" \/>\n\t<meta property=\"og:image:height\" content=\"999\" \/>\n\t<meta property=\"og:image:type\" content=\"image\/png\" \/>\n<meta name=\"twitter:card\" content=\"summary_large_image\" \/>\n<meta name=\"twitter:label1\" content=\"Gesch\u00e4tzte Lesezeit\" \/>\n\t<meta name=\"twitter:data1\" content=\"1\u00a0Minute\" \/>\n<script type=\"application\/ld+json\" class=\"yoast-schema-graph\">{\"@context\":\"https:\/\/schema.org\",\"@graph\":[{\"@type\":\"WebPage\",\"@id\":\"https:\/\/norvita.eu\/de\/pood\/vitamin-b\/\",\"url\":\"https:\/\/norvita.eu\/de\/pood\/vitamin-b\/\",\"name\":\"Vitamin B | Norvita sprei- ja geelvitamiinid\",\"isPartOf\":{\"@id\":\"https:\/\/norvita.eu\/de\/#website\"},\"primaryImageOfPage\":{\"@id\":\"https:\/\/norvita.eu\/de\/pood\/vitamin-b\/#primaryimage\"},\"image\":{\"@id\":\"https:\/\/norvita.eu\/de\/pood\/vitamin-b\/#primaryimage\"},\"thumbnailUrl\":\"https:\/\/norvita.eu\/wp-content\/uploads\/2022\/09\/NorVita-B-vitaminst-spray-30ml.png\",\"datePublished\":\"2022-08-31T19:50:04+00:00\",\"dateModified\":\"2026-02-25T22:33:30+00:00\",\"description\":\"Vitamin B - baut Stress ab, gibt Ruhe und Energie. Vitamin B-Komplex Spray-Vitamin enth\u00e4lt die Vitamine B1, B2, B3, B5, B6 und B12. Bequem zu verwenden.\",\"breadcrumb\":{\"@id\":\"https:\/\/norvita.eu\/de\/pood\/vitamin-b\/#breadcrumb\"},\"inLanguage\":\"de\",\"potentialAction\":[{\"@type\":\"ReadAction\",\"target\":[\"https:\/\/norvita.eu\/de\/pood\/vitamin-b\/\"]}]},{\"@type\":\"ImageObject\",\"inLanguage\":\"de\",\"@id\":\"https:\/\/norvita.eu\/de\/pood\/vitamin-b\/#primaryimage\",\"url\":\"https:\/\/norvita.eu\/wp-content\/uploads\/2022\/09\/NorVita-B-vitaminst-spray-30ml.png\",\"contentUrl\":\"https:\/\/norvita.eu\/wp-content\/uploads\/2022\/09\/NorVita-B-vitaminst-spray-30ml.png\",\"width\":1000,\"height\":999,\"caption\":\"b kompleksvitamiin sprei\"},{\"@type\":\"BreadcrumbList\",\"@id\":\"https:\/\/norvita.eu\/de\/pood\/vitamin-b\/#breadcrumb\",\"itemListElement\":[{\"@type\":\"ListItem\",\"position\":1,\"name\":\"Home\",\"item\":\"https:\/\/norvita.eu\/de\/\"},{\"@type\":\"ListItem\",\"position\":2,\"name\":\"Shop\",\"item\":\"https:\/\/norvita.eu\/de\/shop\/\"},{\"@type\":\"ListItem\",\"position\":3,\"name\":\"Vitamin B\"}]},{\"@type\":\"WebSite\",\"@id\":\"https:\/\/norvita.eu\/de\/#website\",\"url\":\"https:\/\/norvita.eu\/de\/\",\"name\":\"Norvita sprei- ja geelvitamiinid\",\"description\":\"Sprei vitamiinid ja toidulisandid\",\"publisher\":{\"@id\":\"https:\/\/norvita.eu\/de\/#organization\"},\"potentialAction\":[{\"@type\":\"SearchAction\",\"target\":{\"@type\":\"EntryPoint\",\"urlTemplate\":\"https:\/\/norvita.eu\/de\/?s={search_term_string}\"},\"query-input\":{\"@type\":\"PropertyValueSpecification\",\"valueRequired\":true,\"valueName\":\"search_term_string\"}}],\"inLanguage\":\"de\"},{\"@type\":\"Organization\",\"@id\":\"https:\/\/norvita.eu\/de\/#organization\",\"name\":\"NorVita\",\"url\":\"https:\/\/norvita.eu\/de\/\",\"logo\":{\"@type\":\"ImageObject\",\"inLanguage\":\"de\",\"@id\":\"https:\/\/norvita.eu\/de\/#\/schema\/logo\/image\/\",\"url\":\"https:\/\/norvita.eu\/wp-content\/uploads\/2022\/07\/NorVita.svg\",\"contentUrl\":\"https:\/\/norvita.eu\/wp-content\/uploads\/2022\/07\/NorVita.svg\",\"width\":96,\"height\":26,\"caption\":\"NorVita\"},\"image\":{\"@id\":\"https:\/\/norvita.eu\/de\/#\/schema\/logo\/image\/\"},\"sameAs\":[\"https:\/\/www.facebook.com\/norvitasupplements\",\"https:\/\/www.instagram.com\/norvita_supplements\/\"]}]}<\/script>\n<!-- \/ Yoast SEO plugin. -->","yoast_head_json":{"title":"Vitamin B | Norvita sprei- ja geelvitamiinid","description":"Vitamin B - baut Stress ab, gibt Ruhe und Energie. Vitamin B-Komplex Spray-Vitamin enth\u00e4lt die Vitamine B1, B2, B3, B5, B6 und B12. Bequem zu verwenden.","robots":{"index":"index","follow":"follow","max-snippet":"max-snippet:-1","max-image-preview":"max-image-preview:large","max-video-preview":"max-video-preview:-1"},"canonical":"https:\/\/norvita.eu\/de\/pood\/vitamin-b\/","og_locale":"de_DE","og_type":"article","og_title":"Vitamin B | Norvita sprei- ja geelvitamiinid","og_description":"Vitamin B - baut Stress ab, gibt Ruhe und Energie. Vitamin B-Komplex Spray-Vitamin enth\u00e4lt die Vitamine B1, B2, B3, B5, B6 und B12. Bequem zu verwenden.","og_url":"https:\/\/norvita.eu\/de\/pood\/vitamin-b\/","og_site_name":"Norvita sprei- ja geelvitamiinid","article_publisher":"https:\/\/www.facebook.com\/norvitasupplements","article_modified_time":"2026-02-25T22:33:30+00:00","og_image":[{"width":1000,"height":999,"url":"https:\/\/norvita.eu\/wp-content\/uploads\/2022\/09\/NorVita-B-vitaminst-spray-30ml.png","type":"image\/png"}],"twitter_card":"summary_large_image","twitter_misc":{"Gesch\u00e4tzte Lesezeit":"1\u00a0Minute"},"schema":{"@context":"https:\/\/schema.org","@graph":[{"@type":"WebPage","@id":"https:\/\/norvita.eu\/de\/pood\/vitamin-b\/","url":"https:\/\/norvita.eu\/de\/pood\/vitamin-b\/","name":"Vitamin B | Norvita sprei- ja geelvitamiinid","isPartOf":{"@id":"https:\/\/norvita.eu\/de\/#website"},"primaryImageOfPage":{"@id":"https:\/\/norvita.eu\/de\/pood\/vitamin-b\/#primaryimage"},"image":{"@id":"https:\/\/norvita.eu\/de\/pood\/vitamin-b\/#primaryimage"},"thumbnailUrl":"https:\/\/norvita.eu\/wp-content\/uploads\/2022\/09\/NorVita-B-vitaminst-spray-30ml.png","datePublished":"2022-08-31T19:50:04+00:00","dateModified":"2026-02-25T22:33:30+00:00","description":"Vitamin B - baut Stress ab, gibt Ruhe und Energie. Vitamin B-Komplex Spray-Vitamin enth\u00e4lt die Vitamine B1, B2, B3, B5, B6 und B12. Bequem zu verwenden.","breadcrumb":{"@id":"https:\/\/norvita.eu\/de\/pood\/vitamin-b\/#breadcrumb"},"inLanguage":"de","potentialAction":[{"@type":"ReadAction","target":["https:\/\/norvita.eu\/de\/pood\/vitamin-b\/"]}]},{"@type":"ImageObject","inLanguage":"de","@id":"https:\/\/norvita.eu\/de\/pood\/vitamin-b\/#primaryimage","url":"https:\/\/norvita.eu\/wp-content\/uploads\/2022\/09\/NorVita-B-vitaminst-spray-30ml.png","contentUrl":"https:\/\/norvita.eu\/wp-content\/uploads\/2022\/09\/NorVita-B-vitaminst-spray-30ml.png","width":1000,"height":999,"caption":"b kompleksvitamiin sprei"},{"@type":"BreadcrumbList","@id":"https:\/\/norvita.eu\/de\/pood\/vitamin-b\/#breadcrumb","itemListElement":[{"@type":"ListItem","position":1,"name":"Home","item":"https:\/\/norvita.eu\/de\/"},{"@type":"ListItem","position":2,"name":"Shop","item":"https:\/\/norvita.eu\/de\/shop\/"},{"@type":"ListItem","position":3,"name":"Vitamin B"}]},{"@type":"WebSite","@id":"https:\/\/norvita.eu\/de\/#website","url":"https:\/\/norvita.eu\/de\/","name":"Norvita sprei- ja geelvitamiinid","description":"Sprei vitamiinid ja toidulisandid","publisher":{"@id":"https:\/\/norvita.eu\/de\/#organization"},"potentialAction":[{"@type":"SearchAction","target":{"@type":"EntryPoint","urlTemplate":"https:\/\/norvita.eu\/de\/?s={search_term_string}"},"query-input":{"@type":"PropertyValueSpecification","valueRequired":true,"valueName":"search_term_string"}}],"inLanguage":"de"},{"@type":"Organization","@id":"https:\/\/norvita.eu\/de\/#organization","name":"NorVita","url":"https:\/\/norvita.eu\/de\/","logo":{"@type":"ImageObject","inLanguage":"de","@id":"https:\/\/norvita.eu\/de\/#\/schema\/logo\/image\/","url":"https:\/\/norvita.eu\/wp-content\/uploads\/2022\/07\/NorVita.svg","contentUrl":"https:\/\/norvita.eu\/wp-content\/uploads\/2022\/07\/NorVita.svg","width":96,"height":26,"caption":"NorVita"},"image":{"@id":"https:\/\/norvita.eu\/de\/#\/schema\/logo\/image\/"},"sameAs":["https:\/\/www.facebook.com\/norvitasupplements","https:\/\/www.instagram.com\/norvita_supplements\/"]}]}},"_links":{"self":[{"href":"https:\/\/norvita.eu\/de\/wp-json\/wp\/v2\/product\/4790","targetHints":{"allow":["GET"]}}],"collection":[{"href":"https:\/\/norvita.eu\/de\/wp-json\/wp\/v2\/product"}],"about":[{"href":"https:\/\/norvita.eu\/de\/wp-json\/wp\/v2\/types\/product"}],"replies":[{"embeddable":true,"href":"https:\/\/norvita.eu\/de\/wp-json\/wp\/v2\/comments?post=4790"}],"wp:featuredmedia":[{"embeddable":true,"href":"https:\/\/norvita.eu\/de\/wp-json\/wp\/v2\/media\/4580"}],"wp:attachment":[{"href":"https:\/\/norvita.eu\/de\/wp-json\/wp\/v2\/media?parent=4790"}],"wp:term":[{"taxonomy":"product_brand","embeddable":true,"href":"https:\/\/norvita.eu\/de\/wp-json\/wp\/v2\/product_brand?post=4790"},{"taxonomy":"product_cat","embeddable":true,"href":"https:\/\/norvita.eu\/de\/wp-json\/wp\/v2\/product_cat?post=4790"},{"taxonomy":"product_tag","embeddable":true,"href":"https:\/\/norvita.eu\/de\/wp-json\/wp\/v2\/product_tag?post=4790"}],"curies":[{"name":"wp","href":"https:\/\/api.w.org\/{rel}","templated":true}]}}