{"id":4786,"date":"2022-09-04T06:00:24","date_gmt":"2022-09-04T06:00:24","guid":{"rendered":"https:\/\/norvita.eu\/pood\/c-vitamiin-liposoomne\/"},"modified":"2026-03-11T18:42:28","modified_gmt":"2026-03-11T16:42:28","slug":"liposomales-vitamin-c-gel","status":"publish","type":"product","link":"https:\/\/norvita.eu\/de\/pood\/liposomales-vitamin-c-gel\/","title":{"rendered":"Liposomales Vitamin-C-Gel"},"content":{"rendered":"","protected":false},"excerpt":{"rendered":"<h2>Maximaler Schutz f\u00fcr Ihr gesundes Aussehen und Wohlbefinden<\/h2>\n<p>Ascorbins\u00e4ure oder Vitamin C ist ein Antioxidans, das zur Bildung von Kollagen f\u00fcr Haut, Blut, Knochen und Z\u00e4hne beitr\u00e4gt, die normale Heilung gesch\u00e4digter Haut beschleunigt und die allgemeine Widerstandskraft des K\u00f6rpers erh\u00f6ht. Vitamin C tr\u00e4gt auch dazu bei, die lang anhaltenden Virusinfektionen und die f\u00fcr die kalte Jahreszeit charakteristische Schw\u00e4che zu verringern. Wenn Sie den Vitamin-C-Spiegel in Ihrem K\u00f6rper maximieren wollen, ist hochkonzentriertes liposomales Vitamin C die beste Wahl f\u00fcr Sie, da es 2-mal wirksamer ist als herk\u00f6mmliche Kapseln.<\/p>\n","protected":false},"featured_media":4583,"comment_status":"open","ping_status":"closed","template":"","meta":{"_acf_changed":false,"inline_featured_image":false},"product_brand":[],"product_cat":[85,82],"product_tag":[],"class_list":{"0":"post-4786","1":"product","2":"type-product","3":"status-publish","4":"has-post-thumbnail","6":"product_cat-alle","7":"product_cat-gel","9":"first","10":"instock","11":"taxable","12":"shipping-taxable","13":"purchasable","14":"product-type-variable"},"acf":[],"yoast_head":"<!-- This site is optimized with the Yoast SEO plugin v27.2 - https:\/\/yoast.com\/product\/yoast-seo-wordpress\/ -->\n<title>Liposomales Vitamin-C-Gel | Norvita sprei- ja geelvitamiinid<\/title>\n<meta name=\"description\" content=\"Liposomales Vitamin C ist ein Antioxidans, das zur Bildung von Kollagen f\u00fcr Haut, Knochen und Z\u00e4hne beitr\u00e4gt und das Immunsystem gegen Krankheiten unterst\u00fctzt.\" \/>\n<meta name=\"robots\" content=\"index, follow, max-snippet:-1, max-image-preview:large, max-video-preview:-1\" \/>\n<link rel=\"canonical\" href=\"https:\/\/norvita.eu\/de\/pood\/liposomales-vitamin-c-gel\/\" \/>\n<meta property=\"og:locale\" content=\"de_DE\" \/>\n<meta property=\"og:type\" content=\"article\" \/>\n<meta property=\"og:title\" content=\"Liposomales Vitamin-C-Gel | Norvita sprei- ja geelvitamiinid\" \/>\n<meta property=\"og:description\" content=\"Liposomales Vitamin C ist ein Antioxidans, das zur Bildung von Kollagen f\u00fcr Haut, Knochen und Z\u00e4hne beitr\u00e4gt und das Immunsystem gegen Krankheiten unterst\u00fctzt.\" \/>\n<meta property=\"og:url\" content=\"https:\/\/norvita.eu\/de\/pood\/liposomales-vitamin-c-gel\/\" \/>\n<meta property=\"og:site_name\" content=\"Norvita sprei- ja geelvitamiinid\" \/>\n<meta property=\"article:publisher\" content=\"https:\/\/www.facebook.com\/norvitasupplements\" \/>\n<meta property=\"article:modified_time\" content=\"2026-03-11T16:42:28+00:00\" \/>\n<meta property=\"og:image\" content=\"https:\/\/norvita.eu\/wp-content\/uploads\/2022\/09\/NorVita-C-gel-50ml.png\" \/>\n\t<meta property=\"og:image:width\" content=\"1000\" \/>\n\t<meta property=\"og:image:height\" content=\"999\" \/>\n\t<meta property=\"og:image:type\" content=\"image\/png\" \/>\n<meta name=\"twitter:card\" content=\"summary_large_image\" \/>\n<meta name=\"twitter:label1\" content=\"Gesch\u00e4tzte Lesezeit\" \/>\n\t<meta name=\"twitter:data1\" content=\"1\u00a0Minute\" \/>\n<script type=\"application\/ld+json\" class=\"yoast-schema-graph\">{\"@context\":\"https:\/\/schema.org\",\"@graph\":[{\"@type\":\"WebPage\",\"@id\":\"https:\/\/norvita.eu\/de\/pood\/liposomales-vitamin-c-gel\/\",\"url\":\"https:\/\/norvita.eu\/de\/pood\/liposomales-vitamin-c-gel\/\",\"name\":\"Liposomales Vitamin-C-Gel | Norvita sprei- ja geelvitamiinid\",\"isPartOf\":{\"@id\":\"https:\/\/norvita.eu\/de\/#website\"},\"primaryImageOfPage\":{\"@id\":\"https:\/\/norvita.eu\/de\/pood\/liposomales-vitamin-c-gel\/#primaryimage\"},\"image\":{\"@id\":\"https:\/\/norvita.eu\/de\/pood\/liposomales-vitamin-c-gel\/#primaryimage\"},\"thumbnailUrl\":\"https:\/\/norvita.eu\/wp-content\/uploads\/2022\/09\/NorVita-C-gel-50ml.png\",\"datePublished\":\"2022-09-04T06:00:24+00:00\",\"dateModified\":\"2026-03-11T16:42:28+00:00\",\"description\":\"Liposomales Vitamin C ist ein Antioxidans, das zur Bildung von Kollagen f\u00fcr Haut, Knochen und Z\u00e4hne beitr\u00e4gt und das Immunsystem gegen Krankheiten unterst\u00fctzt.\",\"breadcrumb\":{\"@id\":\"https:\/\/norvita.eu\/de\/pood\/liposomales-vitamin-c-gel\/#breadcrumb\"},\"inLanguage\":\"de\",\"potentialAction\":[{\"@type\":\"ReadAction\",\"target\":[\"https:\/\/norvita.eu\/de\/pood\/liposomales-vitamin-c-gel\/\"]}]},{\"@type\":\"ImageObject\",\"inLanguage\":\"de\",\"@id\":\"https:\/\/norvita.eu\/de\/pood\/liposomales-vitamin-c-gel\/#primaryimage\",\"url\":\"https:\/\/norvita.eu\/wp-content\/uploads\/2022\/09\/NorVita-C-gel-50ml.png\",\"contentUrl\":\"https:\/\/norvita.eu\/wp-content\/uploads\/2022\/09\/NorVita-C-gel-50ml.png\",\"width\":1000,\"height\":999,\"caption\":\"C vitamiin liposoomne geel - liposomal gel vitamin\"},{\"@type\":\"BreadcrumbList\",\"@id\":\"https:\/\/norvita.eu\/de\/pood\/liposomales-vitamin-c-gel\/#breadcrumb\",\"itemListElement\":[{\"@type\":\"ListItem\",\"position\":1,\"name\":\"Home\",\"item\":\"https:\/\/norvita.eu\/de\/\"},{\"@type\":\"ListItem\",\"position\":2,\"name\":\"Shop\",\"item\":\"https:\/\/norvita.eu\/de\/shop\/\"},{\"@type\":\"ListItem\",\"position\":3,\"name\":\"Liposomales Vitamin-C-Gel\"}]},{\"@type\":\"WebSite\",\"@id\":\"https:\/\/norvita.eu\/de\/#website\",\"url\":\"https:\/\/norvita.eu\/de\/\",\"name\":\"Norvita sprei- ja geelvitamiinid\",\"description\":\"Sprei vitamiinid ja toidulisandid\",\"publisher\":{\"@id\":\"https:\/\/norvita.eu\/de\/#organization\"},\"potentialAction\":[{\"@type\":\"SearchAction\",\"target\":{\"@type\":\"EntryPoint\",\"urlTemplate\":\"https:\/\/norvita.eu\/de\/?s={search_term_string}\"},\"query-input\":{\"@type\":\"PropertyValueSpecification\",\"valueRequired\":true,\"valueName\":\"search_term_string\"}}],\"inLanguage\":\"de\"},{\"@type\":\"Organization\",\"@id\":\"https:\/\/norvita.eu\/de\/#organization\",\"name\":\"NorVita\",\"url\":\"https:\/\/norvita.eu\/de\/\",\"logo\":{\"@type\":\"ImageObject\",\"inLanguage\":\"de\",\"@id\":\"https:\/\/norvita.eu\/de\/#\/schema\/logo\/image\/\",\"url\":\"https:\/\/norvita.eu\/wp-content\/uploads\/2022\/07\/NorVita.svg\",\"contentUrl\":\"https:\/\/norvita.eu\/wp-content\/uploads\/2022\/07\/NorVita.svg\",\"width\":96,\"height\":26,\"caption\":\"NorVita\"},\"image\":{\"@id\":\"https:\/\/norvita.eu\/de\/#\/schema\/logo\/image\/\"},\"sameAs\":[\"https:\/\/www.facebook.com\/norvitasupplements\",\"https:\/\/www.instagram.com\/norvita_supplements\/\"]}]}<\/script>\n<!-- \/ Yoast SEO plugin. -->","yoast_head_json":{"title":"Liposomales Vitamin-C-Gel | Norvita sprei- ja geelvitamiinid","description":"Liposomales Vitamin C ist ein Antioxidans, das zur Bildung von Kollagen f\u00fcr Haut, Knochen und Z\u00e4hne beitr\u00e4gt und das Immunsystem gegen Krankheiten unterst\u00fctzt.","robots":{"index":"index","follow":"follow","max-snippet":"max-snippet:-1","max-image-preview":"max-image-preview:large","max-video-preview":"max-video-preview:-1"},"canonical":"https:\/\/norvita.eu\/de\/pood\/liposomales-vitamin-c-gel\/","og_locale":"de_DE","og_type":"article","og_title":"Liposomales Vitamin-C-Gel | Norvita sprei- ja geelvitamiinid","og_description":"Liposomales Vitamin C ist ein Antioxidans, das zur Bildung von Kollagen f\u00fcr Haut, Knochen und Z\u00e4hne beitr\u00e4gt und das Immunsystem gegen Krankheiten unterst\u00fctzt.","og_url":"https:\/\/norvita.eu\/de\/pood\/liposomales-vitamin-c-gel\/","og_site_name":"Norvita sprei- ja geelvitamiinid","article_publisher":"https:\/\/www.facebook.com\/norvitasupplements","article_modified_time":"2026-03-11T16:42:28+00:00","og_image":[{"width":1000,"height":999,"url":"https:\/\/norvita.eu\/wp-content\/uploads\/2022\/09\/NorVita-C-gel-50ml.png","type":"image\/png"}],"twitter_card":"summary_large_image","twitter_misc":{"Gesch\u00e4tzte Lesezeit":"1\u00a0Minute"},"schema":{"@context":"https:\/\/schema.org","@graph":[{"@type":"WebPage","@id":"https:\/\/norvita.eu\/de\/pood\/liposomales-vitamin-c-gel\/","url":"https:\/\/norvita.eu\/de\/pood\/liposomales-vitamin-c-gel\/","name":"Liposomales Vitamin-C-Gel | Norvita sprei- ja geelvitamiinid","isPartOf":{"@id":"https:\/\/norvita.eu\/de\/#website"},"primaryImageOfPage":{"@id":"https:\/\/norvita.eu\/de\/pood\/liposomales-vitamin-c-gel\/#primaryimage"},"image":{"@id":"https:\/\/norvita.eu\/de\/pood\/liposomales-vitamin-c-gel\/#primaryimage"},"thumbnailUrl":"https:\/\/norvita.eu\/wp-content\/uploads\/2022\/09\/NorVita-C-gel-50ml.png","datePublished":"2022-09-04T06:00:24+00:00","dateModified":"2026-03-11T16:42:28+00:00","description":"Liposomales Vitamin C ist ein Antioxidans, das zur Bildung von Kollagen f\u00fcr Haut, Knochen und Z\u00e4hne beitr\u00e4gt und das Immunsystem gegen Krankheiten unterst\u00fctzt.","breadcrumb":{"@id":"https:\/\/norvita.eu\/de\/pood\/liposomales-vitamin-c-gel\/#breadcrumb"},"inLanguage":"de","potentialAction":[{"@type":"ReadAction","target":["https:\/\/norvita.eu\/de\/pood\/liposomales-vitamin-c-gel\/"]}]},{"@type":"ImageObject","inLanguage":"de","@id":"https:\/\/norvita.eu\/de\/pood\/liposomales-vitamin-c-gel\/#primaryimage","url":"https:\/\/norvita.eu\/wp-content\/uploads\/2022\/09\/NorVita-C-gel-50ml.png","contentUrl":"https:\/\/norvita.eu\/wp-content\/uploads\/2022\/09\/NorVita-C-gel-50ml.png","width":1000,"height":999,"caption":"C vitamiin liposoomne geel - liposomal gel vitamin"},{"@type":"BreadcrumbList","@id":"https:\/\/norvita.eu\/de\/pood\/liposomales-vitamin-c-gel\/#breadcrumb","itemListElement":[{"@type":"ListItem","position":1,"name":"Home","item":"https:\/\/norvita.eu\/de\/"},{"@type":"ListItem","position":2,"name":"Shop","item":"https:\/\/norvita.eu\/de\/shop\/"},{"@type":"ListItem","position":3,"name":"Liposomales Vitamin-C-Gel"}]},{"@type":"WebSite","@id":"https:\/\/norvita.eu\/de\/#website","url":"https:\/\/norvita.eu\/de\/","name":"Norvita sprei- ja geelvitamiinid","description":"Sprei vitamiinid ja toidulisandid","publisher":{"@id":"https:\/\/norvita.eu\/de\/#organization"},"potentialAction":[{"@type":"SearchAction","target":{"@type":"EntryPoint","urlTemplate":"https:\/\/norvita.eu\/de\/?s={search_term_string}"},"query-input":{"@type":"PropertyValueSpecification","valueRequired":true,"valueName":"search_term_string"}}],"inLanguage":"de"},{"@type":"Organization","@id":"https:\/\/norvita.eu\/de\/#organization","name":"NorVita","url":"https:\/\/norvita.eu\/de\/","logo":{"@type":"ImageObject","inLanguage":"de","@id":"https:\/\/norvita.eu\/de\/#\/schema\/logo\/image\/","url":"https:\/\/norvita.eu\/wp-content\/uploads\/2022\/07\/NorVita.svg","contentUrl":"https:\/\/norvita.eu\/wp-content\/uploads\/2022\/07\/NorVita.svg","width":96,"height":26,"caption":"NorVita"},"image":{"@id":"https:\/\/norvita.eu\/de\/#\/schema\/logo\/image\/"},"sameAs":["https:\/\/www.facebook.com\/norvitasupplements","https:\/\/www.instagram.com\/norvita_supplements\/"]}]}},"_links":{"self":[{"href":"https:\/\/norvita.eu\/de\/wp-json\/wp\/v2\/product\/4786","targetHints":{"allow":["GET"]}}],"collection":[{"href":"https:\/\/norvita.eu\/de\/wp-json\/wp\/v2\/product"}],"about":[{"href":"https:\/\/norvita.eu\/de\/wp-json\/wp\/v2\/types\/product"}],"replies":[{"embeddable":true,"href":"https:\/\/norvita.eu\/de\/wp-json\/wp\/v2\/comments?post=4786"}],"wp:featuredmedia":[{"embeddable":true,"href":"https:\/\/norvita.eu\/de\/wp-json\/wp\/v2\/media\/4583"}],"wp:attachment":[{"href":"https:\/\/norvita.eu\/de\/wp-json\/wp\/v2\/media?parent=4786"}],"wp:term":[{"taxonomy":"product_brand","embeddable":true,"href":"https:\/\/norvita.eu\/de\/wp-json\/wp\/v2\/product_brand?post=4786"},{"taxonomy":"product_cat","embeddable":true,"href":"https:\/\/norvita.eu\/de\/wp-json\/wp\/v2\/product_cat?post=4786"},{"taxonomy":"product_tag","embeddable":true,"href":"https:\/\/norvita.eu\/de\/wp-json\/wp\/v2\/product_tag?post=4786"}],"curies":[{"name":"wp","href":"https:\/\/api.w.org\/{rel}","templated":true}]}}