{"id":4783,"date":"2022-09-04T06:12:09","date_gmt":"2022-09-04T06:12:09","guid":{"rendered":"https:\/\/norvita.eu\/pood\/magneesium\/"},"modified":"2026-02-26T00:39:29","modified_gmt":"2026-02-25T22:39:29","slug":"magnesium-gel","status":"publish","type":"product","link":"https:\/\/norvita.eu\/de\/pood\/magnesium-gel\/","title":{"rendered":"Magnesium Gel"},"content":{"rendered":"","protected":false},"excerpt":{"rendered":"<h2>Ein Mineral, das Ihnen Ihre Vitalit\u00e4t und ein starkes Nervensystem zur\u00fcckgibt<\/h2>\n<p>Magnesium tr\u00e4gt zur Verringerung von M\u00fcdigkeit und Ersch\u00f6pfung bei und sorgt f\u00fcr eine normale Funktion der Muskeln und des Nervensystems. Neben Vitamin D ist Magnesium der zweitwichtigste N\u00e4hrstoff, an dem viele Menschen st\u00e4ndig Mangel leiden. Ein schwacher K\u00f6rper ist nicht in der Lage, Krankheiten zu bek\u00e4mpfen. Ein ausreichender Magnesiumspiegel im K\u00f6rper kann jedoch sogar verhindern, dass Krankheiten chronisch werden. St\u00e4rken Sie Ihr Immunsystem mit Hilfe von bioaktivem Magnesiumcitrat, das 3-4 mal schneller in den K\u00f6rper aufgenommen wird als eine Tablette oder Kapsel.<\/p>\n","protected":false},"featured_media":10949,"comment_status":"open","ping_status":"closed","template":"","meta":{"_acf_changed":false,"inline_featured_image":false},"product_brand":[],"product_cat":[85,82],"product_tag":[],"class_list":{"0":"post-4783","1":"product","2":"type-product","3":"status-publish","4":"has-post-thumbnail","6":"product_cat-alle","7":"product_cat-gel","9":"first","10":"instock","11":"featured","12":"taxable","13":"shipping-taxable","14":"purchasable","15":"product-type-variable"},"acf":[],"yoast_head":"<!-- This site is optimized with the Yoast SEO plugin v27.2 - https:\/\/yoast.com\/product\/yoast-seo-wordpress\/ -->\n<title>Magnesium Gel | Norvita sprei- ja geelvitamiinid<\/title>\n<meta name=\"description\" content=\"Bioaktives Magnesiumcitrat tr\u00e4gt zur Verringerung von M\u00fcdigkeit und Ersch\u00f6pfung bei und sorgt f\u00fcr eine normale Funktion der Muskeln und des Nervensystems.\" \/>\n<meta name=\"robots\" content=\"index, follow, max-snippet:-1, max-image-preview:large, max-video-preview:-1\" \/>\n<link rel=\"canonical\" href=\"https:\/\/norvita.eu\/de\/pood\/magnesium-gel\/\" \/>\n<meta property=\"og:locale\" content=\"de_DE\" \/>\n<meta property=\"og:type\" content=\"article\" \/>\n<meta property=\"og:title\" content=\"Magnesium Gel | Norvita sprei- ja geelvitamiinid\" \/>\n<meta property=\"og:description\" content=\"Bioaktives Magnesiumcitrat tr\u00e4gt zur Verringerung von M\u00fcdigkeit und Ersch\u00f6pfung bei und sorgt f\u00fcr eine normale Funktion der Muskeln und des Nervensystems.\" \/>\n<meta property=\"og:url\" content=\"https:\/\/norvita.eu\/de\/pood\/magnesium-gel\/\" \/>\n<meta property=\"og:site_name\" content=\"Norvita sprei- ja geelvitamiinid\" \/>\n<meta property=\"article:publisher\" content=\"https:\/\/www.facebook.com\/norvitasupplements\" \/>\n<meta property=\"article:modified_time\" content=\"2026-02-25T22:39:29+00:00\" \/>\n<meta property=\"og:image\" content=\"https:\/\/norvita.eu\/wp-content\/uploads\/2022\/09\/Spordi-magneesium-Buduaar-ilulemmik-2025.png\" \/>\n\t<meta property=\"og:image:width\" content=\"1000\" \/>\n\t<meta property=\"og:image:height\" content=\"1000\" \/>\n\t<meta property=\"og:image:type\" content=\"image\/png\" \/>\n<meta name=\"twitter:card\" content=\"summary_large_image\" \/>\n<script type=\"application\/ld+json\" class=\"yoast-schema-graph\">{\"@context\":\"https:\/\/schema.org\",\"@graph\":[{\"@type\":\"WebPage\",\"@id\":\"https:\/\/norvita.eu\/de\/pood\/magnesium-gel\/\",\"url\":\"https:\/\/norvita.eu\/de\/pood\/magnesium-gel\/\",\"name\":\"Magnesium Gel | Norvita sprei- ja geelvitamiinid\",\"isPartOf\":{\"@id\":\"https:\/\/norvita.eu\/de\/#website\"},\"primaryImageOfPage\":{\"@id\":\"https:\/\/norvita.eu\/de\/pood\/magnesium-gel\/#primaryimage\"},\"image\":{\"@id\":\"https:\/\/norvita.eu\/de\/pood\/magnesium-gel\/#primaryimage\"},\"thumbnailUrl\":\"https:\/\/norvita.eu\/wp-content\/uploads\/2022\/09\/Spordi-magneesium-Buduaar-ilulemmik-2025.png\",\"datePublished\":\"2022-09-04T06:12:09+00:00\",\"dateModified\":\"2026-02-25T22:39:29+00:00\",\"description\":\"Bioaktives Magnesiumcitrat tr\u00e4gt zur Verringerung von M\u00fcdigkeit und Ersch\u00f6pfung bei und sorgt f\u00fcr eine normale Funktion der Muskeln und des Nervensystems.\",\"breadcrumb\":{\"@id\":\"https:\/\/norvita.eu\/de\/pood\/magnesium-gel\/#breadcrumb\"},\"inLanguage\":\"de\",\"potentialAction\":[{\"@type\":\"ReadAction\",\"target\":[\"https:\/\/norvita.eu\/de\/pood\/magnesium-gel\/\"]}]},{\"@type\":\"ImageObject\",\"inLanguage\":\"de\",\"@id\":\"https:\/\/norvita.eu\/de\/pood\/magnesium-gel\/#primaryimage\",\"url\":\"https:\/\/norvita.eu\/wp-content\/uploads\/2022\/09\/Spordi-magneesium-Buduaar-ilulemmik-2025.png\",\"contentUrl\":\"https:\/\/norvita.eu\/wp-content\/uploads\/2022\/09\/Spordi-magneesium-Buduaar-ilulemmik-2025.png\",\"width\":1000,\"height\":1000,\"caption\":\"Spordi magneesium geel. Buduaar ilulemmik 2025\"},{\"@type\":\"BreadcrumbList\",\"@id\":\"https:\/\/norvita.eu\/de\/pood\/magnesium-gel\/#breadcrumb\",\"itemListElement\":[{\"@type\":\"ListItem\",\"position\":1,\"name\":\"Home\",\"item\":\"https:\/\/norvita.eu\/de\/\"},{\"@type\":\"ListItem\",\"position\":2,\"name\":\"Shop\",\"item\":\"https:\/\/norvita.eu\/de\/shop\/\"},{\"@type\":\"ListItem\",\"position\":3,\"name\":\"Magnesium Gel\"}]},{\"@type\":\"WebSite\",\"@id\":\"https:\/\/norvita.eu\/de\/#website\",\"url\":\"https:\/\/norvita.eu\/de\/\",\"name\":\"Norvita sprei- ja geelvitamiinid\",\"description\":\"Sprei vitamiinid ja toidulisandid\",\"publisher\":{\"@id\":\"https:\/\/norvita.eu\/de\/#organization\"},\"potentialAction\":[{\"@type\":\"SearchAction\",\"target\":{\"@type\":\"EntryPoint\",\"urlTemplate\":\"https:\/\/norvita.eu\/de\/?s={search_term_string}\"},\"query-input\":{\"@type\":\"PropertyValueSpecification\",\"valueRequired\":true,\"valueName\":\"search_term_string\"}}],\"inLanguage\":\"de\"},{\"@type\":\"Organization\",\"@id\":\"https:\/\/norvita.eu\/de\/#organization\",\"name\":\"NorVita\",\"url\":\"https:\/\/norvita.eu\/de\/\",\"logo\":{\"@type\":\"ImageObject\",\"inLanguage\":\"de\",\"@id\":\"https:\/\/norvita.eu\/de\/#\/schema\/logo\/image\/\",\"url\":\"https:\/\/norvita.eu\/wp-content\/uploads\/2022\/07\/NorVita.svg\",\"contentUrl\":\"https:\/\/norvita.eu\/wp-content\/uploads\/2022\/07\/NorVita.svg\",\"width\":96,\"height\":26,\"caption\":\"NorVita\"},\"image\":{\"@id\":\"https:\/\/norvita.eu\/de\/#\/schema\/logo\/image\/\"},\"sameAs\":[\"https:\/\/www.facebook.com\/norvitasupplements\",\"https:\/\/www.instagram.com\/norvita_supplements\/\"]}]}<\/script>\n<!-- \/ Yoast SEO plugin. -->","yoast_head_json":{"title":"Magnesium Gel | Norvita sprei- ja geelvitamiinid","description":"Bioaktives Magnesiumcitrat tr\u00e4gt zur Verringerung von M\u00fcdigkeit und Ersch\u00f6pfung bei und sorgt f\u00fcr eine normale Funktion der Muskeln und des Nervensystems.","robots":{"index":"index","follow":"follow","max-snippet":"max-snippet:-1","max-image-preview":"max-image-preview:large","max-video-preview":"max-video-preview:-1"},"canonical":"https:\/\/norvita.eu\/de\/pood\/magnesium-gel\/","og_locale":"de_DE","og_type":"article","og_title":"Magnesium Gel | Norvita sprei- ja geelvitamiinid","og_description":"Bioaktives Magnesiumcitrat tr\u00e4gt zur Verringerung von M\u00fcdigkeit und Ersch\u00f6pfung bei und sorgt f\u00fcr eine normale Funktion der Muskeln und des Nervensystems.","og_url":"https:\/\/norvita.eu\/de\/pood\/magnesium-gel\/","og_site_name":"Norvita sprei- ja geelvitamiinid","article_publisher":"https:\/\/www.facebook.com\/norvitasupplements","article_modified_time":"2026-02-25T22:39:29+00:00","og_image":[{"width":1000,"height":1000,"url":"https:\/\/norvita.eu\/wp-content\/uploads\/2022\/09\/Spordi-magneesium-Buduaar-ilulemmik-2025.png","type":"image\/png"}],"twitter_card":"summary_large_image","schema":{"@context":"https:\/\/schema.org","@graph":[{"@type":"WebPage","@id":"https:\/\/norvita.eu\/de\/pood\/magnesium-gel\/","url":"https:\/\/norvita.eu\/de\/pood\/magnesium-gel\/","name":"Magnesium Gel | Norvita sprei- ja geelvitamiinid","isPartOf":{"@id":"https:\/\/norvita.eu\/de\/#website"},"primaryImageOfPage":{"@id":"https:\/\/norvita.eu\/de\/pood\/magnesium-gel\/#primaryimage"},"image":{"@id":"https:\/\/norvita.eu\/de\/pood\/magnesium-gel\/#primaryimage"},"thumbnailUrl":"https:\/\/norvita.eu\/wp-content\/uploads\/2022\/09\/Spordi-magneesium-Buduaar-ilulemmik-2025.png","datePublished":"2022-09-04T06:12:09+00:00","dateModified":"2026-02-25T22:39:29+00:00","description":"Bioaktives Magnesiumcitrat tr\u00e4gt zur Verringerung von M\u00fcdigkeit und Ersch\u00f6pfung bei und sorgt f\u00fcr eine normale Funktion der Muskeln und des Nervensystems.","breadcrumb":{"@id":"https:\/\/norvita.eu\/de\/pood\/magnesium-gel\/#breadcrumb"},"inLanguage":"de","potentialAction":[{"@type":"ReadAction","target":["https:\/\/norvita.eu\/de\/pood\/magnesium-gel\/"]}]},{"@type":"ImageObject","inLanguage":"de","@id":"https:\/\/norvita.eu\/de\/pood\/magnesium-gel\/#primaryimage","url":"https:\/\/norvita.eu\/wp-content\/uploads\/2022\/09\/Spordi-magneesium-Buduaar-ilulemmik-2025.png","contentUrl":"https:\/\/norvita.eu\/wp-content\/uploads\/2022\/09\/Spordi-magneesium-Buduaar-ilulemmik-2025.png","width":1000,"height":1000,"caption":"Spordi magneesium geel. Buduaar ilulemmik 2025"},{"@type":"BreadcrumbList","@id":"https:\/\/norvita.eu\/de\/pood\/magnesium-gel\/#breadcrumb","itemListElement":[{"@type":"ListItem","position":1,"name":"Home","item":"https:\/\/norvita.eu\/de\/"},{"@type":"ListItem","position":2,"name":"Shop","item":"https:\/\/norvita.eu\/de\/shop\/"},{"@type":"ListItem","position":3,"name":"Magnesium Gel"}]},{"@type":"WebSite","@id":"https:\/\/norvita.eu\/de\/#website","url":"https:\/\/norvita.eu\/de\/","name":"Norvita sprei- ja geelvitamiinid","description":"Sprei vitamiinid ja toidulisandid","publisher":{"@id":"https:\/\/norvita.eu\/de\/#organization"},"potentialAction":[{"@type":"SearchAction","target":{"@type":"EntryPoint","urlTemplate":"https:\/\/norvita.eu\/de\/?s={search_term_string}"},"query-input":{"@type":"PropertyValueSpecification","valueRequired":true,"valueName":"search_term_string"}}],"inLanguage":"de"},{"@type":"Organization","@id":"https:\/\/norvita.eu\/de\/#organization","name":"NorVita","url":"https:\/\/norvita.eu\/de\/","logo":{"@type":"ImageObject","inLanguage":"de","@id":"https:\/\/norvita.eu\/de\/#\/schema\/logo\/image\/","url":"https:\/\/norvita.eu\/wp-content\/uploads\/2022\/07\/NorVita.svg","contentUrl":"https:\/\/norvita.eu\/wp-content\/uploads\/2022\/07\/NorVita.svg","width":96,"height":26,"caption":"NorVita"},"image":{"@id":"https:\/\/norvita.eu\/de\/#\/schema\/logo\/image\/"},"sameAs":["https:\/\/www.facebook.com\/norvitasupplements","https:\/\/www.instagram.com\/norvita_supplements\/"]}]}},"_links":{"self":[{"href":"https:\/\/norvita.eu\/de\/wp-json\/wp\/v2\/product\/4783","targetHints":{"allow":["GET"]}}],"collection":[{"href":"https:\/\/norvita.eu\/de\/wp-json\/wp\/v2\/product"}],"about":[{"href":"https:\/\/norvita.eu\/de\/wp-json\/wp\/v2\/types\/product"}],"replies":[{"embeddable":true,"href":"https:\/\/norvita.eu\/de\/wp-json\/wp\/v2\/comments?post=4783"}],"wp:featuredmedia":[{"embeddable":true,"href":"https:\/\/norvita.eu\/de\/wp-json\/wp\/v2\/media\/10949"}],"wp:attachment":[{"href":"https:\/\/norvita.eu\/de\/wp-json\/wp\/v2\/media?parent=4783"}],"wp:term":[{"taxonomy":"product_brand","embeddable":true,"href":"https:\/\/norvita.eu\/de\/wp-json\/wp\/v2\/product_brand?post=4783"},{"taxonomy":"product_cat","embeddable":true,"href":"https:\/\/norvita.eu\/de\/wp-json\/wp\/v2\/product_cat?post=4783"},{"taxonomy":"product_tag","embeddable":true,"href":"https:\/\/norvita.eu\/de\/wp-json\/wp\/v2\/product_tag?post=4783"}],"curies":[{"name":"wp","href":"https:\/\/api.w.org\/{rel}","templated":true}]}}