{"id":4780,"date":"2022-09-13T08:34:01","date_gmt":"2022-09-13T08:34:01","guid":{"rendered":"https:\/\/norvita.eu\/pood\/uni-kanepioliga\/"},"modified":"2026-02-26T00:41:05","modified_gmt":"2026-02-25T22:41:05","slug":"schlaf-hanf","status":"publish","type":"product","link":"https:\/\/norvita.eu\/de\/pood\/schlaf-hanf\/","title":{"rendered":"Schlaf-Hanf"},"content":{"rendered":"","protected":false},"excerpt":{"rendered":"<h2>Ein beruhigender Helfer f\u00fcr einen stressfreien K\u00f6rper und eine erholsame Nachtruhe<\/h2>\n<p>Dieses mit Hanf\u00f6l angereicherte Mundspray enth\u00e4lt eine hohe Dosis Melatonin, das Ihnen hilft, leichter einzuschlafen und die M\u00fcdigkeit zu verringern. Es ist eines der am h\u00e4ufigsten verwendeten nat\u00fcrlichen Hilfsmittel, um bei Angstzust\u00e4nden, die oft durch eine stressige Umgebung verursacht werden, ruhig einzuschlafen. Au\u00dferdem lindert Hanf\u00f6l Akne, Schuppenflechte und Ekzeme und ist ebenso wirksam gegen Angstzust\u00e4nde, Depressionen und Schlafst\u00f6rungen. Oral verabreichtes Spray wird \u00fcber die Schleimh\u00e4ute 5-mal schneller aufgenommen als Tabletten oder Kapseln.<\/p>\n","protected":false},"featured_media":4573,"comment_status":"open","ping_status":"closed","template":"","meta":{"_acf_changed":false,"inline_featured_image":false},"product_brand":[],"product_cat":[85,84],"product_tag":[],"class_list":{"0":"post-4780","1":"product","2":"type-product","3":"status-publish","4":"has-post-thumbnail","6":"product_cat-alle","7":"product_cat-spray-de","9":"first","10":"instock","11":"taxable","12":"shipping-taxable","13":"purchasable","14":"product-type-simple"},"acf":[],"yoast_head":"<!-- This site is optimized with the Yoast SEO plugin v27.2 - https:\/\/yoast.com\/product\/yoast-seo-wordpress\/ -->\n<title>Schlaf-Hanf | Norvita sprei- ja geelvitamiinid<\/title>\n<meta name=\"description\" content=\"Melatonin hilft, Schlaflosigkeit zu verringern und schneller einzuschlafen. Hanf\u00f6l hilft bei Angstzust\u00e4nden und Schlafst\u00f6rungen. Als Spray wird Melatonin 5x schneller absorbiert.\" \/>\n<meta name=\"robots\" content=\"index, follow, max-snippet:-1, max-image-preview:large, max-video-preview:-1\" \/>\n<link rel=\"canonical\" href=\"https:\/\/norvita.eu\/de\/pood\/schlaf-hanf\/\" \/>\n<meta property=\"og:locale\" content=\"de_DE\" \/>\n<meta property=\"og:type\" content=\"article\" \/>\n<meta property=\"og:title\" content=\"Schlaf-Hanf | Norvita sprei- ja geelvitamiinid\" \/>\n<meta property=\"og:description\" content=\"Melatonin hilft, Schlaflosigkeit zu verringern und schneller einzuschlafen. Hanf\u00f6l hilft bei Angstzust\u00e4nden und Schlafst\u00f6rungen. Als Spray wird Melatonin 5x schneller absorbiert.\" \/>\n<meta property=\"og:url\" content=\"https:\/\/norvita.eu\/de\/pood\/schlaf-hanf\/\" \/>\n<meta property=\"og:site_name\" content=\"Norvita sprei- ja geelvitamiinid\" \/>\n<meta property=\"article:publisher\" content=\"https:\/\/www.facebook.com\/norvitasupplements\" \/>\n<meta property=\"article:modified_time\" content=\"2026-02-25T22:41:05+00:00\" \/>\n<meta property=\"og:image\" content=\"https:\/\/norvita.eu\/wp-content\/uploads\/2022\/09\/NorVita-Sleep-Hemp-spray-30ml.png\" \/>\n\t<meta property=\"og:image:width\" content=\"1000\" \/>\n\t<meta property=\"og:image:height\" content=\"999\" \/>\n\t<meta property=\"og:image:type\" content=\"image\/png\" \/>\n<meta name=\"twitter:card\" content=\"summary_large_image\" \/>\n<meta name=\"twitter:label1\" content=\"Gesch\u00e4tzte Lesezeit\" \/>\n\t<meta name=\"twitter:data1\" content=\"1\u00a0Minute\" \/>\n<script type=\"application\/ld+json\" class=\"yoast-schema-graph\">{\"@context\":\"https:\/\/schema.org\",\"@graph\":[{\"@type\":\"WebPage\",\"@id\":\"https:\/\/norvita.eu\/de\/pood\/schlaf-hanf\/\",\"url\":\"https:\/\/norvita.eu\/de\/pood\/schlaf-hanf\/\",\"name\":\"Schlaf-Hanf | Norvita sprei- ja geelvitamiinid\",\"isPartOf\":{\"@id\":\"https:\/\/norvita.eu\/de\/#website\"},\"primaryImageOfPage\":{\"@id\":\"https:\/\/norvita.eu\/de\/pood\/schlaf-hanf\/#primaryimage\"},\"image\":{\"@id\":\"https:\/\/norvita.eu\/de\/pood\/schlaf-hanf\/#primaryimage\"},\"thumbnailUrl\":\"https:\/\/norvita.eu\/wp-content\/uploads\/2022\/09\/NorVita-Sleep-Hemp-spray-30ml.png\",\"datePublished\":\"2022-09-13T08:34:01+00:00\",\"dateModified\":\"2026-02-25T22:41:05+00:00\",\"description\":\"Melatonin hilft, Schlaflosigkeit zu verringern und schneller einzuschlafen. Hanf\u00f6l hilft bei Angstzust\u00e4nden und Schlafst\u00f6rungen. Als Spray wird Melatonin 5x schneller absorbiert.\",\"breadcrumb\":{\"@id\":\"https:\/\/norvita.eu\/de\/pood\/schlaf-hanf\/#breadcrumb\"},\"inLanguage\":\"de\",\"potentialAction\":[{\"@type\":\"ReadAction\",\"target\":[\"https:\/\/norvita.eu\/de\/pood\/schlaf-hanf\/\"]}]},{\"@type\":\"ImageObject\",\"inLanguage\":\"de\",\"@id\":\"https:\/\/norvita.eu\/de\/pood\/schlaf-hanf\/#primaryimage\",\"url\":\"https:\/\/norvita.eu\/wp-content\/uploads\/2022\/09\/NorVita-Sleep-Hemp-spray-30ml.png\",\"contentUrl\":\"https:\/\/norvita.eu\/wp-content\/uploads\/2022\/09\/NorVita-Sleep-Hemp-spray-30ml.png\",\"width\":1000,\"height\":999,\"caption\":\"uni kanepi\u00f5liga melatoniin vitamin - sleep hemp melatonin vitamin\"},{\"@type\":\"BreadcrumbList\",\"@id\":\"https:\/\/norvita.eu\/de\/pood\/schlaf-hanf\/#breadcrumb\",\"itemListElement\":[{\"@type\":\"ListItem\",\"position\":1,\"name\":\"Home\",\"item\":\"https:\/\/norvita.eu\/de\/\"},{\"@type\":\"ListItem\",\"position\":2,\"name\":\"Shop\",\"item\":\"https:\/\/norvita.eu\/de\/shop\/\"},{\"@type\":\"ListItem\",\"position\":3,\"name\":\"Schlaf-Hanf\"}]},{\"@type\":\"WebSite\",\"@id\":\"https:\/\/norvita.eu\/de\/#website\",\"url\":\"https:\/\/norvita.eu\/de\/\",\"name\":\"Norvita sprei- ja geelvitamiinid\",\"description\":\"Sprei vitamiinid ja toidulisandid\",\"publisher\":{\"@id\":\"https:\/\/norvita.eu\/de\/#organization\"},\"potentialAction\":[{\"@type\":\"SearchAction\",\"target\":{\"@type\":\"EntryPoint\",\"urlTemplate\":\"https:\/\/norvita.eu\/de\/?s={search_term_string}\"},\"query-input\":{\"@type\":\"PropertyValueSpecification\",\"valueRequired\":true,\"valueName\":\"search_term_string\"}}],\"inLanguage\":\"de\"},{\"@type\":\"Organization\",\"@id\":\"https:\/\/norvita.eu\/de\/#organization\",\"name\":\"NorVita\",\"url\":\"https:\/\/norvita.eu\/de\/\",\"logo\":{\"@type\":\"ImageObject\",\"inLanguage\":\"de\",\"@id\":\"https:\/\/norvita.eu\/de\/#\/schema\/logo\/image\/\",\"url\":\"https:\/\/norvita.eu\/wp-content\/uploads\/2022\/07\/NorVita.svg\",\"contentUrl\":\"https:\/\/norvita.eu\/wp-content\/uploads\/2022\/07\/NorVita.svg\",\"width\":96,\"height\":26,\"caption\":\"NorVita\"},\"image\":{\"@id\":\"https:\/\/norvita.eu\/de\/#\/schema\/logo\/image\/\"},\"sameAs\":[\"https:\/\/www.facebook.com\/norvitasupplements\",\"https:\/\/www.instagram.com\/norvita_supplements\/\"]}]}<\/script>\n<!-- \/ Yoast SEO plugin. -->","yoast_head_json":{"title":"Schlaf-Hanf | Norvita sprei- ja geelvitamiinid","description":"Melatonin hilft, Schlaflosigkeit zu verringern und schneller einzuschlafen. Hanf\u00f6l hilft bei Angstzust\u00e4nden und Schlafst\u00f6rungen. Als Spray wird Melatonin 5x schneller absorbiert.","robots":{"index":"index","follow":"follow","max-snippet":"max-snippet:-1","max-image-preview":"max-image-preview:large","max-video-preview":"max-video-preview:-1"},"canonical":"https:\/\/norvita.eu\/de\/pood\/schlaf-hanf\/","og_locale":"de_DE","og_type":"article","og_title":"Schlaf-Hanf | Norvita sprei- ja geelvitamiinid","og_description":"Melatonin hilft, Schlaflosigkeit zu verringern und schneller einzuschlafen. Hanf\u00f6l hilft bei Angstzust\u00e4nden und Schlafst\u00f6rungen. Als Spray wird Melatonin 5x schneller absorbiert.","og_url":"https:\/\/norvita.eu\/de\/pood\/schlaf-hanf\/","og_site_name":"Norvita sprei- ja geelvitamiinid","article_publisher":"https:\/\/www.facebook.com\/norvitasupplements","article_modified_time":"2026-02-25T22:41:05+00:00","og_image":[{"width":1000,"height":999,"url":"https:\/\/norvita.eu\/wp-content\/uploads\/2022\/09\/NorVita-Sleep-Hemp-spray-30ml.png","type":"image\/png"}],"twitter_card":"summary_large_image","twitter_misc":{"Gesch\u00e4tzte Lesezeit":"1\u00a0Minute"},"schema":{"@context":"https:\/\/schema.org","@graph":[{"@type":"WebPage","@id":"https:\/\/norvita.eu\/de\/pood\/schlaf-hanf\/","url":"https:\/\/norvita.eu\/de\/pood\/schlaf-hanf\/","name":"Schlaf-Hanf | Norvita sprei- ja geelvitamiinid","isPartOf":{"@id":"https:\/\/norvita.eu\/de\/#website"},"primaryImageOfPage":{"@id":"https:\/\/norvita.eu\/de\/pood\/schlaf-hanf\/#primaryimage"},"image":{"@id":"https:\/\/norvita.eu\/de\/pood\/schlaf-hanf\/#primaryimage"},"thumbnailUrl":"https:\/\/norvita.eu\/wp-content\/uploads\/2022\/09\/NorVita-Sleep-Hemp-spray-30ml.png","datePublished":"2022-09-13T08:34:01+00:00","dateModified":"2026-02-25T22:41:05+00:00","description":"Melatonin hilft, Schlaflosigkeit zu verringern und schneller einzuschlafen. Hanf\u00f6l hilft bei Angstzust\u00e4nden und Schlafst\u00f6rungen. Als Spray wird Melatonin 5x schneller absorbiert.","breadcrumb":{"@id":"https:\/\/norvita.eu\/de\/pood\/schlaf-hanf\/#breadcrumb"},"inLanguage":"de","potentialAction":[{"@type":"ReadAction","target":["https:\/\/norvita.eu\/de\/pood\/schlaf-hanf\/"]}]},{"@type":"ImageObject","inLanguage":"de","@id":"https:\/\/norvita.eu\/de\/pood\/schlaf-hanf\/#primaryimage","url":"https:\/\/norvita.eu\/wp-content\/uploads\/2022\/09\/NorVita-Sleep-Hemp-spray-30ml.png","contentUrl":"https:\/\/norvita.eu\/wp-content\/uploads\/2022\/09\/NorVita-Sleep-Hemp-spray-30ml.png","width":1000,"height":999,"caption":"uni kanepi\u00f5liga melatoniin vitamin - sleep hemp melatonin vitamin"},{"@type":"BreadcrumbList","@id":"https:\/\/norvita.eu\/de\/pood\/schlaf-hanf\/#breadcrumb","itemListElement":[{"@type":"ListItem","position":1,"name":"Home","item":"https:\/\/norvita.eu\/de\/"},{"@type":"ListItem","position":2,"name":"Shop","item":"https:\/\/norvita.eu\/de\/shop\/"},{"@type":"ListItem","position":3,"name":"Schlaf-Hanf"}]},{"@type":"WebSite","@id":"https:\/\/norvita.eu\/de\/#website","url":"https:\/\/norvita.eu\/de\/","name":"Norvita sprei- ja geelvitamiinid","description":"Sprei vitamiinid ja toidulisandid","publisher":{"@id":"https:\/\/norvita.eu\/de\/#organization"},"potentialAction":[{"@type":"SearchAction","target":{"@type":"EntryPoint","urlTemplate":"https:\/\/norvita.eu\/de\/?s={search_term_string}"},"query-input":{"@type":"PropertyValueSpecification","valueRequired":true,"valueName":"search_term_string"}}],"inLanguage":"de"},{"@type":"Organization","@id":"https:\/\/norvita.eu\/de\/#organization","name":"NorVita","url":"https:\/\/norvita.eu\/de\/","logo":{"@type":"ImageObject","inLanguage":"de","@id":"https:\/\/norvita.eu\/de\/#\/schema\/logo\/image\/","url":"https:\/\/norvita.eu\/wp-content\/uploads\/2022\/07\/NorVita.svg","contentUrl":"https:\/\/norvita.eu\/wp-content\/uploads\/2022\/07\/NorVita.svg","width":96,"height":26,"caption":"NorVita"},"image":{"@id":"https:\/\/norvita.eu\/de\/#\/schema\/logo\/image\/"},"sameAs":["https:\/\/www.facebook.com\/norvitasupplements","https:\/\/www.instagram.com\/norvita_supplements\/"]}]}},"_links":{"self":[{"href":"https:\/\/norvita.eu\/de\/wp-json\/wp\/v2\/product\/4780","targetHints":{"allow":["GET"]}}],"collection":[{"href":"https:\/\/norvita.eu\/de\/wp-json\/wp\/v2\/product"}],"about":[{"href":"https:\/\/norvita.eu\/de\/wp-json\/wp\/v2\/types\/product"}],"replies":[{"embeddable":true,"href":"https:\/\/norvita.eu\/de\/wp-json\/wp\/v2\/comments?post=4780"}],"wp:featuredmedia":[{"embeddable":true,"href":"https:\/\/norvita.eu\/de\/wp-json\/wp\/v2\/media\/4573"}],"wp:attachment":[{"href":"https:\/\/norvita.eu\/de\/wp-json\/wp\/v2\/media?parent=4780"}],"wp:term":[{"taxonomy":"product_brand","embeddable":true,"href":"https:\/\/norvita.eu\/de\/wp-json\/wp\/v2\/product_brand?post=4780"},{"taxonomy":"product_cat","embeddable":true,"href":"https:\/\/norvita.eu\/de\/wp-json\/wp\/v2\/product_cat?post=4780"},{"taxonomy":"product_tag","embeddable":true,"href":"https:\/\/norvita.eu\/de\/wp-json\/wp\/v2\/product_tag?post=4780"}],"curies":[{"name":"wp","href":"https:\/\/api.w.org\/{rel}","templated":true}]}}