{"id":4777,"date":"2022-09-13T08:40:34","date_gmt":"2022-09-13T08:40:34","guid":{"rendered":"https:\/\/norvita.eu\/pood\/tugev-uni\/"},"modified":"2026-02-26T00:24:05","modified_gmt":"2026-02-25T22:24:05","slug":"starker-schlaf","status":"publish","type":"product","link":"https:\/\/norvita.eu\/de\/pood\/starker-schlaf\/","title":{"rendered":"Starker Schlaf"},"content":{"rendered":"","protected":false},"excerpt":{"rendered":"<h2>Der Weg zu einem ruhigen Geist und wertvollem Schlaf<\/h2>\n<p>Strong Sleep Mundspray enth\u00e4lt eine hohe Dosis Melatonin, das Ihnen hilft, leichter einzuschlafen und die M\u00fcdigkeit zu verringern. Es ist eines der g\u00e4ngigsten nat\u00fcrlichen Hilfsmittel, um nach einer stressbedingten Unruhe friedlich einzuschlafen. Die Bioverf\u00fcgbarkeit von Melatonin in Sprayform ist 50 % gleichm\u00e4\u00dfiger als bei Tabletten und Kapseln und wird 5-mal schneller \u00fcber die Schleimh\u00e4ute absorbiert. Ein ideales und einfach anzuwendendes Hilfsmittel zur Wiederherstellung des Seelenfriedens.<\/p>\n","protected":false},"featured_media":4574,"comment_status":"open","ping_status":"closed","template":"","meta":{"_acf_changed":false,"inline_featured_image":false},"product_brand":[],"product_cat":[85,84],"product_tag":[],"class_list":{"0":"post-4777","1":"product","2":"type-product","3":"status-publish","4":"has-post-thumbnail","6":"product_cat-alle","7":"product_cat-spray-de","9":"first","10":"instock","11":"featured","12":"taxable","13":"shipping-taxable","14":"purchasable","15":"product-type-simple"},"acf":[],"yoast_head":"<!-- This site is optimized with the Yoast SEO plugin v27.2 - https:\/\/yoast.com\/product\/yoast-seo-wordpress\/ -->\n<title>Starker Schlaf | Norvita sprei- ja geelvitamiinid<\/title>\n<meta name=\"description\" content=\"Melatonin hilft bei Schlaflosigkeit und Jetlag und hilft Ihnen, schneller einzuschlafen. In Form eines Sprays wird das Melatonin 5x schneller absorbiert. Bequem in der Anwendung.\" \/>\n<meta name=\"robots\" content=\"index, follow, max-snippet:-1, max-image-preview:large, max-video-preview:-1\" \/>\n<link rel=\"canonical\" href=\"https:\/\/norvita.eu\/de\/pood\/starker-schlaf\/\" \/>\n<meta property=\"og:locale\" content=\"de_DE\" \/>\n<meta property=\"og:type\" content=\"article\" \/>\n<meta property=\"og:title\" content=\"Starker Schlaf | Norvita sprei- ja geelvitamiinid\" \/>\n<meta property=\"og:description\" content=\"Melatonin hilft bei Schlaflosigkeit und Jetlag und hilft Ihnen, schneller einzuschlafen. In Form eines Sprays wird das Melatonin 5x schneller absorbiert. Bequem in der Anwendung.\" \/>\n<meta property=\"og:url\" content=\"https:\/\/norvita.eu\/de\/pood\/starker-schlaf\/\" \/>\n<meta property=\"og:site_name\" content=\"Norvita sprei- ja geelvitamiinid\" \/>\n<meta property=\"article:publisher\" content=\"https:\/\/www.facebook.com\/norvitasupplements\" \/>\n<meta property=\"article:modified_time\" content=\"2026-02-25T22:24:05+00:00\" \/>\n<meta property=\"og:image\" content=\"https:\/\/norvita.eu\/wp-content\/uploads\/2022\/09\/NorVita-Sleep-Strong-spray-30ml.png\" \/>\n\t<meta property=\"og:image:width\" content=\"1000\" \/>\n\t<meta property=\"og:image:height\" content=\"999\" \/>\n\t<meta property=\"og:image:type\" content=\"image\/png\" \/>\n<meta name=\"twitter:card\" content=\"summary_large_image\" \/>\n<meta name=\"twitter:label1\" content=\"Gesch\u00e4tzte Lesezeit\" \/>\n\t<meta name=\"twitter:data1\" content=\"1\u00a0Minute\" \/>\n<script type=\"application\/ld+json\" class=\"yoast-schema-graph\">{\"@context\":\"https:\/\/schema.org\",\"@graph\":[{\"@type\":\"WebPage\",\"@id\":\"https:\/\/norvita.eu\/de\/pood\/starker-schlaf\/\",\"url\":\"https:\/\/norvita.eu\/de\/pood\/starker-schlaf\/\",\"name\":\"Starker Schlaf | Norvita sprei- ja geelvitamiinid\",\"isPartOf\":{\"@id\":\"https:\/\/norvita.eu\/de\/#website\"},\"primaryImageOfPage\":{\"@id\":\"https:\/\/norvita.eu\/de\/pood\/starker-schlaf\/#primaryimage\"},\"image\":{\"@id\":\"https:\/\/norvita.eu\/de\/pood\/starker-schlaf\/#primaryimage\"},\"thumbnailUrl\":\"https:\/\/norvita.eu\/wp-content\/uploads\/2022\/09\/NorVita-Sleep-Strong-spray-30ml.png\",\"datePublished\":\"2022-09-13T08:40:34+00:00\",\"dateModified\":\"2026-02-25T22:24:05+00:00\",\"description\":\"Melatonin hilft bei Schlaflosigkeit und Jetlag und hilft Ihnen, schneller einzuschlafen. In Form eines Sprays wird das Melatonin 5x schneller absorbiert. Bequem in der Anwendung.\",\"breadcrumb\":{\"@id\":\"https:\/\/norvita.eu\/de\/pood\/starker-schlaf\/#breadcrumb\"},\"inLanguage\":\"de\",\"potentialAction\":[{\"@type\":\"ReadAction\",\"target\":[\"https:\/\/norvita.eu\/de\/pood\/starker-schlaf\/\"]}]},{\"@type\":\"ImageObject\",\"inLanguage\":\"de\",\"@id\":\"https:\/\/norvita.eu\/de\/pood\/starker-schlaf\/#primaryimage\",\"url\":\"https:\/\/norvita.eu\/wp-content\/uploads\/2022\/09\/NorVita-Sleep-Strong-spray-30ml.png\",\"contentUrl\":\"https:\/\/norvita.eu\/wp-content\/uploads\/2022\/09\/NorVita-Sleep-Strong-spray-30ml.png\",\"width\":1000,\"height\":999,\"caption\":\"hea uni melatoniin vitamiin - strong sleep melatonin vitamin\"},{\"@type\":\"BreadcrumbList\",\"@id\":\"https:\/\/norvita.eu\/de\/pood\/starker-schlaf\/#breadcrumb\",\"itemListElement\":[{\"@type\":\"ListItem\",\"position\":1,\"name\":\"Home\",\"item\":\"https:\/\/norvita.eu\/de\/\"},{\"@type\":\"ListItem\",\"position\":2,\"name\":\"Shop\",\"item\":\"https:\/\/norvita.eu\/de\/shop\/\"},{\"@type\":\"ListItem\",\"position\":3,\"name\":\"Starker Schlaf\"}]},{\"@type\":\"WebSite\",\"@id\":\"https:\/\/norvita.eu\/de\/#website\",\"url\":\"https:\/\/norvita.eu\/de\/\",\"name\":\"Norvita sprei- ja geelvitamiinid\",\"description\":\"Sprei vitamiinid ja toidulisandid\",\"publisher\":{\"@id\":\"https:\/\/norvita.eu\/de\/#organization\"},\"potentialAction\":[{\"@type\":\"SearchAction\",\"target\":{\"@type\":\"EntryPoint\",\"urlTemplate\":\"https:\/\/norvita.eu\/de\/?s={search_term_string}\"},\"query-input\":{\"@type\":\"PropertyValueSpecification\",\"valueRequired\":true,\"valueName\":\"search_term_string\"}}],\"inLanguage\":\"de\"},{\"@type\":\"Organization\",\"@id\":\"https:\/\/norvita.eu\/de\/#organization\",\"name\":\"NorVita\",\"url\":\"https:\/\/norvita.eu\/de\/\",\"logo\":{\"@type\":\"ImageObject\",\"inLanguage\":\"de\",\"@id\":\"https:\/\/norvita.eu\/de\/#\/schema\/logo\/image\/\",\"url\":\"https:\/\/norvita.eu\/wp-content\/uploads\/2022\/07\/NorVita.svg\",\"contentUrl\":\"https:\/\/norvita.eu\/wp-content\/uploads\/2022\/07\/NorVita.svg\",\"width\":96,\"height\":26,\"caption\":\"NorVita\"},\"image\":{\"@id\":\"https:\/\/norvita.eu\/de\/#\/schema\/logo\/image\/\"},\"sameAs\":[\"https:\/\/www.facebook.com\/norvitasupplements\",\"https:\/\/www.instagram.com\/norvita_supplements\/\"]}]}<\/script>\n<!-- \/ Yoast SEO plugin. -->","yoast_head_json":{"title":"Starker Schlaf | Norvita sprei- ja geelvitamiinid","description":"Melatonin hilft bei Schlaflosigkeit und Jetlag und hilft Ihnen, schneller einzuschlafen. In Form eines Sprays wird das Melatonin 5x schneller absorbiert. Bequem in der Anwendung.","robots":{"index":"index","follow":"follow","max-snippet":"max-snippet:-1","max-image-preview":"max-image-preview:large","max-video-preview":"max-video-preview:-1"},"canonical":"https:\/\/norvita.eu\/de\/pood\/starker-schlaf\/","og_locale":"de_DE","og_type":"article","og_title":"Starker Schlaf | Norvita sprei- ja geelvitamiinid","og_description":"Melatonin hilft bei Schlaflosigkeit und Jetlag und hilft Ihnen, schneller einzuschlafen. In Form eines Sprays wird das Melatonin 5x schneller absorbiert. Bequem in der Anwendung.","og_url":"https:\/\/norvita.eu\/de\/pood\/starker-schlaf\/","og_site_name":"Norvita sprei- ja geelvitamiinid","article_publisher":"https:\/\/www.facebook.com\/norvitasupplements","article_modified_time":"2026-02-25T22:24:05+00:00","og_image":[{"width":1000,"height":999,"url":"https:\/\/norvita.eu\/wp-content\/uploads\/2022\/09\/NorVita-Sleep-Strong-spray-30ml.png","type":"image\/png"}],"twitter_card":"summary_large_image","twitter_misc":{"Gesch\u00e4tzte Lesezeit":"1\u00a0Minute"},"schema":{"@context":"https:\/\/schema.org","@graph":[{"@type":"WebPage","@id":"https:\/\/norvita.eu\/de\/pood\/starker-schlaf\/","url":"https:\/\/norvita.eu\/de\/pood\/starker-schlaf\/","name":"Starker Schlaf | Norvita sprei- ja geelvitamiinid","isPartOf":{"@id":"https:\/\/norvita.eu\/de\/#website"},"primaryImageOfPage":{"@id":"https:\/\/norvita.eu\/de\/pood\/starker-schlaf\/#primaryimage"},"image":{"@id":"https:\/\/norvita.eu\/de\/pood\/starker-schlaf\/#primaryimage"},"thumbnailUrl":"https:\/\/norvita.eu\/wp-content\/uploads\/2022\/09\/NorVita-Sleep-Strong-spray-30ml.png","datePublished":"2022-09-13T08:40:34+00:00","dateModified":"2026-02-25T22:24:05+00:00","description":"Melatonin hilft bei Schlaflosigkeit und Jetlag und hilft Ihnen, schneller einzuschlafen. In Form eines Sprays wird das Melatonin 5x schneller absorbiert. Bequem in der Anwendung.","breadcrumb":{"@id":"https:\/\/norvita.eu\/de\/pood\/starker-schlaf\/#breadcrumb"},"inLanguage":"de","potentialAction":[{"@type":"ReadAction","target":["https:\/\/norvita.eu\/de\/pood\/starker-schlaf\/"]}]},{"@type":"ImageObject","inLanguage":"de","@id":"https:\/\/norvita.eu\/de\/pood\/starker-schlaf\/#primaryimage","url":"https:\/\/norvita.eu\/wp-content\/uploads\/2022\/09\/NorVita-Sleep-Strong-spray-30ml.png","contentUrl":"https:\/\/norvita.eu\/wp-content\/uploads\/2022\/09\/NorVita-Sleep-Strong-spray-30ml.png","width":1000,"height":999,"caption":"hea uni melatoniin vitamiin - strong sleep melatonin vitamin"},{"@type":"BreadcrumbList","@id":"https:\/\/norvita.eu\/de\/pood\/starker-schlaf\/#breadcrumb","itemListElement":[{"@type":"ListItem","position":1,"name":"Home","item":"https:\/\/norvita.eu\/de\/"},{"@type":"ListItem","position":2,"name":"Shop","item":"https:\/\/norvita.eu\/de\/shop\/"},{"@type":"ListItem","position":3,"name":"Starker Schlaf"}]},{"@type":"WebSite","@id":"https:\/\/norvita.eu\/de\/#website","url":"https:\/\/norvita.eu\/de\/","name":"Norvita sprei- ja geelvitamiinid","description":"Sprei vitamiinid ja toidulisandid","publisher":{"@id":"https:\/\/norvita.eu\/de\/#organization"},"potentialAction":[{"@type":"SearchAction","target":{"@type":"EntryPoint","urlTemplate":"https:\/\/norvita.eu\/de\/?s={search_term_string}"},"query-input":{"@type":"PropertyValueSpecification","valueRequired":true,"valueName":"search_term_string"}}],"inLanguage":"de"},{"@type":"Organization","@id":"https:\/\/norvita.eu\/de\/#organization","name":"NorVita","url":"https:\/\/norvita.eu\/de\/","logo":{"@type":"ImageObject","inLanguage":"de","@id":"https:\/\/norvita.eu\/de\/#\/schema\/logo\/image\/","url":"https:\/\/norvita.eu\/wp-content\/uploads\/2022\/07\/NorVita.svg","contentUrl":"https:\/\/norvita.eu\/wp-content\/uploads\/2022\/07\/NorVita.svg","width":96,"height":26,"caption":"NorVita"},"image":{"@id":"https:\/\/norvita.eu\/de\/#\/schema\/logo\/image\/"},"sameAs":["https:\/\/www.facebook.com\/norvitasupplements","https:\/\/www.instagram.com\/norvita_supplements\/"]}]}},"_links":{"self":[{"href":"https:\/\/norvita.eu\/de\/wp-json\/wp\/v2\/product\/4777","targetHints":{"allow":["GET"]}}],"collection":[{"href":"https:\/\/norvita.eu\/de\/wp-json\/wp\/v2\/product"}],"about":[{"href":"https:\/\/norvita.eu\/de\/wp-json\/wp\/v2\/types\/product"}],"replies":[{"embeddable":true,"href":"https:\/\/norvita.eu\/de\/wp-json\/wp\/v2\/comments?post=4777"}],"wp:featuredmedia":[{"embeddable":true,"href":"https:\/\/norvita.eu\/de\/wp-json\/wp\/v2\/media\/4574"}],"wp:attachment":[{"href":"https:\/\/norvita.eu\/de\/wp-json\/wp\/v2\/media?parent=4777"}],"wp:term":[{"taxonomy":"product_brand","embeddable":true,"href":"https:\/\/norvita.eu\/de\/wp-json\/wp\/v2\/product_brand?post=4777"},{"taxonomy":"product_cat","embeddable":true,"href":"https:\/\/norvita.eu\/de\/wp-json\/wp\/v2\/product_cat?post=4777"},{"taxonomy":"product_tag","embeddable":true,"href":"https:\/\/norvita.eu\/de\/wp-json\/wp\/v2\/product_tag?post=4777"}],"curies":[{"name":"wp","href":"https:\/\/api.w.org\/{rel}","templated":true}]}}