{"id":4776,"date":"2022-09-13T08:45:07","date_gmt":"2022-09-13T08:45:07","guid":{"rendered":"https:\/\/norvita.eu\/pood\/hangover\/"},"modified":"2026-02-26T00:22:15","modified_gmt":"2026-02-25T22:22:15","slug":"hangover","status":"publish","type":"product","link":"https:\/\/norvita.eu\/de\/pood\/hangover\/","title":{"rendered":"hangOVER"},"content":{"rendered":"","protected":false},"excerpt":{"rendered":"<h2>Der Ausflug der letzten Nacht muss nicht bis zum Morgen andauern<\/h2>\n<p>Wenn sich \u00fcberm\u00e4\u00dfiger Alkoholgenuss und schlechter Schlaf am Morgen mit einem Gef\u00fchl des Unwohlseins bemerkbar machen, bedeutet das, dass dem K\u00f6rper N\u00e4hrstoffe, Vitamine und Mineralien fehlen. Die vielseitige Zusammensetzung des HangOVER Mundspray-Vitamins hilft Ihnen, ein paar Schritte vorauszudenken und einen unangenehmen Kater zu verhindern. Dieser Vitaminkomplex enth\u00e4lt eine Vielzahl von Vitaminen der B-Gruppe, die Ihnen eine reichhaltige t\u00e4gliche Versorgung f\u00fcr das normale Funktionieren des K\u00f6rpers garantieren. Ein echter Wachmann f\u00fcr einen unbeschwerten Morgen!<\/p>\n","protected":false},"featured_media":4571,"comment_status":"open","ping_status":"closed","template":"","meta":{"_acf_changed":false,"inline_featured_image":false},"product_brand":[],"product_cat":[85,84],"product_tag":[],"class_list":{"0":"post-4776","1":"product","2":"type-product","3":"status-publish","4":"has-post-thumbnail","6":"product_cat-alle","7":"product_cat-spray-de","9":"first","10":"instock","11":"taxable","12":"shipping-taxable","13":"purchasable","14":"product-type-simple"},"acf":[],"yoast_head":"<!-- This site is optimized with the Yoast SEO plugin v27.2 - https:\/\/yoast.com\/product\/yoast-seo-wordpress\/ -->\n<title>hangOVER | Norvita sprei- ja geelvitamiinid<\/title>\n<meta name=\"description\" content=\"hangOVER - ein Komplex von B-Vitaminen zur Katerbehandlung, der das Unwohlsein am n\u00e4chsten Tag nach Feiern und wenig Schlaf verringert.\" \/>\n<meta name=\"robots\" content=\"index, follow, max-snippet:-1, max-image-preview:large, max-video-preview:-1\" \/>\n<link rel=\"canonical\" href=\"https:\/\/norvita.eu\/de\/pood\/hangover\/\" \/>\n<meta property=\"og:locale\" content=\"de_DE\" \/>\n<meta property=\"og:type\" content=\"article\" \/>\n<meta property=\"og:title\" content=\"hangOVER | Norvita sprei- ja geelvitamiinid\" \/>\n<meta property=\"og:description\" content=\"hangOVER - ein Komplex von B-Vitaminen zur Katerbehandlung, der das Unwohlsein am n\u00e4chsten Tag nach Feiern und wenig Schlaf verringert.\" \/>\n<meta property=\"og:url\" content=\"https:\/\/norvita.eu\/de\/pood\/hangover\/\" \/>\n<meta property=\"og:site_name\" content=\"Norvita sprei- ja geelvitamiinid\" \/>\n<meta property=\"article:publisher\" content=\"https:\/\/www.facebook.com\/norvitasupplements\" \/>\n<meta property=\"article:modified_time\" content=\"2026-02-25T22:22:15+00:00\" \/>\n<meta property=\"og:image\" content=\"https:\/\/norvita.eu\/wp-content\/uploads\/2022\/09\/NorVita-HangOVER-spray-30ml.png\" \/>\n\t<meta property=\"og:image:width\" content=\"1000\" \/>\n\t<meta property=\"og:image:height\" content=\"999\" \/>\n\t<meta property=\"og:image:type\" content=\"image\/png\" \/>\n<meta name=\"twitter:card\" content=\"summary_large_image\" \/>\n<meta name=\"twitter:label1\" content=\"Gesch\u00e4tzte Lesezeit\" \/>\n\t<meta name=\"twitter:data1\" content=\"1\u00a0Minute\" \/>\n<script type=\"application\/ld+json\" class=\"yoast-schema-graph\">{\"@context\":\"https:\/\/schema.org\",\"@graph\":[{\"@type\":\"WebPage\",\"@id\":\"https:\/\/norvita.eu\/de\/pood\/hangover\/\",\"url\":\"https:\/\/norvita.eu\/de\/pood\/hangover\/\",\"name\":\"hangOVER | Norvita sprei- ja geelvitamiinid\",\"isPartOf\":{\"@id\":\"https:\/\/norvita.eu\/de\/#website\"},\"primaryImageOfPage\":{\"@id\":\"https:\/\/norvita.eu\/de\/pood\/hangover\/#primaryimage\"},\"image\":{\"@id\":\"https:\/\/norvita.eu\/de\/pood\/hangover\/#primaryimage\"},\"thumbnailUrl\":\"https:\/\/norvita.eu\/wp-content\/uploads\/2022\/09\/NorVita-HangOVER-spray-30ml.png\",\"datePublished\":\"2022-09-13T08:45:07+00:00\",\"dateModified\":\"2026-02-25T22:22:15+00:00\",\"description\":\"hangOVER - ein Komplex von B-Vitaminen zur Katerbehandlung, der das Unwohlsein am n\u00e4chsten Tag nach Feiern und wenig Schlaf verringert.\",\"breadcrumb\":{\"@id\":\"https:\/\/norvita.eu\/de\/pood\/hangover\/#breadcrumb\"},\"inLanguage\":\"de\",\"potentialAction\":[{\"@type\":\"ReadAction\",\"target\":[\"https:\/\/norvita.eu\/de\/pood\/hangover\/\"]}]},{\"@type\":\"ImageObject\",\"inLanguage\":\"de\",\"@id\":\"https:\/\/norvita.eu\/de\/pood\/hangover\/#primaryimage\",\"url\":\"https:\/\/norvita.eu\/wp-content\/uploads\/2022\/09\/NorVita-HangOVER-spray-30ml.png\",\"contentUrl\":\"https:\/\/norvita.eu\/wp-content\/uploads\/2022\/09\/NorVita-HangOVER-spray-30ml.png\",\"width\":1000,\"height\":999,\"caption\":\"pohmaka ravi B vitamiinide kompleks - hangover\"},{\"@type\":\"BreadcrumbList\",\"@id\":\"https:\/\/norvita.eu\/de\/pood\/hangover\/#breadcrumb\",\"itemListElement\":[{\"@type\":\"ListItem\",\"position\":1,\"name\":\"Home\",\"item\":\"https:\/\/norvita.eu\/de\/\"},{\"@type\":\"ListItem\",\"position\":2,\"name\":\"Shop\",\"item\":\"https:\/\/norvita.eu\/de\/shop\/\"},{\"@type\":\"ListItem\",\"position\":3,\"name\":\"hangOVER\"}]},{\"@type\":\"WebSite\",\"@id\":\"https:\/\/norvita.eu\/de\/#website\",\"url\":\"https:\/\/norvita.eu\/de\/\",\"name\":\"Norvita sprei- ja geelvitamiinid\",\"description\":\"Sprei vitamiinid ja toidulisandid\",\"publisher\":{\"@id\":\"https:\/\/norvita.eu\/de\/#organization\"},\"potentialAction\":[{\"@type\":\"SearchAction\",\"target\":{\"@type\":\"EntryPoint\",\"urlTemplate\":\"https:\/\/norvita.eu\/de\/?s={search_term_string}\"},\"query-input\":{\"@type\":\"PropertyValueSpecification\",\"valueRequired\":true,\"valueName\":\"search_term_string\"}}],\"inLanguage\":\"de\"},{\"@type\":\"Organization\",\"@id\":\"https:\/\/norvita.eu\/de\/#organization\",\"name\":\"NorVita\",\"url\":\"https:\/\/norvita.eu\/de\/\",\"logo\":{\"@type\":\"ImageObject\",\"inLanguage\":\"de\",\"@id\":\"https:\/\/norvita.eu\/de\/#\/schema\/logo\/image\/\",\"url\":\"https:\/\/norvita.eu\/wp-content\/uploads\/2022\/07\/NorVita.svg\",\"contentUrl\":\"https:\/\/norvita.eu\/wp-content\/uploads\/2022\/07\/NorVita.svg\",\"width\":96,\"height\":26,\"caption\":\"NorVita\"},\"image\":{\"@id\":\"https:\/\/norvita.eu\/de\/#\/schema\/logo\/image\/\"},\"sameAs\":[\"https:\/\/www.facebook.com\/norvitasupplements\",\"https:\/\/www.instagram.com\/norvita_supplements\/\"]}]}<\/script>\n<!-- \/ Yoast SEO plugin. -->","yoast_head_json":{"title":"hangOVER | Norvita sprei- ja geelvitamiinid","description":"hangOVER - ein Komplex von B-Vitaminen zur Katerbehandlung, der das Unwohlsein am n\u00e4chsten Tag nach Feiern und wenig Schlaf verringert.","robots":{"index":"index","follow":"follow","max-snippet":"max-snippet:-1","max-image-preview":"max-image-preview:large","max-video-preview":"max-video-preview:-1"},"canonical":"https:\/\/norvita.eu\/de\/pood\/hangover\/","og_locale":"de_DE","og_type":"article","og_title":"hangOVER | Norvita sprei- ja geelvitamiinid","og_description":"hangOVER - ein Komplex von B-Vitaminen zur Katerbehandlung, der das Unwohlsein am n\u00e4chsten Tag nach Feiern und wenig Schlaf verringert.","og_url":"https:\/\/norvita.eu\/de\/pood\/hangover\/","og_site_name":"Norvita sprei- ja geelvitamiinid","article_publisher":"https:\/\/www.facebook.com\/norvitasupplements","article_modified_time":"2026-02-25T22:22:15+00:00","og_image":[{"width":1000,"height":999,"url":"https:\/\/norvita.eu\/wp-content\/uploads\/2022\/09\/NorVita-HangOVER-spray-30ml.png","type":"image\/png"}],"twitter_card":"summary_large_image","twitter_misc":{"Gesch\u00e4tzte Lesezeit":"1\u00a0Minute"},"schema":{"@context":"https:\/\/schema.org","@graph":[{"@type":"WebPage","@id":"https:\/\/norvita.eu\/de\/pood\/hangover\/","url":"https:\/\/norvita.eu\/de\/pood\/hangover\/","name":"hangOVER | Norvita sprei- ja geelvitamiinid","isPartOf":{"@id":"https:\/\/norvita.eu\/de\/#website"},"primaryImageOfPage":{"@id":"https:\/\/norvita.eu\/de\/pood\/hangover\/#primaryimage"},"image":{"@id":"https:\/\/norvita.eu\/de\/pood\/hangover\/#primaryimage"},"thumbnailUrl":"https:\/\/norvita.eu\/wp-content\/uploads\/2022\/09\/NorVita-HangOVER-spray-30ml.png","datePublished":"2022-09-13T08:45:07+00:00","dateModified":"2026-02-25T22:22:15+00:00","description":"hangOVER - ein Komplex von B-Vitaminen zur Katerbehandlung, der das Unwohlsein am n\u00e4chsten Tag nach Feiern und wenig Schlaf verringert.","breadcrumb":{"@id":"https:\/\/norvita.eu\/de\/pood\/hangover\/#breadcrumb"},"inLanguage":"de","potentialAction":[{"@type":"ReadAction","target":["https:\/\/norvita.eu\/de\/pood\/hangover\/"]}]},{"@type":"ImageObject","inLanguage":"de","@id":"https:\/\/norvita.eu\/de\/pood\/hangover\/#primaryimage","url":"https:\/\/norvita.eu\/wp-content\/uploads\/2022\/09\/NorVita-HangOVER-spray-30ml.png","contentUrl":"https:\/\/norvita.eu\/wp-content\/uploads\/2022\/09\/NorVita-HangOVER-spray-30ml.png","width":1000,"height":999,"caption":"pohmaka ravi B vitamiinide kompleks - hangover"},{"@type":"BreadcrumbList","@id":"https:\/\/norvita.eu\/de\/pood\/hangover\/#breadcrumb","itemListElement":[{"@type":"ListItem","position":1,"name":"Home","item":"https:\/\/norvita.eu\/de\/"},{"@type":"ListItem","position":2,"name":"Shop","item":"https:\/\/norvita.eu\/de\/shop\/"},{"@type":"ListItem","position":3,"name":"hangOVER"}]},{"@type":"WebSite","@id":"https:\/\/norvita.eu\/de\/#website","url":"https:\/\/norvita.eu\/de\/","name":"Norvita sprei- ja geelvitamiinid","description":"Sprei vitamiinid ja toidulisandid","publisher":{"@id":"https:\/\/norvita.eu\/de\/#organization"},"potentialAction":[{"@type":"SearchAction","target":{"@type":"EntryPoint","urlTemplate":"https:\/\/norvita.eu\/de\/?s={search_term_string}"},"query-input":{"@type":"PropertyValueSpecification","valueRequired":true,"valueName":"search_term_string"}}],"inLanguage":"de"},{"@type":"Organization","@id":"https:\/\/norvita.eu\/de\/#organization","name":"NorVita","url":"https:\/\/norvita.eu\/de\/","logo":{"@type":"ImageObject","inLanguage":"de","@id":"https:\/\/norvita.eu\/de\/#\/schema\/logo\/image\/","url":"https:\/\/norvita.eu\/wp-content\/uploads\/2022\/07\/NorVita.svg","contentUrl":"https:\/\/norvita.eu\/wp-content\/uploads\/2022\/07\/NorVita.svg","width":96,"height":26,"caption":"NorVita"},"image":{"@id":"https:\/\/norvita.eu\/de\/#\/schema\/logo\/image\/"},"sameAs":["https:\/\/www.facebook.com\/norvitasupplements","https:\/\/www.instagram.com\/norvita_supplements\/"]}]}},"_links":{"self":[{"href":"https:\/\/norvita.eu\/de\/wp-json\/wp\/v2\/product\/4776","targetHints":{"allow":["GET"]}}],"collection":[{"href":"https:\/\/norvita.eu\/de\/wp-json\/wp\/v2\/product"}],"about":[{"href":"https:\/\/norvita.eu\/de\/wp-json\/wp\/v2\/types\/product"}],"replies":[{"embeddable":true,"href":"https:\/\/norvita.eu\/de\/wp-json\/wp\/v2\/comments?post=4776"}],"wp:featuredmedia":[{"embeddable":true,"href":"https:\/\/norvita.eu\/de\/wp-json\/wp\/v2\/media\/4571"}],"wp:attachment":[{"href":"https:\/\/norvita.eu\/de\/wp-json\/wp\/v2\/media?parent=4776"}],"wp:term":[{"taxonomy":"product_brand","embeddable":true,"href":"https:\/\/norvita.eu\/de\/wp-json\/wp\/v2\/product_brand?post=4776"},{"taxonomy":"product_cat","embeddable":true,"href":"https:\/\/norvita.eu\/de\/wp-json\/wp\/v2\/product_cat?post=4776"},{"taxonomy":"product_tag","embeddable":true,"href":"https:\/\/norvita.eu\/de\/wp-json\/wp\/v2\/product_tag?post=4776"}],"curies":[{"name":"wp","href":"https:\/\/api.w.org\/{rel}","templated":true}]}}