{"id":4773,"date":"2022-09-26T14:35:15","date_gmt":"2022-09-26T14:35:15","guid":{"rendered":"https:\/\/norvita.eu\/pood\/meestele\/"},"modified":"2025-04-18T00:27:34","modified_gmt":"2025-04-17T21:27:34","slug":"vitamin-kit-fur-maenner","status":"publish","type":"product","link":"https:\/\/norvita.eu\/de\/pood\/vitamin-kit-fur-maenner\/","title":{"rendered":"Vitamin-Kit f\u00fcr M\u00e4nner"},"content":{"rendered":"","protected":false},"excerpt":{"rendered":"<h2>Dreifache Kraft f\u00fcr die Gesundheit des Mannes &#8211; Vitamin D3, Magnesium und Stark Immunit\u00e4t Erg\u00e4nzungspaket<\/h2>\n<p>St\u00e4rken Sie Ihre Knochen, beruhigen Sie Ihren Geist, unterst\u00fctzen Sie die normale Funktion des Immunsystems und der Blutgef\u00e4\u00dfe und reduzieren Sie Ersch\u00f6pfung durch drei hochwirksame Vitamine und Mineralien! Unter Ber\u00fccksichtigung der biologischen und physiologischen Eigenschaften des m\u00e4nnlichen K\u00f6rpers haben wir eine Reihe von Nahrungserg\u00e4nzungsmitteln ausgew\u00e4hlt, die Gesundheitsproblemen vorbeugen und diese beheben, die bei M\u00e4nnern am h\u00e4ufigsten auftreten. St\u00e4rken Sie Ihren vitaminarmen K\u00f6rper mit starken und wirksamen Spr\u00fchvitaminen, indem Sie dieses Set t\u00e4glich anwenden!<\/p>\n","protected":false},"featured_media":6635,"comment_status":"open","ping_status":"closed","template":"","meta":{"_acf_changed":false,"inline_featured_image":false},"product_brand":[],"product_cat":[85,83],"product_tag":[],"class_list":{"0":"post-4773","1":"product","2":"type-product","3":"status-publish","4":"has-post-thumbnail","6":"product_cat-alle","7":"product_cat-sets-de","9":"first","10":"instock","11":"sale","12":"taxable","13":"shipping-taxable","14":"purchasable","15":"product-type-woosb"},"acf":[],"yoast_head":"<!-- This site is optimized with the Yoast SEO plugin v27.2 - https:\/\/yoast.com\/product\/yoast-seo-wordpress\/ -->\n<title>Vitamin-Kit f\u00fcr M\u00e4nner | Norvita sprei- ja geelvitamiinid<\/title>\n<meta name=\"description\" content=\"Vitamine f\u00fcr M\u00e4nner - Vitamin D3, Magnesium, Starke Immunit\u00e4t. St\u00e4rkt Knochen und Muskeln, unterst\u00fctzt das Immunsystem und reduziert M\u00fcdigkeit.\" \/>\n<meta name=\"robots\" content=\"index, follow, max-snippet:-1, max-image-preview:large, max-video-preview:-1\" \/>\n<link rel=\"canonical\" href=\"https:\/\/norvita.eu\/de\/pood\/vitamin-kit-fur-maenner\/\" \/>\n<meta property=\"og:locale\" content=\"de_DE\" \/>\n<meta property=\"og:type\" content=\"article\" \/>\n<meta property=\"og:title\" content=\"Vitamin-Kit f\u00fcr M\u00e4nner | Norvita sprei- ja geelvitamiinid\" \/>\n<meta property=\"og:description\" content=\"Vitamine f\u00fcr M\u00e4nner - Vitamin D3, Magnesium, Starke Immunit\u00e4t. St\u00e4rkt Knochen und Muskeln, unterst\u00fctzt das Immunsystem und reduziert M\u00fcdigkeit.\" \/>\n<meta property=\"og:url\" content=\"https:\/\/norvita.eu\/de\/pood\/vitamin-kit-fur-maenner\/\" \/>\n<meta property=\"og:site_name\" content=\"Norvita sprei- ja geelvitamiinid\" \/>\n<meta property=\"article:publisher\" content=\"https:\/\/www.facebook.com\/norvitasupplements\" \/>\n<meta property=\"article:modified_time\" content=\"2025-04-17T21:27:34+00:00\" \/>\n<meta property=\"og:image\" content=\"https:\/\/norvita.eu\/wp-content\/uploads\/2023\/11\/NorVita-vitamiinid-meeste-komplekt-uus-1.png\" \/>\n\t<meta property=\"og:image:width\" content=\"1000\" \/>\n\t<meta property=\"og:image:height\" content=\"1000\" \/>\n\t<meta property=\"og:image:type\" content=\"image\/png\" \/>\n<meta name=\"twitter:card\" content=\"summary_large_image\" \/>\n<script type=\"application\/ld+json\" class=\"yoast-schema-graph\">{\"@context\":\"https:\/\/schema.org\",\"@graph\":[{\"@type\":\"WebPage\",\"@id\":\"https:\/\/norvita.eu\/de\/pood\/vitamin-kit-fur-maenner\/\",\"url\":\"https:\/\/norvita.eu\/de\/pood\/vitamin-kit-fur-maenner\/\",\"name\":\"Vitamin-Kit f\u00fcr M\u00e4nner | Norvita sprei- ja geelvitamiinid\",\"isPartOf\":{\"@id\":\"https:\/\/norvita.eu\/de\/#website\"},\"primaryImageOfPage\":{\"@id\":\"https:\/\/norvita.eu\/de\/pood\/vitamin-kit-fur-maenner\/#primaryimage\"},\"image\":{\"@id\":\"https:\/\/norvita.eu\/de\/pood\/vitamin-kit-fur-maenner\/#primaryimage\"},\"thumbnailUrl\":\"https:\/\/norvita.eu\/wp-content\/uploads\/2023\/11\/NorVita-vitamiinid-meeste-komplekt-uus-1.png\",\"datePublished\":\"2022-09-26T14:35:15+00:00\",\"dateModified\":\"2025-04-17T21:27:34+00:00\",\"description\":\"Vitamine f\u00fcr M\u00e4nner - Vitamin D3, Magnesium, Starke Immunit\u00e4t. St\u00e4rkt Knochen und Muskeln, unterst\u00fctzt das Immunsystem und reduziert M\u00fcdigkeit.\",\"breadcrumb\":{\"@id\":\"https:\/\/norvita.eu\/de\/pood\/vitamin-kit-fur-maenner\/#breadcrumb\"},\"inLanguage\":\"de\",\"potentialAction\":[{\"@type\":\"ReadAction\",\"target\":[\"https:\/\/norvita.eu\/de\/pood\/vitamin-kit-fur-maenner\/\"]}]},{\"@type\":\"ImageObject\",\"inLanguage\":\"de\",\"@id\":\"https:\/\/norvita.eu\/de\/pood\/vitamin-kit-fur-maenner\/#primaryimage\",\"url\":\"https:\/\/norvita.eu\/wp-content\/uploads\/2023\/11\/NorVita-vitamiinid-meeste-komplekt-uus-1.png\",\"contentUrl\":\"https:\/\/norvita.eu\/wp-content\/uploads\/2023\/11\/NorVita-vitamiinid-meeste-komplekt-uus-1.png\",\"width\":1000,\"height\":1000,\"caption\":\"NorVita vitamiinid komplekt meestele\"},{\"@type\":\"BreadcrumbList\",\"@id\":\"https:\/\/norvita.eu\/de\/pood\/vitamin-kit-fur-maenner\/#breadcrumb\",\"itemListElement\":[{\"@type\":\"ListItem\",\"position\":1,\"name\":\"Home\",\"item\":\"https:\/\/norvita.eu\/de\/\"},{\"@type\":\"ListItem\",\"position\":2,\"name\":\"Shop\",\"item\":\"https:\/\/norvita.eu\/de\/shop\/\"},{\"@type\":\"ListItem\",\"position\":3,\"name\":\"Vitamin-Kit f\u00fcr M\u00e4nner\"}]},{\"@type\":\"WebSite\",\"@id\":\"https:\/\/norvita.eu\/de\/#website\",\"url\":\"https:\/\/norvita.eu\/de\/\",\"name\":\"Norvita sprei- ja geelvitamiinid\",\"description\":\"Sprei vitamiinid ja toidulisandid\",\"publisher\":{\"@id\":\"https:\/\/norvita.eu\/de\/#organization\"},\"potentialAction\":[{\"@type\":\"SearchAction\",\"target\":{\"@type\":\"EntryPoint\",\"urlTemplate\":\"https:\/\/norvita.eu\/de\/?s={search_term_string}\"},\"query-input\":{\"@type\":\"PropertyValueSpecification\",\"valueRequired\":true,\"valueName\":\"search_term_string\"}}],\"inLanguage\":\"de\"},{\"@type\":\"Organization\",\"@id\":\"https:\/\/norvita.eu\/de\/#organization\",\"name\":\"NorVita\",\"url\":\"https:\/\/norvita.eu\/de\/\",\"logo\":{\"@type\":\"ImageObject\",\"inLanguage\":\"de\",\"@id\":\"https:\/\/norvita.eu\/de\/#\/schema\/logo\/image\/\",\"url\":\"https:\/\/norvita.eu\/wp-content\/uploads\/2022\/07\/NorVita.svg\",\"contentUrl\":\"https:\/\/norvita.eu\/wp-content\/uploads\/2022\/07\/NorVita.svg\",\"width\":96,\"height\":26,\"caption\":\"NorVita\"},\"image\":{\"@id\":\"https:\/\/norvita.eu\/de\/#\/schema\/logo\/image\/\"},\"sameAs\":[\"https:\/\/www.facebook.com\/norvitasupplements\",\"https:\/\/www.instagram.com\/norvita_supplements\/\"]}]}<\/script>\n<!-- \/ Yoast SEO plugin. -->","yoast_head_json":{"title":"Vitamin-Kit f\u00fcr M\u00e4nner | Norvita sprei- ja geelvitamiinid","description":"Vitamine f\u00fcr M\u00e4nner - Vitamin D3, Magnesium, Starke Immunit\u00e4t. St\u00e4rkt Knochen und Muskeln, unterst\u00fctzt das Immunsystem und reduziert M\u00fcdigkeit.","robots":{"index":"index","follow":"follow","max-snippet":"max-snippet:-1","max-image-preview":"max-image-preview:large","max-video-preview":"max-video-preview:-1"},"canonical":"https:\/\/norvita.eu\/de\/pood\/vitamin-kit-fur-maenner\/","og_locale":"de_DE","og_type":"article","og_title":"Vitamin-Kit f\u00fcr M\u00e4nner | Norvita sprei- ja geelvitamiinid","og_description":"Vitamine f\u00fcr M\u00e4nner - Vitamin D3, Magnesium, Starke Immunit\u00e4t. St\u00e4rkt Knochen und Muskeln, unterst\u00fctzt das Immunsystem und reduziert M\u00fcdigkeit.","og_url":"https:\/\/norvita.eu\/de\/pood\/vitamin-kit-fur-maenner\/","og_site_name":"Norvita sprei- ja geelvitamiinid","article_publisher":"https:\/\/www.facebook.com\/norvitasupplements","article_modified_time":"2025-04-17T21:27:34+00:00","og_image":[{"width":1000,"height":1000,"url":"https:\/\/norvita.eu\/wp-content\/uploads\/2023\/11\/NorVita-vitamiinid-meeste-komplekt-uus-1.png","type":"image\/png"}],"twitter_card":"summary_large_image","schema":{"@context":"https:\/\/schema.org","@graph":[{"@type":"WebPage","@id":"https:\/\/norvita.eu\/de\/pood\/vitamin-kit-fur-maenner\/","url":"https:\/\/norvita.eu\/de\/pood\/vitamin-kit-fur-maenner\/","name":"Vitamin-Kit f\u00fcr M\u00e4nner | Norvita sprei- ja geelvitamiinid","isPartOf":{"@id":"https:\/\/norvita.eu\/de\/#website"},"primaryImageOfPage":{"@id":"https:\/\/norvita.eu\/de\/pood\/vitamin-kit-fur-maenner\/#primaryimage"},"image":{"@id":"https:\/\/norvita.eu\/de\/pood\/vitamin-kit-fur-maenner\/#primaryimage"},"thumbnailUrl":"https:\/\/norvita.eu\/wp-content\/uploads\/2023\/11\/NorVita-vitamiinid-meeste-komplekt-uus-1.png","datePublished":"2022-09-26T14:35:15+00:00","dateModified":"2025-04-17T21:27:34+00:00","description":"Vitamine f\u00fcr M\u00e4nner - Vitamin D3, Magnesium, Starke Immunit\u00e4t. St\u00e4rkt Knochen und Muskeln, unterst\u00fctzt das Immunsystem und reduziert M\u00fcdigkeit.","breadcrumb":{"@id":"https:\/\/norvita.eu\/de\/pood\/vitamin-kit-fur-maenner\/#breadcrumb"},"inLanguage":"de","potentialAction":[{"@type":"ReadAction","target":["https:\/\/norvita.eu\/de\/pood\/vitamin-kit-fur-maenner\/"]}]},{"@type":"ImageObject","inLanguage":"de","@id":"https:\/\/norvita.eu\/de\/pood\/vitamin-kit-fur-maenner\/#primaryimage","url":"https:\/\/norvita.eu\/wp-content\/uploads\/2023\/11\/NorVita-vitamiinid-meeste-komplekt-uus-1.png","contentUrl":"https:\/\/norvita.eu\/wp-content\/uploads\/2023\/11\/NorVita-vitamiinid-meeste-komplekt-uus-1.png","width":1000,"height":1000,"caption":"NorVita vitamiinid komplekt meestele"},{"@type":"BreadcrumbList","@id":"https:\/\/norvita.eu\/de\/pood\/vitamin-kit-fur-maenner\/#breadcrumb","itemListElement":[{"@type":"ListItem","position":1,"name":"Home","item":"https:\/\/norvita.eu\/de\/"},{"@type":"ListItem","position":2,"name":"Shop","item":"https:\/\/norvita.eu\/de\/shop\/"},{"@type":"ListItem","position":3,"name":"Vitamin-Kit f\u00fcr M\u00e4nner"}]},{"@type":"WebSite","@id":"https:\/\/norvita.eu\/de\/#website","url":"https:\/\/norvita.eu\/de\/","name":"Norvita sprei- ja geelvitamiinid","description":"Sprei vitamiinid ja toidulisandid","publisher":{"@id":"https:\/\/norvita.eu\/de\/#organization"},"potentialAction":[{"@type":"SearchAction","target":{"@type":"EntryPoint","urlTemplate":"https:\/\/norvita.eu\/de\/?s={search_term_string}"},"query-input":{"@type":"PropertyValueSpecification","valueRequired":true,"valueName":"search_term_string"}}],"inLanguage":"de"},{"@type":"Organization","@id":"https:\/\/norvita.eu\/de\/#organization","name":"NorVita","url":"https:\/\/norvita.eu\/de\/","logo":{"@type":"ImageObject","inLanguage":"de","@id":"https:\/\/norvita.eu\/de\/#\/schema\/logo\/image\/","url":"https:\/\/norvita.eu\/wp-content\/uploads\/2022\/07\/NorVita.svg","contentUrl":"https:\/\/norvita.eu\/wp-content\/uploads\/2022\/07\/NorVita.svg","width":96,"height":26,"caption":"NorVita"},"image":{"@id":"https:\/\/norvita.eu\/de\/#\/schema\/logo\/image\/"},"sameAs":["https:\/\/www.facebook.com\/norvitasupplements","https:\/\/www.instagram.com\/norvita_supplements\/"]}]}},"_links":{"self":[{"href":"https:\/\/norvita.eu\/de\/wp-json\/wp\/v2\/product\/4773","targetHints":{"allow":["GET"]}}],"collection":[{"href":"https:\/\/norvita.eu\/de\/wp-json\/wp\/v2\/product"}],"about":[{"href":"https:\/\/norvita.eu\/de\/wp-json\/wp\/v2\/types\/product"}],"replies":[{"embeddable":true,"href":"https:\/\/norvita.eu\/de\/wp-json\/wp\/v2\/comments?post=4773"}],"wp:featuredmedia":[{"embeddable":true,"href":"https:\/\/norvita.eu\/de\/wp-json\/wp\/v2\/media\/6635"}],"wp:attachment":[{"href":"https:\/\/norvita.eu\/de\/wp-json\/wp\/v2\/media?parent=4773"}],"wp:term":[{"taxonomy":"product_brand","embeddable":true,"href":"https:\/\/norvita.eu\/de\/wp-json\/wp\/v2\/product_brand?post=4773"},{"taxonomy":"product_cat","embeddable":true,"href":"https:\/\/norvita.eu\/de\/wp-json\/wp\/v2\/product_cat?post=4773"},{"taxonomy":"product_tag","embeddable":true,"href":"https:\/\/norvita.eu\/de\/wp-json\/wp\/v2\/product_tag?post=4773"}],"curies":[{"name":"wp","href":"https:\/\/api.w.org\/{rel}","templated":true}]}}