{"id":4772,"date":"2022-10-09T18:30:27","date_gmt":"2022-10-09T18:30:27","guid":{"rendered":"https:\/\/norvita.eu\/pood\/vegan-d3-vitamiin-suukaudne-sprei\/"},"modified":"2026-02-26T00:13:27","modified_gmt":"2026-02-25T22:13:27","slug":"vitamin-d3-vegan-1000iu","status":"publish","type":"product","link":"https:\/\/norvita.eu\/de\/pood\/vitamin-d3-vegan-1000iu\/","title":{"rendered":"Vitamin D3 Vegan 1000IU"},"content":{"rendered":"","protected":false},"excerpt":{"rendered":"<h2>Eine durchdachte L\u00f6sung f\u00fcr Vegetarier und Veganer zur St\u00e4rkung von K\u00f6rper, Knochen und Z\u00e4hnen<\/h2>\n<p>F\u00fcr Menschen, die keine tierischen Produkte verzehren, ist eine Vitamin-D3-Erg\u00e4nzung ein notwendiges Hilfsmittel zur St\u00e4rkung des K\u00f6rpers in der sonnenarmen Zeit. Leider ist Vitamin D haupts\u00e4chlich in Milchprodukten, Gefl\u00fcgel, Fisch und Eigelb enthalten. Dieses vegane D3-Vitamin wird jedoch aus Flechten gewonnen und eignet sich f\u00fcr alle, die aus irgendeinem Grund auf Lebensmittel und N\u00e4hrstoffe tierischen Ursprungs verzichten m\u00f6chten. Das vegane D3-Vitaminspray ist eine wirksame Methode zur Erh\u00f6hung des Vitamin-D-Spiegels im K\u00f6rper und hat als Bonus eine umweltfreundliche Verpackung.<\/p>\n","protected":false},"featured_media":5253,"comment_status":"open","ping_status":"closed","template":"","meta":{"_acf_changed":false,"inline_featured_image":false},"product_brand":[],"product_cat":[85,84],"product_tag":[],"class_list":{"0":"post-4772","1":"product","2":"type-product","3":"status-publish","4":"has-post-thumbnail","6":"product_cat-alle","7":"product_cat-spray-de","9":"first","10":"outofstock","11":"taxable","12":"shipping-taxable","13":"purchasable","14":"product-type-simple"},"acf":[],"yoast_head":"<!-- This site is optimized with the Yoast SEO plugin v27.2 - https:\/\/yoast.com\/product\/yoast-seo-wordpress\/ -->\n<title>Vitamin D3 Vegan 1000IU | Norvita sprei- ja geelvitamiinid<\/title>\n<meta name=\"description\" content=\"Veganes Vitamin D3 aus Flechten hilft, Knochen und Z\u00e4hne zu st\u00e4rken, unterst\u00fctzt das Immunsystem und reduziert M\u00fcdigkeit.\" \/>\n<meta name=\"robots\" content=\"index, follow, max-snippet:-1, max-image-preview:large, max-video-preview:-1\" \/>\n<link rel=\"canonical\" href=\"https:\/\/norvita.eu\/de\/pood\/vitamin-d3-vegan-1000iu\/\" \/>\n<meta property=\"og:locale\" content=\"de_DE\" \/>\n<meta property=\"og:type\" content=\"article\" \/>\n<meta property=\"og:title\" content=\"Vitamin D3 Vegan 1000IU | Norvita sprei- ja geelvitamiinid\" \/>\n<meta property=\"og:description\" content=\"Veganes Vitamin D3 aus Flechten hilft, Knochen und Z\u00e4hne zu st\u00e4rken, unterst\u00fctzt das Immunsystem und reduziert M\u00fcdigkeit.\" \/>\n<meta property=\"og:url\" content=\"https:\/\/norvita.eu\/de\/pood\/vitamin-d3-vegan-1000iu\/\" \/>\n<meta property=\"og:site_name\" content=\"Norvita sprei- ja geelvitamiinid\" \/>\n<meta property=\"article:publisher\" content=\"https:\/\/www.facebook.com\/norvitasupplements\" \/>\n<meta property=\"article:modified_time\" content=\"2026-02-25T22:13:27+00:00\" \/>\n<meta property=\"og:image\" content=\"https:\/\/norvita.eu\/wp-content\/uploads\/2022\/10\/Vegan-D3-terviselemmik-auhind.png\" \/>\n\t<meta property=\"og:image:width\" content=\"1000\" \/>\n\t<meta property=\"og:image:height\" content=\"1000\" \/>\n\t<meta property=\"og:image:type\" content=\"image\/png\" \/>\n<meta name=\"twitter:card\" content=\"summary_large_image\" \/>\n<script type=\"application\/ld+json\" class=\"yoast-schema-graph\">{\"@context\":\"https:\/\/schema.org\",\"@graph\":[{\"@type\":\"WebPage\",\"@id\":\"https:\/\/norvita.eu\/de\/pood\/vitamin-d3-vegan-1000iu\/\",\"url\":\"https:\/\/norvita.eu\/de\/pood\/vitamin-d3-vegan-1000iu\/\",\"name\":\"Vitamin D3 Vegan 1000IU | Norvita sprei- ja geelvitamiinid\",\"isPartOf\":{\"@id\":\"https:\/\/norvita.eu\/de\/#website\"},\"primaryImageOfPage\":{\"@id\":\"https:\/\/norvita.eu\/de\/pood\/vitamin-d3-vegan-1000iu\/#primaryimage\"},\"image\":{\"@id\":\"https:\/\/norvita.eu\/de\/pood\/vitamin-d3-vegan-1000iu\/#primaryimage\"},\"thumbnailUrl\":\"https:\/\/norvita.eu\/wp-content\/uploads\/2022\/10\/Vegan-D3-terviselemmik-auhind.png\",\"datePublished\":\"2022-10-09T18:30:27+00:00\",\"dateModified\":\"2026-02-25T22:13:27+00:00\",\"description\":\"Veganes Vitamin D3 aus Flechten hilft, Knochen und Z\u00e4hne zu st\u00e4rken, unterst\u00fctzt das Immunsystem und reduziert M\u00fcdigkeit.\",\"breadcrumb\":{\"@id\":\"https:\/\/norvita.eu\/de\/pood\/vitamin-d3-vegan-1000iu\/#breadcrumb\"},\"inLanguage\":\"de\",\"potentialAction\":[{\"@type\":\"ReadAction\",\"target\":[\"https:\/\/norvita.eu\/de\/pood\/vitamin-d3-vegan-1000iu\/\"]}]},{\"@type\":\"ImageObject\",\"inLanguage\":\"de\",\"@id\":\"https:\/\/norvita.eu\/de\/pood\/vitamin-d3-vegan-1000iu\/#primaryimage\",\"url\":\"https:\/\/norvita.eu\/wp-content\/uploads\/2022\/10\/Vegan-D3-terviselemmik-auhind.png\",\"contentUrl\":\"https:\/\/norvita.eu\/wp-content\/uploads\/2022\/10\/Vegan-D3-terviselemmik-auhind.png\",\"width\":1000,\"height\":1000,\"caption\":\"NorVita vegan D3 sprei vitamiin terviselemmik\"},{\"@type\":\"BreadcrumbList\",\"@id\":\"https:\/\/norvita.eu\/de\/pood\/vitamin-d3-vegan-1000iu\/#breadcrumb\",\"itemListElement\":[{\"@type\":\"ListItem\",\"position\":1,\"name\":\"Home\",\"item\":\"https:\/\/norvita.eu\/de\/\"},{\"@type\":\"ListItem\",\"position\":2,\"name\":\"Shop\",\"item\":\"https:\/\/norvita.eu\/de\/shop\/\"},{\"@type\":\"ListItem\",\"position\":3,\"name\":\"Vitamin D3 Vegan 1000IU\"}]},{\"@type\":\"WebSite\",\"@id\":\"https:\/\/norvita.eu\/de\/#website\",\"url\":\"https:\/\/norvita.eu\/de\/\",\"name\":\"Norvita sprei- ja geelvitamiinid\",\"description\":\"Sprei vitamiinid ja toidulisandid\",\"publisher\":{\"@id\":\"https:\/\/norvita.eu\/de\/#organization\"},\"potentialAction\":[{\"@type\":\"SearchAction\",\"target\":{\"@type\":\"EntryPoint\",\"urlTemplate\":\"https:\/\/norvita.eu\/de\/?s={search_term_string}\"},\"query-input\":{\"@type\":\"PropertyValueSpecification\",\"valueRequired\":true,\"valueName\":\"search_term_string\"}}],\"inLanguage\":\"de\"},{\"@type\":\"Organization\",\"@id\":\"https:\/\/norvita.eu\/de\/#organization\",\"name\":\"NorVita\",\"url\":\"https:\/\/norvita.eu\/de\/\",\"logo\":{\"@type\":\"ImageObject\",\"inLanguage\":\"de\",\"@id\":\"https:\/\/norvita.eu\/de\/#\/schema\/logo\/image\/\",\"url\":\"https:\/\/norvita.eu\/wp-content\/uploads\/2022\/07\/NorVita.svg\",\"contentUrl\":\"https:\/\/norvita.eu\/wp-content\/uploads\/2022\/07\/NorVita.svg\",\"width\":96,\"height\":26,\"caption\":\"NorVita\"},\"image\":{\"@id\":\"https:\/\/norvita.eu\/de\/#\/schema\/logo\/image\/\"},\"sameAs\":[\"https:\/\/www.facebook.com\/norvitasupplements\",\"https:\/\/www.instagram.com\/norvita_supplements\/\"]}]}<\/script>\n<!-- \/ Yoast SEO plugin. -->","yoast_head_json":{"title":"Vitamin D3 Vegan 1000IU | Norvita sprei- ja geelvitamiinid","description":"Veganes Vitamin D3 aus Flechten hilft, Knochen und Z\u00e4hne zu st\u00e4rken, unterst\u00fctzt das Immunsystem und reduziert M\u00fcdigkeit.","robots":{"index":"index","follow":"follow","max-snippet":"max-snippet:-1","max-image-preview":"max-image-preview:large","max-video-preview":"max-video-preview:-1"},"canonical":"https:\/\/norvita.eu\/de\/pood\/vitamin-d3-vegan-1000iu\/","og_locale":"de_DE","og_type":"article","og_title":"Vitamin D3 Vegan 1000IU | Norvita sprei- ja geelvitamiinid","og_description":"Veganes Vitamin D3 aus Flechten hilft, Knochen und Z\u00e4hne zu st\u00e4rken, unterst\u00fctzt das Immunsystem und reduziert M\u00fcdigkeit.","og_url":"https:\/\/norvita.eu\/de\/pood\/vitamin-d3-vegan-1000iu\/","og_site_name":"Norvita sprei- ja geelvitamiinid","article_publisher":"https:\/\/www.facebook.com\/norvitasupplements","article_modified_time":"2026-02-25T22:13:27+00:00","og_image":[{"width":1000,"height":1000,"url":"https:\/\/norvita.eu\/wp-content\/uploads\/2022\/10\/Vegan-D3-terviselemmik-auhind.png","type":"image\/png"}],"twitter_card":"summary_large_image","schema":{"@context":"https:\/\/schema.org","@graph":[{"@type":"WebPage","@id":"https:\/\/norvita.eu\/de\/pood\/vitamin-d3-vegan-1000iu\/","url":"https:\/\/norvita.eu\/de\/pood\/vitamin-d3-vegan-1000iu\/","name":"Vitamin D3 Vegan 1000IU | Norvita sprei- ja geelvitamiinid","isPartOf":{"@id":"https:\/\/norvita.eu\/de\/#website"},"primaryImageOfPage":{"@id":"https:\/\/norvita.eu\/de\/pood\/vitamin-d3-vegan-1000iu\/#primaryimage"},"image":{"@id":"https:\/\/norvita.eu\/de\/pood\/vitamin-d3-vegan-1000iu\/#primaryimage"},"thumbnailUrl":"https:\/\/norvita.eu\/wp-content\/uploads\/2022\/10\/Vegan-D3-terviselemmik-auhind.png","datePublished":"2022-10-09T18:30:27+00:00","dateModified":"2026-02-25T22:13:27+00:00","description":"Veganes Vitamin D3 aus Flechten hilft, Knochen und Z\u00e4hne zu st\u00e4rken, unterst\u00fctzt das Immunsystem und reduziert M\u00fcdigkeit.","breadcrumb":{"@id":"https:\/\/norvita.eu\/de\/pood\/vitamin-d3-vegan-1000iu\/#breadcrumb"},"inLanguage":"de","potentialAction":[{"@type":"ReadAction","target":["https:\/\/norvita.eu\/de\/pood\/vitamin-d3-vegan-1000iu\/"]}]},{"@type":"ImageObject","inLanguage":"de","@id":"https:\/\/norvita.eu\/de\/pood\/vitamin-d3-vegan-1000iu\/#primaryimage","url":"https:\/\/norvita.eu\/wp-content\/uploads\/2022\/10\/Vegan-D3-terviselemmik-auhind.png","contentUrl":"https:\/\/norvita.eu\/wp-content\/uploads\/2022\/10\/Vegan-D3-terviselemmik-auhind.png","width":1000,"height":1000,"caption":"NorVita vegan D3 sprei vitamiin terviselemmik"},{"@type":"BreadcrumbList","@id":"https:\/\/norvita.eu\/de\/pood\/vitamin-d3-vegan-1000iu\/#breadcrumb","itemListElement":[{"@type":"ListItem","position":1,"name":"Home","item":"https:\/\/norvita.eu\/de\/"},{"@type":"ListItem","position":2,"name":"Shop","item":"https:\/\/norvita.eu\/de\/shop\/"},{"@type":"ListItem","position":3,"name":"Vitamin D3 Vegan 1000IU"}]},{"@type":"WebSite","@id":"https:\/\/norvita.eu\/de\/#website","url":"https:\/\/norvita.eu\/de\/","name":"Norvita sprei- ja geelvitamiinid","description":"Sprei vitamiinid ja toidulisandid","publisher":{"@id":"https:\/\/norvita.eu\/de\/#organization"},"potentialAction":[{"@type":"SearchAction","target":{"@type":"EntryPoint","urlTemplate":"https:\/\/norvita.eu\/de\/?s={search_term_string}"},"query-input":{"@type":"PropertyValueSpecification","valueRequired":true,"valueName":"search_term_string"}}],"inLanguage":"de"},{"@type":"Organization","@id":"https:\/\/norvita.eu\/de\/#organization","name":"NorVita","url":"https:\/\/norvita.eu\/de\/","logo":{"@type":"ImageObject","inLanguage":"de","@id":"https:\/\/norvita.eu\/de\/#\/schema\/logo\/image\/","url":"https:\/\/norvita.eu\/wp-content\/uploads\/2022\/07\/NorVita.svg","contentUrl":"https:\/\/norvita.eu\/wp-content\/uploads\/2022\/07\/NorVita.svg","width":96,"height":26,"caption":"NorVita"},"image":{"@id":"https:\/\/norvita.eu\/de\/#\/schema\/logo\/image\/"},"sameAs":["https:\/\/www.facebook.com\/norvitasupplements","https:\/\/www.instagram.com\/norvita_supplements\/"]}]}},"_links":{"self":[{"href":"https:\/\/norvita.eu\/de\/wp-json\/wp\/v2\/product\/4772","targetHints":{"allow":["GET"]}}],"collection":[{"href":"https:\/\/norvita.eu\/de\/wp-json\/wp\/v2\/product"}],"about":[{"href":"https:\/\/norvita.eu\/de\/wp-json\/wp\/v2\/types\/product"}],"replies":[{"embeddable":true,"href":"https:\/\/norvita.eu\/de\/wp-json\/wp\/v2\/comments?post=4772"}],"wp:featuredmedia":[{"embeddable":true,"href":"https:\/\/norvita.eu\/de\/wp-json\/wp\/v2\/media\/5253"}],"wp:attachment":[{"href":"https:\/\/norvita.eu\/de\/wp-json\/wp\/v2\/media?parent=4772"}],"wp:term":[{"taxonomy":"product_brand","embeddable":true,"href":"https:\/\/norvita.eu\/de\/wp-json\/wp\/v2\/product_brand?post=4772"},{"taxonomy":"product_cat","embeddable":true,"href":"https:\/\/norvita.eu\/de\/wp-json\/wp\/v2\/product_cat?post=4772"},{"taxonomy":"product_tag","embeddable":true,"href":"https:\/\/norvita.eu\/de\/wp-json\/wp\/v2\/product_tag?post=4772"}],"curies":[{"name":"wp","href":"https:\/\/api.w.org\/{rel}","templated":true}]}}