{"id":4730,"date":"2022-11-11T08:15:16","date_gmt":"2022-11-11T08:15:16","guid":{"rendered":"https:\/\/norvita.eu\/pood\/beauty-collagen-gel\/"},"modified":"2026-03-15T20:20:17","modified_gmt":"2026-03-15T18:20:17","slug":"schoenheits-kollagen-gel","status":"publish","type":"product","link":"https:\/\/norvita.eu\/de\/pood\/schoenheits-kollagen-gel\/","title":{"rendered":"Sch\u00f6nheits-Kollagen-Gel"},"content":{"rendered":"","protected":false},"excerpt":{"rendered":"<h2>Die Grundlage f\u00fcr ein frisches Aussehen und eine gesunde, strahlende Haut<\/h2>\n<p>Kollagen ist der Hauptbestandteil, der die Haut sch\u00f6n und gesund h\u00e4lt, da es bis zu 80 % der Haut und des Unterhautgewebes ausmacht. Neben effektivem Kollagen enth\u00e4lt Beauty Collagen auch Hyalurons\u00e4ure, Biotin und Vitamin C. Hyalurons\u00e4ure verbessert die Elastizit\u00e4t der Haut und reduziert Trockenheit. Biotin wiederum f\u00f6rdert die Gesundheit von Haaren und N\u00e4geln, und Vitamin C verbessert den Kollagenstoffwechsel. NorVita Ilu Collagen enth\u00e4lt 2500 mg Verisol-Kollagen in einer t\u00e4glichen Dosis, die nachweislich Falten in nur 8 Wochen um 20% reduziert. Beseitigen Sie die Anzeichen von Ersch\u00f6pfung in Ihrem K\u00f6rper mit dem BEAUTY-Vitamingel!<\/p>\n","protected":false},"featured_media":7735,"comment_status":"open","ping_status":"closed","template":"","meta":{"_acf_changed":false,"inline_featured_image":false},"product_brand":[],"product_cat":[85,82],"product_tag":[],"class_list":{"0":"post-4730","1":"product","2":"type-product","3":"status-publish","4":"has-post-thumbnail","6":"product_cat-alle","7":"product_cat-gel","9":"first","10":"instock","11":"featured","12":"taxable","13":"shipping-taxable","14":"purchasable","15":"product-type-variable"},"acf":[],"yoast_head":"<!-- This site is optimized with the Yoast SEO plugin v27.2 - https:\/\/yoast.com\/product\/yoast-seo-wordpress\/ -->\n<title>Sch\u00f6nheits-Kollagen-Gel | Norvita sprei- ja geelvitamiinid<\/title>\n<meta name=\"description\" content=\"Kollagen - das Sch\u00f6nheitsvitamin. Verisol Kollagen, Hyalurons\u00e4ure, Biotin, Vitamin C - beste L\u00f6sung f\u00fcr eine gesunde Haut und Reduzierung von Falten.\" \/>\n<meta name=\"robots\" content=\"index, follow, max-snippet:-1, max-image-preview:large, max-video-preview:-1\" \/>\n<link rel=\"canonical\" href=\"https:\/\/norvita.eu\/de\/pood\/schoenheits-kollagen-gel\/\" \/>\n<meta property=\"og:locale\" content=\"de_DE\" \/>\n<meta property=\"og:type\" content=\"article\" \/>\n<meta property=\"og:title\" content=\"Sch\u00f6nheits-Kollagen-Gel | Norvita sprei- ja geelvitamiinid\" \/>\n<meta property=\"og:description\" content=\"Kollagen - das Sch\u00f6nheitsvitamin. Verisol Kollagen, Hyalurons\u00e4ure, Biotin, Vitamin C - beste L\u00f6sung f\u00fcr eine gesunde Haut und Reduzierung von Falten.\" \/>\n<meta property=\"og:url\" content=\"https:\/\/norvita.eu\/de\/pood\/schoenheits-kollagen-gel\/\" \/>\n<meta property=\"og:site_name\" content=\"Norvita sprei- ja geelvitamiinid\" \/>\n<meta property=\"article:publisher\" content=\"https:\/\/www.facebook.com\/norvitasupplements\" \/>\n<meta property=\"article:modified_time\" content=\"2026-03-15T18:20:17+00:00\" \/>\n<meta property=\"og:image\" content=\"https:\/\/norvita.eu\/wp-content\/uploads\/2024\/03\/NorVita-kollageen-geel-Anne-ja-Stiil-ning-buduaar-ilulemmik.png\" \/>\n\t<meta property=\"og:image:width\" content=\"1000\" \/>\n\t<meta property=\"og:image:height\" content=\"1000\" \/>\n\t<meta property=\"og:image:type\" content=\"image\/png\" \/>\n<meta name=\"twitter:card\" content=\"summary_large_image\" \/>\n<meta name=\"twitter:label1\" content=\"Gesch\u00e4tzte Lesezeit\" \/>\n\t<meta name=\"twitter:data1\" content=\"1\u00a0Minute\" \/>\n<script type=\"application\/ld+json\" class=\"yoast-schema-graph\">{\"@context\":\"https:\/\/schema.org\",\"@graph\":[{\"@type\":\"WebPage\",\"@id\":\"https:\/\/norvita.eu\/de\/pood\/schoenheits-kollagen-gel\/\",\"url\":\"https:\/\/norvita.eu\/de\/pood\/schoenheits-kollagen-gel\/\",\"name\":\"Sch\u00f6nheits-Kollagen-Gel | Norvita sprei- ja geelvitamiinid\",\"isPartOf\":{\"@id\":\"https:\/\/norvita.eu\/de\/#website\"},\"primaryImageOfPage\":{\"@id\":\"https:\/\/norvita.eu\/de\/pood\/schoenheits-kollagen-gel\/#primaryimage\"},\"image\":{\"@id\":\"https:\/\/norvita.eu\/de\/pood\/schoenheits-kollagen-gel\/#primaryimage\"},\"thumbnailUrl\":\"https:\/\/norvita.eu\/wp-content\/uploads\/2024\/03\/NorVita-kollageen-geel-Anne-ja-Stiil-ning-buduaar-ilulemmik.png\",\"datePublished\":\"2022-11-11T08:15:16+00:00\",\"dateModified\":\"2026-03-15T18:20:17+00:00\",\"description\":\"Kollagen - das Sch\u00f6nheitsvitamin. Verisol Kollagen, Hyalurons\u00e4ure, Biotin, Vitamin C - beste L\u00f6sung f\u00fcr eine gesunde Haut und Reduzierung von Falten.\",\"breadcrumb\":{\"@id\":\"https:\/\/norvita.eu\/de\/pood\/schoenheits-kollagen-gel\/#breadcrumb\"},\"inLanguage\":\"de\",\"potentialAction\":[{\"@type\":\"ReadAction\",\"target\":[\"https:\/\/norvita.eu\/de\/pood\/schoenheits-kollagen-gel\/\"]}]},{\"@type\":\"ImageObject\",\"inLanguage\":\"de\",\"@id\":\"https:\/\/norvita.eu\/de\/pood\/schoenheits-kollagen-gel\/#primaryimage\",\"url\":\"https:\/\/norvita.eu\/wp-content\/uploads\/2024\/03\/NorVita-kollageen-geel-Anne-ja-Stiil-ning-buduaar-ilulemmik.png\",\"contentUrl\":\"https:\/\/norvita.eu\/wp-content\/uploads\/2024\/03\/NorVita-kollageen-geel-Anne-ja-Stiil-ning-buduaar-ilulemmik.png\",\"width\":1000,\"height\":1000,\"caption\":\"NorVita kollageen geel - Anne ja Stiil ning buduaar ilulemmik\"},{\"@type\":\"BreadcrumbList\",\"@id\":\"https:\/\/norvita.eu\/de\/pood\/schoenheits-kollagen-gel\/#breadcrumb\",\"itemListElement\":[{\"@type\":\"ListItem\",\"position\":1,\"name\":\"Home\",\"item\":\"https:\/\/norvita.eu\/de\/\"},{\"@type\":\"ListItem\",\"position\":2,\"name\":\"Shop\",\"item\":\"https:\/\/norvita.eu\/de\/shop\/\"},{\"@type\":\"ListItem\",\"position\":3,\"name\":\"Sch\u00f6nheits-Kollagen-Gel\"}]},{\"@type\":\"WebSite\",\"@id\":\"https:\/\/norvita.eu\/de\/#website\",\"url\":\"https:\/\/norvita.eu\/de\/\",\"name\":\"Norvita sprei- ja geelvitamiinid\",\"description\":\"Sprei vitamiinid ja toidulisandid\",\"publisher\":{\"@id\":\"https:\/\/norvita.eu\/de\/#organization\"},\"potentialAction\":[{\"@type\":\"SearchAction\",\"target\":{\"@type\":\"EntryPoint\",\"urlTemplate\":\"https:\/\/norvita.eu\/de\/?s={search_term_string}\"},\"query-input\":{\"@type\":\"PropertyValueSpecification\",\"valueRequired\":true,\"valueName\":\"search_term_string\"}}],\"inLanguage\":\"de\"},{\"@type\":\"Organization\",\"@id\":\"https:\/\/norvita.eu\/de\/#organization\",\"name\":\"NorVita\",\"url\":\"https:\/\/norvita.eu\/de\/\",\"logo\":{\"@type\":\"ImageObject\",\"inLanguage\":\"de\",\"@id\":\"https:\/\/norvita.eu\/de\/#\/schema\/logo\/image\/\",\"url\":\"https:\/\/norvita.eu\/wp-content\/uploads\/2022\/07\/NorVita.svg\",\"contentUrl\":\"https:\/\/norvita.eu\/wp-content\/uploads\/2022\/07\/NorVita.svg\",\"width\":96,\"height\":26,\"caption\":\"NorVita\"},\"image\":{\"@id\":\"https:\/\/norvita.eu\/de\/#\/schema\/logo\/image\/\"},\"sameAs\":[\"https:\/\/www.facebook.com\/norvitasupplements\",\"https:\/\/www.instagram.com\/norvita_supplements\/\"]}]}<\/script>\n<!-- \/ Yoast SEO plugin. -->","yoast_head_json":{"title":"Sch\u00f6nheits-Kollagen-Gel | Norvita sprei- ja geelvitamiinid","description":"Kollagen - das Sch\u00f6nheitsvitamin. Verisol Kollagen, Hyalurons\u00e4ure, Biotin, Vitamin C - beste L\u00f6sung f\u00fcr eine gesunde Haut und Reduzierung von Falten.","robots":{"index":"index","follow":"follow","max-snippet":"max-snippet:-1","max-image-preview":"max-image-preview:large","max-video-preview":"max-video-preview:-1"},"canonical":"https:\/\/norvita.eu\/de\/pood\/schoenheits-kollagen-gel\/","og_locale":"de_DE","og_type":"article","og_title":"Sch\u00f6nheits-Kollagen-Gel | Norvita sprei- ja geelvitamiinid","og_description":"Kollagen - das Sch\u00f6nheitsvitamin. Verisol Kollagen, Hyalurons\u00e4ure, Biotin, Vitamin C - beste L\u00f6sung f\u00fcr eine gesunde Haut und Reduzierung von Falten.","og_url":"https:\/\/norvita.eu\/de\/pood\/schoenheits-kollagen-gel\/","og_site_name":"Norvita sprei- ja geelvitamiinid","article_publisher":"https:\/\/www.facebook.com\/norvitasupplements","article_modified_time":"2026-03-15T18:20:17+00:00","og_image":[{"width":1000,"height":1000,"url":"https:\/\/norvita.eu\/wp-content\/uploads\/2024\/03\/NorVita-kollageen-geel-Anne-ja-Stiil-ning-buduaar-ilulemmik.png","type":"image\/png"}],"twitter_card":"summary_large_image","twitter_misc":{"Gesch\u00e4tzte Lesezeit":"1\u00a0Minute"},"schema":{"@context":"https:\/\/schema.org","@graph":[{"@type":"WebPage","@id":"https:\/\/norvita.eu\/de\/pood\/schoenheits-kollagen-gel\/","url":"https:\/\/norvita.eu\/de\/pood\/schoenheits-kollagen-gel\/","name":"Sch\u00f6nheits-Kollagen-Gel | Norvita sprei- ja geelvitamiinid","isPartOf":{"@id":"https:\/\/norvita.eu\/de\/#website"},"primaryImageOfPage":{"@id":"https:\/\/norvita.eu\/de\/pood\/schoenheits-kollagen-gel\/#primaryimage"},"image":{"@id":"https:\/\/norvita.eu\/de\/pood\/schoenheits-kollagen-gel\/#primaryimage"},"thumbnailUrl":"https:\/\/norvita.eu\/wp-content\/uploads\/2024\/03\/NorVita-kollageen-geel-Anne-ja-Stiil-ning-buduaar-ilulemmik.png","datePublished":"2022-11-11T08:15:16+00:00","dateModified":"2026-03-15T18:20:17+00:00","description":"Kollagen - das Sch\u00f6nheitsvitamin. Verisol Kollagen, Hyalurons\u00e4ure, Biotin, Vitamin C - beste L\u00f6sung f\u00fcr eine gesunde Haut und Reduzierung von Falten.","breadcrumb":{"@id":"https:\/\/norvita.eu\/de\/pood\/schoenheits-kollagen-gel\/#breadcrumb"},"inLanguage":"de","potentialAction":[{"@type":"ReadAction","target":["https:\/\/norvita.eu\/de\/pood\/schoenheits-kollagen-gel\/"]}]},{"@type":"ImageObject","inLanguage":"de","@id":"https:\/\/norvita.eu\/de\/pood\/schoenheits-kollagen-gel\/#primaryimage","url":"https:\/\/norvita.eu\/wp-content\/uploads\/2024\/03\/NorVita-kollageen-geel-Anne-ja-Stiil-ning-buduaar-ilulemmik.png","contentUrl":"https:\/\/norvita.eu\/wp-content\/uploads\/2024\/03\/NorVita-kollageen-geel-Anne-ja-Stiil-ning-buduaar-ilulemmik.png","width":1000,"height":1000,"caption":"NorVita kollageen geel - Anne ja Stiil ning buduaar ilulemmik"},{"@type":"BreadcrumbList","@id":"https:\/\/norvita.eu\/de\/pood\/schoenheits-kollagen-gel\/#breadcrumb","itemListElement":[{"@type":"ListItem","position":1,"name":"Home","item":"https:\/\/norvita.eu\/de\/"},{"@type":"ListItem","position":2,"name":"Shop","item":"https:\/\/norvita.eu\/de\/shop\/"},{"@type":"ListItem","position":3,"name":"Sch\u00f6nheits-Kollagen-Gel"}]},{"@type":"WebSite","@id":"https:\/\/norvita.eu\/de\/#website","url":"https:\/\/norvita.eu\/de\/","name":"Norvita sprei- ja geelvitamiinid","description":"Sprei vitamiinid ja toidulisandid","publisher":{"@id":"https:\/\/norvita.eu\/de\/#organization"},"potentialAction":[{"@type":"SearchAction","target":{"@type":"EntryPoint","urlTemplate":"https:\/\/norvita.eu\/de\/?s={search_term_string}"},"query-input":{"@type":"PropertyValueSpecification","valueRequired":true,"valueName":"search_term_string"}}],"inLanguage":"de"},{"@type":"Organization","@id":"https:\/\/norvita.eu\/de\/#organization","name":"NorVita","url":"https:\/\/norvita.eu\/de\/","logo":{"@type":"ImageObject","inLanguage":"de","@id":"https:\/\/norvita.eu\/de\/#\/schema\/logo\/image\/","url":"https:\/\/norvita.eu\/wp-content\/uploads\/2022\/07\/NorVita.svg","contentUrl":"https:\/\/norvita.eu\/wp-content\/uploads\/2022\/07\/NorVita.svg","width":96,"height":26,"caption":"NorVita"},"image":{"@id":"https:\/\/norvita.eu\/de\/#\/schema\/logo\/image\/"},"sameAs":["https:\/\/www.facebook.com\/norvitasupplements","https:\/\/www.instagram.com\/norvita_supplements\/"]}]}},"_links":{"self":[{"href":"https:\/\/norvita.eu\/de\/wp-json\/wp\/v2\/product\/4730","targetHints":{"allow":["GET"]}}],"collection":[{"href":"https:\/\/norvita.eu\/de\/wp-json\/wp\/v2\/product"}],"about":[{"href":"https:\/\/norvita.eu\/de\/wp-json\/wp\/v2\/types\/product"}],"replies":[{"embeddable":true,"href":"https:\/\/norvita.eu\/de\/wp-json\/wp\/v2\/comments?post=4730"}],"wp:featuredmedia":[{"embeddable":true,"href":"https:\/\/norvita.eu\/de\/wp-json\/wp\/v2\/media\/7735"}],"wp:attachment":[{"href":"https:\/\/norvita.eu\/de\/wp-json\/wp\/v2\/media?parent=4730"}],"wp:term":[{"taxonomy":"product_brand","embeddable":true,"href":"https:\/\/norvita.eu\/de\/wp-json\/wp\/v2\/product_brand?post=4730"},{"taxonomy":"product_cat","embeddable":true,"href":"https:\/\/norvita.eu\/de\/wp-json\/wp\/v2\/product_cat?post=4730"},{"taxonomy":"product_tag","embeddable":true,"href":"https:\/\/norvita.eu\/de\/wp-json\/wp\/v2\/product_tag?post=4730"}],"curies":[{"name":"wp","href":"https:\/\/api.w.org\/{rel}","templated":true}]}}