{"id":12102,"date":"2025-11-09T22:48:17","date_gmt":"2025-11-09T20:48:17","guid":{"rendered":"https:\/\/norvita.eu\/?post_type=product&#038;p=12102"},"modified":"2025-11-09T23:36:23","modified_gmt":"2025-11-09T21:36:23","slug":"gesundheit","status":"publish","type":"product","link":"https:\/\/norvita.eu\/de\/pood\/gesundheit\/","title":{"rendered":"Gesunder K\u00f6rper Kit"},"content":{"rendered":"","protected":false},"excerpt":{"rendered":"<h2>SCH\u00d6NHEIT, ENERGIE &amp; IMMUNSCHUTZ SET<br \/>\nGanzheitliche t\u00e4gliche Pflege f\u00fcr dein Aussehen, Immunsystem und Wohlbefinden<\/h2>\n<p>Wir haben drei der beliebtesten NorVita-Gele in einem kraftvollen Set vereint, das dich t\u00e4glich in drei wichtigen Bereichen unterst\u00fctzt:<br \/>\nSch\u00f6nheit \u2013 Verisol\u00ae Kollagen, Hyalurons\u00e4ure und Biotin f\u00fcr strahlende Haut und starke N\u00e4gel.<br \/>\nImmunschutz \u2013 Vitamine C, D3 und K2, Zink, Selen und Holunderbeere zum Schutz deines K\u00f6rpers.<br \/>\nEnergie &amp; Nervensystem \u2013 Magnesiumkomplex und Vitamin B6 f\u00fcr innere Balance und Kraft.<\/p>\n<p>21 Tage Vorrat von jedem Produkt = perfekte Routine f\u00fcr einen aktiven und gesunden Lebensstil.<\/p>\n","protected":false},"featured_media":13839,"comment_status":"open","ping_status":"closed","template":"","meta":{"_acf_changed":false,"inline_featured_image":false},"product_brand":[],"product_cat":[85,82,83],"product_tag":[],"class_list":{"0":"post-12102","1":"product","2":"type-product","3":"status-publish","4":"has-post-thumbnail","6":"product_cat-alle","7":"product_cat-gel","8":"product_cat-sets-de","10":"first","11":"outofstock","12":"sale","13":"taxable","14":"shipping-taxable","15":"purchasable","16":"product-type-woosb"},"acf":[],"yoast_head":"<!-- This site is optimized with the Yoast SEO plugin v27.2 - https:\/\/yoast.com\/product\/yoast-seo-wordpress\/ -->\n<title>Gesunder K\u00f6rper Kit | Norvita sprei- ja geelvitamiinid<\/title>\n<meta name=\"description\" content=\"Vitamine Gel-Set f\u00fcr Sch\u00f6nheit, Energie und Immunsystem. Die perfekte 21-Tage-Routine f\u00fcr einen gesunden und aktiven Lebensstil.\" \/>\n<meta name=\"robots\" content=\"index, follow, max-snippet:-1, max-image-preview:large, max-video-preview:-1\" \/>\n<link rel=\"canonical\" href=\"https:\/\/norvita.eu\/de\/pood\/gesundheit\/\" \/>\n<meta property=\"og:locale\" content=\"de_DE\" \/>\n<meta property=\"og:type\" content=\"article\" \/>\n<meta property=\"og:title\" content=\"Gesunder K\u00f6rper Kit | Norvita sprei- ja geelvitamiinid\" \/>\n<meta property=\"og:description\" content=\"Vitamine Gel-Set f\u00fcr Sch\u00f6nheit, Energie und Immunsystem. Die perfekte 21-Tage-Routine f\u00fcr einen gesunden und aktiven Lebensstil.\" \/>\n<meta property=\"og:url\" content=\"https:\/\/norvita.eu\/de\/pood\/gesundheit\/\" \/>\n<meta property=\"og:site_name\" content=\"Norvita sprei- ja geelvitamiinid\" \/>\n<meta property=\"article:publisher\" content=\"https:\/\/www.facebook.com\/norvitasupplements\" \/>\n<meta property=\"article:modified_time\" content=\"2025-11-09T21:36:23+00:00\" \/>\n<meta property=\"og:image\" content=\"https:\/\/norvita.eu\/wp-content\/uploads\/2022\/10\/NorVita-og-min.jpg\" \/>\n\t<meta property=\"og:image:width\" content=\"1247\" \/>\n\t<meta property=\"og:image:height\" content=\"661\" \/>\n\t<meta property=\"og:image:type\" content=\"image\/jpeg\" \/>\n<meta name=\"twitter:card\" content=\"summary_large_image\" \/>\n<script type=\"application\/ld+json\" class=\"yoast-schema-graph\">{\"@context\":\"https:\/\/schema.org\",\"@graph\":[{\"@type\":\"WebPage\",\"@id\":\"https:\/\/norvita.eu\/de\/pood\/gesundheit\/\",\"url\":\"https:\/\/norvita.eu\/de\/pood\/gesundheit\/\",\"name\":\"Gesunder K\u00f6rper Kit | Norvita sprei- ja geelvitamiinid\",\"isPartOf\":{\"@id\":\"https:\/\/norvita.eu\/de\/#website\"},\"primaryImageOfPage\":{\"@id\":\"https:\/\/norvita.eu\/de\/pood\/gesundheit\/#primaryimage\"},\"image\":{\"@id\":\"https:\/\/norvita.eu\/de\/pood\/gesundheit\/#primaryimage\"},\"thumbnailUrl\":\"https:\/\/norvita.eu\/wp-content\/uploads\/2025\/11\/NorVita-stick-komplekt-geen-geel-Buduaar-ilulemmik-2026.png\",\"datePublished\":\"2025-11-09T20:48:17+00:00\",\"dateModified\":\"2025-11-09T21:36:23+00:00\",\"description\":\"Vitamine Gel-Set f\u00fcr Sch\u00f6nheit, Energie und Immunsystem. Die perfekte 21-Tage-Routine f\u00fcr einen gesunden und aktiven Lebensstil.\",\"breadcrumb\":{\"@id\":\"https:\/\/norvita.eu\/de\/pood\/gesundheit\/#breadcrumb\"},\"inLanguage\":\"de\",\"potentialAction\":[{\"@type\":\"ReadAction\",\"target\":[\"https:\/\/norvita.eu\/de\/pood\/gesundheit\/\"]}]},{\"@type\":\"ImageObject\",\"inLanguage\":\"de\",\"@id\":\"https:\/\/norvita.eu\/de\/pood\/gesundheit\/#primaryimage\",\"url\":\"https:\/\/norvita.eu\/wp-content\/uploads\/2025\/11\/NorVita-stick-komplekt-geen-geel-Buduaar-ilulemmik-2026.png\",\"contentUrl\":\"https:\/\/norvita.eu\/wp-content\/uploads\/2025\/11\/NorVita-stick-komplekt-geen-geel-Buduaar-ilulemmik-2026.png\",\"width\":1000,\"height\":1000,\"caption\":\"NorVita komplekt geelvitamiin buduaar ilulemmik 2026 m\u00e4rgisega\"},{\"@type\":\"BreadcrumbList\",\"@id\":\"https:\/\/norvita.eu\/de\/pood\/gesundheit\/#breadcrumb\",\"itemListElement\":[{\"@type\":\"ListItem\",\"position\":1,\"name\":\"Home\",\"item\":\"https:\/\/norvita.eu\/de\/\"},{\"@type\":\"ListItem\",\"position\":2,\"name\":\"Shop\",\"item\":\"https:\/\/norvita.eu\/de\/shop\/\"},{\"@type\":\"ListItem\",\"position\":3,\"name\":\"Gesunder K\u00f6rper Kit\"}]},{\"@type\":\"WebSite\",\"@id\":\"https:\/\/norvita.eu\/de\/#website\",\"url\":\"https:\/\/norvita.eu\/de\/\",\"name\":\"Norvita sprei- ja geelvitamiinid\",\"description\":\"Sprei vitamiinid ja toidulisandid\",\"publisher\":{\"@id\":\"https:\/\/norvita.eu\/de\/#organization\"},\"potentialAction\":[{\"@type\":\"SearchAction\",\"target\":{\"@type\":\"EntryPoint\",\"urlTemplate\":\"https:\/\/norvita.eu\/de\/?s={search_term_string}\"},\"query-input\":{\"@type\":\"PropertyValueSpecification\",\"valueRequired\":true,\"valueName\":\"search_term_string\"}}],\"inLanguage\":\"de\"},{\"@type\":\"Organization\",\"@id\":\"https:\/\/norvita.eu\/de\/#organization\",\"name\":\"NorVita\",\"url\":\"https:\/\/norvita.eu\/de\/\",\"logo\":{\"@type\":\"ImageObject\",\"inLanguage\":\"de\",\"@id\":\"https:\/\/norvita.eu\/de\/#\/schema\/logo\/image\/\",\"url\":\"https:\/\/norvita.eu\/wp-content\/uploads\/2022\/07\/NorVita.svg\",\"contentUrl\":\"https:\/\/norvita.eu\/wp-content\/uploads\/2022\/07\/NorVita.svg\",\"width\":96,\"height\":26,\"caption\":\"NorVita\"},\"image\":{\"@id\":\"https:\/\/norvita.eu\/de\/#\/schema\/logo\/image\/\"},\"sameAs\":[\"https:\/\/www.facebook.com\/norvitasupplements\",\"https:\/\/www.instagram.com\/norvita_supplements\/\"]}]}<\/script>\n<!-- \/ Yoast SEO plugin. -->","yoast_head_json":{"title":"Gesunder K\u00f6rper Kit | Norvita sprei- ja geelvitamiinid","description":"Vitamine Gel-Set f\u00fcr Sch\u00f6nheit, Energie und Immunsystem. Die perfekte 21-Tage-Routine f\u00fcr einen gesunden und aktiven Lebensstil.","robots":{"index":"index","follow":"follow","max-snippet":"max-snippet:-1","max-image-preview":"max-image-preview:large","max-video-preview":"max-video-preview:-1"},"canonical":"https:\/\/norvita.eu\/de\/pood\/gesundheit\/","og_locale":"de_DE","og_type":"article","og_title":"Gesunder K\u00f6rper Kit | Norvita sprei- ja geelvitamiinid","og_description":"Vitamine Gel-Set f\u00fcr Sch\u00f6nheit, Energie und Immunsystem. Die perfekte 21-Tage-Routine f\u00fcr einen gesunden und aktiven Lebensstil.","og_url":"https:\/\/norvita.eu\/de\/pood\/gesundheit\/","og_site_name":"Norvita sprei- ja geelvitamiinid","article_publisher":"https:\/\/www.facebook.com\/norvitasupplements","article_modified_time":"2025-11-09T21:36:23+00:00","og_image":[{"width":1247,"height":661,"url":"https:\/\/norvita.eu\/wp-content\/uploads\/2022\/10\/NorVita-og-min.jpg","type":"image\/jpeg"}],"twitter_card":"summary_large_image","schema":{"@context":"https:\/\/schema.org","@graph":[{"@type":"WebPage","@id":"https:\/\/norvita.eu\/de\/pood\/gesundheit\/","url":"https:\/\/norvita.eu\/de\/pood\/gesundheit\/","name":"Gesunder K\u00f6rper Kit | Norvita sprei- ja geelvitamiinid","isPartOf":{"@id":"https:\/\/norvita.eu\/de\/#website"},"primaryImageOfPage":{"@id":"https:\/\/norvita.eu\/de\/pood\/gesundheit\/#primaryimage"},"image":{"@id":"https:\/\/norvita.eu\/de\/pood\/gesundheit\/#primaryimage"},"thumbnailUrl":"https:\/\/norvita.eu\/wp-content\/uploads\/2025\/11\/NorVita-stick-komplekt-geen-geel-Buduaar-ilulemmik-2026.png","datePublished":"2025-11-09T20:48:17+00:00","dateModified":"2025-11-09T21:36:23+00:00","description":"Vitamine Gel-Set f\u00fcr Sch\u00f6nheit, Energie und Immunsystem. Die perfekte 21-Tage-Routine f\u00fcr einen gesunden und aktiven Lebensstil.","breadcrumb":{"@id":"https:\/\/norvita.eu\/de\/pood\/gesundheit\/#breadcrumb"},"inLanguage":"de","potentialAction":[{"@type":"ReadAction","target":["https:\/\/norvita.eu\/de\/pood\/gesundheit\/"]}]},{"@type":"ImageObject","inLanguage":"de","@id":"https:\/\/norvita.eu\/de\/pood\/gesundheit\/#primaryimage","url":"https:\/\/norvita.eu\/wp-content\/uploads\/2025\/11\/NorVita-stick-komplekt-geen-geel-Buduaar-ilulemmik-2026.png","contentUrl":"https:\/\/norvita.eu\/wp-content\/uploads\/2025\/11\/NorVita-stick-komplekt-geen-geel-Buduaar-ilulemmik-2026.png","width":1000,"height":1000,"caption":"NorVita komplekt geelvitamiin buduaar ilulemmik 2026 m\u00e4rgisega"},{"@type":"BreadcrumbList","@id":"https:\/\/norvita.eu\/de\/pood\/gesundheit\/#breadcrumb","itemListElement":[{"@type":"ListItem","position":1,"name":"Home","item":"https:\/\/norvita.eu\/de\/"},{"@type":"ListItem","position":2,"name":"Shop","item":"https:\/\/norvita.eu\/de\/shop\/"},{"@type":"ListItem","position":3,"name":"Gesunder K\u00f6rper Kit"}]},{"@type":"WebSite","@id":"https:\/\/norvita.eu\/de\/#website","url":"https:\/\/norvita.eu\/de\/","name":"Norvita sprei- ja geelvitamiinid","description":"Sprei vitamiinid ja toidulisandid","publisher":{"@id":"https:\/\/norvita.eu\/de\/#organization"},"potentialAction":[{"@type":"SearchAction","target":{"@type":"EntryPoint","urlTemplate":"https:\/\/norvita.eu\/de\/?s={search_term_string}"},"query-input":{"@type":"PropertyValueSpecification","valueRequired":true,"valueName":"search_term_string"}}],"inLanguage":"de"},{"@type":"Organization","@id":"https:\/\/norvita.eu\/de\/#organization","name":"NorVita","url":"https:\/\/norvita.eu\/de\/","logo":{"@type":"ImageObject","inLanguage":"de","@id":"https:\/\/norvita.eu\/de\/#\/schema\/logo\/image\/","url":"https:\/\/norvita.eu\/wp-content\/uploads\/2022\/07\/NorVita.svg","contentUrl":"https:\/\/norvita.eu\/wp-content\/uploads\/2022\/07\/NorVita.svg","width":96,"height":26,"caption":"NorVita"},"image":{"@id":"https:\/\/norvita.eu\/de\/#\/schema\/logo\/image\/"},"sameAs":["https:\/\/www.facebook.com\/norvitasupplements","https:\/\/www.instagram.com\/norvita_supplements\/"]}]}},"_links":{"self":[{"href":"https:\/\/norvita.eu\/de\/wp-json\/wp\/v2\/product\/12102","targetHints":{"allow":["GET"]}}],"collection":[{"href":"https:\/\/norvita.eu\/de\/wp-json\/wp\/v2\/product"}],"about":[{"href":"https:\/\/norvita.eu\/de\/wp-json\/wp\/v2\/types\/product"}],"replies":[{"embeddable":true,"href":"https:\/\/norvita.eu\/de\/wp-json\/wp\/v2\/comments?post=12102"}],"wp:featuredmedia":[{"embeddable":true,"href":"https:\/\/norvita.eu\/de\/wp-json\/wp\/v2\/media\/13839"}],"wp:attachment":[{"href":"https:\/\/norvita.eu\/de\/wp-json\/wp\/v2\/media?parent=12102"}],"wp:term":[{"taxonomy":"product_brand","embeddable":true,"href":"https:\/\/norvita.eu\/de\/wp-json\/wp\/v2\/product_brand?post=12102"},{"taxonomy":"product_cat","embeddable":true,"href":"https:\/\/norvita.eu\/de\/wp-json\/wp\/v2\/product_cat?post=12102"},{"taxonomy":"product_tag","embeddable":true,"href":"https:\/\/norvita.eu\/de\/wp-json\/wp\/v2\/product_tag?post=12102"}],"curies":[{"name":"wp","href":"https:\/\/api.w.org\/{rel}","templated":true}]}}