{"id":12098,"date":"2025-11-09T22:13:41","date_gmt":"2025-11-09T20:13:41","guid":{"rendered":"https:\/\/norvita.eu\/?post_type=product&#038;p=12098"},"modified":"2026-02-25T22:41:34","modified_gmt":"2026-02-25T20:41:34","slug":"magnesiumkomplex-gel","status":"publish","type":"product","link":"https:\/\/norvita.eu\/de\/pood\/magnesiumkomplex-gel\/","title":{"rendered":"Magnesiumkomplex-Gel"},"content":{"rendered":"","protected":false},"excerpt":{"rendered":"<h2>Besserer Schlaf, starke Muskeln und mehr Energie \u2013 alles in einem<\/h2>\n<p>Stress, M\u00fcdigkeit oder unruhige N\u00e4chte? Das Magnesium-Komplex-Gel unterst\u00fctzt dein Nervensystem, deine Muskeln und dein Energieniveau ganzheitlich. Die einzigartige Formel kombiniert vier hoch bioverf\u00fcgbare Magnesiumformen \u2013 Citrat, Bisglycinat, Malat und Taurat \u2013 mit Vitamin B6 f\u00fcr eine optimale Aufnahme. Sag der Ersch\u00f6pfung Lebewohl \u2013 das erfrischende Zitronenaroma hilft dir, dich zu entspannen und dein Wohlbefinden zur\u00fcckzugewinnen.<\/p>\n","protected":false},"featured_media":13845,"comment_status":"open","ping_status":"closed","template":"","meta":{"_acf_changed":false,"inline_featured_image":false},"product_brand":[],"product_cat":[85,82],"product_tag":[],"class_list":{"0":"post-12098","1":"product","2":"type-product","3":"status-publish","4":"has-post-thumbnail","6":"product_cat-alle","7":"product_cat-gel","9":"first","10":"instock","11":"featured","12":"taxable","13":"shipping-taxable","14":"purchasable","15":"product-type-simple"},"acf":[],"yoast_head":"<!-- This site is optimized with the Yoast SEO plugin v27.2 - https:\/\/yoast.com\/product\/yoast-seo-wordpress\/ -->\n<title>Magnesiumkomplex-Gel | Norvita sprei- ja geelvitamiinid<\/title>\n<meta name=\"description\" content=\"Magnesium-Komplex mit Citrat, Bisglycinat, Malat, Taurat &amp; B6 \u2013 Zitronen-Gel f\u00fcr starke Nerven, Muskeln und weniger M\u00fcdigkeit. Hohe Bioverf\u00fcgbarkeit.\" \/>\n<meta name=\"robots\" content=\"index, follow, max-snippet:-1, max-image-preview:large, max-video-preview:-1\" \/>\n<link rel=\"canonical\" href=\"https:\/\/norvita.eu\/de\/pood\/magnesiumkomplex-gel\/\" \/>\n<meta property=\"og:locale\" content=\"de_DE\" \/>\n<meta property=\"og:type\" content=\"article\" \/>\n<meta property=\"og:title\" content=\"Magnesiumkomplex-Gel | Norvita sprei- ja geelvitamiinid\" \/>\n<meta property=\"og:description\" content=\"Magnesium-Komplex mit Citrat, Bisglycinat, Malat, Taurat &amp; B6 \u2013 Zitronen-Gel f\u00fcr starke Nerven, Muskeln und weniger M\u00fcdigkeit. Hohe Bioverf\u00fcgbarkeit.\" \/>\n<meta property=\"og:url\" content=\"https:\/\/norvita.eu\/de\/pood\/magnesiumkomplex-gel\/\" \/>\n<meta property=\"og:site_name\" content=\"Norvita sprei- ja geelvitamiinid\" \/>\n<meta property=\"article:publisher\" content=\"https:\/\/www.facebook.com\/norvitasupplements\" \/>\n<meta property=\"article:modified_time\" content=\"2026-02-25T20:41:34+00:00\" \/>\n<meta property=\"og:image\" content=\"https:\/\/norvita.eu\/wp-content\/uploads\/2025\/11\/NorVita-geel-Magneesium_KarpTooted.png\" \/>\n\t<meta property=\"og:image:width\" content=\"1000\" \/>\n\t<meta property=\"og:image:height\" content=\"1000\" \/>\n\t<meta property=\"og:image:type\" content=\"image\/png\" \/>\n<meta name=\"twitter:card\" content=\"summary_large_image\" \/>\n<meta name=\"twitter:label1\" content=\"Gesch\u00e4tzte Lesezeit\" \/>\n\t<meta name=\"twitter:data1\" content=\"1\u00a0Minute\" \/>\n<script type=\"application\/ld+json\" class=\"yoast-schema-graph\">{\"@context\":\"https:\/\/schema.org\",\"@graph\":[{\"@type\":\"WebPage\",\"@id\":\"https:\/\/norvita.eu\/de\/pood\/magnesiumkomplex-gel\/\",\"url\":\"https:\/\/norvita.eu\/de\/pood\/magnesiumkomplex-gel\/\",\"name\":\"Magnesiumkomplex-Gel | Norvita sprei- ja geelvitamiinid\",\"isPartOf\":{\"@id\":\"https:\/\/norvita.eu\/de\/#website\"},\"primaryImageOfPage\":{\"@id\":\"https:\/\/norvita.eu\/de\/pood\/magnesiumkomplex-gel\/#primaryimage\"},\"image\":{\"@id\":\"https:\/\/norvita.eu\/de\/pood\/magnesiumkomplex-gel\/#primaryimage\"},\"thumbnailUrl\":\"https:\/\/norvita.eu\/wp-content\/uploads\/2025\/11\/NorVita-Magneesium-geel-MGCS-Buduaar-ilulemmik-2026.png\",\"datePublished\":\"2025-11-09T20:13:41+00:00\",\"dateModified\":\"2026-02-25T20:41:34+00:00\",\"description\":\"Magnesium-Komplex mit Citrat, Bisglycinat, Malat, Taurat & B6 \u2013 Zitronen-Gel f\u00fcr starke Nerven, Muskeln und weniger M\u00fcdigkeit. Hohe Bioverf\u00fcgbarkeit.\",\"breadcrumb\":{\"@id\":\"https:\/\/norvita.eu\/de\/pood\/magnesiumkomplex-gel\/#breadcrumb\"},\"inLanguage\":\"de\",\"potentialAction\":[{\"@type\":\"ReadAction\",\"target\":[\"https:\/\/norvita.eu\/de\/pood\/magnesiumkomplex-gel\/\"]}]},{\"@type\":\"ImageObject\",\"inLanguage\":\"de\",\"@id\":\"https:\/\/norvita.eu\/de\/pood\/magnesiumkomplex-gel\/#primaryimage\",\"url\":\"https:\/\/norvita.eu\/wp-content\/uploads\/2025\/11\/NorVita-Magneesium-geel-MGCS-Buduaar-ilulemmik-2026.png\",\"contentUrl\":\"https:\/\/norvita.eu\/wp-content\/uploads\/2025\/11\/NorVita-Magneesium-geel-MGCS-Buduaar-ilulemmik-2026.png\",\"width\":1000,\"height\":1000,\"caption\":\"NorVita magneesium geelvitamiin buduaar ilulemmik 2026 m\u00e4rgisega\"},{\"@type\":\"BreadcrumbList\",\"@id\":\"https:\/\/norvita.eu\/de\/pood\/magnesiumkomplex-gel\/#breadcrumb\",\"itemListElement\":[{\"@type\":\"ListItem\",\"position\":1,\"name\":\"Home\",\"item\":\"https:\/\/norvita.eu\/de\/\"},{\"@type\":\"ListItem\",\"position\":2,\"name\":\"Shop\",\"item\":\"https:\/\/norvita.eu\/de\/shop\/\"},{\"@type\":\"ListItem\",\"position\":3,\"name\":\"Magnesiumkomplex-Gel\"}]},{\"@type\":\"WebSite\",\"@id\":\"https:\/\/norvita.eu\/de\/#website\",\"url\":\"https:\/\/norvita.eu\/de\/\",\"name\":\"Norvita sprei- ja geelvitamiinid\",\"description\":\"Sprei vitamiinid ja toidulisandid\",\"publisher\":{\"@id\":\"https:\/\/norvita.eu\/de\/#organization\"},\"potentialAction\":[{\"@type\":\"SearchAction\",\"target\":{\"@type\":\"EntryPoint\",\"urlTemplate\":\"https:\/\/norvita.eu\/de\/?s={search_term_string}\"},\"query-input\":{\"@type\":\"PropertyValueSpecification\",\"valueRequired\":true,\"valueName\":\"search_term_string\"}}],\"inLanguage\":\"de\"},{\"@type\":\"Organization\",\"@id\":\"https:\/\/norvita.eu\/de\/#organization\",\"name\":\"NorVita\",\"url\":\"https:\/\/norvita.eu\/de\/\",\"logo\":{\"@type\":\"ImageObject\",\"inLanguage\":\"de\",\"@id\":\"https:\/\/norvita.eu\/de\/#\/schema\/logo\/image\/\",\"url\":\"https:\/\/norvita.eu\/wp-content\/uploads\/2022\/07\/NorVita.svg\",\"contentUrl\":\"https:\/\/norvita.eu\/wp-content\/uploads\/2022\/07\/NorVita.svg\",\"width\":96,\"height\":26,\"caption\":\"NorVita\"},\"image\":{\"@id\":\"https:\/\/norvita.eu\/de\/#\/schema\/logo\/image\/\"},\"sameAs\":[\"https:\/\/www.facebook.com\/norvitasupplements\",\"https:\/\/www.instagram.com\/norvita_supplements\/\"]}]}<\/script>\n<!-- \/ Yoast SEO plugin. -->","yoast_head_json":{"title":"Magnesiumkomplex-Gel | Norvita sprei- ja geelvitamiinid","description":"Magnesium-Komplex mit Citrat, Bisglycinat, Malat, Taurat & B6 \u2013 Zitronen-Gel f\u00fcr starke Nerven, Muskeln und weniger M\u00fcdigkeit. Hohe Bioverf\u00fcgbarkeit.","robots":{"index":"index","follow":"follow","max-snippet":"max-snippet:-1","max-image-preview":"max-image-preview:large","max-video-preview":"max-video-preview:-1"},"canonical":"https:\/\/norvita.eu\/de\/pood\/magnesiumkomplex-gel\/","og_locale":"de_DE","og_type":"article","og_title":"Magnesiumkomplex-Gel | Norvita sprei- ja geelvitamiinid","og_description":"Magnesium-Komplex mit Citrat, Bisglycinat, Malat, Taurat & B6 \u2013 Zitronen-Gel f\u00fcr starke Nerven, Muskeln und weniger M\u00fcdigkeit. Hohe Bioverf\u00fcgbarkeit.","og_url":"https:\/\/norvita.eu\/de\/pood\/magnesiumkomplex-gel\/","og_site_name":"Norvita sprei- ja geelvitamiinid","article_publisher":"https:\/\/www.facebook.com\/norvitasupplements","article_modified_time":"2026-02-25T20:41:34+00:00","og_image":[{"width":1000,"height":1000,"url":"https:\/\/norvita.eu\/wp-content\/uploads\/2025\/11\/NorVita-geel-Magneesium_KarpTooted.png","type":"image\/png"}],"twitter_card":"summary_large_image","twitter_misc":{"Gesch\u00e4tzte Lesezeit":"1\u00a0Minute"},"schema":{"@context":"https:\/\/schema.org","@graph":[{"@type":"WebPage","@id":"https:\/\/norvita.eu\/de\/pood\/magnesiumkomplex-gel\/","url":"https:\/\/norvita.eu\/de\/pood\/magnesiumkomplex-gel\/","name":"Magnesiumkomplex-Gel | Norvita sprei- ja geelvitamiinid","isPartOf":{"@id":"https:\/\/norvita.eu\/de\/#website"},"primaryImageOfPage":{"@id":"https:\/\/norvita.eu\/de\/pood\/magnesiumkomplex-gel\/#primaryimage"},"image":{"@id":"https:\/\/norvita.eu\/de\/pood\/magnesiumkomplex-gel\/#primaryimage"},"thumbnailUrl":"https:\/\/norvita.eu\/wp-content\/uploads\/2025\/11\/NorVita-Magneesium-geel-MGCS-Buduaar-ilulemmik-2026.png","datePublished":"2025-11-09T20:13:41+00:00","dateModified":"2026-02-25T20:41:34+00:00","description":"Magnesium-Komplex mit Citrat, Bisglycinat, Malat, Taurat & B6 \u2013 Zitronen-Gel f\u00fcr starke Nerven, Muskeln und weniger M\u00fcdigkeit. Hohe Bioverf\u00fcgbarkeit.","breadcrumb":{"@id":"https:\/\/norvita.eu\/de\/pood\/magnesiumkomplex-gel\/#breadcrumb"},"inLanguage":"de","potentialAction":[{"@type":"ReadAction","target":["https:\/\/norvita.eu\/de\/pood\/magnesiumkomplex-gel\/"]}]},{"@type":"ImageObject","inLanguage":"de","@id":"https:\/\/norvita.eu\/de\/pood\/magnesiumkomplex-gel\/#primaryimage","url":"https:\/\/norvita.eu\/wp-content\/uploads\/2025\/11\/NorVita-Magneesium-geel-MGCS-Buduaar-ilulemmik-2026.png","contentUrl":"https:\/\/norvita.eu\/wp-content\/uploads\/2025\/11\/NorVita-Magneesium-geel-MGCS-Buduaar-ilulemmik-2026.png","width":1000,"height":1000,"caption":"NorVita magneesium geelvitamiin buduaar ilulemmik 2026 m\u00e4rgisega"},{"@type":"BreadcrumbList","@id":"https:\/\/norvita.eu\/de\/pood\/magnesiumkomplex-gel\/#breadcrumb","itemListElement":[{"@type":"ListItem","position":1,"name":"Home","item":"https:\/\/norvita.eu\/de\/"},{"@type":"ListItem","position":2,"name":"Shop","item":"https:\/\/norvita.eu\/de\/shop\/"},{"@type":"ListItem","position":3,"name":"Magnesiumkomplex-Gel"}]},{"@type":"WebSite","@id":"https:\/\/norvita.eu\/de\/#website","url":"https:\/\/norvita.eu\/de\/","name":"Norvita sprei- ja geelvitamiinid","description":"Sprei vitamiinid ja toidulisandid","publisher":{"@id":"https:\/\/norvita.eu\/de\/#organization"},"potentialAction":[{"@type":"SearchAction","target":{"@type":"EntryPoint","urlTemplate":"https:\/\/norvita.eu\/de\/?s={search_term_string}"},"query-input":{"@type":"PropertyValueSpecification","valueRequired":true,"valueName":"search_term_string"}}],"inLanguage":"de"},{"@type":"Organization","@id":"https:\/\/norvita.eu\/de\/#organization","name":"NorVita","url":"https:\/\/norvita.eu\/de\/","logo":{"@type":"ImageObject","inLanguage":"de","@id":"https:\/\/norvita.eu\/de\/#\/schema\/logo\/image\/","url":"https:\/\/norvita.eu\/wp-content\/uploads\/2022\/07\/NorVita.svg","contentUrl":"https:\/\/norvita.eu\/wp-content\/uploads\/2022\/07\/NorVita.svg","width":96,"height":26,"caption":"NorVita"},"image":{"@id":"https:\/\/norvita.eu\/de\/#\/schema\/logo\/image\/"},"sameAs":["https:\/\/www.facebook.com\/norvitasupplements","https:\/\/www.instagram.com\/norvita_supplements\/"]}]}},"_links":{"self":[{"href":"https:\/\/norvita.eu\/de\/wp-json\/wp\/v2\/product\/12098","targetHints":{"allow":["GET"]}}],"collection":[{"href":"https:\/\/norvita.eu\/de\/wp-json\/wp\/v2\/product"}],"about":[{"href":"https:\/\/norvita.eu\/de\/wp-json\/wp\/v2\/types\/product"}],"replies":[{"embeddable":true,"href":"https:\/\/norvita.eu\/de\/wp-json\/wp\/v2\/comments?post=12098"}],"wp:featuredmedia":[{"embeddable":true,"href":"https:\/\/norvita.eu\/de\/wp-json\/wp\/v2\/media\/13845"}],"wp:attachment":[{"href":"https:\/\/norvita.eu\/de\/wp-json\/wp\/v2\/media?parent=12098"}],"wp:term":[{"taxonomy":"product_brand","embeddable":true,"href":"https:\/\/norvita.eu\/de\/wp-json\/wp\/v2\/product_brand?post=12098"},{"taxonomy":"product_cat","embeddable":true,"href":"https:\/\/norvita.eu\/de\/wp-json\/wp\/v2\/product_cat?post=12098"},{"taxonomy":"product_tag","embeddable":true,"href":"https:\/\/norvita.eu\/de\/wp-json\/wp\/v2\/product_tag?post=12098"}],"curies":[{"name":"wp","href":"https:\/\/api.w.org\/{rel}","templated":true}]}}