{"id":12095,"date":"2025-11-09T22:05:00","date_gmt":"2025-11-09T20:05:00","guid":{"rendered":"https:\/\/norvita.eu\/?post_type=product&#038;p=12095"},"modified":"2026-02-25T22:43:21","modified_gmt":"2026-02-25T20:43:21","slug":"immunkomplex-gel","status":"publish","type":"product","link":"https:\/\/norvita.eu\/de\/pood\/immunkomplex-gel\/","title":{"rendered":"Immunkomplex-Gel"},"content":{"rendered":"","protected":false},"excerpt":{"rendered":"<h2>Rundum-Schutz f\u00fcr dein Immunsystem \u2013 nat\u00fcrlich und wirksam<\/h2>\n<p>Gib deinem Immunsystem die t\u00e4gliche Unterst\u00fctzung, die es verdient \u2013 mit dem umfassenden Immun-Komplex-Gel. Dieses leckere Gel liefert eine starke Kombination aus essenziellen Vitaminen und Mineralstoffen: C-, D- und K2-Vitamine, Zink, Fols\u00e4ure, B6 und B12, Selen und Kupfer. Im Mittelpunkt steht der Holunderbeerextrakt \u2013 ein nat\u00fcrlicher Antioxidant mit doppelter Schutzwirkung. Perfekt f\u00fcr die Erk\u00e4ltungssaison, auf Reisen oder den Alltag. Der angenehme schwarze Johannisbeergeschmack macht die Immununterst\u00fctzung zu einem t\u00e4glichen Wohlf\u00fchlmoment.<\/p>\n","protected":false},"featured_media":13842,"comment_status":"open","ping_status":"closed","template":"","meta":{"_acf_changed":false,"inline_featured_image":false},"product_brand":[],"product_cat":[85,82],"product_tag":[],"class_list":{"0":"post-12095","1":"product","2":"type-product","3":"status-publish","4":"has-post-thumbnail","6":"product_cat-alle","7":"product_cat-gel","9":"first","10":"outofstock","11":"featured","12":"taxable","13":"shipping-taxable","14":"purchasable","15":"product-type-simple"},"acf":[],"yoast_head":"<!-- This site is optimized with the Yoast SEO plugin v27.2 - https:\/\/yoast.com\/product\/yoast-seo-wordpress\/ -->\n<title>Immunkomplex-Gel | Norvita sprei- ja geelvitamiinid<\/title>\n<meta name=\"description\" content=\"T\u00e4glicher Immunschutz mit Vitamin C, D3, K2, Zink, B-Vitaminen &amp; Holunderbeere \u2013 leckeres Johannisbeer-Gel f\u00fcr nat\u00fcrliche Abwehrkraft.\" \/>\n<meta name=\"robots\" content=\"index, follow, max-snippet:-1, max-image-preview:large, max-video-preview:-1\" \/>\n<link rel=\"canonical\" href=\"https:\/\/norvita.eu\/de\/pood\/immunkomplex-gel\/\" \/>\n<meta property=\"og:locale\" content=\"de_DE\" \/>\n<meta property=\"og:type\" content=\"article\" \/>\n<meta property=\"og:title\" content=\"Immunkomplex-Gel | Norvita sprei- ja geelvitamiinid\" \/>\n<meta property=\"og:description\" content=\"T\u00e4glicher Immunschutz mit Vitamin C, D3, K2, Zink, B-Vitaminen &amp; Holunderbeere \u2013 leckeres Johannisbeer-Gel f\u00fcr nat\u00fcrliche Abwehrkraft.\" \/>\n<meta property=\"og:url\" content=\"https:\/\/norvita.eu\/de\/pood\/immunkomplex-gel\/\" \/>\n<meta property=\"og:site_name\" content=\"Norvita sprei- ja geelvitamiinid\" \/>\n<meta property=\"article:publisher\" content=\"https:\/\/www.facebook.com\/norvitasupplements\" \/>\n<meta property=\"article:modified_time\" content=\"2026-02-25T20:43:21+00:00\" \/>\n<meta property=\"og:image\" content=\"https:\/\/norvita.eu\/wp-content\/uploads\/2025\/11\/NorVita-geel-Immunity_karptoode.png\" \/>\n\t<meta property=\"og:image:width\" content=\"1000\" \/>\n\t<meta property=\"og:image:height\" content=\"1000\" \/>\n\t<meta property=\"og:image:type\" content=\"image\/png\" \/>\n<meta name=\"twitter:card\" content=\"summary_large_image\" \/>\n<meta name=\"twitter:label1\" content=\"Gesch\u00e4tzte Lesezeit\" \/>\n\t<meta name=\"twitter:data1\" content=\"1\u00a0Minute\" \/>\n<script type=\"application\/ld+json\" class=\"yoast-schema-graph\">{\"@context\":\"https:\/\/schema.org\",\"@graph\":[{\"@type\":\"WebPage\",\"@id\":\"https:\/\/norvita.eu\/de\/pood\/immunkomplex-gel\/\",\"url\":\"https:\/\/norvita.eu\/de\/pood\/immunkomplex-gel\/\",\"name\":\"Immunkomplex-Gel | Norvita sprei- ja geelvitamiinid\",\"isPartOf\":{\"@id\":\"https:\/\/norvita.eu\/de\/#website\"},\"primaryImageOfPage\":{\"@id\":\"https:\/\/norvita.eu\/de\/pood\/immunkomplex-gel\/#primaryimage\"},\"image\":{\"@id\":\"https:\/\/norvita.eu\/de\/pood\/immunkomplex-gel\/#primaryimage\"},\"thumbnailUrl\":\"https:\/\/norvita.eu\/wp-content\/uploads\/2025\/11\/NorVita-Immuunsus-vitamiin-geel-IMS-Buduaar-ilulemmik-2026.png\",\"datePublished\":\"2025-11-09T20:05:00+00:00\",\"dateModified\":\"2026-02-25T20:43:21+00:00\",\"description\":\"T\u00e4glicher Immunschutz mit Vitamin C, D3, K2, Zink, B-Vitaminen & Holunderbeere \u2013 leckeres Johannisbeer-Gel f\u00fcr nat\u00fcrliche Abwehrkraft.\",\"breadcrumb\":{\"@id\":\"https:\/\/norvita.eu\/de\/pood\/immunkomplex-gel\/#breadcrumb\"},\"inLanguage\":\"de\",\"potentialAction\":[{\"@type\":\"ReadAction\",\"target\":[\"https:\/\/norvita.eu\/de\/pood\/immunkomplex-gel\/\"]}]},{\"@type\":\"ImageObject\",\"inLanguage\":\"de\",\"@id\":\"https:\/\/norvita.eu\/de\/pood\/immunkomplex-gel\/#primaryimage\",\"url\":\"https:\/\/norvita.eu\/wp-content\/uploads\/2025\/11\/NorVita-Immuunsus-vitamiin-geel-IMS-Buduaar-ilulemmik-2026.png\",\"contentUrl\":\"https:\/\/norvita.eu\/wp-content\/uploads\/2025\/11\/NorVita-Immuunsus-vitamiin-geel-IMS-Buduaar-ilulemmik-2026.png\",\"width\":1000,\"height\":1000,\"caption\":\"NorVita Immuunsus geelvitamiin buduaar ilulemmik 2026 m\u00e4rgisega\"},{\"@type\":\"BreadcrumbList\",\"@id\":\"https:\/\/norvita.eu\/de\/pood\/immunkomplex-gel\/#breadcrumb\",\"itemListElement\":[{\"@type\":\"ListItem\",\"position\":1,\"name\":\"Home\",\"item\":\"https:\/\/norvita.eu\/de\/\"},{\"@type\":\"ListItem\",\"position\":2,\"name\":\"Shop\",\"item\":\"https:\/\/norvita.eu\/de\/shop\/\"},{\"@type\":\"ListItem\",\"position\":3,\"name\":\"Immunkomplex-Gel\"}]},{\"@type\":\"WebSite\",\"@id\":\"https:\/\/norvita.eu\/de\/#website\",\"url\":\"https:\/\/norvita.eu\/de\/\",\"name\":\"Norvita sprei- ja geelvitamiinid\",\"description\":\"Sprei vitamiinid ja toidulisandid\",\"publisher\":{\"@id\":\"https:\/\/norvita.eu\/de\/#organization\"},\"potentialAction\":[{\"@type\":\"SearchAction\",\"target\":{\"@type\":\"EntryPoint\",\"urlTemplate\":\"https:\/\/norvita.eu\/de\/?s={search_term_string}\"},\"query-input\":{\"@type\":\"PropertyValueSpecification\",\"valueRequired\":true,\"valueName\":\"search_term_string\"}}],\"inLanguage\":\"de\"},{\"@type\":\"Organization\",\"@id\":\"https:\/\/norvita.eu\/de\/#organization\",\"name\":\"NorVita\",\"url\":\"https:\/\/norvita.eu\/de\/\",\"logo\":{\"@type\":\"ImageObject\",\"inLanguage\":\"de\",\"@id\":\"https:\/\/norvita.eu\/de\/#\/schema\/logo\/image\/\",\"url\":\"https:\/\/norvita.eu\/wp-content\/uploads\/2022\/07\/NorVita.svg\",\"contentUrl\":\"https:\/\/norvita.eu\/wp-content\/uploads\/2022\/07\/NorVita.svg\",\"width\":96,\"height\":26,\"caption\":\"NorVita\"},\"image\":{\"@id\":\"https:\/\/norvita.eu\/de\/#\/schema\/logo\/image\/\"},\"sameAs\":[\"https:\/\/www.facebook.com\/norvitasupplements\",\"https:\/\/www.instagram.com\/norvita_supplements\/\"]}]}<\/script>\n<!-- \/ Yoast SEO plugin. -->","yoast_head_json":{"title":"Immunkomplex-Gel | Norvita sprei- ja geelvitamiinid","description":"T\u00e4glicher Immunschutz mit Vitamin C, D3, K2, Zink, B-Vitaminen & Holunderbeere \u2013 leckeres Johannisbeer-Gel f\u00fcr nat\u00fcrliche Abwehrkraft.","robots":{"index":"index","follow":"follow","max-snippet":"max-snippet:-1","max-image-preview":"max-image-preview:large","max-video-preview":"max-video-preview:-1"},"canonical":"https:\/\/norvita.eu\/de\/pood\/immunkomplex-gel\/","og_locale":"de_DE","og_type":"article","og_title":"Immunkomplex-Gel | Norvita sprei- ja geelvitamiinid","og_description":"T\u00e4glicher Immunschutz mit Vitamin C, D3, K2, Zink, B-Vitaminen & Holunderbeere \u2013 leckeres Johannisbeer-Gel f\u00fcr nat\u00fcrliche Abwehrkraft.","og_url":"https:\/\/norvita.eu\/de\/pood\/immunkomplex-gel\/","og_site_name":"Norvita sprei- ja geelvitamiinid","article_publisher":"https:\/\/www.facebook.com\/norvitasupplements","article_modified_time":"2026-02-25T20:43:21+00:00","og_image":[{"width":1000,"height":1000,"url":"https:\/\/norvita.eu\/wp-content\/uploads\/2025\/11\/NorVita-geel-Immunity_karptoode.png","type":"image\/png"}],"twitter_card":"summary_large_image","twitter_misc":{"Gesch\u00e4tzte Lesezeit":"1\u00a0Minute"},"schema":{"@context":"https:\/\/schema.org","@graph":[{"@type":"WebPage","@id":"https:\/\/norvita.eu\/de\/pood\/immunkomplex-gel\/","url":"https:\/\/norvita.eu\/de\/pood\/immunkomplex-gel\/","name":"Immunkomplex-Gel | Norvita sprei- ja geelvitamiinid","isPartOf":{"@id":"https:\/\/norvita.eu\/de\/#website"},"primaryImageOfPage":{"@id":"https:\/\/norvita.eu\/de\/pood\/immunkomplex-gel\/#primaryimage"},"image":{"@id":"https:\/\/norvita.eu\/de\/pood\/immunkomplex-gel\/#primaryimage"},"thumbnailUrl":"https:\/\/norvita.eu\/wp-content\/uploads\/2025\/11\/NorVita-Immuunsus-vitamiin-geel-IMS-Buduaar-ilulemmik-2026.png","datePublished":"2025-11-09T20:05:00+00:00","dateModified":"2026-02-25T20:43:21+00:00","description":"T\u00e4glicher Immunschutz mit Vitamin C, D3, K2, Zink, B-Vitaminen & Holunderbeere \u2013 leckeres Johannisbeer-Gel f\u00fcr nat\u00fcrliche Abwehrkraft.","breadcrumb":{"@id":"https:\/\/norvita.eu\/de\/pood\/immunkomplex-gel\/#breadcrumb"},"inLanguage":"de","potentialAction":[{"@type":"ReadAction","target":["https:\/\/norvita.eu\/de\/pood\/immunkomplex-gel\/"]}]},{"@type":"ImageObject","inLanguage":"de","@id":"https:\/\/norvita.eu\/de\/pood\/immunkomplex-gel\/#primaryimage","url":"https:\/\/norvita.eu\/wp-content\/uploads\/2025\/11\/NorVita-Immuunsus-vitamiin-geel-IMS-Buduaar-ilulemmik-2026.png","contentUrl":"https:\/\/norvita.eu\/wp-content\/uploads\/2025\/11\/NorVita-Immuunsus-vitamiin-geel-IMS-Buduaar-ilulemmik-2026.png","width":1000,"height":1000,"caption":"NorVita Immuunsus geelvitamiin buduaar ilulemmik 2026 m\u00e4rgisega"},{"@type":"BreadcrumbList","@id":"https:\/\/norvita.eu\/de\/pood\/immunkomplex-gel\/#breadcrumb","itemListElement":[{"@type":"ListItem","position":1,"name":"Home","item":"https:\/\/norvita.eu\/de\/"},{"@type":"ListItem","position":2,"name":"Shop","item":"https:\/\/norvita.eu\/de\/shop\/"},{"@type":"ListItem","position":3,"name":"Immunkomplex-Gel"}]},{"@type":"WebSite","@id":"https:\/\/norvita.eu\/de\/#website","url":"https:\/\/norvita.eu\/de\/","name":"Norvita sprei- ja geelvitamiinid","description":"Sprei vitamiinid ja toidulisandid","publisher":{"@id":"https:\/\/norvita.eu\/de\/#organization"},"potentialAction":[{"@type":"SearchAction","target":{"@type":"EntryPoint","urlTemplate":"https:\/\/norvita.eu\/de\/?s={search_term_string}"},"query-input":{"@type":"PropertyValueSpecification","valueRequired":true,"valueName":"search_term_string"}}],"inLanguage":"de"},{"@type":"Organization","@id":"https:\/\/norvita.eu\/de\/#organization","name":"NorVita","url":"https:\/\/norvita.eu\/de\/","logo":{"@type":"ImageObject","inLanguage":"de","@id":"https:\/\/norvita.eu\/de\/#\/schema\/logo\/image\/","url":"https:\/\/norvita.eu\/wp-content\/uploads\/2022\/07\/NorVita.svg","contentUrl":"https:\/\/norvita.eu\/wp-content\/uploads\/2022\/07\/NorVita.svg","width":96,"height":26,"caption":"NorVita"},"image":{"@id":"https:\/\/norvita.eu\/de\/#\/schema\/logo\/image\/"},"sameAs":["https:\/\/www.facebook.com\/norvitasupplements","https:\/\/www.instagram.com\/norvita_supplements\/"]}]}},"_links":{"self":[{"href":"https:\/\/norvita.eu\/de\/wp-json\/wp\/v2\/product\/12095","targetHints":{"allow":["GET"]}}],"collection":[{"href":"https:\/\/norvita.eu\/de\/wp-json\/wp\/v2\/product"}],"about":[{"href":"https:\/\/norvita.eu\/de\/wp-json\/wp\/v2\/types\/product"}],"replies":[{"embeddable":true,"href":"https:\/\/norvita.eu\/de\/wp-json\/wp\/v2\/comments?post=12095"}],"wp:featuredmedia":[{"embeddable":true,"href":"https:\/\/norvita.eu\/de\/wp-json\/wp\/v2\/media\/13842"}],"wp:attachment":[{"href":"https:\/\/norvita.eu\/de\/wp-json\/wp\/v2\/media?parent=12095"}],"wp:term":[{"taxonomy":"product_brand","embeddable":true,"href":"https:\/\/norvita.eu\/de\/wp-json\/wp\/v2\/product_brand?post=12095"},{"taxonomy":"product_cat","embeddable":true,"href":"https:\/\/norvita.eu\/de\/wp-json\/wp\/v2\/product_cat?post=12095"},{"taxonomy":"product_tag","embeddable":true,"href":"https:\/\/norvita.eu\/de\/wp-json\/wp\/v2\/product_tag?post=12095"}],"curies":[{"name":"wp","href":"https:\/\/api.w.org\/{rel}","templated":true}]}}