{"id":11915,"date":"2025-10-02T08:43:12","date_gmt":"2025-10-02T05:43:12","guid":{"rendered":"https:\/\/norvita.eu\/?post_type=product&#038;p=11915"},"modified":"2026-02-25T22:48:09","modified_gmt":"2026-02-25T20:48:09","slug":"d3-vitamin-natural","status":"publish","type":"product","link":"https:\/\/norvita.eu\/de\/pood\/d3-vitamin-natural\/","title":{"rendered":"Vitamin D3 NATURAL 4000IU"},"content":{"rendered":"","protected":false},"excerpt":{"rendered":"<h2>Eine einfache, reine und effektive Wahl zur Unterst\u00fctzung des Immunsystems.<\/h2>\n<p>Im nordischen Klima erh\u00e4lt unser K\u00f6rper m\u00f6glicherweise nicht gen\u00fcgend Vitamin D \u2013 besonders in den dunklen und kalten Monaten.<br \/>\nD3 Vitamin NATURAL 4000IE wurde speziell entwickelt, um dein Immunsystem zu unterst\u00fctzen und einen normalen Vitamin-D-Spiegel auf nat\u00fcrliche und bequeme Weise aufrechtzuerhalten.<br \/>\nNat\u00fcrlich und mit nur 3 Inhaltsstoffen \u2013 Kokos\u00f6l, Vitamin D3 und nat\u00fcrlichem Waldfruchtaroma.<br \/>\nKeine Konservierungsstoffe, keine Farbstoffe, keine k\u00fcnstlichen Zus\u00e4tze.<br \/>\nD3 NATURAL ist f\u00fcr diejenigen gedacht, die Nat\u00fcrlichkeit, Qualit\u00e4t und Wirksamkeit sch\u00e4tzen \u2013 nur 1 Spr\u00fchsto\u00df pro Tag, ganz ohne Zus\u00e4tze.<\/p>\n","protected":false},"featured_media":11919,"comment_status":"open","ping_status":"closed","template":"","meta":{"_acf_changed":false,"inline_featured_image":false},"product_brand":[],"product_cat":[85,84],"product_tag":[],"class_list":{"0":"post-11915","1":"product","2":"type-product","3":"status-publish","4":"has-post-thumbnail","6":"product_cat-alle","7":"product_cat-spray-de","9":"first","10":"instock","11":"featured","12":"taxable","13":"shipping-taxable","14":"purchasable","15":"product-type-simple"},"acf":[],"yoast_head":"<!-- This site is optimized with the Yoast SEO plugin v27.2 - https:\/\/yoast.com\/product\/yoast-seo-wordpress\/ -->\n<title>Vitamin D3 NATURAL 4000IU | Norvita sprei- ja geelvitamiinid<\/title>\n<meta name=\"description\" content=\"D3-Vitamin mit nur 3 nat\u00fcrlichen Inhaltsstoffen. Unterst\u00fctzt das Immunsystem, bietet beste Aufnahme und hilft, den Vitamin-D-Spiegel zu erhalten.\" \/>\n<meta name=\"robots\" content=\"index, follow, max-snippet:-1, max-image-preview:large, max-video-preview:-1\" \/>\n<link rel=\"canonical\" href=\"https:\/\/norvita.eu\/de\/pood\/d3-vitamin-natural\/\" \/>\n<meta property=\"og:locale\" content=\"de_DE\" \/>\n<meta property=\"og:type\" content=\"article\" \/>\n<meta property=\"og:title\" content=\"Vitamin D3 NATURAL 4000IU | Norvita sprei- ja geelvitamiinid\" \/>\n<meta property=\"og:description\" content=\"D3-Vitamin mit nur 3 nat\u00fcrlichen Inhaltsstoffen. Unterst\u00fctzt das Immunsystem, bietet beste Aufnahme und hilft, den Vitamin-D-Spiegel zu erhalten.\" \/>\n<meta property=\"og:url\" content=\"https:\/\/norvita.eu\/de\/pood\/d3-vitamin-natural\/\" \/>\n<meta property=\"og:site_name\" content=\"Norvita sprei- ja geelvitamiinid\" \/>\n<meta property=\"article:publisher\" content=\"https:\/\/www.facebook.com\/norvitasupplements\" \/>\n<meta property=\"article:modified_time\" content=\"2026-02-25T20:48:09+00:00\" \/>\n<meta property=\"og:image\" content=\"https:\/\/norvita.eu\/wp-content\/uploads\/2025\/10\/D3-Natural-spreivitamiin.png\" \/>\n\t<meta property=\"og:image:width\" content=\"1000\" \/>\n\t<meta property=\"og:image:height\" content=\"999\" \/>\n\t<meta property=\"og:image:type\" content=\"image\/png\" \/>\n<meta name=\"twitter:card\" content=\"summary_large_image\" \/>\n<script type=\"application\/ld+json\" class=\"yoast-schema-graph\">{\"@context\":\"https:\/\/schema.org\",\"@graph\":[{\"@type\":\"WebPage\",\"@id\":\"https:\/\/norvita.eu\/de\/pood\/d3-vitamin-natural\/\",\"url\":\"https:\/\/norvita.eu\/de\/pood\/d3-vitamin-natural\/\",\"name\":\"Vitamin D3 NATURAL 4000IU | Norvita sprei- ja geelvitamiinid\",\"isPartOf\":{\"@id\":\"https:\/\/norvita.eu\/de\/#website\"},\"primaryImageOfPage\":{\"@id\":\"https:\/\/norvita.eu\/de\/pood\/d3-vitamin-natural\/#primaryimage\"},\"image\":{\"@id\":\"https:\/\/norvita.eu\/de\/pood\/d3-vitamin-natural\/#primaryimage\"},\"thumbnailUrl\":\"https:\/\/norvita.eu\/wp-content\/uploads\/2025\/10\/D3-Natural-spreivitamiin.png\",\"datePublished\":\"2025-10-02T05:43:12+00:00\",\"dateModified\":\"2026-02-25T20:48:09+00:00\",\"description\":\"D3-Vitamin mit nur 3 nat\u00fcrlichen Inhaltsstoffen. Unterst\u00fctzt das Immunsystem, bietet beste Aufnahme und hilft, den Vitamin-D-Spiegel zu erhalten.\",\"breadcrumb\":{\"@id\":\"https:\/\/norvita.eu\/de\/pood\/d3-vitamin-natural\/#breadcrumb\"},\"inLanguage\":\"de\",\"potentialAction\":[{\"@type\":\"ReadAction\",\"target\":[\"https:\/\/norvita.eu\/de\/pood\/d3-vitamin-natural\/\"]}]},{\"@type\":\"ImageObject\",\"inLanguage\":\"de\",\"@id\":\"https:\/\/norvita.eu\/de\/pood\/d3-vitamin-natural\/#primaryimage\",\"url\":\"https:\/\/norvita.eu\/wp-content\/uploads\/2025\/10\/D3-Natural-spreivitamiin.png\",\"contentUrl\":\"https:\/\/norvita.eu\/wp-content\/uploads\/2025\/10\/D3-Natural-spreivitamiin.png\",\"width\":1000,\"height\":999,\"caption\":\"D3 natural spreivitamiin\"},{\"@type\":\"BreadcrumbList\",\"@id\":\"https:\/\/norvita.eu\/de\/pood\/d3-vitamin-natural\/#breadcrumb\",\"itemListElement\":[{\"@type\":\"ListItem\",\"position\":1,\"name\":\"Home\",\"item\":\"https:\/\/norvita.eu\/de\/\"},{\"@type\":\"ListItem\",\"position\":2,\"name\":\"Shop\",\"item\":\"https:\/\/norvita.eu\/de\/shop\/\"},{\"@type\":\"ListItem\",\"position\":3,\"name\":\"Vitamin D3 NATURAL 4000IU\"}]},{\"@type\":\"WebSite\",\"@id\":\"https:\/\/norvita.eu\/de\/#website\",\"url\":\"https:\/\/norvita.eu\/de\/\",\"name\":\"Norvita sprei- ja geelvitamiinid\",\"description\":\"Sprei vitamiinid ja toidulisandid\",\"publisher\":{\"@id\":\"https:\/\/norvita.eu\/de\/#organization\"},\"potentialAction\":[{\"@type\":\"SearchAction\",\"target\":{\"@type\":\"EntryPoint\",\"urlTemplate\":\"https:\/\/norvita.eu\/de\/?s={search_term_string}\"},\"query-input\":{\"@type\":\"PropertyValueSpecification\",\"valueRequired\":true,\"valueName\":\"search_term_string\"}}],\"inLanguage\":\"de\"},{\"@type\":\"Organization\",\"@id\":\"https:\/\/norvita.eu\/de\/#organization\",\"name\":\"NorVita\",\"url\":\"https:\/\/norvita.eu\/de\/\",\"logo\":{\"@type\":\"ImageObject\",\"inLanguage\":\"de\",\"@id\":\"https:\/\/norvita.eu\/de\/#\/schema\/logo\/image\/\",\"url\":\"https:\/\/norvita.eu\/wp-content\/uploads\/2022\/07\/NorVita.svg\",\"contentUrl\":\"https:\/\/norvita.eu\/wp-content\/uploads\/2022\/07\/NorVita.svg\",\"width\":96,\"height\":26,\"caption\":\"NorVita\"},\"image\":{\"@id\":\"https:\/\/norvita.eu\/de\/#\/schema\/logo\/image\/\"},\"sameAs\":[\"https:\/\/www.facebook.com\/norvitasupplements\",\"https:\/\/www.instagram.com\/norvita_supplements\/\"]}]}<\/script>\n<!-- \/ Yoast SEO plugin. -->","yoast_head_json":{"title":"Vitamin D3 NATURAL 4000IU | Norvita sprei- ja geelvitamiinid","description":"D3-Vitamin mit nur 3 nat\u00fcrlichen Inhaltsstoffen. Unterst\u00fctzt das Immunsystem, bietet beste Aufnahme und hilft, den Vitamin-D-Spiegel zu erhalten.","robots":{"index":"index","follow":"follow","max-snippet":"max-snippet:-1","max-image-preview":"max-image-preview:large","max-video-preview":"max-video-preview:-1"},"canonical":"https:\/\/norvita.eu\/de\/pood\/d3-vitamin-natural\/","og_locale":"de_DE","og_type":"article","og_title":"Vitamin D3 NATURAL 4000IU | Norvita sprei- ja geelvitamiinid","og_description":"D3-Vitamin mit nur 3 nat\u00fcrlichen Inhaltsstoffen. Unterst\u00fctzt das Immunsystem, bietet beste Aufnahme und hilft, den Vitamin-D-Spiegel zu erhalten.","og_url":"https:\/\/norvita.eu\/de\/pood\/d3-vitamin-natural\/","og_site_name":"Norvita sprei- ja geelvitamiinid","article_publisher":"https:\/\/www.facebook.com\/norvitasupplements","article_modified_time":"2026-02-25T20:48:09+00:00","og_image":[{"width":1000,"height":999,"url":"https:\/\/norvita.eu\/wp-content\/uploads\/2025\/10\/D3-Natural-spreivitamiin.png","type":"image\/png"}],"twitter_card":"summary_large_image","schema":{"@context":"https:\/\/schema.org","@graph":[{"@type":"WebPage","@id":"https:\/\/norvita.eu\/de\/pood\/d3-vitamin-natural\/","url":"https:\/\/norvita.eu\/de\/pood\/d3-vitamin-natural\/","name":"Vitamin D3 NATURAL 4000IU | Norvita sprei- ja geelvitamiinid","isPartOf":{"@id":"https:\/\/norvita.eu\/de\/#website"},"primaryImageOfPage":{"@id":"https:\/\/norvita.eu\/de\/pood\/d3-vitamin-natural\/#primaryimage"},"image":{"@id":"https:\/\/norvita.eu\/de\/pood\/d3-vitamin-natural\/#primaryimage"},"thumbnailUrl":"https:\/\/norvita.eu\/wp-content\/uploads\/2025\/10\/D3-Natural-spreivitamiin.png","datePublished":"2025-10-02T05:43:12+00:00","dateModified":"2026-02-25T20:48:09+00:00","description":"D3-Vitamin mit nur 3 nat\u00fcrlichen Inhaltsstoffen. Unterst\u00fctzt das Immunsystem, bietet beste Aufnahme und hilft, den Vitamin-D-Spiegel zu erhalten.","breadcrumb":{"@id":"https:\/\/norvita.eu\/de\/pood\/d3-vitamin-natural\/#breadcrumb"},"inLanguage":"de","potentialAction":[{"@type":"ReadAction","target":["https:\/\/norvita.eu\/de\/pood\/d3-vitamin-natural\/"]}]},{"@type":"ImageObject","inLanguage":"de","@id":"https:\/\/norvita.eu\/de\/pood\/d3-vitamin-natural\/#primaryimage","url":"https:\/\/norvita.eu\/wp-content\/uploads\/2025\/10\/D3-Natural-spreivitamiin.png","contentUrl":"https:\/\/norvita.eu\/wp-content\/uploads\/2025\/10\/D3-Natural-spreivitamiin.png","width":1000,"height":999,"caption":"D3 natural spreivitamiin"},{"@type":"BreadcrumbList","@id":"https:\/\/norvita.eu\/de\/pood\/d3-vitamin-natural\/#breadcrumb","itemListElement":[{"@type":"ListItem","position":1,"name":"Home","item":"https:\/\/norvita.eu\/de\/"},{"@type":"ListItem","position":2,"name":"Shop","item":"https:\/\/norvita.eu\/de\/shop\/"},{"@type":"ListItem","position":3,"name":"Vitamin D3 NATURAL 4000IU"}]},{"@type":"WebSite","@id":"https:\/\/norvita.eu\/de\/#website","url":"https:\/\/norvita.eu\/de\/","name":"Norvita sprei- ja geelvitamiinid","description":"Sprei vitamiinid ja toidulisandid","publisher":{"@id":"https:\/\/norvita.eu\/de\/#organization"},"potentialAction":[{"@type":"SearchAction","target":{"@type":"EntryPoint","urlTemplate":"https:\/\/norvita.eu\/de\/?s={search_term_string}"},"query-input":{"@type":"PropertyValueSpecification","valueRequired":true,"valueName":"search_term_string"}}],"inLanguage":"de"},{"@type":"Organization","@id":"https:\/\/norvita.eu\/de\/#organization","name":"NorVita","url":"https:\/\/norvita.eu\/de\/","logo":{"@type":"ImageObject","inLanguage":"de","@id":"https:\/\/norvita.eu\/de\/#\/schema\/logo\/image\/","url":"https:\/\/norvita.eu\/wp-content\/uploads\/2022\/07\/NorVita.svg","contentUrl":"https:\/\/norvita.eu\/wp-content\/uploads\/2022\/07\/NorVita.svg","width":96,"height":26,"caption":"NorVita"},"image":{"@id":"https:\/\/norvita.eu\/de\/#\/schema\/logo\/image\/"},"sameAs":["https:\/\/www.facebook.com\/norvitasupplements","https:\/\/www.instagram.com\/norvita_supplements\/"]}]}},"_links":{"self":[{"href":"https:\/\/norvita.eu\/de\/wp-json\/wp\/v2\/product\/11915","targetHints":{"allow":["GET"]}}],"collection":[{"href":"https:\/\/norvita.eu\/de\/wp-json\/wp\/v2\/product"}],"about":[{"href":"https:\/\/norvita.eu\/de\/wp-json\/wp\/v2\/types\/product"}],"replies":[{"embeddable":true,"href":"https:\/\/norvita.eu\/de\/wp-json\/wp\/v2\/comments?post=11915"}],"wp:featuredmedia":[{"embeddable":true,"href":"https:\/\/norvita.eu\/de\/wp-json\/wp\/v2\/media\/11919"}],"wp:attachment":[{"href":"https:\/\/norvita.eu\/de\/wp-json\/wp\/v2\/media?parent=11915"}],"wp:term":[{"taxonomy":"product_brand","embeddable":true,"href":"https:\/\/norvita.eu\/de\/wp-json\/wp\/v2\/product_brand?post=11915"},{"taxonomy":"product_cat","embeddable":true,"href":"https:\/\/norvita.eu\/de\/wp-json\/wp\/v2\/product_cat?post=11915"},{"taxonomy":"product_tag","embeddable":true,"href":"https:\/\/norvita.eu\/de\/wp-json\/wp\/v2\/product_tag?post=11915"}],"curies":[{"name":"wp","href":"https:\/\/api.w.org\/{rel}","templated":true}]}}