{"id":11743,"date":"2025-08-25T07:26:58","date_gmt":"2025-08-25T04:26:58","guid":{"rendered":"https:\/\/norvita.eu\/?post_type=product&#038;p=11743"},"modified":"2026-02-25T22:50:10","modified_gmt":"2026-02-25T20:50:10","slug":"energy","status":"publish","type":"product","link":"https:\/\/norvita.eu\/de\/pood\/energy\/","title":{"rendered":"Energy"},"content":{"rendered":"","protected":false},"excerpt":{"rendered":"<h2>Reine Energie f\u00fcr jeden Tag<\/h2>\n<p>Wenn du einen nat\u00fcrlichen und wirksamen Energieschub brauchst, ist das Energy spray vitamin deine neue t\u00e4gliche Unterst\u00fctzung. B-Vitamine f\u00f6rdern den normalen Energiestoffwechsel und helfen, M\u00fcdigkeit und Ersch\u00f6pfung zu reduzieren, damit du dich auch an stressigen Tagen frisch f\u00fchlst. Ashwagandha unterst\u00fctzt deine mentale und k\u00f6rperliche Leistungsf\u00e4higkeit, wenn die Energie nachl\u00e4sst. Lion\u2019s Mane und L-Theanin helfen dir, konzentriert und geistig klar zu bleiben, w\u00e4hrend eine moderate Menge Koffein einen schnellen, aber sanften Energieschub liefert.<br \/>\nBereit, dich jeden Tag energiegeladener, klarer im Kopf und tatkr\u00e4ftiger zu f\u00fchlen? Entdecke Energy und lass deine Kraft erstrahlen!<\/p>\n","protected":false},"featured_media":13321,"comment_status":"open","ping_status":"closed","template":"","meta":{"_acf_changed":false,"inline_featured_image":false},"product_brand":[],"product_cat":[85,84],"product_tag":[],"class_list":{"0":"post-11743","1":"product","2":"type-product","3":"status-publish","4":"has-post-thumbnail","6":"product_cat-alle","7":"product_cat-spray-de","9":"first","10":"instock","11":"featured","12":"taxable","13":"shipping-taxable","14":"purchasable","15":"product-type-simple"},"acf":[],"yoast_head":"<!-- This site is optimized with the Yoast SEO plugin v27.2 - https:\/\/yoast.com\/product\/yoast-seo-wordpress\/ -->\n<title>Energy | Norvita sprei- ja geelvitamiinid<\/title>\n<meta name=\"description\" content=\"Energy spray vitamin \u2013 stellt Energie wieder her, verbessert die Konzentration, reduziert M\u00fcdigkeit. B-Vitamine, Ashwagandha, Koffein, L\u00f6wenm\u00e4hne, L-Theanin. Beste Aufnahme.\" \/>\n<meta name=\"robots\" content=\"index, follow, max-snippet:-1, max-image-preview:large, max-video-preview:-1\" \/>\n<link rel=\"canonical\" href=\"https:\/\/norvita.eu\/de\/pood\/energy\/\" \/>\n<meta property=\"og:locale\" content=\"de_DE\" \/>\n<meta property=\"og:type\" content=\"article\" \/>\n<meta property=\"og:title\" content=\"Energy | Norvita sprei- ja geelvitamiinid\" \/>\n<meta property=\"og:description\" content=\"Energy spray vitamin \u2013 stellt Energie wieder her, verbessert die Konzentration, reduziert M\u00fcdigkeit. B-Vitamine, Ashwagandha, Koffein, L\u00f6wenm\u00e4hne, L-Theanin. Beste Aufnahme.\" \/>\n<meta property=\"og:url\" content=\"https:\/\/norvita.eu\/de\/pood\/energy\/\" \/>\n<meta property=\"og:site_name\" content=\"Norvita sprei- ja geelvitamiinid\" \/>\n<meta property=\"article:publisher\" content=\"https:\/\/www.facebook.com\/norvitasupplements\" \/>\n<meta property=\"article:modified_time\" content=\"2026-02-25T20:50:10+00:00\" \/>\n<meta property=\"og:image\" content=\"https:\/\/norvita.eu\/wp-content\/uploads\/2025\/08\/Energy-Anne-ja-stiil-ilulemmik-2026.png\" \/>\n\t<meta property=\"og:image:width\" content=\"1000\" \/>\n\t<meta property=\"og:image:height\" content=\"1000\" \/>\n\t<meta property=\"og:image:type\" content=\"image\/png\" \/>\n<meta name=\"twitter:card\" content=\"summary_large_image\" \/>\n<meta name=\"twitter:label1\" content=\"Gesch\u00e4tzte Lesezeit\" \/>\n\t<meta name=\"twitter:data1\" content=\"1\u00a0Minute\" \/>\n<script type=\"application\/ld+json\" class=\"yoast-schema-graph\">{\"@context\":\"https:\/\/schema.org\",\"@graph\":[{\"@type\":\"WebPage\",\"@id\":\"https:\/\/norvita.eu\/de\/pood\/energy\/\",\"url\":\"https:\/\/norvita.eu\/de\/pood\/energy\/\",\"name\":\"Energy | Norvita sprei- ja geelvitamiinid\",\"isPartOf\":{\"@id\":\"https:\/\/norvita.eu\/de\/#website\"},\"primaryImageOfPage\":{\"@id\":\"https:\/\/norvita.eu\/de\/pood\/energy\/#primaryimage\"},\"image\":{\"@id\":\"https:\/\/norvita.eu\/de\/pood\/energy\/#primaryimage\"},\"thumbnailUrl\":\"https:\/\/norvita.eu\/wp-content\/uploads\/2025\/08\/Energy-Anne-ja-stiil-ilulemmik-2026.png\",\"datePublished\":\"2025-08-25T04:26:58+00:00\",\"dateModified\":\"2026-02-25T20:50:10+00:00\",\"description\":\"Energy spray vitamin \u2013 stellt Energie wieder her, verbessert die Konzentration, reduziert M\u00fcdigkeit. B-Vitamine, Ashwagandha, Koffein, L\u00f6wenm\u00e4hne, L-Theanin. Beste Aufnahme.\",\"breadcrumb\":{\"@id\":\"https:\/\/norvita.eu\/de\/pood\/energy\/#breadcrumb\"},\"inLanguage\":\"de\",\"potentialAction\":[{\"@type\":\"ReadAction\",\"target\":[\"https:\/\/norvita.eu\/de\/pood\/energy\/\"]}]},{\"@type\":\"ImageObject\",\"inLanguage\":\"de\",\"@id\":\"https:\/\/norvita.eu\/de\/pood\/energy\/#primaryimage\",\"url\":\"https:\/\/norvita.eu\/wp-content\/uploads\/2025\/08\/Energy-Anne-ja-stiil-ilulemmik-2026.png\",\"contentUrl\":\"https:\/\/norvita.eu\/wp-content\/uploads\/2025\/08\/Energy-Anne-ja-stiil-ilulemmik-2026.png\",\"width\":1000,\"height\":1000,\"caption\":\"NorVita Energy spreivitamiin Anne ja Stiil ilulemmik 2026\"},{\"@type\":\"BreadcrumbList\",\"@id\":\"https:\/\/norvita.eu\/de\/pood\/energy\/#breadcrumb\",\"itemListElement\":[{\"@type\":\"ListItem\",\"position\":1,\"name\":\"Home\",\"item\":\"https:\/\/norvita.eu\/de\/\"},{\"@type\":\"ListItem\",\"position\":2,\"name\":\"Shop\",\"item\":\"https:\/\/norvita.eu\/de\/shop\/\"},{\"@type\":\"ListItem\",\"position\":3,\"name\":\"Energy\"}]},{\"@type\":\"WebSite\",\"@id\":\"https:\/\/norvita.eu\/de\/#website\",\"url\":\"https:\/\/norvita.eu\/de\/\",\"name\":\"Norvita sprei- ja geelvitamiinid\",\"description\":\"Sprei vitamiinid ja toidulisandid\",\"publisher\":{\"@id\":\"https:\/\/norvita.eu\/de\/#organization\"},\"potentialAction\":[{\"@type\":\"SearchAction\",\"target\":{\"@type\":\"EntryPoint\",\"urlTemplate\":\"https:\/\/norvita.eu\/de\/?s={search_term_string}\"},\"query-input\":{\"@type\":\"PropertyValueSpecification\",\"valueRequired\":true,\"valueName\":\"search_term_string\"}}],\"inLanguage\":\"de\"},{\"@type\":\"Organization\",\"@id\":\"https:\/\/norvita.eu\/de\/#organization\",\"name\":\"NorVita\",\"url\":\"https:\/\/norvita.eu\/de\/\",\"logo\":{\"@type\":\"ImageObject\",\"inLanguage\":\"de\",\"@id\":\"https:\/\/norvita.eu\/de\/#\/schema\/logo\/image\/\",\"url\":\"https:\/\/norvita.eu\/wp-content\/uploads\/2022\/07\/NorVita.svg\",\"contentUrl\":\"https:\/\/norvita.eu\/wp-content\/uploads\/2022\/07\/NorVita.svg\",\"width\":96,\"height\":26,\"caption\":\"NorVita\"},\"image\":{\"@id\":\"https:\/\/norvita.eu\/de\/#\/schema\/logo\/image\/\"},\"sameAs\":[\"https:\/\/www.facebook.com\/norvitasupplements\",\"https:\/\/www.instagram.com\/norvita_supplements\/\"]}]}<\/script>\n<!-- \/ Yoast SEO plugin. -->","yoast_head_json":{"title":"Energy | Norvita sprei- ja geelvitamiinid","description":"Energy spray vitamin \u2013 stellt Energie wieder her, verbessert die Konzentration, reduziert M\u00fcdigkeit. B-Vitamine, Ashwagandha, Koffein, L\u00f6wenm\u00e4hne, L-Theanin. Beste Aufnahme.","robots":{"index":"index","follow":"follow","max-snippet":"max-snippet:-1","max-image-preview":"max-image-preview:large","max-video-preview":"max-video-preview:-1"},"canonical":"https:\/\/norvita.eu\/de\/pood\/energy\/","og_locale":"de_DE","og_type":"article","og_title":"Energy | Norvita sprei- ja geelvitamiinid","og_description":"Energy spray vitamin \u2013 stellt Energie wieder her, verbessert die Konzentration, reduziert M\u00fcdigkeit. B-Vitamine, Ashwagandha, Koffein, L\u00f6wenm\u00e4hne, L-Theanin. Beste Aufnahme.","og_url":"https:\/\/norvita.eu\/de\/pood\/energy\/","og_site_name":"Norvita sprei- ja geelvitamiinid","article_publisher":"https:\/\/www.facebook.com\/norvitasupplements","article_modified_time":"2026-02-25T20:50:10+00:00","og_image":[{"width":1000,"height":1000,"url":"https:\/\/norvita.eu\/wp-content\/uploads\/2025\/08\/Energy-Anne-ja-stiil-ilulemmik-2026.png","type":"image\/png"}],"twitter_card":"summary_large_image","twitter_misc":{"Gesch\u00e4tzte Lesezeit":"1\u00a0Minute"},"schema":{"@context":"https:\/\/schema.org","@graph":[{"@type":"WebPage","@id":"https:\/\/norvita.eu\/de\/pood\/energy\/","url":"https:\/\/norvita.eu\/de\/pood\/energy\/","name":"Energy | Norvita sprei- ja geelvitamiinid","isPartOf":{"@id":"https:\/\/norvita.eu\/de\/#website"},"primaryImageOfPage":{"@id":"https:\/\/norvita.eu\/de\/pood\/energy\/#primaryimage"},"image":{"@id":"https:\/\/norvita.eu\/de\/pood\/energy\/#primaryimage"},"thumbnailUrl":"https:\/\/norvita.eu\/wp-content\/uploads\/2025\/08\/Energy-Anne-ja-stiil-ilulemmik-2026.png","datePublished":"2025-08-25T04:26:58+00:00","dateModified":"2026-02-25T20:50:10+00:00","description":"Energy spray vitamin \u2013 stellt Energie wieder her, verbessert die Konzentration, reduziert M\u00fcdigkeit. B-Vitamine, Ashwagandha, Koffein, L\u00f6wenm\u00e4hne, L-Theanin. Beste Aufnahme.","breadcrumb":{"@id":"https:\/\/norvita.eu\/de\/pood\/energy\/#breadcrumb"},"inLanguage":"de","potentialAction":[{"@type":"ReadAction","target":["https:\/\/norvita.eu\/de\/pood\/energy\/"]}]},{"@type":"ImageObject","inLanguage":"de","@id":"https:\/\/norvita.eu\/de\/pood\/energy\/#primaryimage","url":"https:\/\/norvita.eu\/wp-content\/uploads\/2025\/08\/Energy-Anne-ja-stiil-ilulemmik-2026.png","contentUrl":"https:\/\/norvita.eu\/wp-content\/uploads\/2025\/08\/Energy-Anne-ja-stiil-ilulemmik-2026.png","width":1000,"height":1000,"caption":"NorVita Energy spreivitamiin Anne ja Stiil ilulemmik 2026"},{"@type":"BreadcrumbList","@id":"https:\/\/norvita.eu\/de\/pood\/energy\/#breadcrumb","itemListElement":[{"@type":"ListItem","position":1,"name":"Home","item":"https:\/\/norvita.eu\/de\/"},{"@type":"ListItem","position":2,"name":"Shop","item":"https:\/\/norvita.eu\/de\/shop\/"},{"@type":"ListItem","position":3,"name":"Energy"}]},{"@type":"WebSite","@id":"https:\/\/norvita.eu\/de\/#website","url":"https:\/\/norvita.eu\/de\/","name":"Norvita sprei- ja geelvitamiinid","description":"Sprei vitamiinid ja toidulisandid","publisher":{"@id":"https:\/\/norvita.eu\/de\/#organization"},"potentialAction":[{"@type":"SearchAction","target":{"@type":"EntryPoint","urlTemplate":"https:\/\/norvita.eu\/de\/?s={search_term_string}"},"query-input":{"@type":"PropertyValueSpecification","valueRequired":true,"valueName":"search_term_string"}}],"inLanguage":"de"},{"@type":"Organization","@id":"https:\/\/norvita.eu\/de\/#organization","name":"NorVita","url":"https:\/\/norvita.eu\/de\/","logo":{"@type":"ImageObject","inLanguage":"de","@id":"https:\/\/norvita.eu\/de\/#\/schema\/logo\/image\/","url":"https:\/\/norvita.eu\/wp-content\/uploads\/2022\/07\/NorVita.svg","contentUrl":"https:\/\/norvita.eu\/wp-content\/uploads\/2022\/07\/NorVita.svg","width":96,"height":26,"caption":"NorVita"},"image":{"@id":"https:\/\/norvita.eu\/de\/#\/schema\/logo\/image\/"},"sameAs":["https:\/\/www.facebook.com\/norvitasupplements","https:\/\/www.instagram.com\/norvita_supplements\/"]}]}},"_links":{"self":[{"href":"https:\/\/norvita.eu\/de\/wp-json\/wp\/v2\/product\/11743","targetHints":{"allow":["GET"]}}],"collection":[{"href":"https:\/\/norvita.eu\/de\/wp-json\/wp\/v2\/product"}],"about":[{"href":"https:\/\/norvita.eu\/de\/wp-json\/wp\/v2\/types\/product"}],"replies":[{"embeddable":true,"href":"https:\/\/norvita.eu\/de\/wp-json\/wp\/v2\/comments?post=11743"}],"wp:featuredmedia":[{"embeddable":true,"href":"https:\/\/norvita.eu\/de\/wp-json\/wp\/v2\/media\/13321"}],"wp:attachment":[{"href":"https:\/\/norvita.eu\/de\/wp-json\/wp\/v2\/media?parent=11743"}],"wp:term":[{"taxonomy":"product_brand","embeddable":true,"href":"https:\/\/norvita.eu\/de\/wp-json\/wp\/v2\/product_brand?post=11743"},{"taxonomy":"product_cat","embeddable":true,"href":"https:\/\/norvita.eu\/de\/wp-json\/wp\/v2\/product_cat?post=11743"},{"taxonomy":"product_tag","embeddable":true,"href":"https:\/\/norvita.eu\/de\/wp-json\/wp\/v2\/product_tag?post=11743"}],"curies":[{"name":"wp","href":"https:\/\/api.w.org\/{rel}","templated":true}]}}