{"id":4764,"date":"2022-07-21T07:27:28","date_gmt":"2022-07-21T07:27:28","guid":{"rendered":"https:\/\/norvita.eu\/terms-of-service\/"},"modified":"2024-11-05T22:21:33","modified_gmt":"2024-11-05T20:21:33","slug":"agb","status":"publish","type":"page","link":"https:\/\/norvita.eu\/de\/agb\/","title":{"rendered":"AGB"},"content":{"rendered":"<div class=\"wpb-content-wrapper\"><p>[vc_row el_class=&#8220;terms-row&#8220;][vc_column][vc_column_text css=&#8220;&#8220;]<\/p>\n<h1>G\u00fcltigkeit des Kaufvertrags, Produkt- und Preisinformationen<\/h1>\n<p>Die Verkaufsbedingungen gelten f\u00fcr den Kauf von Waren im Online-Shop.<\/p>\n<p>Die Preise der im Online-Shop verkauften Produkte sind neben den Produkten angegeben.<\/p>\n<p>Zu den Preisen kommt eine Geb\u00fchr f\u00fcr den Versand hinzu. Die H\u00f6he der Versandkosten h\u00e4ngt vom Standort des K\u00e4ufers und der Versandart ab. Die Versandkosten werden angezeigt, wenn der K\u00e4ufer die Bestellung aufgibt.<\/p>\n<p>Die Produktinformationen werden unmittelbar neben dem Produkt im Online-Shop angezeigt.<\/p>\n<h3>Eine Bestellung aufgeben<\/h3>\n<p>Legen Sie die gew\u00fcnschten Produkte in Ihren Warenkorb, um sie zu bestellen. F\u00fcllen Sie alle erforderlichen Felder aus und w\u00e4hlen Sie die am besten geeignete Versandart, um die Bestellung abzuschlie\u00dfen. Die Gesamtkosten werden dann auf dem Bildschirm angezeigt. Wenn Sie einen Rabattcode haben, k\u00f6nnen Sie diesen am Ende der Bestellung vor dem Bezahlen einl\u00f6sen.<\/p>\n<p>Die Zahlungen erfolgen in EUR und k\u00f6nnen per Rechnung, PayPal oder \u00fcber die estnischen Bankverbindungen Swedbank, SEB, Luminor, LHV, Coop Pank, Pocopay erfolgen. Die Zahlungen werden von Maksekeskus AS vermittelt.<br \/>\nWenn Sie mit estnischen Bankverbindungen zahlen, w\u00e4hlen Sie bitte nach der Zahlung die Schaltfl\u00e4che &#8222;Tagasi kaupmehe juurde&#8220;.<\/p>\n<p>Der Vertrag tritt in Kraft, wenn der zu zahlende Betrag auf das Bankkonto des Online-Shops \u00fcberwiesen wird.<\/p>\n<p>Nordic Vitamins O\u00dc ist der f\u00fcr die Verarbeitung personenbezogener Daten Verantwortliche und wird die personenbezogenen Daten an den Auftragsverarbeiter Maksekeskus AS weiterleiten, um die Zahlungen durchzuf\u00fchren.<br \/>\nWenn wir die bestellte Ware nicht liefern k\u00f6nnen, weil der Vorrat ersch\u00f6pft ist oder aus anderen Gr\u00fcnden, wird der K\u00e4ufer so schnell wie m\u00f6glich informiert, und der gezahlte Betrag (einschlie\u00dflich der Versandkosten) wird unverz\u00fcglich, sp\u00e4testens jedoch innerhalb von 14 Tagen nach Erhalt der Benachrichtigung, zur\u00fcckerstattet.<\/p>\n<h3>Versand<\/h3>\n<p>Die Waren werden in die folgenden L\u00e4nder versandt: Belgien, Bulgarien, D\u00e4nemark, Deutschland, Estland, Frankreich, Island, Italien, Irland, Lettland, Litauen, Luxemburg, Malta, Niederlande, Norwegen, \u00d6sterreich, Polen, Portugal, Rum\u00e4nien, Schweden, Schweiz, Slowakei, Slowenien, Spanien, Tschechische Republik, Ungarn, Vereinigtes K\u00f6nigreich und Creece.<\/p>\n<p>Wir versenden unsere Produkte \u00fcber das estnische Postsystem &#8211; Omniva, oder \u00fcber Itella. F\u00fcr die Lieferung innerhalb Estlands verwenden wir Paketautomaten, f\u00fcr andere L\u00e4nder werden die Pakete an ein Postamt oder per Kurier geliefert.<br \/>\nDie Versandkosten tr\u00e4gt der K\u00e4ufer und die entsprechenden Preisinformationen werden neben der Versandart angezeigt. Wir verpacken und versenden unsere Produkte von Montag bis Freitag innerhalb von 24 Stunden nach der Bestellung (au\u00dfer an Feiertagen). Sollte dies nicht der Fall sein, werden die Bestellungen normalerweise innerhalb von 24 Stunden und sp\u00e4testens 7 Tage nach der Bestellung versandt.<\/p>\n<p>Alle Sendungen werden normalerweise innerhalb von 7-14 Kalendertagen in Europa zugestellt.<\/p>\n<p>In Ausnahmef\u00e4llen haben wir das Recht, die Waren innerhalb von 45 Kalendertagen zu versenden.<\/p>\n<h3>Beilegung von Streitigkeiten<\/h3>\n<p>Alle Beschwerden eines K\u00e4ufers \u00fcber den Online-Shop m\u00fcssen per E-Mail an info@norvita.eu geschickt werden.<\/p>\n<p>Wenn der K\u00e4ufer und der Online-Shop nicht in der Lage sind, den Streitfall einvernehmlich beizulegen, kann sich der K\u00e4ufer an den Ausschuss f\u00fcr Verbraucherstreitigkeiten wenden. Der Ausschuss f\u00fcr Verbraucherstreitigkeiten ist f\u00fcr die Beilegung von Streitigkeiten zust\u00e4ndig, die sich aus einem Vertrag zwischen einem K\u00e4ufer und dem Online-Shop ergeben. Die Beilegung von Streitigkeiten durch den Verbraucherstreitbeilegungsausschuss ist f\u00fcr den K\u00e4ufer unentgeltlich. Ein K\u00e4ufer kann sich auch an die Streitbeilegungsstellen der Europ\u00e4ischen Union wenden.<\/p>\n<p>Der Eigent\u00fcmer des Online-Shops ist Nordic Vitamins O\u00dc , Registernummer 14937673, mit Sitz in Tallinn, Estland.[\/vc_column_text][\/vc_column][\/vc_row]<\/p>\n<\/div>","protected":false},"excerpt":{"rendered":"<p>[vc_row el_class=&#8220;terms-row&#8220;][vc_column][vc_column_text css=&#8220;&#8220;] G\u00fcltigkeit des Kaufvertrags, Produkt- und Preisinformationen Die Verkaufsbedingungen gelten f\u00fcr den Kauf von Waren im Online-Shop. Die Preise der im Online-Shop verkauften Produkte sind neben den Produkten angegeben. Zu den Preisen kommt eine Geb\u00fchr f\u00fcr den Versand hinzu. Die H\u00f6he der Versandkosten h\u00e4ngt vom Standort des K\u00e4ufers und der Versandart ab. Die [&hellip;]<\/p>\n","protected":false},"author":1,"featured_media":0,"parent":0,"menu_order":0,"comment_status":"closed","ping_status":"closed","template":"","meta":{"_acf_changed":false,"inline_featured_image":false,"footnotes":""},"class_list":["post-4764","page","type-page","status-publish","hentry"],"acf":[],"yoast_head":"<!-- This site is optimized with the Yoast SEO plugin v27.2 - https:\/\/yoast.com\/product\/yoast-seo-wordpress\/ -->\n<title>AGB | Norvita sprei- ja geelvitamiinid<\/title>\n<meta name=\"robots\" content=\"noindex, nofollow\" \/>\n<meta property=\"og:locale\" content=\"de_DE\" \/>\n<meta property=\"og:type\" content=\"article\" \/>\n<meta property=\"og:title\" content=\"AGB | Norvita sprei- ja geelvitamiinid\" \/>\n<meta property=\"og:description\" content=\"[vc_row el_class=&#8220;terms-row&#8220;][vc_column][vc_column_text css=&#8220;&#8220;] G\u00fcltigkeit des Kaufvertrags, Produkt- und Preisinformationen Die Verkaufsbedingungen gelten f\u00fcr den Kauf von Waren im Online-Shop. Die Preise der im Online-Shop verkauften Produkte sind neben den Produkten angegeben. Zu den Preisen kommt eine Geb\u00fchr f\u00fcr den Versand hinzu. Die H\u00f6he der Versandkosten h\u00e4ngt vom Standort des K\u00e4ufers und der Versandart ab. Die [&hellip;]\" \/>\n<meta property=\"og:url\" content=\"https:\/\/norvita.eu\/de\/agb\/\" \/>\n<meta property=\"og:site_name\" content=\"Norvita sprei- ja geelvitamiinid\" \/>\n<meta property=\"article:publisher\" content=\"https:\/\/www.facebook.com\/norvitasupplements\" \/>\n<meta property=\"article:modified_time\" content=\"2024-11-05T20:21:33+00:00\" \/>\n<meta property=\"og:image\" content=\"https:\/\/norvita.eu\/wp-content\/uploads\/2022\/10\/NorVita-og-min.jpg\" \/>\n\t<meta property=\"og:image:width\" content=\"1247\" \/>\n\t<meta property=\"og:image:height\" content=\"661\" \/>\n\t<meta property=\"og:image:type\" content=\"image\/jpeg\" \/>\n<meta name=\"twitter:card\" content=\"summary_large_image\" \/>\n<script type=\"application\/ld+json\" class=\"yoast-schema-graph\">{\"@context\":\"https:\/\/schema.org\",\"@graph\":[{\"@type\":\"WebPage\",\"@id\":\"https:\/\/norvita.eu\/de\/agb\/\",\"url\":\"https:\/\/norvita.eu\/de\/agb\/\",\"name\":\"AGB | Norvita sprei- ja geelvitamiinid\",\"isPartOf\":{\"@id\":\"https:\/\/norvita.eu\/de\/#website\"},\"datePublished\":\"2022-07-21T07:27:28+00:00\",\"dateModified\":\"2024-11-05T20:21:33+00:00\",\"breadcrumb\":{\"@id\":\"https:\/\/norvita.eu\/de\/agb\/#breadcrumb\"},\"inLanguage\":\"de\",\"potentialAction\":[{\"@type\":\"ReadAction\",\"target\":[\"https:\/\/norvita.eu\/de\/agb\/\"]}]},{\"@type\":\"BreadcrumbList\",\"@id\":\"https:\/\/norvita.eu\/de\/agb\/#breadcrumb\",\"itemListElement\":[{\"@type\":\"ListItem\",\"position\":1,\"name\":\"Home\",\"item\":\"https:\/\/norvita.eu\/de\/\"},{\"@type\":\"ListItem\",\"position\":2,\"name\":\"AGB\"}]},{\"@type\":\"WebSite\",\"@id\":\"https:\/\/norvita.eu\/de\/#website\",\"url\":\"https:\/\/norvita.eu\/de\/\",\"name\":\"Norvita sprei- ja geelvitamiinid\",\"description\":\"Sprei vitamiinid ja toidulisandid\",\"publisher\":{\"@id\":\"https:\/\/norvita.eu\/de\/#organization\"},\"potentialAction\":[{\"@type\":\"SearchAction\",\"target\":{\"@type\":\"EntryPoint\",\"urlTemplate\":\"https:\/\/norvita.eu\/de\/?s={search_term_string}\"},\"query-input\":{\"@type\":\"PropertyValueSpecification\",\"valueRequired\":true,\"valueName\":\"search_term_string\"}}],\"inLanguage\":\"de\"},{\"@type\":\"Organization\",\"@id\":\"https:\/\/norvita.eu\/de\/#organization\",\"name\":\"NorVita\",\"url\":\"https:\/\/norvita.eu\/de\/\",\"logo\":{\"@type\":\"ImageObject\",\"inLanguage\":\"de\",\"@id\":\"https:\/\/norvita.eu\/de\/#\/schema\/logo\/image\/\",\"url\":\"https:\/\/norvita.eu\/wp-content\/uploads\/2022\/07\/NorVita.svg\",\"contentUrl\":\"https:\/\/norvita.eu\/wp-content\/uploads\/2022\/07\/NorVita.svg\",\"width\":96,\"height\":26,\"caption\":\"NorVita\"},\"image\":{\"@id\":\"https:\/\/norvita.eu\/de\/#\/schema\/logo\/image\/\"},\"sameAs\":[\"https:\/\/www.facebook.com\/norvitasupplements\",\"https:\/\/www.instagram.com\/norvita_supplements\/\"]}]}<\/script>\n<!-- \/ Yoast SEO plugin. -->","yoast_head_json":{"title":"AGB | Norvita sprei- ja geelvitamiinid","robots":{"index":"noindex","follow":"nofollow"},"og_locale":"de_DE","og_type":"article","og_title":"AGB | Norvita sprei- ja geelvitamiinid","og_description":"[vc_row el_class=&#8220;terms-row&#8220;][vc_column][vc_column_text css=&#8220;&#8220;] G\u00fcltigkeit des Kaufvertrags, Produkt- und Preisinformationen Die Verkaufsbedingungen gelten f\u00fcr den Kauf von Waren im Online-Shop. Die Preise der im Online-Shop verkauften Produkte sind neben den Produkten angegeben. Zu den Preisen kommt eine Geb\u00fchr f\u00fcr den Versand hinzu. Die H\u00f6he der Versandkosten h\u00e4ngt vom Standort des K\u00e4ufers und der Versandart ab. Die [&hellip;]","og_url":"https:\/\/norvita.eu\/de\/agb\/","og_site_name":"Norvita sprei- ja geelvitamiinid","article_publisher":"https:\/\/www.facebook.com\/norvitasupplements","article_modified_time":"2024-11-05T20:21:33+00:00","og_image":[{"width":1247,"height":661,"url":"https:\/\/norvita.eu\/wp-content\/uploads\/2022\/10\/NorVita-og-min.jpg","type":"image\/jpeg"}],"twitter_card":"summary_large_image","schema":{"@context":"https:\/\/schema.org","@graph":[{"@type":"WebPage","@id":"https:\/\/norvita.eu\/de\/agb\/","url":"https:\/\/norvita.eu\/de\/agb\/","name":"AGB | Norvita sprei- ja geelvitamiinid","isPartOf":{"@id":"https:\/\/norvita.eu\/de\/#website"},"datePublished":"2022-07-21T07:27:28+00:00","dateModified":"2024-11-05T20:21:33+00:00","breadcrumb":{"@id":"https:\/\/norvita.eu\/de\/agb\/#breadcrumb"},"inLanguage":"de","potentialAction":[{"@type":"ReadAction","target":["https:\/\/norvita.eu\/de\/agb\/"]}]},{"@type":"BreadcrumbList","@id":"https:\/\/norvita.eu\/de\/agb\/#breadcrumb","itemListElement":[{"@type":"ListItem","position":1,"name":"Home","item":"https:\/\/norvita.eu\/de\/"},{"@type":"ListItem","position":2,"name":"AGB"}]},{"@type":"WebSite","@id":"https:\/\/norvita.eu\/de\/#website","url":"https:\/\/norvita.eu\/de\/","name":"Norvita sprei- ja geelvitamiinid","description":"Sprei vitamiinid ja toidulisandid","publisher":{"@id":"https:\/\/norvita.eu\/de\/#organization"},"potentialAction":[{"@type":"SearchAction","target":{"@type":"EntryPoint","urlTemplate":"https:\/\/norvita.eu\/de\/?s={search_term_string}"},"query-input":{"@type":"PropertyValueSpecification","valueRequired":true,"valueName":"search_term_string"}}],"inLanguage":"de"},{"@type":"Organization","@id":"https:\/\/norvita.eu\/de\/#organization","name":"NorVita","url":"https:\/\/norvita.eu\/de\/","logo":{"@type":"ImageObject","inLanguage":"de","@id":"https:\/\/norvita.eu\/de\/#\/schema\/logo\/image\/","url":"https:\/\/norvita.eu\/wp-content\/uploads\/2022\/07\/NorVita.svg","contentUrl":"https:\/\/norvita.eu\/wp-content\/uploads\/2022\/07\/NorVita.svg","width":96,"height":26,"caption":"NorVita"},"image":{"@id":"https:\/\/norvita.eu\/de\/#\/schema\/logo\/image\/"},"sameAs":["https:\/\/www.facebook.com\/norvitasupplements","https:\/\/www.instagram.com\/norvita_supplements\/"]}]}},"_links":{"self":[{"href":"https:\/\/norvita.eu\/de\/wp-json\/wp\/v2\/pages\/4764","targetHints":{"allow":["GET"]}}],"collection":[{"href":"https:\/\/norvita.eu\/de\/wp-json\/wp\/v2\/pages"}],"about":[{"href":"https:\/\/norvita.eu\/de\/wp-json\/wp\/v2\/types\/page"}],"author":[{"embeddable":true,"href":"https:\/\/norvita.eu\/de\/wp-json\/wp\/v2\/users\/1"}],"replies":[{"embeddable":true,"href":"https:\/\/norvita.eu\/de\/wp-json\/wp\/v2\/comments?post=4764"}],"version-history":[{"count":2,"href":"https:\/\/norvita.eu\/de\/wp-json\/wp\/v2\/pages\/4764\/revisions"}],"predecessor-version":[{"id":9948,"href":"https:\/\/norvita.eu\/de\/wp-json\/wp\/v2\/pages\/4764\/revisions\/9948"}],"wp:attachment":[{"href":"https:\/\/norvita.eu\/de\/wp-json\/wp\/v2\/media?parent=4764"}],"curies":[{"name":"wp","href":"https:\/\/api.w.org\/{rel}","templated":true}]}}