{"id":4763,"date":"2022-07-21T07:27:11","date_gmt":"2022-07-21T07:27:11","guid":{"rendered":"https:\/\/norvita.eu\/questions-and-answers\/"},"modified":"2024-11-05T22:23:23","modified_gmt":"2024-11-05T20:23:23","slug":"fragen-und-antworten","status":"publish","type":"page","link":"https:\/\/norvita.eu\/de\/fragen-und-antworten\/","title":{"rendered":"Fragen und Antworten"},"content":{"rendered":"<div class=\"wpb-content-wrapper\"><p>[vc_row el_class=&#8220;add-padding faq-wrapper&#8220;][vc_column][vc_column_text css=&#8220;&#8220; el_class=&#8220;title-center kkk-title&#8220;]<\/p>\n<h1>Fragen und Antworten<\/h1>\n<p>[\/vc_column_text][vc_accordion active_tab=&#8220;1&#8243; title=&#8220;Teema&#8220;][vc_accordion_tab title=&#8220;Warum sollten Sie sich f\u00fcr NorVita-Produkte entscheiden?&#8220; tab_id=&#8220;1659691283-1-87&#8243;][vc_column_text]NorVita-Produkte werden mit einer innovativen Technologie hergestellt, die die Effizienz der Vitaminaufnahme verbessert. Sie sind schmackhaft, bequem in der Anwendung und werden in Estland hergestellt. Wir verwenden f\u00fcr unsere Produkte nur reine und hochwertige Rohstoffe, um die besten Ergebnisse zu erzielen. Unsere Produkte sind f\u00fcr Menschen gedacht, die ihre Gesundheit nicht nur durch Ern\u00e4hrung und Bewegung, sondern auch durch Nahrungserg\u00e4nzungsmittel zur Vorbeugung von Gesundheitsproblemen verbessern wollen.[\/vc_column_text][\/vc_accordion_tab][vc_accordion_tab title=&#8220;F\u00fcr wen sind die Produkte geeignet?&#8220; tab_id=&#8220;1659691283-1-87&#8243;][vc_column_text]Das Besondere an den Spr\u00fchvitaminen ist, dass sie f\u00fcr jedermann geeignet sind und vor allem f\u00fcr Kinder und \u00e4ltere Menschen, die Schwierigkeiten beim Schlucken von Tabletten oder Kapseln haben, bequem zu verwenden sind. Unsere Produkte sind auch f\u00fcr schwangere Frauen geeignet. Es ist jedoch gut zu wissen, dass unsere Produkte ab einem Alter von 3 Jahren empfohlen werden, da wir zum Schutz der Z\u00e4hne den S\u00fc\u00dfstoff Steviolglykosid, d.h. einen aus Steviabl\u00e4ttern gewonnenen S\u00fc\u00dfstoff, anstelle von Zucker verwenden.[\/vc_column_text][\/vc_accordion_tab][vc_accordion_tab title=&#8220;Sind NorVita-Produkte vegan?&#8220; tab_id=&#8220;1659691283-1-87&#8243;][vc_column_text]Die meisten Produkte von NorVita sind vegan und haben daher auch das Zertifikat der Vegan Society erhalten. Veganes Vitamin D3 4000IU, Vitamin D3 400IU f\u00fcr Kinder und Vitamin C+D liposomales Gel sind keine Ausnahmen, da Vitamin D meist aus Lebensmitteln tierischen Ursprungs gewonnen wird. Wir haben jedoch ein orales Vitamin-D-Spray speziell f\u00fcr Veganer entwickelt &#8211; Vegan D3 Spray-Vitamin wird aus Flechten gewonnen und ist f\u00fcr jeden geeignet, der aus irgendeinem Grund Lebensmittel und N\u00e4hrstoffe tierischen Ursprungs vermeiden m\u00f6chte.[\/vc_column_text][\/vc_accordion_tab][vc_accordion_tab title=&#8220;Was ist zu tun, wenn der Produktzerst\u00e4uber nicht richtig funktioniert?&#8220; tab_id=&#8220;1659691283-1-87&#8243;][vc_column_text]Es kann tats\u00e4chlich vorkommen, dass das Produkt nach ein paar Anwendungen nicht mehr wirkt und der Spr\u00fcher verstopft ist. Zum Gl\u00fcck ist die L\u00f6sung einfach. Im Falle einer Verstopfung sp\u00fclen Sie die Spr\u00fchd\u00fcse einfach unter warmem Wasser ab. Wenn Sie feststellen, dass der Spr\u00fcher nach dem Sp\u00fclen unter Wasser immer noch nicht funktioniert, wenden Sie sich an info@norvita.eu und wir werden sicher gemeinsam die beste L\u00f6sung finden.[\/vc_column_text][\/vc_accordion_tab][vc_accordion_tab title=&#8220;Wie schnell kann ich die Bestellung erhalten?&#8220; tab_id=&#8220;1659691283-1-87&#8243;][vc_column_text]Wir versenden die Ware innerhalb von 1-2 Werktagen, und dann m\u00fcssen Sie nur noch auf die Nachricht warten, dass das Paket bei einem Paketautomaten Ihrer Wahl angekommen ist.[\/vc_column_text][\/vc_accordion_tab][vc_accordion_tab title=&#8220;Wie hoch sind die Kosten f\u00fcr den Versand\/Transport?&#8220; tab_id=&#8220;1659691283-1-87&#8243;][vc_column_text]Der Transport zum Paketautomaten kostet 2,90 \u20ac. Kostenlose Lieferung innerhalb Estlands bei Bestellungen ab 35 \u20ac und innerhalb Europas bei Bestellungen ab 70 \u20ac.[\/vc_column_text][\/vc_accordion_tab][vc_accordion_tab title=&#8220;Kann ich die Bestellung im E-Store selbst abholen?&#8220; tab_id=&#8220;1659691283-1-87&#8243;][vc_column_text]Leider haben wir derzeit nicht die M\u00f6glichkeit, E-Store-Bestellungen selbst abzuholen. Wir entwickeln jedoch unser Produktions- und Servicekonzept st\u00e4ndig weiter. Sollten wir diesen Service in Zukunft anbieten k\u00f6nnen, werden wir die Liste der M\u00f6glichkeiten zur Selbstabholung Ihrer Bestellung um die entsprechende Option erweitern.[\/vc_column_text][\/vc_accordion_tab][vc_accordion_tab title=&#8220;Die Verpackung oder der Inhalt meiner bestellten Produkte ist zerbrochen oder besch\u00e4digt, was soll ich tun?&#8220; tab_id=&#8220;1659691283-1-87&#8243;][vc_column_text]Wir helfen Ihnen gerne weiter! Kontaktieren Sie uns unter <a href=\"mailto:info@norvita.eu\">info@norvita.eu<\/a>, schildern Sie uns Ihr Problem und wir werden gemeinsam die beste L\u00f6sung f\u00fcr Sie finden.[\/vc_column_text][\/vc_accordion_tab][\/vc_accordion][\/vc_column][\/vc_row]<\/p>\n<\/div>","protected":false},"excerpt":{"rendered":"<p>[vc_row el_class=&#8220;add-padding faq-wrapper&#8220;][vc_column][vc_column_text css=&#8220;&#8220; el_class=&#8220;title-center kkk-title&#8220;] Fragen und Antworten [\/vc_column_text][vc_accordion active_tab=&#8220;1&#8243; title=&#8220;Teema&#8220;][vc_accordion_tab title=&#8220;Warum sollten Sie sich f\u00fcr NorVita-Produkte entscheiden?&#8220; tab_id=&#8220;1659691283-1-87&#8243;][vc_column_text]NorVita-Produkte werden mit einer innovativen Technologie hergestellt, die die Effizienz der Vitaminaufnahme verbessert. Sie sind schmackhaft, bequem in der Anwendung und werden in Estland hergestellt. Wir verwenden f\u00fcr unsere Produkte nur reine und hochwertige Rohstoffe, um [&hellip;]<\/p>\n","protected":false},"author":1,"featured_media":4554,"parent":0,"menu_order":0,"comment_status":"closed","ping_status":"closed","template":"","meta":{"_acf_changed":false,"inline_featured_image":false,"footnotes":""},"class_list":["post-4763","page","type-page","status-publish","has-post-thumbnail","hentry"],"acf":[],"yoast_head":"<!-- This site is optimized with the Yoast SEO plugin v27.2 - https:\/\/yoast.com\/product\/yoast-seo-wordpress\/ -->\n<title>Fragen und Antworten | Norvita sprei- ja geelvitamiinid<\/title>\n<meta name=\"description\" content=\"Warum sollten Sie sich f\u00fcr NorVita-Produkte entscheiden? NorVita-Produkte werden mit einer innovativen Technologie hergestellt, die die Effizienz der Vitaminaufnahme verbessert.\" \/>\n<meta name=\"robots\" content=\"index, follow, max-snippet:-1, max-image-preview:large, max-video-preview:-1\" \/>\n<link rel=\"canonical\" href=\"https:\/\/norvita.eu\/de\/fragen-und-antworten\/\" \/>\n<meta property=\"og:locale\" content=\"de_DE\" \/>\n<meta property=\"og:type\" content=\"article\" \/>\n<meta property=\"og:title\" content=\"Fragen und Antworten | Norvita sprei- ja geelvitamiinid\" \/>\n<meta property=\"og:description\" content=\"Warum sollten Sie sich f\u00fcr NorVita-Produkte entscheiden? NorVita-Produkte werden mit einer innovativen Technologie hergestellt, die die Effizienz der Vitaminaufnahme verbessert.\" \/>\n<meta property=\"og:url\" content=\"https:\/\/norvita.eu\/de\/fragen-und-antworten\/\" \/>\n<meta property=\"og:site_name\" content=\"Norvita sprei- ja geelvitamiinid\" \/>\n<meta property=\"article:publisher\" content=\"https:\/\/www.facebook.com\/norvitasupplements\" \/>\n<meta property=\"article:modified_time\" content=\"2024-11-05T20:23:23+00:00\" \/>\n<meta property=\"og:image\" content=\"https:\/\/norvita.eu\/wp-content\/uploads\/2022\/09\/Mis-on-sprei-ja-liposoomsed-vitamiinid.jpg\" \/>\n\t<meta property=\"og:image:width\" content=\"2048\" \/>\n\t<meta property=\"og:image:height\" content=\"1247\" \/>\n\t<meta property=\"og:image:type\" content=\"image\/jpeg\" \/>\n<meta name=\"twitter:card\" content=\"summary_large_image\" \/>\n<meta name=\"twitter:label1\" content=\"Gesch\u00e4tzte Lesezeit\" \/>\n\t<meta name=\"twitter:data1\" content=\"3\u00a0Minuten\" \/>\n<script type=\"application\/ld+json\" class=\"yoast-schema-graph\">{\"@context\":\"https:\/\/schema.org\",\"@graph\":[{\"@type\":\"WebPage\",\"@id\":\"https:\/\/norvita.eu\/de\/fragen-und-antworten\/\",\"url\":\"https:\/\/norvita.eu\/de\/fragen-und-antworten\/\",\"name\":\"Fragen und Antworten | Norvita sprei- ja geelvitamiinid\",\"isPartOf\":{\"@id\":\"https:\/\/norvita.eu\/de\/#website\"},\"primaryImageOfPage\":{\"@id\":\"https:\/\/norvita.eu\/de\/fragen-und-antworten\/#primaryimage\"},\"image\":{\"@id\":\"https:\/\/norvita.eu\/de\/fragen-und-antworten\/#primaryimage\"},\"thumbnailUrl\":\"https:\/\/norvita.eu\/wp-content\/uploads\/2022\/09\/Mis-on-sprei-ja-liposoomsed-vitamiinid.jpg\",\"datePublished\":\"2022-07-21T07:27:11+00:00\",\"dateModified\":\"2024-11-05T20:23:23+00:00\",\"description\":\"Warum sollten Sie sich f\u00fcr NorVita-Produkte entscheiden? NorVita-Produkte werden mit einer innovativen Technologie hergestellt, die die Effizienz der Vitaminaufnahme verbessert.\",\"breadcrumb\":{\"@id\":\"https:\/\/norvita.eu\/de\/fragen-und-antworten\/#breadcrumb\"},\"inLanguage\":\"de\",\"potentialAction\":[{\"@type\":\"ReadAction\",\"target\":[\"https:\/\/norvita.eu\/de\/fragen-und-antworten\/\"]}]},{\"@type\":\"ImageObject\",\"inLanguage\":\"de\",\"@id\":\"https:\/\/norvita.eu\/de\/fragen-und-antworten\/#primaryimage\",\"url\":\"https:\/\/norvita.eu\/wp-content\/uploads\/2022\/09\/Mis-on-sprei-ja-liposoomsed-vitamiinid.jpg\",\"contentUrl\":\"https:\/\/norvita.eu\/wp-content\/uploads\/2022\/09\/Mis-on-sprei-ja-liposoomsed-vitamiinid.jpg\",\"width\":2048,\"height\":1247},{\"@type\":\"BreadcrumbList\",\"@id\":\"https:\/\/norvita.eu\/de\/fragen-und-antworten\/#breadcrumb\",\"itemListElement\":[{\"@type\":\"ListItem\",\"position\":1,\"name\":\"Home\",\"item\":\"https:\/\/norvita.eu\/de\/\"},{\"@type\":\"ListItem\",\"position\":2,\"name\":\"Fragen und Antworten\"}]},{\"@type\":\"WebSite\",\"@id\":\"https:\/\/norvita.eu\/de\/#website\",\"url\":\"https:\/\/norvita.eu\/de\/\",\"name\":\"Norvita sprei- ja geelvitamiinid\",\"description\":\"Sprei vitamiinid ja toidulisandid\",\"publisher\":{\"@id\":\"https:\/\/norvita.eu\/de\/#organization\"},\"potentialAction\":[{\"@type\":\"SearchAction\",\"target\":{\"@type\":\"EntryPoint\",\"urlTemplate\":\"https:\/\/norvita.eu\/de\/?s={search_term_string}\"},\"query-input\":{\"@type\":\"PropertyValueSpecification\",\"valueRequired\":true,\"valueName\":\"search_term_string\"}}],\"inLanguage\":\"de\"},{\"@type\":\"Organization\",\"@id\":\"https:\/\/norvita.eu\/de\/#organization\",\"name\":\"NorVita\",\"url\":\"https:\/\/norvita.eu\/de\/\",\"logo\":{\"@type\":\"ImageObject\",\"inLanguage\":\"de\",\"@id\":\"https:\/\/norvita.eu\/de\/#\/schema\/logo\/image\/\",\"url\":\"https:\/\/norvita.eu\/wp-content\/uploads\/2022\/07\/NorVita.svg\",\"contentUrl\":\"https:\/\/norvita.eu\/wp-content\/uploads\/2022\/07\/NorVita.svg\",\"width\":96,\"height\":26,\"caption\":\"NorVita\"},\"image\":{\"@id\":\"https:\/\/norvita.eu\/de\/#\/schema\/logo\/image\/\"},\"sameAs\":[\"https:\/\/www.facebook.com\/norvitasupplements\",\"https:\/\/www.instagram.com\/norvita_supplements\/\"]}]}<\/script>\n<!-- \/ Yoast SEO plugin. -->","yoast_head_json":{"title":"Fragen und Antworten | Norvita sprei- ja geelvitamiinid","description":"Warum sollten Sie sich f\u00fcr NorVita-Produkte entscheiden? NorVita-Produkte werden mit einer innovativen Technologie hergestellt, die die Effizienz der Vitaminaufnahme verbessert.","robots":{"index":"index","follow":"follow","max-snippet":"max-snippet:-1","max-image-preview":"max-image-preview:large","max-video-preview":"max-video-preview:-1"},"canonical":"https:\/\/norvita.eu\/de\/fragen-und-antworten\/","og_locale":"de_DE","og_type":"article","og_title":"Fragen und Antworten | Norvita sprei- ja geelvitamiinid","og_description":"Warum sollten Sie sich f\u00fcr NorVita-Produkte entscheiden? NorVita-Produkte werden mit einer innovativen Technologie hergestellt, die die Effizienz der Vitaminaufnahme verbessert.","og_url":"https:\/\/norvita.eu\/de\/fragen-und-antworten\/","og_site_name":"Norvita sprei- ja geelvitamiinid","article_publisher":"https:\/\/www.facebook.com\/norvitasupplements","article_modified_time":"2024-11-05T20:23:23+00:00","og_image":[{"width":2048,"height":1247,"url":"https:\/\/norvita.eu\/wp-content\/uploads\/2022\/09\/Mis-on-sprei-ja-liposoomsed-vitamiinid.jpg","type":"image\/jpeg"}],"twitter_card":"summary_large_image","twitter_misc":{"Gesch\u00e4tzte Lesezeit":"3\u00a0Minuten"},"schema":{"@context":"https:\/\/schema.org","@graph":[{"@type":"WebPage","@id":"https:\/\/norvita.eu\/de\/fragen-und-antworten\/","url":"https:\/\/norvita.eu\/de\/fragen-und-antworten\/","name":"Fragen und Antworten | Norvita sprei- ja geelvitamiinid","isPartOf":{"@id":"https:\/\/norvita.eu\/de\/#website"},"primaryImageOfPage":{"@id":"https:\/\/norvita.eu\/de\/fragen-und-antworten\/#primaryimage"},"image":{"@id":"https:\/\/norvita.eu\/de\/fragen-und-antworten\/#primaryimage"},"thumbnailUrl":"https:\/\/norvita.eu\/wp-content\/uploads\/2022\/09\/Mis-on-sprei-ja-liposoomsed-vitamiinid.jpg","datePublished":"2022-07-21T07:27:11+00:00","dateModified":"2024-11-05T20:23:23+00:00","description":"Warum sollten Sie sich f\u00fcr NorVita-Produkte entscheiden? NorVita-Produkte werden mit einer innovativen Technologie hergestellt, die die Effizienz der Vitaminaufnahme verbessert.","breadcrumb":{"@id":"https:\/\/norvita.eu\/de\/fragen-und-antworten\/#breadcrumb"},"inLanguage":"de","potentialAction":[{"@type":"ReadAction","target":["https:\/\/norvita.eu\/de\/fragen-und-antworten\/"]}]},{"@type":"ImageObject","inLanguage":"de","@id":"https:\/\/norvita.eu\/de\/fragen-und-antworten\/#primaryimage","url":"https:\/\/norvita.eu\/wp-content\/uploads\/2022\/09\/Mis-on-sprei-ja-liposoomsed-vitamiinid.jpg","contentUrl":"https:\/\/norvita.eu\/wp-content\/uploads\/2022\/09\/Mis-on-sprei-ja-liposoomsed-vitamiinid.jpg","width":2048,"height":1247},{"@type":"BreadcrumbList","@id":"https:\/\/norvita.eu\/de\/fragen-und-antworten\/#breadcrumb","itemListElement":[{"@type":"ListItem","position":1,"name":"Home","item":"https:\/\/norvita.eu\/de\/"},{"@type":"ListItem","position":2,"name":"Fragen und Antworten"}]},{"@type":"WebSite","@id":"https:\/\/norvita.eu\/de\/#website","url":"https:\/\/norvita.eu\/de\/","name":"Norvita sprei- ja geelvitamiinid","description":"Sprei vitamiinid ja toidulisandid","publisher":{"@id":"https:\/\/norvita.eu\/de\/#organization"},"potentialAction":[{"@type":"SearchAction","target":{"@type":"EntryPoint","urlTemplate":"https:\/\/norvita.eu\/de\/?s={search_term_string}"},"query-input":{"@type":"PropertyValueSpecification","valueRequired":true,"valueName":"search_term_string"}}],"inLanguage":"de"},{"@type":"Organization","@id":"https:\/\/norvita.eu\/de\/#organization","name":"NorVita","url":"https:\/\/norvita.eu\/de\/","logo":{"@type":"ImageObject","inLanguage":"de","@id":"https:\/\/norvita.eu\/de\/#\/schema\/logo\/image\/","url":"https:\/\/norvita.eu\/wp-content\/uploads\/2022\/07\/NorVita.svg","contentUrl":"https:\/\/norvita.eu\/wp-content\/uploads\/2022\/07\/NorVita.svg","width":96,"height":26,"caption":"NorVita"},"image":{"@id":"https:\/\/norvita.eu\/de\/#\/schema\/logo\/image\/"},"sameAs":["https:\/\/www.facebook.com\/norvitasupplements","https:\/\/www.instagram.com\/norvita_supplements\/"]}]}},"_links":{"self":[{"href":"https:\/\/norvita.eu\/de\/wp-json\/wp\/v2\/pages\/4763","targetHints":{"allow":["GET"]}}],"collection":[{"href":"https:\/\/norvita.eu\/de\/wp-json\/wp\/v2\/pages"}],"about":[{"href":"https:\/\/norvita.eu\/de\/wp-json\/wp\/v2\/types\/page"}],"author":[{"embeddable":true,"href":"https:\/\/norvita.eu\/de\/wp-json\/wp\/v2\/users\/1"}],"replies":[{"embeddable":true,"href":"https:\/\/norvita.eu\/de\/wp-json\/wp\/v2\/comments?post=4763"}],"version-history":[{"count":4,"href":"https:\/\/norvita.eu\/de\/wp-json\/wp\/v2\/pages\/4763\/revisions"}],"predecessor-version":[{"id":9949,"href":"https:\/\/norvita.eu\/de\/wp-json\/wp\/v2\/pages\/4763\/revisions\/9949"}],"wp:featuredmedia":[{"embeddable":true,"href":"https:\/\/norvita.eu\/de\/wp-json\/wp\/v2\/media\/4554"}],"wp:attachment":[{"href":"https:\/\/norvita.eu\/de\/wp-json\/wp\/v2\/media?parent=4763"}],"curies":[{"name":"wp","href":"https:\/\/api.w.org\/{rel}","templated":true}]}}