{"id":4762,"date":"2022-07-21T07:27:44","date_gmt":"2022-07-21T07:27:44","guid":{"rendered":"https:\/\/norvita.eu\/privacy-policy\/"},"modified":"2024-11-05T22:14:50","modified_gmt":"2024-11-05T20:14:50","slug":"datenschutz","status":"publish","type":"page","link":"https:\/\/norvita.eu\/de\/datenschutz\/","title":{"rendered":"Datenschutz"},"content":{"rendered":"<div class=\"wpb-content-wrapper\"><p>[vc_row][vc_column][vc_column_text][\/vc_column_text][\/vc_column][\/vc_row][vc_row el_class=&#8220;terms-row&#8220;][vc_column][vc_column_text css=&#8220;&#8220;]<\/p>\n<h1>Datenschutzpolitik<\/h1>\n<p>Nordic Vitamins O\u00dc hat sich verpflichtet, die Privatsph\u00e4re seiner Kunden zu sch\u00fctzen, und wir best\u00e4tigen, dass die Aktivit\u00e4ten des Unternehmens im Internet in \u00dcbereinstimmung mit allen relevanten Aktivit\u00e4ten und der einschl\u00e4gigen Gesetzgebung der Europ\u00e4ischen Union und den Gesetzen der Republik Estland erfolgen.<\/p>\n<h3>Direktmarketing und Verarbeitung von personenbezogenen Daten<\/h3>\n<p>Der Online-Shop verwendet die vom K\u00e4ufer eingegebenen pers\u00f6nlichen Daten (einschlie\u00dflich Name, Telefonnummer, Adresse, E-Mail und Bankverbindung) nur f\u00fcr die Bearbeitung der Bestellung und den Versand der Waren an den K\u00e4ufer.<\/p>\n<p>Der Online-Shop ist f\u00fcr die Verarbeitung der personenbezogenen Daten verantwortlich und leitet die personenbezogenen Daten an Maksekeskus AS, den Auftragsverarbeiter, weiter, um die Zahlungen durchzuf\u00fchren.<\/p>\n<p>Der Onlineshop leitet personenbezogene Daten an den Transportdienstleister weiter, um die Ware auszuliefern.<\/p>\n<p>Der Online-Shop sendet Newsletter und Angebote nur dann an die E-Mail-Adresse des K\u00e4ufers, wenn dieser durch Eingabe seiner E-Mail-Adresse auf der Website und Angabe seines Wunsches, Direktwerbung zu erhalten, seinen Wunsch ge\u00e4u\u00dfert hat. Der K\u00e4ufer kann die Zusendung von Angeboten und Newslettern an seine E-Mail-Adresse jederzeit abbestellen, indem er uns dies per E-Mail mitteilt oder indem er die Anweisungen in einer E-Mail mit einem Angebot befolgt.[\/vc_column_text][\/vc_column][\/vc_row][vc_row][vc_column][vc_column_text][\/vc_column_text][\/vc_column][\/vc_row]<\/p>\n<\/div>","protected":false},"excerpt":{"rendered":"<p>[vc_row][vc_column][vc_column_text][\/vc_column_text][\/vc_column][\/vc_row][vc_row el_class=&#8220;terms-row&#8220;][vc_column][vc_column_text css=&#8220;&#8220;] Datenschutzpolitik Nordic Vitamins O\u00dc hat sich verpflichtet, die Privatsph\u00e4re seiner Kunden zu sch\u00fctzen, und wir best\u00e4tigen, dass die Aktivit\u00e4ten des Unternehmens im Internet in \u00dcbereinstimmung mit allen relevanten Aktivit\u00e4ten und der einschl\u00e4gigen Gesetzgebung der Europ\u00e4ischen Union und den Gesetzen der Republik Estland erfolgen. Direktmarketing und Verarbeitung von personenbezogenen Daten Der Online-Shop verwendet [&hellip;]<\/p>\n","protected":false},"author":1,"featured_media":0,"parent":0,"menu_order":0,"comment_status":"closed","ping_status":"closed","template":"","meta":{"_acf_changed":false,"inline_featured_image":false,"footnotes":""},"class_list":["post-4762","page","type-page","status-publish","hentry"],"acf":[],"yoast_head":"<!-- This site is optimized with the Yoast SEO plugin v27.2 - https:\/\/yoast.com\/product\/yoast-seo-wordpress\/ -->\n<title>Datenschutz | Norvita sprei- ja geelvitamiinid<\/title>\n<meta name=\"description\" content=\"Nordic Vitamins O\u00dc hat sich verpflichtet, die Privatsph\u00e4re seiner Kunden zu sch\u00fctzen, und wir best\u00e4tigen, dass die Aktivit\u00e4ten des Unternehmens im Internet in \u00dcbereinstimmung mit allen relevanten Aktivit\u00e4ten und der einschl\u00e4gigen Gesetzgebung der Europ\u00e4ischen Union und den Gesetzen der Republik Estland erfolgen.\" \/>\n<meta name=\"robots\" content=\"noindex, nofollow\" \/>\n<meta property=\"og:locale\" content=\"de_DE\" \/>\n<meta property=\"og:type\" content=\"article\" \/>\n<meta property=\"og:title\" content=\"Datenschutz | Norvita sprei- ja geelvitamiinid\" \/>\n<meta property=\"og:description\" content=\"Nordic Vitamins O\u00dc hat sich verpflichtet, die Privatsph\u00e4re seiner Kunden zu sch\u00fctzen, und wir best\u00e4tigen, dass die Aktivit\u00e4ten des Unternehmens im Internet in \u00dcbereinstimmung mit allen relevanten Aktivit\u00e4ten und der einschl\u00e4gigen Gesetzgebung der Europ\u00e4ischen Union und den Gesetzen der Republik Estland erfolgen.\" \/>\n<meta property=\"og:url\" content=\"https:\/\/norvita.eu\/de\/datenschutz\/\" \/>\n<meta property=\"og:site_name\" content=\"Norvita sprei- ja geelvitamiinid\" \/>\n<meta property=\"article:publisher\" content=\"https:\/\/www.facebook.com\/norvitasupplements\" \/>\n<meta property=\"article:modified_time\" content=\"2024-11-05T20:14:50+00:00\" \/>\n<meta property=\"og:image\" content=\"https:\/\/norvita.eu\/wp-content\/uploads\/2022\/10\/NorVita-og-min.jpg\" \/>\n\t<meta property=\"og:image:width\" content=\"1247\" \/>\n\t<meta property=\"og:image:height\" content=\"661\" \/>\n\t<meta property=\"og:image:type\" content=\"image\/jpeg\" \/>\n<meta name=\"twitter:card\" content=\"summary_large_image\" \/>\n<meta name=\"twitter:label1\" content=\"Gesch\u00e4tzte Lesezeit\" \/>\n\t<meta name=\"twitter:data1\" content=\"2\u00a0Minuten\" \/>\n<script type=\"application\/ld+json\" class=\"yoast-schema-graph\">{\"@context\":\"https:\/\/schema.org\",\"@graph\":[{\"@type\":\"WebPage\",\"@id\":\"https:\/\/norvita.eu\/de\/datenschutz\/\",\"url\":\"https:\/\/norvita.eu\/de\/datenschutz\/\",\"name\":\"Datenschutz | Norvita sprei- ja geelvitamiinid\",\"isPartOf\":{\"@id\":\"https:\/\/norvita.eu\/de\/#website\"},\"datePublished\":\"2022-07-21T07:27:44+00:00\",\"dateModified\":\"2024-11-05T20:14:50+00:00\",\"description\":\"Nordic Vitamins O\u00dc hat sich verpflichtet, die Privatsph\u00e4re seiner Kunden zu sch\u00fctzen, und wir best\u00e4tigen, dass die Aktivit\u00e4ten des Unternehmens im Internet in \u00dcbereinstimmung mit allen relevanten Aktivit\u00e4ten und der einschl\u00e4gigen Gesetzgebung der Europ\u00e4ischen Union und den Gesetzen der Republik Estland erfolgen.\",\"breadcrumb\":{\"@id\":\"https:\/\/norvita.eu\/de\/datenschutz\/#breadcrumb\"},\"inLanguage\":\"de\",\"potentialAction\":[{\"@type\":\"ReadAction\",\"target\":[\"https:\/\/norvita.eu\/de\/datenschutz\/\"]}]},{\"@type\":\"BreadcrumbList\",\"@id\":\"https:\/\/norvita.eu\/de\/datenschutz\/#breadcrumb\",\"itemListElement\":[{\"@type\":\"ListItem\",\"position\":1,\"name\":\"Home\",\"item\":\"https:\/\/norvita.eu\/de\/\"},{\"@type\":\"ListItem\",\"position\":2,\"name\":\"Datenschutz\"}]},{\"@type\":\"WebSite\",\"@id\":\"https:\/\/norvita.eu\/de\/#website\",\"url\":\"https:\/\/norvita.eu\/de\/\",\"name\":\"Norvita sprei- ja geelvitamiinid\",\"description\":\"Sprei vitamiinid ja toidulisandid\",\"publisher\":{\"@id\":\"https:\/\/norvita.eu\/de\/#organization\"},\"potentialAction\":[{\"@type\":\"SearchAction\",\"target\":{\"@type\":\"EntryPoint\",\"urlTemplate\":\"https:\/\/norvita.eu\/de\/?s={search_term_string}\"},\"query-input\":{\"@type\":\"PropertyValueSpecification\",\"valueRequired\":true,\"valueName\":\"search_term_string\"}}],\"inLanguage\":\"de\"},{\"@type\":\"Organization\",\"@id\":\"https:\/\/norvita.eu\/de\/#organization\",\"name\":\"NorVita\",\"url\":\"https:\/\/norvita.eu\/de\/\",\"logo\":{\"@type\":\"ImageObject\",\"inLanguage\":\"de\",\"@id\":\"https:\/\/norvita.eu\/de\/#\/schema\/logo\/image\/\",\"url\":\"https:\/\/norvita.eu\/wp-content\/uploads\/2022\/07\/NorVita.svg\",\"contentUrl\":\"https:\/\/norvita.eu\/wp-content\/uploads\/2022\/07\/NorVita.svg\",\"width\":96,\"height\":26,\"caption\":\"NorVita\"},\"image\":{\"@id\":\"https:\/\/norvita.eu\/de\/#\/schema\/logo\/image\/\"},\"sameAs\":[\"https:\/\/www.facebook.com\/norvitasupplements\",\"https:\/\/www.instagram.com\/norvita_supplements\/\"]}]}<\/script>\n<!-- \/ Yoast SEO plugin. -->","yoast_head_json":{"title":"Datenschutz | Norvita sprei- ja geelvitamiinid","description":"Nordic Vitamins O\u00dc hat sich verpflichtet, die Privatsph\u00e4re seiner Kunden zu sch\u00fctzen, und wir best\u00e4tigen, dass die Aktivit\u00e4ten des Unternehmens im Internet in \u00dcbereinstimmung mit allen relevanten Aktivit\u00e4ten und der einschl\u00e4gigen Gesetzgebung der Europ\u00e4ischen Union und den Gesetzen der Republik Estland erfolgen.","robots":{"index":"noindex","follow":"nofollow"},"og_locale":"de_DE","og_type":"article","og_title":"Datenschutz | Norvita sprei- ja geelvitamiinid","og_description":"Nordic Vitamins O\u00dc hat sich verpflichtet, die Privatsph\u00e4re seiner Kunden zu sch\u00fctzen, und wir best\u00e4tigen, dass die Aktivit\u00e4ten des Unternehmens im Internet in \u00dcbereinstimmung mit allen relevanten Aktivit\u00e4ten und der einschl\u00e4gigen Gesetzgebung der Europ\u00e4ischen Union und den Gesetzen der Republik Estland erfolgen.","og_url":"https:\/\/norvita.eu\/de\/datenschutz\/","og_site_name":"Norvita sprei- ja geelvitamiinid","article_publisher":"https:\/\/www.facebook.com\/norvitasupplements","article_modified_time":"2024-11-05T20:14:50+00:00","og_image":[{"width":1247,"height":661,"url":"https:\/\/norvita.eu\/wp-content\/uploads\/2022\/10\/NorVita-og-min.jpg","type":"image\/jpeg"}],"twitter_card":"summary_large_image","twitter_misc":{"Gesch\u00e4tzte Lesezeit":"2\u00a0Minuten"},"schema":{"@context":"https:\/\/schema.org","@graph":[{"@type":"WebPage","@id":"https:\/\/norvita.eu\/de\/datenschutz\/","url":"https:\/\/norvita.eu\/de\/datenschutz\/","name":"Datenschutz | Norvita sprei- ja geelvitamiinid","isPartOf":{"@id":"https:\/\/norvita.eu\/de\/#website"},"datePublished":"2022-07-21T07:27:44+00:00","dateModified":"2024-11-05T20:14:50+00:00","description":"Nordic Vitamins O\u00dc hat sich verpflichtet, die Privatsph\u00e4re seiner Kunden zu sch\u00fctzen, und wir best\u00e4tigen, dass die Aktivit\u00e4ten des Unternehmens im Internet in \u00dcbereinstimmung mit allen relevanten Aktivit\u00e4ten und der einschl\u00e4gigen Gesetzgebung der Europ\u00e4ischen Union und den Gesetzen der Republik Estland erfolgen.","breadcrumb":{"@id":"https:\/\/norvita.eu\/de\/datenschutz\/#breadcrumb"},"inLanguage":"de","potentialAction":[{"@type":"ReadAction","target":["https:\/\/norvita.eu\/de\/datenschutz\/"]}]},{"@type":"BreadcrumbList","@id":"https:\/\/norvita.eu\/de\/datenschutz\/#breadcrumb","itemListElement":[{"@type":"ListItem","position":1,"name":"Home","item":"https:\/\/norvita.eu\/de\/"},{"@type":"ListItem","position":2,"name":"Datenschutz"}]},{"@type":"WebSite","@id":"https:\/\/norvita.eu\/de\/#website","url":"https:\/\/norvita.eu\/de\/","name":"Norvita sprei- ja geelvitamiinid","description":"Sprei vitamiinid ja toidulisandid","publisher":{"@id":"https:\/\/norvita.eu\/de\/#organization"},"potentialAction":[{"@type":"SearchAction","target":{"@type":"EntryPoint","urlTemplate":"https:\/\/norvita.eu\/de\/?s={search_term_string}"},"query-input":{"@type":"PropertyValueSpecification","valueRequired":true,"valueName":"search_term_string"}}],"inLanguage":"de"},{"@type":"Organization","@id":"https:\/\/norvita.eu\/de\/#organization","name":"NorVita","url":"https:\/\/norvita.eu\/de\/","logo":{"@type":"ImageObject","inLanguage":"de","@id":"https:\/\/norvita.eu\/de\/#\/schema\/logo\/image\/","url":"https:\/\/norvita.eu\/wp-content\/uploads\/2022\/07\/NorVita.svg","contentUrl":"https:\/\/norvita.eu\/wp-content\/uploads\/2022\/07\/NorVita.svg","width":96,"height":26,"caption":"NorVita"},"image":{"@id":"https:\/\/norvita.eu\/de\/#\/schema\/logo\/image\/"},"sameAs":["https:\/\/www.facebook.com\/norvitasupplements","https:\/\/www.instagram.com\/norvita_supplements\/"]}]}},"_links":{"self":[{"href":"https:\/\/norvita.eu\/de\/wp-json\/wp\/v2\/pages\/4762","targetHints":{"allow":["GET"]}}],"collection":[{"href":"https:\/\/norvita.eu\/de\/wp-json\/wp\/v2\/pages"}],"about":[{"href":"https:\/\/norvita.eu\/de\/wp-json\/wp\/v2\/types\/page"}],"author":[{"embeddable":true,"href":"https:\/\/norvita.eu\/de\/wp-json\/wp\/v2\/users\/1"}],"replies":[{"embeddable":true,"href":"https:\/\/norvita.eu\/de\/wp-json\/wp\/v2\/comments?post=4762"}],"version-history":[{"count":3,"href":"https:\/\/norvita.eu\/de\/wp-json\/wp\/v2\/pages\/4762\/revisions"}],"predecessor-version":[{"id":9945,"href":"https:\/\/norvita.eu\/de\/wp-json\/wp\/v2\/pages\/4762\/revisions\/9945"}],"wp:attachment":[{"href":"https:\/\/norvita.eu\/de\/wp-json\/wp\/v2\/media?parent=4762"}],"curies":[{"name":"wp","href":"https:\/\/api.w.org\/{rel}","templated":true}]}}