{"id":4696,"date":"2022-08-03T12:29:46","date_gmt":"2022-08-03T12:29:46","guid":{"rendered":"https:\/\/norvita.eu\/recycling\/"},"modified":"2024-10-16T22:30:24","modified_gmt":"2024-10-16T19:30:24","slug":"recycling","status":"publish","type":"page","link":"https:\/\/norvita.eu\/de\/recycling\/","title":{"rendered":"Recycling"},"content":{"rendered":"<div class=\"wpb-content-wrapper\"><p>[vc_row full_width=&#8220;stretch_row&#8220; css=&#8220;.vc_custom_1660057988038{background-image: url(https:\/\/norvita.eu\/wp-content\/uploads\/2022\/08\/Taara-tagastus.jpg?id=730) !important;background-position: center !important;background-repeat: no-repeat !important;background-size: cover !important;}&#8220; el_class=&#8220;banner-row mobile-yellow&#8220;][vc_column][vc_column_text css_animation=&#8220;bottom-to-top&#8220; css=&#8220;&#8220; el_class=&#8220;banner-content mw-450&#8243;]<\/p>\n<h1>R\u00fccksendung des Pakets -15%.<br \/>\nWie?<\/h1>\n<p>Wir alle sind ein Teil der Natur. Da unsere Produkte nat\u00fcrliche, reine und hochwertige Rohstoffe enthalten und wir uns bei ihrer Entwicklung von der Natur inspirieren lassen, \u00fcbernehmen wir auch zu 100 % die Verantwortung f\u00fcr die Erhaltung der Natur. Wir sind uns bewusst, dass wir einen \u00f6kologischen Fu\u00dfabdruck haben, und unser Ziel ist es, diesen so klein wie m\u00f6glich zu halten und unsere Produkte so umweltfreundlich wie m\u00f6glich zu gestalten.[\/vc_column_text][\/vc_column][\/vc_row][vc_row el_class=&#8220;full-yellow padding-top mobile-white&#8220;][vc_column el_class=&#8220;row-revesed&#8220;][vc_column_text css_animation=&#8220;bottom-to-top&#8220; el_class=&#8220;title-center&#8220;]<\/p>\n<h2>Lassen Sie uns gemeinsam die Umwelt sch\u00fctzen?<\/h2>\n<p>Ihr Beitrag ist einfach! Geben Sie Ihre leere NorVita-Spray- oder Gel-Vitaminflasche an uns zur\u00fcck. Wir sammeln den anfallenden Kunststoff und f\u00fchren ihn dem Recycling zu. Wir bedanken uns f\u00fcr Ihre kleine gute Tat bei einem neuen Einkauf mit einem Rabattcode. Es ist m\u00f6glich, alle Kunststoffverpackungen zur\u00fcckzugeben. Eine ausf\u00fchrliche Anleitung f\u00fcr die R\u00fcckgabe von Flaschen finden Sie, wenn Sie nach unten scrollen.[\/vc_column_text][vc_single_image image=&#8220;734&#8243; img_size=&#8220;full&#8220; alignment=&#8220;center&#8220; el_class=&#8220;mobile-cover-image&#8220;][\/vc_column][\/vc_row][vc_row el_class=&#8220;full-yellow padding-bottom mobile-white&#8220;][vc_column][vc_row_inner el_class=&#8220;flex-items&#8220;][vc_column_inner el_class=&#8220;flex-mobile-padding&#8220;][vc_column_text el_class=&#8220;flex-item&#8220;]<span class=\"topnumber\">1.<\/span><\/p>\n<h3>Kaufen Sie ein Produkt und erhalten Sie 15% Rabatt<\/h3>\n<p>Kaufen Sie ein Produkt in unserem Webstore mit dem Code ENVIRONMENT und erhalten Sie 15% Rabatt. F\u00fcgen Sie den Rabattcode im Warenkorb ein, bevor Sie die Zahlung vornehmen, und schon ist Ihr verg\u00fcnstigtes NorVita-Goodie-Paket auf dem Weg zu Ihnen.[\/vc_column_text][vc_column_text el_class=&#8220;flex-item&#8220;]<span class=\"topnumber\">2.<\/span><\/p>\n<h3>R\u00fcckgabe der Verpackung nach Gebrauch<\/h3>\n<p>Nehmen Sie das Produkt aus dem Paketautomaten und bewahren Sie den Code des Automaten auf, mit dem Sie das Paket erhalten haben. Wenn das Produkt benutzt wurde und Sie die Verpackung zur\u00fcckgeben m\u00f6chten, starten Sie einen neuen RETURN-Vorgang im Paketautomaten. Geben Sie denselben Code ein, den Sie auf dem Paket erhalten haben, und schicken Sie Ihre Tara auf den Weg. Mach dir keine Sorgen! Das geht auf uns. Vergewissern Sie sich nur, dass sich die Tara in einem Papierkarton, einem Umschlag oder sogar einer gebrauchten Plastikt\u00fcte befindet. Sie k\u00f6nnen das Paket auch \u00fcber den wei\u00dfen Paketautomaten von Itella zur\u00fcckschicken. Bestellen Sie hier einen neuen T\u00fcrcode: <a href=\"https:\/\/my.smartpost.ee\/return_parcel\/\" target=\"_blank\" rel=\"noopener\">https:\/\/my.smartpost.ee\/return_parcel\/<\/a>[\/vc_column_text][vc_column_text el_class=&#8220;flex-item&#8220;]<span class=\"topnumber\">3.<\/span><\/p>\n<h3>Rette die Natur und trage zu einer saubereren Umwelt bei<\/h3>\n<p>Wir sammeln den von Ihnen gesendeten Kunststoff und f\u00fchren ihn dem Recycling zu. Genie\u00dfen Sie ein ges\u00fcnderes Leben dank Vitaminen zu einem guten Preis und seien Sie stolz auf Ihren Beitrag zu einer saubereren Umwelt![\/vc_column_text][\/vc_column_inner][\/vc_row_inner][\/vc_column][\/vc_row][vc_row el_class=&#8220;content-row&#8220;][vc_column width=&#8220;1\/2&#8243;][vc_single_image image=&#8220;732&#8243; img_size=&#8220;full&#8220;][\/vc_column][vc_column width=&#8220;1\/2&#8243;][vc_column_text css_animation=&#8220;bottom-to-top&#8220; el_class=&#8220;main_content toggle-col&#8220;]<\/p>\n<h2>Was machen wir mit Ihren zur\u00fcckgegebenen Plastikflaschen?<\/h2>\n<p>Erstens: Wenn Sie bereits bei Schritt drei angelangt sind, dann ist das gut so! Das zeigt, dass Ihnen die Natur ebenso am Herzen liegt wie die Gesundheit von Ihnen und Ihren Lieben. Und nur damit Sie es wissen: Wir schicken den von Ihnen eingesandten Kunststoff zur Wiederaufbereitung an das Estnische Verpackungsrecyclingzentrum.<\/p>\n<p>Wir entwickeln unsere Verfahren jedoch st\u00e4ndig weiter und hoffen, in Zukunft einen festen Kooperationspartner zu finden, mit dem wir eine nachhaltige und umweltfreundliche L\u00f6sung f\u00fcr die Verarbeitung von Verpackungen entwickeln k\u00f6nnen. Wir werden Sie informieren, wenn es soweit ist. Bleiben Sie dran![\/vc_column_text][\/vc_column][\/vc_row][vc_row full_width=&#8220;stretch_row_content&#8220; css=&#8220;.vc_custom_1658931556488{background-image: url(https:\/\/norvita.eu\/wp-content\/uploads\/2022\/07\/NorVita-bg-cover.jpg?id=297) !important;background-position: center !important;background-repeat: no-repeat !important;background-size: cover !important;}&#8220; el_class=&#8220;bg-cover with-content&#8220;][vc_column][vc_column_text el_class=&#8220;centered-content&#8220;]<\/p>\n<h2>Ver\u00e4nderung kommt nicht von allein. Testen Sie unsere Produkte und spr\u00fchen Sie neue Energie in Ihrem Leben<\/h2>\n<p><a class=\"main-btn\" href=\"\/en\/shop\">Unsere produkte<\/a><br \/>\nIhre Gesundheit ist uns wichtig[\/vc_column_text][\/vc_column][\/vc_row]<\/p>\n<\/div>","protected":false},"excerpt":{"rendered":"<p>[vc_row full_width=&#8220;stretch_row&#8220; css=&#8220;.vc_custom_1660057988038{background-image: url(https:\/\/norvita.eu\/wp-content\/uploads\/2022\/08\/Taara-tagastus.jpg?id=730) !important;background-position: center !important;background-repeat: no-repeat !important;background-size: cover !important;}&#8220; el_class=&#8220;banner-row mobile-yellow&#8220;][vc_column][vc_column_text css_animation=&#8220;bottom-to-top&#8220; css=&#8220;&#8220; el_class=&#8220;banner-content mw-450&#8243;] R\u00fccksendung des Pakets -15%. Wie? Wir alle sind ein Teil der Natur. Da unsere Produkte nat\u00fcrliche, reine und hochwertige Rohstoffe enthalten und wir uns bei ihrer Entwicklung von der Natur inspirieren lassen, \u00fcbernehmen wir auch zu 100 % [&hellip;]<\/p>\n","protected":false},"author":1,"featured_media":4192,"parent":0,"menu_order":0,"comment_status":"closed","ping_status":"closed","template":"","meta":{"_acf_changed":false,"inline_featured_image":false,"footnotes":""},"class_list":["post-4696","page","type-page","status-publish","has-post-thumbnail","hentry"],"acf":[],"yoast_head":"<!-- This site is optimized with the Yoast SEO plugin v27.2 - https:\/\/yoast.com\/product\/yoast-seo-wordpress\/ -->\n<title>Recycling | Norvita sprei- ja geelvitamiinid<\/title>\n<meta name=\"description\" content=\"Entdecken Sie unsere Recycling-Seite, um zu erfahren, wie NorVita umweltfreundliche Praktiken unterst\u00fctzt.\" \/>\n<meta name=\"robots\" content=\"index, follow, max-snippet:-1, max-image-preview:large, max-video-preview:-1\" \/>\n<link rel=\"canonical\" href=\"https:\/\/norvita.eu\/de\/recycling\/\" \/>\n<meta property=\"og:locale\" content=\"de_DE\" \/>\n<meta property=\"og:type\" content=\"article\" \/>\n<meta property=\"og:title\" content=\"Recycling | Norvita sprei- ja geelvitamiinid\" \/>\n<meta property=\"og:description\" content=\"Entdecken Sie unsere Recycling-Seite, um zu erfahren, wie NorVita umweltfreundliche Praktiken unterst\u00fctzt.\" \/>\n<meta property=\"og:url\" content=\"https:\/\/norvita.eu\/de\/recycling\/\" \/>\n<meta property=\"og:site_name\" content=\"Norvita sprei- ja geelvitamiinid\" \/>\n<meta property=\"article:publisher\" content=\"https:\/\/www.facebook.com\/norvitasupplements\" \/>\n<meta property=\"article:modified_time\" content=\"2024-10-16T19:30:24+00:00\" \/>\n<meta property=\"og:image\" content=\"https:\/\/norvita.eu\/wp-content\/uploads\/2022\/08\/NorVita-taara-tagastus.jpg\" \/>\n\t<meta property=\"og:image:width\" content=\"1968\" \/>\n\t<meta property=\"og:image:height\" content=\"721\" \/>\n\t<meta property=\"og:image:type\" content=\"image\/jpeg\" \/>\n<meta name=\"twitter:card\" content=\"summary_large_image\" \/>\n<script type=\"application\/ld+json\" class=\"yoast-schema-graph\">{\"@context\":\"https:\/\/schema.org\",\"@graph\":[{\"@type\":\"WebPage\",\"@id\":\"https:\/\/norvita.eu\/de\/recycling\/\",\"url\":\"https:\/\/norvita.eu\/de\/recycling\/\",\"name\":\"Recycling | Norvita sprei- ja geelvitamiinid\",\"isPartOf\":{\"@id\":\"https:\/\/norvita.eu\/de\/#website\"},\"primaryImageOfPage\":{\"@id\":\"https:\/\/norvita.eu\/de\/recycling\/#primaryimage\"},\"image\":{\"@id\":\"https:\/\/norvita.eu\/de\/recycling\/#primaryimage\"},\"thumbnailUrl\":\"https:\/\/norvita.eu\/wp-content\/uploads\/2022\/08\/NorVita-taara-tagastus.jpg\",\"datePublished\":\"2022-08-03T12:29:46+00:00\",\"dateModified\":\"2024-10-16T19:30:24+00:00\",\"description\":\"Entdecken Sie unsere Recycling-Seite, um zu erfahren, wie NorVita umweltfreundliche Praktiken unterst\u00fctzt.\",\"breadcrumb\":{\"@id\":\"https:\/\/norvita.eu\/de\/recycling\/#breadcrumb\"},\"inLanguage\":\"de\",\"potentialAction\":[{\"@type\":\"ReadAction\",\"target\":[\"https:\/\/norvita.eu\/de\/recycling\/\"]}]},{\"@type\":\"ImageObject\",\"inLanguage\":\"de\",\"@id\":\"https:\/\/norvita.eu\/de\/recycling\/#primaryimage\",\"url\":\"https:\/\/norvita.eu\/wp-content\/uploads\/2022\/08\/NorVita-taara-tagastus.jpg\",\"contentUrl\":\"https:\/\/norvita.eu\/wp-content\/uploads\/2022\/08\/NorVita-taara-tagastus.jpg\",\"width\":1968,\"height\":721},{\"@type\":\"BreadcrumbList\",\"@id\":\"https:\/\/norvita.eu\/de\/recycling\/#breadcrumb\",\"itemListElement\":[{\"@type\":\"ListItem\",\"position\":1,\"name\":\"Home\",\"item\":\"https:\/\/norvita.eu\/de\/\"},{\"@type\":\"ListItem\",\"position\":2,\"name\":\"Recycling\"}]},{\"@type\":\"WebSite\",\"@id\":\"https:\/\/norvita.eu\/de\/#website\",\"url\":\"https:\/\/norvita.eu\/de\/\",\"name\":\"Norvita sprei- ja geelvitamiinid\",\"description\":\"Sprei vitamiinid ja toidulisandid\",\"publisher\":{\"@id\":\"https:\/\/norvita.eu\/de\/#organization\"},\"potentialAction\":[{\"@type\":\"SearchAction\",\"target\":{\"@type\":\"EntryPoint\",\"urlTemplate\":\"https:\/\/norvita.eu\/de\/?s={search_term_string}\"},\"query-input\":{\"@type\":\"PropertyValueSpecification\",\"valueRequired\":true,\"valueName\":\"search_term_string\"}}],\"inLanguage\":\"de\"},{\"@type\":\"Organization\",\"@id\":\"https:\/\/norvita.eu\/de\/#organization\",\"name\":\"NorVita\",\"url\":\"https:\/\/norvita.eu\/de\/\",\"logo\":{\"@type\":\"ImageObject\",\"inLanguage\":\"de\",\"@id\":\"https:\/\/norvita.eu\/de\/#\/schema\/logo\/image\/\",\"url\":\"https:\/\/norvita.eu\/wp-content\/uploads\/2022\/07\/NorVita.svg\",\"contentUrl\":\"https:\/\/norvita.eu\/wp-content\/uploads\/2022\/07\/NorVita.svg\",\"width\":96,\"height\":26,\"caption\":\"NorVita\"},\"image\":{\"@id\":\"https:\/\/norvita.eu\/de\/#\/schema\/logo\/image\/\"},\"sameAs\":[\"https:\/\/www.facebook.com\/norvitasupplements\",\"https:\/\/www.instagram.com\/norvita_supplements\/\"]}]}<\/script>\n<!-- \/ Yoast SEO plugin. -->","yoast_head_json":{"title":"Recycling | Norvita sprei- ja geelvitamiinid","description":"Entdecken Sie unsere Recycling-Seite, um zu erfahren, wie NorVita umweltfreundliche Praktiken unterst\u00fctzt.","robots":{"index":"index","follow":"follow","max-snippet":"max-snippet:-1","max-image-preview":"max-image-preview:large","max-video-preview":"max-video-preview:-1"},"canonical":"https:\/\/norvita.eu\/de\/recycling\/","og_locale":"de_DE","og_type":"article","og_title":"Recycling | Norvita sprei- ja geelvitamiinid","og_description":"Entdecken Sie unsere Recycling-Seite, um zu erfahren, wie NorVita umweltfreundliche Praktiken unterst\u00fctzt.","og_url":"https:\/\/norvita.eu\/de\/recycling\/","og_site_name":"Norvita sprei- ja geelvitamiinid","article_publisher":"https:\/\/www.facebook.com\/norvitasupplements","article_modified_time":"2024-10-16T19:30:24+00:00","og_image":[{"width":1968,"height":721,"url":"https:\/\/norvita.eu\/wp-content\/uploads\/2022\/08\/NorVita-taara-tagastus.jpg","type":"image\/jpeg"}],"twitter_card":"summary_large_image","schema":{"@context":"https:\/\/schema.org","@graph":[{"@type":"WebPage","@id":"https:\/\/norvita.eu\/de\/recycling\/","url":"https:\/\/norvita.eu\/de\/recycling\/","name":"Recycling | Norvita sprei- ja geelvitamiinid","isPartOf":{"@id":"https:\/\/norvita.eu\/de\/#website"},"primaryImageOfPage":{"@id":"https:\/\/norvita.eu\/de\/recycling\/#primaryimage"},"image":{"@id":"https:\/\/norvita.eu\/de\/recycling\/#primaryimage"},"thumbnailUrl":"https:\/\/norvita.eu\/wp-content\/uploads\/2022\/08\/NorVita-taara-tagastus.jpg","datePublished":"2022-08-03T12:29:46+00:00","dateModified":"2024-10-16T19:30:24+00:00","description":"Entdecken Sie unsere Recycling-Seite, um zu erfahren, wie NorVita umweltfreundliche Praktiken unterst\u00fctzt.","breadcrumb":{"@id":"https:\/\/norvita.eu\/de\/recycling\/#breadcrumb"},"inLanguage":"de","potentialAction":[{"@type":"ReadAction","target":["https:\/\/norvita.eu\/de\/recycling\/"]}]},{"@type":"ImageObject","inLanguage":"de","@id":"https:\/\/norvita.eu\/de\/recycling\/#primaryimage","url":"https:\/\/norvita.eu\/wp-content\/uploads\/2022\/08\/NorVita-taara-tagastus.jpg","contentUrl":"https:\/\/norvita.eu\/wp-content\/uploads\/2022\/08\/NorVita-taara-tagastus.jpg","width":1968,"height":721},{"@type":"BreadcrumbList","@id":"https:\/\/norvita.eu\/de\/recycling\/#breadcrumb","itemListElement":[{"@type":"ListItem","position":1,"name":"Home","item":"https:\/\/norvita.eu\/de\/"},{"@type":"ListItem","position":2,"name":"Recycling"}]},{"@type":"WebSite","@id":"https:\/\/norvita.eu\/de\/#website","url":"https:\/\/norvita.eu\/de\/","name":"Norvita sprei- ja geelvitamiinid","description":"Sprei vitamiinid ja toidulisandid","publisher":{"@id":"https:\/\/norvita.eu\/de\/#organization"},"potentialAction":[{"@type":"SearchAction","target":{"@type":"EntryPoint","urlTemplate":"https:\/\/norvita.eu\/de\/?s={search_term_string}"},"query-input":{"@type":"PropertyValueSpecification","valueRequired":true,"valueName":"search_term_string"}}],"inLanguage":"de"},{"@type":"Organization","@id":"https:\/\/norvita.eu\/de\/#organization","name":"NorVita","url":"https:\/\/norvita.eu\/de\/","logo":{"@type":"ImageObject","inLanguage":"de","@id":"https:\/\/norvita.eu\/de\/#\/schema\/logo\/image\/","url":"https:\/\/norvita.eu\/wp-content\/uploads\/2022\/07\/NorVita.svg","contentUrl":"https:\/\/norvita.eu\/wp-content\/uploads\/2022\/07\/NorVita.svg","width":96,"height":26,"caption":"NorVita"},"image":{"@id":"https:\/\/norvita.eu\/de\/#\/schema\/logo\/image\/"},"sameAs":["https:\/\/www.facebook.com\/norvitasupplements","https:\/\/www.instagram.com\/norvita_supplements\/"]}]}},"_links":{"self":[{"href":"https:\/\/norvita.eu\/de\/wp-json\/wp\/v2\/pages\/4696","targetHints":{"allow":["GET"]}}],"collection":[{"href":"https:\/\/norvita.eu\/de\/wp-json\/wp\/v2\/pages"}],"about":[{"href":"https:\/\/norvita.eu\/de\/wp-json\/wp\/v2\/types\/page"}],"author":[{"embeddable":true,"href":"https:\/\/norvita.eu\/de\/wp-json\/wp\/v2\/users\/1"}],"replies":[{"embeddable":true,"href":"https:\/\/norvita.eu\/de\/wp-json\/wp\/v2\/comments?post=4696"}],"version-history":[{"count":13,"href":"https:\/\/norvita.eu\/de\/wp-json\/wp\/v2\/pages\/4696\/revisions"}],"predecessor-version":[{"id":9740,"href":"https:\/\/norvita.eu\/de\/wp-json\/wp\/v2\/pages\/4696\/revisions\/9740"}],"wp:featuredmedia":[{"embeddable":true,"href":"https:\/\/norvita.eu\/de\/wp-json\/wp\/v2\/media\/4192"}],"wp:attachment":[{"href":"https:\/\/norvita.eu\/de\/wp-json\/wp\/v2\/media?parent=4696"}],"curies":[{"name":"wp","href":"https:\/\/api.w.org\/{rel}","templated":true}]}}