{"id":4695,"date":"2022-07-20T12:51:49","date_gmt":"2022-07-20T12:51:49","guid":{"rendered":"https:\/\/norvita.eu\/experience\/"},"modified":"2024-10-16T22:29:15","modified_gmt":"2024-10-16T19:29:15","slug":"erfahrung","status":"publish","type":"page","link":"https:\/\/norvita.eu\/de\/erfahrung\/","title":{"rendered":"Erfahrung"},"content":{"rendered":"<div class=\"wpb-content-wrapper\"><p>[vc_row full_width=&#8220;stretch_row&#8220; css=&#8220;.vc_custom_1660057925642{background-image: url(https:\/\/norvita.eu\/wp-content\/uploads\/2022\/08\/NorVita-kogemus.jpg?id=613) !important;background-position: center !important;background-repeat: no-repeat !important;background-size: cover !important;}&#8220; el_class=&#8220;banner-row mobile-yellow&#8220;][vc_column][vc_column_text css_animation=&#8220;bottom-to-top&#8220; css=&#8220;&#8220; el_class=&#8220;banner-content banner-white&#8220;]<\/p>\n<h1>\u00dcber 40 Jahre Erfahrung<\/h1>\n<p>[\/vc_column_text][\/vc_column][\/vc_row][vc_row el_class=&#8220;content-row&#8220;][vc_column width=&#8220;1\/2&#8243;][vc_empty_space height=&#8220;100px&#8220;][vc_video link=&#8220;https:\/\/youtu.be\/_WOsusb_sa8&#8243;][\/vc_column][vc_column width=&#8220;1\/2&#8243;][vc_column_text css_animation=&#8220;bottom-to-top&#8220; el_class=&#8220;main_content&#8220;]<\/p>\n<h2>Die Produkte von NorVita basieren auf Wissenschaft und Technologie<\/h2>\n<p>Viele unserer Produkte wurden entwickelt, indem wir den W\u00fcnschen und Bed\u00fcrfnissen der Kunden zuh\u00f6rten oder ein Brainstorming mit dem Vertriebspartner durchf\u00fchrten. Nach einer Beschreibung und Analyse der Idee beginnt in unserem Team die praktische Produktentwicklungsarbeit, die die Suche nach der umweltfreundlichsten Flasche, hochwertigen Rohstoffen und die Kombination und Pr\u00fcfung dieser Rohstoffe umfasst, bis ein hochwertiges Ergebnis entsteht, das auch f\u00fcr den Kunden handlich ist. Auch die rechtliche und regulatorische Arbeit ist ein wichtiger Teil der Produktentwicklung. Die Gesetzgebung der einzelnen L\u00e4nder ist sehr unterschiedlich, und deshalb m\u00fcssen wir sorgf\u00e4ltig darauf achten, dass das entwickelte Produkt auch auf dem Zielmarkt verkauft werden kann. Aus demselben Grund kann die Entwicklung eines Produkts zeitlich sehr unterschiedlich verlaufen. Wenn es sich zum Beispiel um eine einfache Produkt\u00e4nderung handelt, ist der Prozess in h\u00f6chstens ein paar Monaten abgeschlossen. Handelt es sich jedoch um ein v\u00f6llig neues Produkt, so kann dies mehrere Jahre dauern.[\/vc_column_text][\/vc_column][\/vc_row][vc_row el_class=&#8220;content-row&#8220;][vc_column][vc_column_text el_class=&#8220;title-center mobile-center&#8220;]<\/p>\n<h2>Qualifications<\/h2>\n<p>[\/vc_column_text][vc_row_inner el_class=&#8220;qualifications-row&#8220;][vc_column_inner el_class=&#8220;qualifications-col&#8220; width=&#8220;1\/3&#8243;][vc_single_image image=&#8220;6033&#8243; img_size=&#8220;180&#215;90&#8243; alignment=&#8220;center&#8220; el_class=&#8220;qualifications-col&#8220;][vc_column_text el_class=&#8220;qualifications-col&#8220;]<\/p>\n<h3>ISO 22000:2018<\/h3>\n<p>Bureau Veritas Certification bescheinigt, dass das Managementsystem unseres Unternehmens gepr\u00fcft wurde und den Anforderungen der Managementsystem-Norm entspricht.[\/vc_column_text][\/vc_column_inner][vc_column_inner el_class=&#8220;qualifications-col&#8220; width=&#8220;1\/3&#8243;][vc_single_image image=&#8220;6113&#8243; img_size=&#8220;100&#215;100&#8243; alignment=&#8220;center&#8220; el_class=&#8220;qualifications-col&#8220;][vc_column_text css=&#8220;&#8220; el_class=&#8220;qualifications-col&#8220;]<\/p>\n<h3>ISO 13485:2016<\/h3>\n<p>DNV zertifiziert, dass das Managementsystem unseres Unternehmens (Mediflow O\u00dc) der Qualit\u00e4tsmanagementsystem-Norm f\u00fcr die Auftragsfertigung von fl\u00fcssigen Medizinprodukten entspricht.[\/vc_column_text][\/vc_column_inner][vc_column_inner el_class=&#8220;qualifications-col&#8220; width=&#8220;1\/3&#8243;][vc_single_image image=&#8220;635&#8243; img_size=&#8220;full&#8220; alignment=&#8220;center&#8220;][vc_column_text]<\/p>\n<h3>Das Vegan Trademark<\/h3>\n<p>Ein von der Internationalen Veganen Gesellschaft ausgestelltes Zertifikat, das beweist, dass f\u00fcr unsere Produkte keine tierischen Rohstoffe verwendet werden[\/vc_column_text][\/vc_column_inner][\/vc_row_inner][vc_row_inner el_class=&#8220;qualifications-row&#8220;][vc_column_inner el_class=&#8220;qualifications-col&#8220; width=&#8220;1\/3&#8243;][vc_single_image image=&#8220;639&#8243; img_size=&#8220;full&#8220; alignment=&#8220;center&#8220;][vc_column_text]<\/p>\n<h3>HACCP<\/h3>\n<p>Zertifizierte Produktion, die alle Qualit\u00e4tsanforderungen der Europ\u00e4ischen Union erf\u00fcllt[\/vc_column_text][\/vc_column_inner][vc_column_inner el_class=&#8220;qualifications-col&#8220; width=&#8220;1\/3&#8243;][vc_single_image image=&#8220;637&#8243; img_size=&#8220;full&#8220; alignment=&#8220;center&#8220;][vc_column_text]<\/p>\n<h3>Gepr\u00fcft durch die FDA<\/h3>\n<p>Unsere Herstellung und Produkte sind f\u00fcr die Lieferung in die Vereinigten Staaten zugelassen[\/vc_column_text][\/vc_column_inner][\/vc_row_inner][\/vc_column][\/vc_row][vc_row full_width=&#8220;stretch_row_content&#8220; el_class=&#8220;full-yellow process-row&#8220;][vc_column][vc_column_text el_class=&#8220;title-center&#8220;]<\/p>\n<h2>PRODUKTIONSPHASEN<\/h2>\n<p>[\/vc_column_text][vc_row_inner][vc_column_inner el_class=&#8220;process-flex&#8220;][vc_column_text el_class=&#8220;process-col&#8220;]<span class=\"topnumber\">1.<\/span><\/p>\n<h2>Idee<\/h2>\n<p>Alles beginnt mit einer Idee. Der Input unserer Kunden ist f\u00fcr uns sehr wichtig. Bei der Entwicklung unserer Produkte orientieren wir uns oft an den Bed\u00fcrfnissen unserer Kunden. Wir h\u00f6ren auch auf die Visionen unserer Vertriebsh\u00e4ndler, die eine langj\u00e4hrige Erfahrung damit haben, wie das ideale Produkt aussehen k\u00f6nnte, und die w\u00e4hrend der Brainstorming-Sitzung alle Ideen auf den Tisch legen.[\/vc_column_text][vc_column_text el_class=&#8220;process-col&#8220;]<span class=\"topnumber\">2.<\/span><\/p>\n<h2>Produktentwicklung<\/h2>\n<p>In dieser Phase fangen wir an, die guten von den schlechten Ideen zu trennen und nur mit den Ideen fortzufahren, die tats\u00e4chlich machbar sind. Wir f\u00fchren umfangreiche Untersuchungen durch, um die beste Produktversion zu ermitteln, und dies ist eine Phase, die in manchen F\u00e4llen Jahre dauern kann. Langsam und beharrlich gewinnt das Rennen![\/vc_column_text][vc_column_text el_class=&#8220;process-col&#8220;]<span class=\"topnumber\">3.<\/span><\/p>\n<h2>Produktion<\/h2>\n<p>Unsere Produktion ist in der Regel dreidimensional. Zun\u00e4chst mischen wir die von uns entwickelte Rezeptur und die entsprechende Vitaminmischung nach der entwickelten Technologie. Dann f\u00fcllen wir die Mischung in geeignete Flaschen ab. Schlie\u00dflich wird das abgef\u00fcllte Produkt etikettiert und in Kartons und Schachteln verpackt. Schlie\u00dflich ist das Vitaminspray fertig f\u00fcr den Versand.[\/vc_column_text][vc_column_text el_class=&#8220;process-col&#8220;]<span class=\"topnumber\">4.<\/span><\/p>\n<h2>Logistik<\/h2>\n<p>Die verpackten Spr\u00fchvitamine werden vom Werk aus an die Vertriebsh\u00e4ndler in Estland sowie in verschiedene L\u00e4nder der Welt versandt. Hier spielt eine gut geplante Logistik eine wichtige Rolle &#8211; es muss sichergestellt werden, dass die Waren zum richtigen Zeitpunkt und auf die richtige Weise verschickt werden, damit die Kunden das Produkt ohne Komplikationen erhalten. Die gr\u00f6\u00dfte (aber l\u00f6sbare) Herausforderung ist dabei der Wechsel der Jahreszeiten und die unterschiedlichen Temperaturbedingungen w\u00e4hrend langer Lieferketten.[\/vc_column_text][vc_column_text el_class=&#8220;process-col&#8220;]<span class=\"topnumber\">5.<\/span><\/p>\n<h2>Marketing und Verkauf<\/h2>\n<p>Auch dies ist ein sehr wichtiger Schritt, damit unsere sorgf\u00e4ltig hergestellten Produkte die Kunden erreichen, die genau das brauchen, was wir anbieten. Wir legen gro\u00dfen Wert auf ethisches Marketing und sch\u00e4tzen daher auch Wiederverk\u00e4ufer, deren Werte mit den unseren \u00fcbereinstimmen. Wir versuchen, bei der Vermarktung unserer Produkte so transparent wie m\u00f6glich zu sein und unsere Kunden \u00fcber auftretende Probleme zu informieren.[\/vc_column_text][\/vc_column_inner][\/vc_row_inner][\/vc_column][\/vc_row][vc_row full_width=&#8220;stretch_row_content&#8220; css=&#8220;.vc_custom_1658931556488{background-image: url(https:\/\/norvita.eu\/wp-content\/uploads\/2022\/07\/NorVita-bg-cover.jpg?id=297) !important;background-position: center !important;background-repeat: no-repeat !important;background-size: cover !important;}&#8220; el_class=&#8220;bg-cover with-content&#8220;][vc_column][vc_column_text el_class=&#8220;centered-content&#8220;]<\/p>\n<h2>Ver\u00e4nderung kommt nicht von allein. Testen Sie unsere Produkte und spr\u00fchen Sie neue Energie in Ihrem Leben<\/h2>\n<p><a class=\"main-btn\" href=\"\/de\/shop\">Unsere produkte<\/a><br \/>\nIhre Gesundheit ist uns wichtig[\/vc_column_text][\/vc_column][\/vc_row]<\/p>\n<\/div>","protected":false},"excerpt":{"rendered":"<p>[vc_row full_width=&#8220;stretch_row&#8220; css=&#8220;.vc_custom_1660057925642{background-image: url(https:\/\/norvita.eu\/wp-content\/uploads\/2022\/08\/NorVita-kogemus.jpg?id=613) !important;background-position: center !important;background-repeat: no-repeat !important;background-size: cover !important;}&#8220; el_class=&#8220;banner-row mobile-yellow&#8220;][vc_column][vc_column_text css_animation=&#8220;bottom-to-top&#8220; css=&#8220;&#8220; el_class=&#8220;banner-content banner-white&#8220;] \u00dcber 40 Jahre Erfahrung [\/vc_column_text][\/vc_column][\/vc_row][vc_row el_class=&#8220;content-row&#8220;][vc_column width=&#8220;1\/2&#8243;][vc_empty_space height=&#8220;100px&#8220;][vc_video link=&#8220;https:\/\/youtu.be\/_WOsusb_sa8&#8243;][\/vc_column][vc_column width=&#8220;1\/2&#8243;][vc_column_text css_animation=&#8220;bottom-to-top&#8220; el_class=&#8220;main_content&#8220;] Die Produkte von NorVita basieren auf Wissenschaft und Technologie Viele unserer Produkte wurden entwickelt, indem wir den W\u00fcnschen und Bed\u00fcrfnissen der Kunden zuh\u00f6rten oder ein Brainstorming [&hellip;]<\/p>\n","protected":false},"author":1,"featured_media":4554,"parent":0,"menu_order":0,"comment_status":"closed","ping_status":"closed","template":"","meta":{"_acf_changed":false,"inline_featured_image":false,"footnotes":""},"class_list":["post-4695","page","type-page","status-publish","has-post-thumbnail","hentry"],"acf":[],"yoast_head":"<!-- This site is optimized with the Yoast SEO plugin v27.2 - https:\/\/yoast.com\/product\/yoast-seo-wordpress\/ -->\n<title>Erfahrung | NorVita Spray Vitamins &amp; Supplements<\/title>\n<meta name=\"description\" content=\"Bei NorVita treffen Wissenschaft und Technologie aufeinander. Von den EU-Regulierungsbeh\u00f6rden gepr\u00fcfte und zertifizierte Produkte und bei der FDA registrierte Einrichtungen.\" \/>\n<meta name=\"robots\" content=\"index, follow, max-snippet:-1, max-image-preview:large, max-video-preview:-1\" \/>\n<link rel=\"canonical\" href=\"https:\/\/norvita.eu\/de\/erfahrung\/\" \/>\n<meta property=\"og:locale\" content=\"de_DE\" \/>\n<meta property=\"og:type\" content=\"article\" \/>\n<meta property=\"og:title\" content=\"Erfahrung | NorVita Spray Vitamins &amp; Supplements\" \/>\n<meta property=\"og:description\" content=\"Bei NorVita treffen Wissenschaft und Technologie aufeinander. Von den EU-Regulierungsbeh\u00f6rden gepr\u00fcfte und zertifizierte Produkte und bei der FDA registrierte Einrichtungen.\" \/>\n<meta property=\"og:url\" content=\"https:\/\/norvita.eu\/de\/erfahrung\/\" \/>\n<meta property=\"og:site_name\" content=\"Norvita sprei- ja geelvitamiinid\" \/>\n<meta property=\"article:publisher\" content=\"https:\/\/www.facebook.com\/norvitasupplements\" \/>\n<meta property=\"article:modified_time\" content=\"2024-10-16T19:29:15+00:00\" \/>\n<meta property=\"og:image\" content=\"https:\/\/norvita.eu\/wp-content\/uploads\/2022\/09\/Mis-on-sprei-ja-liposoomsed-vitamiinid.jpg\" \/>\n\t<meta property=\"og:image:width\" content=\"2048\" \/>\n\t<meta property=\"og:image:height\" content=\"1247\" \/>\n\t<meta property=\"og:image:type\" content=\"image\/jpeg\" \/>\n<meta name=\"twitter:card\" content=\"summary_large_image\" \/>\n<script type=\"application\/ld+json\" class=\"yoast-schema-graph\">{\"@context\":\"https:\/\/schema.org\",\"@graph\":[{\"@type\":\"WebPage\",\"@id\":\"https:\/\/norvita.eu\/de\/erfahrung\/\",\"url\":\"https:\/\/norvita.eu\/de\/erfahrung\/\",\"name\":\"Erfahrung | NorVita Spray Vitamins & Supplements\",\"isPartOf\":{\"@id\":\"https:\/\/norvita.eu\/de\/#website\"},\"primaryImageOfPage\":{\"@id\":\"https:\/\/norvita.eu\/de\/erfahrung\/#primaryimage\"},\"image\":{\"@id\":\"https:\/\/norvita.eu\/de\/erfahrung\/#primaryimage\"},\"thumbnailUrl\":\"https:\/\/norvita.eu\/wp-content\/uploads\/2022\/09\/Mis-on-sprei-ja-liposoomsed-vitamiinid.jpg\",\"datePublished\":\"2022-07-20T12:51:49+00:00\",\"dateModified\":\"2024-10-16T19:29:15+00:00\",\"description\":\"Bei NorVita treffen Wissenschaft und Technologie aufeinander. Von den EU-Regulierungsbeh\u00f6rden gepr\u00fcfte und zertifizierte Produkte und bei der FDA registrierte Einrichtungen.\",\"breadcrumb\":{\"@id\":\"https:\/\/norvita.eu\/de\/erfahrung\/#breadcrumb\"},\"inLanguage\":\"de\",\"potentialAction\":[{\"@type\":\"ReadAction\",\"target\":[\"https:\/\/norvita.eu\/de\/erfahrung\/\"]}]},{\"@type\":\"ImageObject\",\"inLanguage\":\"de\",\"@id\":\"https:\/\/norvita.eu\/de\/erfahrung\/#primaryimage\",\"url\":\"https:\/\/norvita.eu\/wp-content\/uploads\/2022\/09\/Mis-on-sprei-ja-liposoomsed-vitamiinid.jpg\",\"contentUrl\":\"https:\/\/norvita.eu\/wp-content\/uploads\/2022\/09\/Mis-on-sprei-ja-liposoomsed-vitamiinid.jpg\",\"width\":2048,\"height\":1247},{\"@type\":\"BreadcrumbList\",\"@id\":\"https:\/\/norvita.eu\/de\/erfahrung\/#breadcrumb\",\"itemListElement\":[{\"@type\":\"ListItem\",\"position\":1,\"name\":\"Home\",\"item\":\"https:\/\/norvita.eu\/de\/\"},{\"@type\":\"ListItem\",\"position\":2,\"name\":\"Erfahrung\"}]},{\"@type\":\"WebSite\",\"@id\":\"https:\/\/norvita.eu\/de\/#website\",\"url\":\"https:\/\/norvita.eu\/de\/\",\"name\":\"Norvita sprei- ja geelvitamiinid\",\"description\":\"Sprei vitamiinid ja toidulisandid\",\"publisher\":{\"@id\":\"https:\/\/norvita.eu\/de\/#organization\"},\"potentialAction\":[{\"@type\":\"SearchAction\",\"target\":{\"@type\":\"EntryPoint\",\"urlTemplate\":\"https:\/\/norvita.eu\/de\/?s={search_term_string}\"},\"query-input\":{\"@type\":\"PropertyValueSpecification\",\"valueRequired\":true,\"valueName\":\"search_term_string\"}}],\"inLanguage\":\"de\"},{\"@type\":\"Organization\",\"@id\":\"https:\/\/norvita.eu\/de\/#organization\",\"name\":\"NorVita\",\"url\":\"https:\/\/norvita.eu\/de\/\",\"logo\":{\"@type\":\"ImageObject\",\"inLanguage\":\"de\",\"@id\":\"https:\/\/norvita.eu\/de\/#\/schema\/logo\/image\/\",\"url\":\"https:\/\/norvita.eu\/wp-content\/uploads\/2022\/07\/NorVita.svg\",\"contentUrl\":\"https:\/\/norvita.eu\/wp-content\/uploads\/2022\/07\/NorVita.svg\",\"width\":96,\"height\":26,\"caption\":\"NorVita\"},\"image\":{\"@id\":\"https:\/\/norvita.eu\/de\/#\/schema\/logo\/image\/\"},\"sameAs\":[\"https:\/\/www.facebook.com\/norvitasupplements\",\"https:\/\/www.instagram.com\/norvita_supplements\/\"]}]}<\/script>\n<!-- \/ Yoast SEO plugin. -->","yoast_head_json":{"title":"Erfahrung | NorVita Spray Vitamins & Supplements","description":"Bei NorVita treffen Wissenschaft und Technologie aufeinander. Von den EU-Regulierungsbeh\u00f6rden gepr\u00fcfte und zertifizierte Produkte und bei der FDA registrierte Einrichtungen.","robots":{"index":"index","follow":"follow","max-snippet":"max-snippet:-1","max-image-preview":"max-image-preview:large","max-video-preview":"max-video-preview:-1"},"canonical":"https:\/\/norvita.eu\/de\/erfahrung\/","og_locale":"de_DE","og_type":"article","og_title":"Erfahrung | NorVita Spray Vitamins & Supplements","og_description":"Bei NorVita treffen Wissenschaft und Technologie aufeinander. Von den EU-Regulierungsbeh\u00f6rden gepr\u00fcfte und zertifizierte Produkte und bei der FDA registrierte Einrichtungen.","og_url":"https:\/\/norvita.eu\/de\/erfahrung\/","og_site_name":"Norvita sprei- ja geelvitamiinid","article_publisher":"https:\/\/www.facebook.com\/norvitasupplements","article_modified_time":"2024-10-16T19:29:15+00:00","og_image":[{"width":2048,"height":1247,"url":"https:\/\/norvita.eu\/wp-content\/uploads\/2022\/09\/Mis-on-sprei-ja-liposoomsed-vitamiinid.jpg","type":"image\/jpeg"}],"twitter_card":"summary_large_image","schema":{"@context":"https:\/\/schema.org","@graph":[{"@type":"WebPage","@id":"https:\/\/norvita.eu\/de\/erfahrung\/","url":"https:\/\/norvita.eu\/de\/erfahrung\/","name":"Erfahrung | NorVita Spray Vitamins & Supplements","isPartOf":{"@id":"https:\/\/norvita.eu\/de\/#website"},"primaryImageOfPage":{"@id":"https:\/\/norvita.eu\/de\/erfahrung\/#primaryimage"},"image":{"@id":"https:\/\/norvita.eu\/de\/erfahrung\/#primaryimage"},"thumbnailUrl":"https:\/\/norvita.eu\/wp-content\/uploads\/2022\/09\/Mis-on-sprei-ja-liposoomsed-vitamiinid.jpg","datePublished":"2022-07-20T12:51:49+00:00","dateModified":"2024-10-16T19:29:15+00:00","description":"Bei NorVita treffen Wissenschaft und Technologie aufeinander. Von den EU-Regulierungsbeh\u00f6rden gepr\u00fcfte und zertifizierte Produkte und bei der FDA registrierte Einrichtungen.","breadcrumb":{"@id":"https:\/\/norvita.eu\/de\/erfahrung\/#breadcrumb"},"inLanguage":"de","potentialAction":[{"@type":"ReadAction","target":["https:\/\/norvita.eu\/de\/erfahrung\/"]}]},{"@type":"ImageObject","inLanguage":"de","@id":"https:\/\/norvita.eu\/de\/erfahrung\/#primaryimage","url":"https:\/\/norvita.eu\/wp-content\/uploads\/2022\/09\/Mis-on-sprei-ja-liposoomsed-vitamiinid.jpg","contentUrl":"https:\/\/norvita.eu\/wp-content\/uploads\/2022\/09\/Mis-on-sprei-ja-liposoomsed-vitamiinid.jpg","width":2048,"height":1247},{"@type":"BreadcrumbList","@id":"https:\/\/norvita.eu\/de\/erfahrung\/#breadcrumb","itemListElement":[{"@type":"ListItem","position":1,"name":"Home","item":"https:\/\/norvita.eu\/de\/"},{"@type":"ListItem","position":2,"name":"Erfahrung"}]},{"@type":"WebSite","@id":"https:\/\/norvita.eu\/de\/#website","url":"https:\/\/norvita.eu\/de\/","name":"Norvita sprei- ja geelvitamiinid","description":"Sprei vitamiinid ja toidulisandid","publisher":{"@id":"https:\/\/norvita.eu\/de\/#organization"},"potentialAction":[{"@type":"SearchAction","target":{"@type":"EntryPoint","urlTemplate":"https:\/\/norvita.eu\/de\/?s={search_term_string}"},"query-input":{"@type":"PropertyValueSpecification","valueRequired":true,"valueName":"search_term_string"}}],"inLanguage":"de"},{"@type":"Organization","@id":"https:\/\/norvita.eu\/de\/#organization","name":"NorVita","url":"https:\/\/norvita.eu\/de\/","logo":{"@type":"ImageObject","inLanguage":"de","@id":"https:\/\/norvita.eu\/de\/#\/schema\/logo\/image\/","url":"https:\/\/norvita.eu\/wp-content\/uploads\/2022\/07\/NorVita.svg","contentUrl":"https:\/\/norvita.eu\/wp-content\/uploads\/2022\/07\/NorVita.svg","width":96,"height":26,"caption":"NorVita"},"image":{"@id":"https:\/\/norvita.eu\/de\/#\/schema\/logo\/image\/"},"sameAs":["https:\/\/www.facebook.com\/norvitasupplements","https:\/\/www.instagram.com\/norvita_supplements\/"]}]}},"_links":{"self":[{"href":"https:\/\/norvita.eu\/de\/wp-json\/wp\/v2\/pages\/4695","targetHints":{"allow":["GET"]}}],"collection":[{"href":"https:\/\/norvita.eu\/de\/wp-json\/wp\/v2\/pages"}],"about":[{"href":"https:\/\/norvita.eu\/de\/wp-json\/wp\/v2\/types\/page"}],"author":[{"embeddable":true,"href":"https:\/\/norvita.eu\/de\/wp-json\/wp\/v2\/users\/1"}],"replies":[{"embeddable":true,"href":"https:\/\/norvita.eu\/de\/wp-json\/wp\/v2\/comments?post=4695"}],"version-history":[{"count":14,"href":"https:\/\/norvita.eu\/de\/wp-json\/wp\/v2\/pages\/4695\/revisions"}],"predecessor-version":[{"id":9739,"href":"https:\/\/norvita.eu\/de\/wp-json\/wp\/v2\/pages\/4695\/revisions\/9739"}],"wp:featuredmedia":[{"embeddable":true,"href":"https:\/\/norvita.eu\/de\/wp-json\/wp\/v2\/media\/4554"}],"wp:attachment":[{"href":"https:\/\/norvita.eu\/de\/wp-json\/wp\/v2\/media?parent=4695"}],"curies":[{"name":"wp","href":"https:\/\/api.w.org\/{rel}","templated":true}]}}