{"id":4694,"date":"2022-07-20T12:51:39","date_gmt":"2022-07-20T12:51:39","guid":{"rendered":"https:\/\/norvita.eu\/distribution-2\/"},"modified":"2024-10-16T22:26:46","modified_gmt":"2024-10-16T19:26:46","slug":"vertrieb","status":"publish","type":"page","link":"https:\/\/norvita.eu\/de\/vertrieb\/","title":{"rendered":"Vertrieb"},"content":{"rendered":"<div class=\"wpb-content-wrapper\"><p>[vc_row full_width=&#8220;stretch_row&#8220; css=&#8220;.vc_custom_1660057848172{background-image: url(https:\/\/norvita.eu\/wp-content\/uploads\/2022\/08\/NorVita-edasimuujad-cover.jpg?id=697) !important;background-position: center !important;background-repeat: no-repeat !important;background-size: cover !important;}&#8220; el_class=&#8220;banner-row mobile-yellow&#8220;][vc_column][vc_column_text css_animation=&#8220;bottom-to-top&#8220; css=&#8220;&#8220; el_class=&#8220;banner-content banner-white&#8220;]<\/p>\n<h1>Zuverl\u00e4ssige<br \/>\nZusammenarbeit<\/h1>\n<p>[\/vc_column_text][\/vc_column][\/vc_row][vc_row el_class=&#8220;content-row row-revesed&#8220;][vc_column width=&#8220;1\/2&#8243;][vc_single_image image=&#8220;6755&#8243; img_size=&#8220;full&#8220;][\/vc_column][vc_column width=&#8220;1\/2&#8243;][vc_column_text css_animation=&#8220;bottom-to-top&#8220; el_class=&#8220;main_content&#8220;]<\/p>\n<h2>Vertriebsh\u00e4ndler in Europa<\/h2>\n<p>Wir haben gro\u00dfe Ziele und schauen weit. Die Produkte von NorVita werden in Estland entwickelt und hergestellt, aber wir haben vor, Menschen in der ganzen Welt zu erreichen. Zu diesem Zweck sind wir st\u00e4ndig auf der Suche nach neuen Kooperationspartnern im Ausland, die \u00e4hnliche Ziele verfolgen und den Wunsch haben, die Innovation von Nahrungserg\u00e4nzungsmitteln in jeden Winkel der Welt zu bringen. NorVita-Produkte sind bereits in 10 L\u00e4ndern Europas vertreten, und unser Vertriebsnetz wird st\u00e4ndig erweitert.<\/p>\n<p><a class=\"main-btn\" href=\"https:\/\/norvita.eu\/de\/shop\/\">Unsere Produkte<\/a>[\/vc_column_text][\/vc_column][\/vc_row][vc_row el_class=&#8220;content-row half-yellow-top&#8220;][vc_column width=&#8220;1\/2&#8243;][vc_column_text css_animation=&#8220;bottom-to-top&#8220; el_class=&#8220;main_content&#8220;]<\/p>\n<h2>Die Produkte von NorVita finden Sie in gut sortierten Gesch\u00e4ften<\/h2>\n<p>NorVita ist ein schnell wachsendes und innovatives Unternehmen. Wir sind immer auf der Suche nach Wiederverk\u00e4ufern, die ihren Kunden komfortable, von der Natur inspirierte und moderne Produkte anbieten m\u00f6chten. Dank der lokalen Produktionseinheit k\u00f6nnen wir unseren H\u00e4ndlern in Estland eine schnelle Lieferung und flexible Bedingungen bieten. Unsere Produktpalette wird st\u00e4ndig erweitert und wir entwickeln unser Portfolio in enger Zusammenarbeit mit H\u00e4ndlern und Kunden weiter.<\/p>\n<p><strong>M\u00f6chten Sie Vertriebsh\u00e4ndler werden?<\/strong><br \/>\n<strong>Kontaktieren Sie uns:<\/strong> <a href=\"mailto:sales@norvita.eu\">sales@norvita.eu<\/a>[\/vc_column_text][\/vc_column][vc_column width=&#8220;1\/2&#8243;][vc_single_image image=&#8220;6893&#8243; img_size=&#8220;full&#8220;][\/vc_column][\/vc_row][vc_row el_class=&#8220;content-row&#8220;][vc_column][vc_column_text css_animation=&#8220;bottom-to-top&#8220; el_class=&#8220;title-center mobile-center&#8220;]<\/p>\n<h2>Vertriebsh\u00e4ndler in Estland<\/h2>\n<p>[\/vc_column_text][vc_row_inner][vc_column_inner el_class=&#8220;resellels-row&#8220;][vc_column_text el_class=&#8220;reseller-col&#8220;]<img loading=\"lazy\" decoding=\"async\" class=\"alignnone size-medium wp-image-707\" src=\"https:\/\/norvita.eu\/wp-content\/uploads\/2022\/08\/Benu.svg\" alt=\"Benu apteek\" width=\"300\" height=\"150\" \/><\/p>\n<h3>Benu apteegid<\/h3>\n<p><a href=\"https:\/\/benu.ee\" target=\"_blank\" rel=\"noopener\">www.benu.ee<\/a>[\/vc_column_text][vc_column_text el_class=&#8220;reseller-col&#8220;]<img loading=\"lazy\" decoding=\"async\" class=\"alignnone wp-image-6879 size-full\" src=\"https:\/\/norvita.eu\/wp-content\/uploads\/2023\/11\/62c9f4ebb085c0462e753afd01a1.png\" alt=\"\" width=\"275\" height=\"82\" \/><\/p>\n<h3>Euroapteek e-apteek<\/h3>\n<p><a href=\"https:\/\/euroapteek.ee\" target=\"_blank\" rel=\"noopener\">www.euroapteek.ee<\/a>[\/vc_column_text][vc_column_text el_class=&#8220;reseller-col&#8220;]<img loading=\"lazy\" decoding=\"async\" class=\"alignnone wp-image-713 size-medium\" src=\"https:\/\/norvita.eu\/wp-content\/uploads\/2022\/08\/Macta-Beauty.svg\" alt=\"Macta Beauty ilukaubamaja\" width=\"300\" height=\"150\" \/><\/p>\n<h3>Macta Beauty ilukaubamaja<\/h3>\n<p><a href=\"https:\/\/mactabeauty.com\" target=\"_blank\" rel=\"noopener\">www.mactabeauty.com<\/a>[\/vc_column_text][vc_column_text el_class=&#8220;reseller-col&#8220;]<img loading=\"lazy\" decoding=\"async\" class=\"alignnone wp-image-6882 size-medium\" src=\"https:\/\/norvita.eu\/wp-content\/uploads\/2023\/11\/Tradehouse_logoslogan_must-1-300x81.png\" alt=\"\" width=\"300\" height=\"81\" \/><\/p>\n<h3>Tradehouse ilukaubamaja<\/h3>\n<p><a href=\"https:\/\/tradehouse.ee\" target=\"_blank\" rel=\"noopener\">www.tradehouse.ee<\/a>[\/vc_column_text][vc_column_text el_class=&#8220;reseller-col&#8220;]<img loading=\"lazy\" decoding=\"async\" class=\"alignnone wp-image-715 size-medium\" src=\"https:\/\/norvita.eu\/wp-content\/uploads\/2022\/08\/MyLook.svg\" alt=\"MyLook ilutoodete veebipood\" width=\"300\" height=\"150\" \/><\/p>\n<h3>MyLook ilutoodete veebipood<\/h3>\n<p><a href=\"https:\/\/mylook.ee\" target=\"_blank\" rel=\"noopener\">www.mylook.ee<\/a>[\/vc_column_text][vc_column_text el_class=&#8220;reseller-col&#8220;]<img loading=\"lazy\" decoding=\"async\" class=\"alignnone wp-image-711 size-medium\" src=\"https:\/\/norvita.eu\/wp-content\/uploads\/2022\/08\/Looduspere.svg\" alt=\"Looduspere e-pood\" width=\"300\" height=\"150\" \/><\/p>\n<h3>Looduspere e-pood<\/h3>\n<p><a href=\"https:\/\/looduspere.ee\" target=\"_blank\" rel=\"noopener\">www.looduspere.ee<\/a>[\/vc_column_text][vc_column_text el_class=&#8220;reseller-col&#8220;]<img loading=\"lazy\" decoding=\"async\" class=\"alignnone wp-image-717 size-medium\" src=\"https:\/\/norvita.eu\/wp-content\/uploads\/2022\/08\/Sinuteek.svg\" alt=\"Sinuteek ilu- ja tervisekaubamaja\" width=\"300\" height=\"150\" \/><\/p>\n<h3>Sinuteek ilu- ja tervisekaubamaja<\/h3>\n<p><a href=\"https:\/\/sinuteek.ee\" target=\"_blank\" rel=\"noopener\">www.sinuteek.ee<\/a>[\/vc_column_text][vc_column_text el_class=&#8220;reseller-col&#8220;]<img loading=\"lazy\" decoding=\"async\" class=\"alignnone wp-image-6885 size-medium\" src=\"https:\/\/norvita.eu\/wp-content\/uploads\/2023\/11\/Nurme-logo-300x161.png\" alt=\"\" width=\"300\" height=\"161\" \/><\/p>\n<h3>Nurme ilu- ja tervisekaubamaja<\/h3>\n<p><a href=\"https:\/\/nurme.eu\" target=\"_blank\" rel=\"noopener\">www.nurme.eu<\/a>[\/vc_column_text][vc_column_text el_class=&#8220;reseller-col&#8220;]<img loading=\"lazy\" decoding=\"async\" class=\"alignnone wp-image-709 size-medium\" src=\"https:\/\/norvita.eu\/wp-content\/uploads\/2022\/08\/Boost-Yourself.svg\" alt=\"Boost yourself tervisekaubamaja\" width=\"300\" height=\"150\" \/><\/p>\n<h3>Boost yourself tervisekaubamaja<\/h3>\n<p><a href=\"https:\/\/boostyourself.ee\" target=\"_blank\" rel=\"noopener\">www.boostyourself.ee<\/a>[\/vc_column_text][vc_column_text el_class=&#8220;reseller-col&#8220;]<img loading=\"lazy\" decoding=\"async\" class=\"alignnone wp-image-719 size-medium\" src=\"https:\/\/norvita.eu\/wp-content\/uploads\/2022\/08\/Spordihooldus.svg\" alt=\"Spordihooldus\" width=\"300\" height=\"150\" \/><\/p>\n<h3>Spordihooldus<\/h3>\n<p><a href=\"https:\/\/spordihooldus.ee\" target=\"_blank\" rel=\"noopener\">www.spordihooldus.ee<\/a>[\/vc_column_text][\/vc_column_inner][\/vc_row_inner][\/vc_column][\/vc_row][vc_row full_width=&#8220;stretch_row_content&#8220; css=&#8220;.vc_custom_1658931556488{background-image: url(https:\/\/norvita.eu\/wp-content\/uploads\/2022\/07\/NorVita-bg-cover.jpg?id=297) !important;background-position: center !important;background-repeat: no-repeat !important;background-size: cover !important;}&#8220; el_class=&#8220;bg-cover with-content&#8220;][vc_column][vc_column_text el_class=&#8220;centered-content&#8220;]<\/p>\n<h2>Ver\u00e4nderung kommt nicht von allein. Testen Sie unsere Produkte und spr\u00fchen Sie neue Energie in Ihrem Leben<\/h2>\n<p><a class=\"main-btn\" href=\"https:\/\/norvita.eu\/de\/shop\/\">Unsere Produkte<\/a><br \/>\n<span class=\"small-bottom\">Ihre Gesundheit ist uns wichtig<\/span>[\/vc_column_text][\/vc_column][\/vc_row]<\/p>\n<\/div>","protected":false},"excerpt":{"rendered":"<p>[vc_row full_width=&#8220;stretch_row&#8220; css=&#8220;.vc_custom_1660057848172{background-image: url(https:\/\/norvita.eu\/wp-content\/uploads\/2022\/08\/NorVita-edasimuujad-cover.jpg?id=697) !important;background-position: center !important;background-repeat: no-repeat !important;background-size: cover !important;}&#8220; el_class=&#8220;banner-row mobile-yellow&#8220;][vc_column][vc_column_text css_animation=&#8220;bottom-to-top&#8220; css=&#8220;&#8220; el_class=&#8220;banner-content banner-white&#8220;] Zuverl\u00e4ssige Zusammenarbeit [\/vc_column_text][\/vc_column][\/vc_row][vc_row el_class=&#8220;content-row row-revesed&#8220;][vc_column width=&#8220;1\/2&#8243;][vc_single_image image=&#8220;6755&#8243; img_size=&#8220;full&#8220;][\/vc_column][vc_column width=&#8220;1\/2&#8243;][vc_column_text css_animation=&#8220;bottom-to-top&#8220; el_class=&#8220;main_content&#8220;] Vertriebsh\u00e4ndler in Europa Wir haben gro\u00dfe Ziele und schauen weit. Die Produkte von NorVita werden in Estland entwickelt und hergestellt, aber wir haben vor, Menschen in der [&hellip;]<\/p>\n","protected":false},"author":1,"featured_media":4554,"parent":0,"menu_order":0,"comment_status":"closed","ping_status":"closed","template":"","meta":{"_acf_changed":false,"inline_featured_image":false,"footnotes":""},"class_list":["post-4694","page","type-page","status-publish","has-post-thumbnail","hentry"],"acf":[],"yoast_head":"<!-- This site is optimized with the Yoast SEO plugin v27.2 - https:\/\/yoast.com\/product\/yoast-seo-wordpress\/ -->\n<title>Vertrieb | NorVita Spr\u00fchvitamine &amp; Supplements<\/title>\n<meta name=\"description\" content=\"Hier finden Sie Informationen \u00fcber die Produkte von NorVita und die Gr\u00fcnde, warum H\u00e4ndler uns vertrauen.\" \/>\n<meta name=\"robots\" content=\"index, follow, max-snippet:-1, max-image-preview:large, max-video-preview:-1\" \/>\n<link rel=\"canonical\" href=\"https:\/\/norvita.eu\/de\/vertrieb\/\" \/>\n<meta property=\"og:locale\" content=\"de_DE\" \/>\n<meta property=\"og:type\" content=\"article\" \/>\n<meta property=\"og:title\" content=\"Vertrieb | NorVita Spr\u00fchvitamine &amp; Supplements\" \/>\n<meta property=\"og:description\" content=\"Hier finden Sie Informationen \u00fcber die Produkte von NorVita und die Gr\u00fcnde, warum H\u00e4ndler uns vertrauen.\" \/>\n<meta property=\"og:url\" content=\"https:\/\/norvita.eu\/de\/vertrieb\/\" \/>\n<meta property=\"og:site_name\" content=\"Norvita sprei- ja geelvitamiinid\" \/>\n<meta property=\"article:publisher\" content=\"https:\/\/www.facebook.com\/norvitasupplements\" \/>\n<meta property=\"article:modified_time\" content=\"2024-10-16T19:26:46+00:00\" \/>\n<meta property=\"og:image\" content=\"https:\/\/norvita.eu\/wp-content\/uploads\/2022\/09\/Mis-on-sprei-ja-liposoomsed-vitamiinid.jpg\" \/>\n\t<meta property=\"og:image:width\" content=\"2048\" \/>\n\t<meta property=\"og:image:height\" content=\"1247\" \/>\n\t<meta property=\"og:image:type\" content=\"image\/jpeg\" \/>\n<meta name=\"twitter:card\" content=\"summary_large_image\" \/>\n<script type=\"application\/ld+json\" class=\"yoast-schema-graph\">{\"@context\":\"https:\/\/schema.org\",\"@graph\":[{\"@type\":\"WebPage\",\"@id\":\"https:\/\/norvita.eu\/de\/vertrieb\/\",\"url\":\"https:\/\/norvita.eu\/de\/vertrieb\/\",\"name\":\"Vertrieb | NorVita Spr\u00fchvitamine & Supplements\",\"isPartOf\":{\"@id\":\"https:\/\/norvita.eu\/de\/#website\"},\"primaryImageOfPage\":{\"@id\":\"https:\/\/norvita.eu\/de\/vertrieb\/#primaryimage\"},\"image\":{\"@id\":\"https:\/\/norvita.eu\/de\/vertrieb\/#primaryimage\"},\"thumbnailUrl\":\"https:\/\/norvita.eu\/wp-content\/uploads\/2022\/09\/Mis-on-sprei-ja-liposoomsed-vitamiinid.jpg\",\"datePublished\":\"2022-07-20T12:51:39+00:00\",\"dateModified\":\"2024-10-16T19:26:46+00:00\",\"description\":\"Hier finden Sie Informationen \u00fcber die Produkte von NorVita und die Gr\u00fcnde, warum H\u00e4ndler uns vertrauen.\",\"breadcrumb\":{\"@id\":\"https:\/\/norvita.eu\/de\/vertrieb\/#breadcrumb\"},\"inLanguage\":\"de\",\"potentialAction\":[{\"@type\":\"ReadAction\",\"target\":[\"https:\/\/norvita.eu\/de\/vertrieb\/\"]}]},{\"@type\":\"ImageObject\",\"inLanguage\":\"de\",\"@id\":\"https:\/\/norvita.eu\/de\/vertrieb\/#primaryimage\",\"url\":\"https:\/\/norvita.eu\/wp-content\/uploads\/2022\/09\/Mis-on-sprei-ja-liposoomsed-vitamiinid.jpg\",\"contentUrl\":\"https:\/\/norvita.eu\/wp-content\/uploads\/2022\/09\/Mis-on-sprei-ja-liposoomsed-vitamiinid.jpg\",\"width\":2048,\"height\":1247},{\"@type\":\"BreadcrumbList\",\"@id\":\"https:\/\/norvita.eu\/de\/vertrieb\/#breadcrumb\",\"itemListElement\":[{\"@type\":\"ListItem\",\"position\":1,\"name\":\"Home\",\"item\":\"https:\/\/norvita.eu\/de\/\"},{\"@type\":\"ListItem\",\"position\":2,\"name\":\"Vertrieb\"}]},{\"@type\":\"WebSite\",\"@id\":\"https:\/\/norvita.eu\/de\/#website\",\"url\":\"https:\/\/norvita.eu\/de\/\",\"name\":\"Norvita sprei- ja geelvitamiinid\",\"description\":\"Sprei vitamiinid ja toidulisandid\",\"publisher\":{\"@id\":\"https:\/\/norvita.eu\/de\/#organization\"},\"potentialAction\":[{\"@type\":\"SearchAction\",\"target\":{\"@type\":\"EntryPoint\",\"urlTemplate\":\"https:\/\/norvita.eu\/de\/?s={search_term_string}\"},\"query-input\":{\"@type\":\"PropertyValueSpecification\",\"valueRequired\":true,\"valueName\":\"search_term_string\"}}],\"inLanguage\":\"de\"},{\"@type\":\"Organization\",\"@id\":\"https:\/\/norvita.eu\/de\/#organization\",\"name\":\"NorVita\",\"url\":\"https:\/\/norvita.eu\/de\/\",\"logo\":{\"@type\":\"ImageObject\",\"inLanguage\":\"de\",\"@id\":\"https:\/\/norvita.eu\/de\/#\/schema\/logo\/image\/\",\"url\":\"https:\/\/norvita.eu\/wp-content\/uploads\/2022\/07\/NorVita.svg\",\"contentUrl\":\"https:\/\/norvita.eu\/wp-content\/uploads\/2022\/07\/NorVita.svg\",\"width\":96,\"height\":26,\"caption\":\"NorVita\"},\"image\":{\"@id\":\"https:\/\/norvita.eu\/de\/#\/schema\/logo\/image\/\"},\"sameAs\":[\"https:\/\/www.facebook.com\/norvitasupplements\",\"https:\/\/www.instagram.com\/norvita_supplements\/\"]}]}<\/script>\n<!-- \/ Yoast SEO plugin. -->","yoast_head_json":{"title":"Vertrieb | NorVita Spr\u00fchvitamine & Supplements","description":"Hier finden Sie Informationen \u00fcber die Produkte von NorVita und die Gr\u00fcnde, warum H\u00e4ndler uns vertrauen.","robots":{"index":"index","follow":"follow","max-snippet":"max-snippet:-1","max-image-preview":"max-image-preview:large","max-video-preview":"max-video-preview:-1"},"canonical":"https:\/\/norvita.eu\/de\/vertrieb\/","og_locale":"de_DE","og_type":"article","og_title":"Vertrieb | NorVita Spr\u00fchvitamine & Supplements","og_description":"Hier finden Sie Informationen \u00fcber die Produkte von NorVita und die Gr\u00fcnde, warum H\u00e4ndler uns vertrauen.","og_url":"https:\/\/norvita.eu\/de\/vertrieb\/","og_site_name":"Norvita sprei- ja geelvitamiinid","article_publisher":"https:\/\/www.facebook.com\/norvitasupplements","article_modified_time":"2024-10-16T19:26:46+00:00","og_image":[{"width":2048,"height":1247,"url":"https:\/\/norvita.eu\/wp-content\/uploads\/2022\/09\/Mis-on-sprei-ja-liposoomsed-vitamiinid.jpg","type":"image\/jpeg"}],"twitter_card":"summary_large_image","schema":{"@context":"https:\/\/schema.org","@graph":[{"@type":"WebPage","@id":"https:\/\/norvita.eu\/de\/vertrieb\/","url":"https:\/\/norvita.eu\/de\/vertrieb\/","name":"Vertrieb | NorVita Spr\u00fchvitamine & Supplements","isPartOf":{"@id":"https:\/\/norvita.eu\/de\/#website"},"primaryImageOfPage":{"@id":"https:\/\/norvita.eu\/de\/vertrieb\/#primaryimage"},"image":{"@id":"https:\/\/norvita.eu\/de\/vertrieb\/#primaryimage"},"thumbnailUrl":"https:\/\/norvita.eu\/wp-content\/uploads\/2022\/09\/Mis-on-sprei-ja-liposoomsed-vitamiinid.jpg","datePublished":"2022-07-20T12:51:39+00:00","dateModified":"2024-10-16T19:26:46+00:00","description":"Hier finden Sie Informationen \u00fcber die Produkte von NorVita und die Gr\u00fcnde, warum H\u00e4ndler uns vertrauen.","breadcrumb":{"@id":"https:\/\/norvita.eu\/de\/vertrieb\/#breadcrumb"},"inLanguage":"de","potentialAction":[{"@type":"ReadAction","target":["https:\/\/norvita.eu\/de\/vertrieb\/"]}]},{"@type":"ImageObject","inLanguage":"de","@id":"https:\/\/norvita.eu\/de\/vertrieb\/#primaryimage","url":"https:\/\/norvita.eu\/wp-content\/uploads\/2022\/09\/Mis-on-sprei-ja-liposoomsed-vitamiinid.jpg","contentUrl":"https:\/\/norvita.eu\/wp-content\/uploads\/2022\/09\/Mis-on-sprei-ja-liposoomsed-vitamiinid.jpg","width":2048,"height":1247},{"@type":"BreadcrumbList","@id":"https:\/\/norvita.eu\/de\/vertrieb\/#breadcrumb","itemListElement":[{"@type":"ListItem","position":1,"name":"Home","item":"https:\/\/norvita.eu\/de\/"},{"@type":"ListItem","position":2,"name":"Vertrieb"}]},{"@type":"WebSite","@id":"https:\/\/norvita.eu\/de\/#website","url":"https:\/\/norvita.eu\/de\/","name":"Norvita sprei- ja geelvitamiinid","description":"Sprei vitamiinid ja toidulisandid","publisher":{"@id":"https:\/\/norvita.eu\/de\/#organization"},"potentialAction":[{"@type":"SearchAction","target":{"@type":"EntryPoint","urlTemplate":"https:\/\/norvita.eu\/de\/?s={search_term_string}"},"query-input":{"@type":"PropertyValueSpecification","valueRequired":true,"valueName":"search_term_string"}}],"inLanguage":"de"},{"@type":"Organization","@id":"https:\/\/norvita.eu\/de\/#organization","name":"NorVita","url":"https:\/\/norvita.eu\/de\/","logo":{"@type":"ImageObject","inLanguage":"de","@id":"https:\/\/norvita.eu\/de\/#\/schema\/logo\/image\/","url":"https:\/\/norvita.eu\/wp-content\/uploads\/2022\/07\/NorVita.svg","contentUrl":"https:\/\/norvita.eu\/wp-content\/uploads\/2022\/07\/NorVita.svg","width":96,"height":26,"caption":"NorVita"},"image":{"@id":"https:\/\/norvita.eu\/de\/#\/schema\/logo\/image\/"},"sameAs":["https:\/\/www.facebook.com\/norvitasupplements","https:\/\/www.instagram.com\/norvita_supplements\/"]}]}},"_links":{"self":[{"href":"https:\/\/norvita.eu\/de\/wp-json\/wp\/v2\/pages\/4694","targetHints":{"allow":["GET"]}}],"collection":[{"href":"https:\/\/norvita.eu\/de\/wp-json\/wp\/v2\/pages"}],"about":[{"href":"https:\/\/norvita.eu\/de\/wp-json\/wp\/v2\/types\/page"}],"author":[{"embeddable":true,"href":"https:\/\/norvita.eu\/de\/wp-json\/wp\/v2\/users\/1"}],"replies":[{"embeddable":true,"href":"https:\/\/norvita.eu\/de\/wp-json\/wp\/v2\/comments?post=4694"}],"version-history":[{"count":12,"href":"https:\/\/norvita.eu\/de\/wp-json\/wp\/v2\/pages\/4694\/revisions"}],"predecessor-version":[{"id":9737,"href":"https:\/\/norvita.eu\/de\/wp-json\/wp\/v2\/pages\/4694\/revisions\/9737"}],"wp:featuredmedia":[{"embeddable":true,"href":"https:\/\/norvita.eu\/de\/wp-json\/wp\/v2\/media\/4554"}],"wp:attachment":[{"href":"https:\/\/norvita.eu\/de\/wp-json\/wp\/v2\/media?parent=4694"}],"curies":[{"name":"wp","href":"https:\/\/api.w.org\/{rel}","templated":true}]}}