{"id":4692,"date":"2022-07-20T12:52:07","date_gmt":"2022-07-20T12:52:07","guid":{"rendered":"https:\/\/norvita.eu\/contact\/"},"modified":"2026-03-18T14:56:23","modified_gmt":"2026-03-18T12:56:23","slug":"kontakt","status":"publish","type":"page","link":"https:\/\/norvita.eu\/de\/kontakt\/","title":{"rendered":"Kontakt"},"content":{"rendered":"<div class=\"wpb-content-wrapper\"><p>[vc_row full_width=&#8220;stretch_row&#8220; css=&#8220;.vc_custom_1665557146484{background-image: url(https:\/\/norvita.eu\/wp-content\/uploads\/2022\/10\/NorVita-contact.jpg?id=3184) !important;background-position: center !important;background-repeat: no-repeat !important;background-size: cover !important;}&#8220; el_class=&#8220;banner-row desktop-cover&#8220; conditional_render=&#8220;%5B%7B%22value_role%22%3A%22administrator%22%7D%5D&#8220;][vc_column][vc_column_text css_animation=&#8220;bottom-to-top&#8220; css=&#8220;&#8220; el_class=&#8220;banner-content contact-banner&#8220;]<\/p>\n<h1>Geraten in<br \/>\nkontakt mit uns<\/h1>\n<p>[\/vc_column_text][\/vc_column][\/vc_row][vc_row el_class=&#8220;mobile-cover contact-page&#8220;][vc_column][vc_column_text]<\/p>\n<h2>Geraten in<br \/>\nkontakt mit uns<\/h2>\n<p>[\/vc_column_text][vc_single_image image=&#8220;4619&#8243; img_size=&#8220;full&#8220; alignment=&#8220;center&#8220;][\/vc_column][\/vc_row][vc_row el_class=&#8220;content-row contact-row row-revesed&#8220;][vc_column width=&#8220;1\/2&#8243; el_class=&#8220;mobile-yellow&#8220;][vc_column_text css_animation=&#8220;bottom-to-top&#8220; css=&#8220;&#8220; el_class=&#8220;main_content&#8220; css_params=&#8220;&#8220;]<\/p>\n<h2>Nordic Vitamins O\u00dc<\/h2>\n<p>Vitamine und Mineralien mit hoher Qualit\u00e4t und neuer Technologie zur Verbesserung Ihrer Gesundheit. Erstellt und produziert in Estland.<\/p>\n<ul class=\"footer_contacts\">\n<li><a class=\"f-email\" href=\"mailto:info@norvita.eu\">info@norvita.eu<\/a><\/li>\n<li><a href=\"https:\/\/www.google.com\/maps\/place\/Saha-Loo+tee+34,+Iru,+74206+Harju+maakond,+Estonia\/@59.4585898,24.9128476,17z\/data=!3m1!4b1!4m5!3m4!1s0x4692ed076dde1da9:0x24be45bae29ce09b!8m2!3d59.4585872!4d24.9173322\">Saha-Loo tee 34, Iru 74206, Estonia<\/a><\/li>\n<li><a class=\"f-call\" href=\"tel:+37253233445\">+372 5385 5161<\/a><\/li>\n<\/ul>\n<p>[\/vc_column_text][\/vc_column][vc_column width=&#8220;1\/2&#8243;][vc_column_text]\n<div class=\"wpcf7 no-js\" id=\"wpcf7-f4759-o1\" lang=\"et\" dir=\"ltr\" data-wpcf7-id=\"4759\">\n<div class=\"screen-reader-response\"><p role=\"status\" aria-live=\"polite\" aria-atomic=\"true\"><\/p> <ul><\/ul><\/div>\n<form action=\"\/de\/wp-json\/wp\/v2\/pages\/4692#wpcf7-f4759-o1\" method=\"post\" class=\"wpcf7-form init\" aria-label=\"Contact form\" novalidate=\"novalidate\" data-status=\"init\">\n<fieldset class=\"hidden-fields-container\"><input type=\"hidden\" name=\"_wpcf7\" value=\"4759\" \/><input type=\"hidden\" name=\"_wpcf7_version\" value=\"6.1.5\" \/><input type=\"hidden\" name=\"_wpcf7_locale\" value=\"et\" \/><input type=\"hidden\" name=\"_wpcf7_unit_tag\" value=\"wpcf7-f4759-o1\" \/><input type=\"hidden\" name=\"_wpcf7_container_post\" value=\"0\" \/><input type=\"hidden\" name=\"_wpcf7_posted_data_hash\" value=\"\" \/>\n<\/fieldset>\n<label> Ihr vollst\u00e4ndiger Name\n    <span class=\"wpcf7-form-control-wrap\" data-name=\"your-name\"><input size=\"40\" maxlength=\"400\" class=\"wpcf7-form-control wpcf7-text wpcf7-validates-as-required\" aria-required=\"true\" aria-invalid=\"false\" placeholder=\"Geben Sie Ihren Namen ein\" value=\"\" type=\"text\" name=\"your-name\" \/><\/span> <\/label>\n\n<label> Ihre E-Mail Adresse\n    <span class=\"wpcf7-form-control-wrap\" data-name=\"your-email\"><input size=\"40\" maxlength=\"400\" class=\"wpcf7-form-control wpcf7-email wpcf7-validates-as-required wpcf7-text wpcf7-validates-as-email\" aria-required=\"true\" aria-invalid=\"false\" placeholder=\"Geben Sie Ihre E-Mail Adresse ein\" value=\"\" type=\"email\" name=\"your-email\" \/><\/span> <\/label>\n\n<label> Ihre Telefonnummer (optional)\n<span class=\"wpcf7-form-control-wrap\" data-name=\"tel-154\"><input size=\"40\" maxlength=\"400\" class=\"wpcf7-form-control wpcf7-tel wpcf7-text wpcf7-validates-as-tel\" aria-invalid=\"false\" placeholder=\"Geben Sie Ihre Telefonnummer ein\" value=\"\" type=\"tel\" name=\"tel-154\" \/><\/span> <\/label>\n\n<label> Nachricht\n    <span class=\"wpcf7-form-control-wrap\" data-name=\"your-message\"><textarea cols=\"40\" rows=\"10\" maxlength=\"2000\" class=\"wpcf7-form-control wpcf7-textarea wpcf7-validates-as-required\" aria-required=\"true\" aria-invalid=\"false\" placeholder=\"Schreiben Sie Ihre Nachricht hier\" name=\"your-message\"><\/textarea><\/span> <\/label>\n\n<input class=\"wpcf7-form-control wpcf7-submit has-spinner\" type=\"submit\" value=\"Senden\" \/><input type='hidden' class='wpcf7-pum' value='{\"closepopup\":false,\"closedelay\":0,\"openpopup\":false,\"openpopup_id\":0}' \/><div class=\"wpcf7-response-output\" aria-hidden=\"true\"><\/div>\n<\/form>\n<\/div>\n[\/vc_column_text][\/vc_column][\/vc_row]<\/p>\n<\/div>","protected":false},"excerpt":{"rendered":"<p>[vc_row full_width=&#8220;stretch_row&#8220; css=&#8220;.vc_custom_1665557146484{background-image: url(https:\/\/norvita.eu\/wp-content\/uploads\/2022\/10\/NorVita-contact.jpg?id=3184) !important;background-position: center !important;background-repeat: no-repeat !important;background-size: cover !important;}&#8220; el_class=&#8220;banner-row desktop-cover&#8220; conditional_render=&#8220;%5B%7B%22value_role%22%3A%22administrator%22%7D%5D&#8220;][vc_column][vc_column_text css_animation=&#8220;bottom-to-top&#8220; css=&#8220;&#8220; el_class=&#8220;banner-content contact-banner&#8220;] Geraten in kontakt mit uns [\/vc_column_text][\/vc_column][\/vc_row][vc_row el_class=&#8220;mobile-cover contact-page&#8220;][vc_column][vc_column_text] Geraten in kontakt mit uns [\/vc_column_text][vc_single_image image=&#8220;4619&#8243; img_size=&#8220;full&#8220; alignment=&#8220;center&#8220;][\/vc_column][\/vc_row][vc_row el_class=&#8220;content-row contact-row row-revesed&#8220;][vc_column width=&#8220;1\/2&#8243; el_class=&#8220;mobile-yellow&#8220;][vc_column_text css_animation=&#8220;bottom-to-top&#8220; css=&#8220;&#8220; el_class=&#8220;main_content&#8220; css_params=&#8220;&#8220;] Nordic Vitamins O\u00dc Vitamine und Mineralien mit hoher Qualit\u00e4t und neuer [&hellip;]<\/p>\n","protected":false},"author":1,"featured_media":0,"parent":0,"menu_order":0,"comment_status":"closed","ping_status":"closed","template":"","meta":{"_acf_changed":false,"inline_featured_image":false,"footnotes":""},"class_list":["post-4692","page","type-page","status-publish","hentry"],"acf":[],"yoast_head":"<!-- This site is optimized with the Yoast SEO plugin v27.2 - https:\/\/yoast.com\/product\/yoast-seo-wordpress\/ -->\n<title>Kontakt | NorVita Spr\u00fchvitamine &amp; Supplements<\/title>\n<meta name=\"description\" content=\"Kontaktieren Sie uns. Spr\u00fchvitamine und Mineralien mit hoher Qualit\u00e4t und neuer Technologie zur Verbesserung Ihrer Gesundheit.\" \/>\n<meta name=\"robots\" content=\"index, follow, max-snippet:-1, max-image-preview:large, max-video-preview:-1\" \/>\n<link rel=\"canonical\" href=\"https:\/\/norvita.eu\/de\/kontakt\/\" \/>\n<meta property=\"og:locale\" content=\"de_DE\" \/>\n<meta property=\"og:type\" content=\"article\" \/>\n<meta property=\"og:title\" content=\"Kontakt | NorVita Spr\u00fchvitamine &amp; Supplements\" \/>\n<meta property=\"og:description\" content=\"Kontaktieren Sie uns. Spr\u00fchvitamine und Mineralien mit hoher Qualit\u00e4t und neuer Technologie zur Verbesserung Ihrer Gesundheit.\" \/>\n<meta property=\"og:url\" content=\"https:\/\/norvita.eu\/de\/kontakt\/\" \/>\n<meta property=\"og:site_name\" content=\"Norvita sprei- ja geelvitamiinid\" \/>\n<meta property=\"article:publisher\" content=\"https:\/\/www.facebook.com\/norvitasupplements\" \/>\n<meta property=\"article:modified_time\" content=\"2026-03-18T12:56:23+00:00\" \/>\n<meta property=\"og:image\" content=\"https:\/\/norvita.eu\/wp-content\/uploads\/2022\/10\/NorVita-og-min.jpg\" \/>\n\t<meta property=\"og:image:width\" content=\"1247\" \/>\n\t<meta property=\"og:image:height\" content=\"661\" \/>\n\t<meta property=\"og:image:type\" content=\"image\/jpeg\" \/>\n<meta name=\"twitter:card\" content=\"summary_large_image\" \/>\n<script type=\"application\/ld+json\" class=\"yoast-schema-graph\">{\"@context\":\"https:\/\/schema.org\",\"@graph\":[{\"@type\":\"WebPage\",\"@id\":\"https:\/\/norvita.eu\/de\/kontakt\/\",\"url\":\"https:\/\/norvita.eu\/de\/kontakt\/\",\"name\":\"Kontakt | NorVita Spr\u00fchvitamine & Supplements\",\"isPartOf\":{\"@id\":\"https:\/\/norvita.eu\/de\/#website\"},\"datePublished\":\"2022-07-20T12:52:07+00:00\",\"dateModified\":\"2026-03-18T12:56:23+00:00\",\"description\":\"Kontaktieren Sie uns. Spr\u00fchvitamine und Mineralien mit hoher Qualit\u00e4t und neuer Technologie zur Verbesserung Ihrer Gesundheit.\",\"breadcrumb\":{\"@id\":\"https:\/\/norvita.eu\/de\/kontakt\/#breadcrumb\"},\"inLanguage\":\"de\",\"potentialAction\":[{\"@type\":\"ReadAction\",\"target\":[\"https:\/\/norvita.eu\/de\/kontakt\/\"]}]},{\"@type\":\"BreadcrumbList\",\"@id\":\"https:\/\/norvita.eu\/de\/kontakt\/#breadcrumb\",\"itemListElement\":[{\"@type\":\"ListItem\",\"position\":1,\"name\":\"Home\",\"item\":\"https:\/\/norvita.eu\/de\/\"},{\"@type\":\"ListItem\",\"position\":2,\"name\":\"Kontakt\"}]},{\"@type\":\"WebSite\",\"@id\":\"https:\/\/norvita.eu\/de\/#website\",\"url\":\"https:\/\/norvita.eu\/de\/\",\"name\":\"Norvita sprei- ja geelvitamiinid\",\"description\":\"Sprei vitamiinid ja toidulisandid\",\"publisher\":{\"@id\":\"https:\/\/norvita.eu\/de\/#organization\"},\"potentialAction\":[{\"@type\":\"SearchAction\",\"target\":{\"@type\":\"EntryPoint\",\"urlTemplate\":\"https:\/\/norvita.eu\/de\/?s={search_term_string}\"},\"query-input\":{\"@type\":\"PropertyValueSpecification\",\"valueRequired\":true,\"valueName\":\"search_term_string\"}}],\"inLanguage\":\"de\"},{\"@type\":\"Organization\",\"@id\":\"https:\/\/norvita.eu\/de\/#organization\",\"name\":\"NorVita\",\"url\":\"https:\/\/norvita.eu\/de\/\",\"logo\":{\"@type\":\"ImageObject\",\"inLanguage\":\"de\",\"@id\":\"https:\/\/norvita.eu\/de\/#\/schema\/logo\/image\/\",\"url\":\"https:\/\/norvita.eu\/wp-content\/uploads\/2022\/07\/NorVita.svg\",\"contentUrl\":\"https:\/\/norvita.eu\/wp-content\/uploads\/2022\/07\/NorVita.svg\",\"width\":96,\"height\":26,\"caption\":\"NorVita\"},\"image\":{\"@id\":\"https:\/\/norvita.eu\/de\/#\/schema\/logo\/image\/\"},\"sameAs\":[\"https:\/\/www.facebook.com\/norvitasupplements\",\"https:\/\/www.instagram.com\/norvita_supplements\/\"]}]}<\/script>\n<!-- \/ Yoast SEO plugin. -->","yoast_head_json":{"title":"Kontakt | NorVita Spr\u00fchvitamine & Supplements","description":"Kontaktieren Sie uns. Spr\u00fchvitamine und Mineralien mit hoher Qualit\u00e4t und neuer Technologie zur Verbesserung Ihrer Gesundheit.","robots":{"index":"index","follow":"follow","max-snippet":"max-snippet:-1","max-image-preview":"max-image-preview:large","max-video-preview":"max-video-preview:-1"},"canonical":"https:\/\/norvita.eu\/de\/kontakt\/","og_locale":"de_DE","og_type":"article","og_title":"Kontakt | NorVita Spr\u00fchvitamine & Supplements","og_description":"Kontaktieren Sie uns. Spr\u00fchvitamine und Mineralien mit hoher Qualit\u00e4t und neuer Technologie zur Verbesserung Ihrer Gesundheit.","og_url":"https:\/\/norvita.eu\/de\/kontakt\/","og_site_name":"Norvita sprei- ja geelvitamiinid","article_publisher":"https:\/\/www.facebook.com\/norvitasupplements","article_modified_time":"2026-03-18T12:56:23+00:00","og_image":[{"width":1247,"height":661,"url":"https:\/\/norvita.eu\/wp-content\/uploads\/2022\/10\/NorVita-og-min.jpg","type":"image\/jpeg"}],"twitter_card":"summary_large_image","schema":{"@context":"https:\/\/schema.org","@graph":[{"@type":"WebPage","@id":"https:\/\/norvita.eu\/de\/kontakt\/","url":"https:\/\/norvita.eu\/de\/kontakt\/","name":"Kontakt | NorVita Spr\u00fchvitamine & Supplements","isPartOf":{"@id":"https:\/\/norvita.eu\/de\/#website"},"datePublished":"2022-07-20T12:52:07+00:00","dateModified":"2026-03-18T12:56:23+00:00","description":"Kontaktieren Sie uns. Spr\u00fchvitamine und Mineralien mit hoher Qualit\u00e4t und neuer Technologie zur Verbesserung Ihrer Gesundheit.","breadcrumb":{"@id":"https:\/\/norvita.eu\/de\/kontakt\/#breadcrumb"},"inLanguage":"de","potentialAction":[{"@type":"ReadAction","target":["https:\/\/norvita.eu\/de\/kontakt\/"]}]},{"@type":"BreadcrumbList","@id":"https:\/\/norvita.eu\/de\/kontakt\/#breadcrumb","itemListElement":[{"@type":"ListItem","position":1,"name":"Home","item":"https:\/\/norvita.eu\/de\/"},{"@type":"ListItem","position":2,"name":"Kontakt"}]},{"@type":"WebSite","@id":"https:\/\/norvita.eu\/de\/#website","url":"https:\/\/norvita.eu\/de\/","name":"Norvita sprei- ja geelvitamiinid","description":"Sprei vitamiinid ja toidulisandid","publisher":{"@id":"https:\/\/norvita.eu\/de\/#organization"},"potentialAction":[{"@type":"SearchAction","target":{"@type":"EntryPoint","urlTemplate":"https:\/\/norvita.eu\/de\/?s={search_term_string}"},"query-input":{"@type":"PropertyValueSpecification","valueRequired":true,"valueName":"search_term_string"}}],"inLanguage":"de"},{"@type":"Organization","@id":"https:\/\/norvita.eu\/de\/#organization","name":"NorVita","url":"https:\/\/norvita.eu\/de\/","logo":{"@type":"ImageObject","inLanguage":"de","@id":"https:\/\/norvita.eu\/de\/#\/schema\/logo\/image\/","url":"https:\/\/norvita.eu\/wp-content\/uploads\/2022\/07\/NorVita.svg","contentUrl":"https:\/\/norvita.eu\/wp-content\/uploads\/2022\/07\/NorVita.svg","width":96,"height":26,"caption":"NorVita"},"image":{"@id":"https:\/\/norvita.eu\/de\/#\/schema\/logo\/image\/"},"sameAs":["https:\/\/www.facebook.com\/norvitasupplements","https:\/\/www.instagram.com\/norvita_supplements\/"]}]}},"_links":{"self":[{"href":"https:\/\/norvita.eu\/de\/wp-json\/wp\/v2\/pages\/4692","targetHints":{"allow":["GET"]}}],"collection":[{"href":"https:\/\/norvita.eu\/de\/wp-json\/wp\/v2\/pages"}],"about":[{"href":"https:\/\/norvita.eu\/de\/wp-json\/wp\/v2\/types\/page"}],"author":[{"embeddable":true,"href":"https:\/\/norvita.eu\/de\/wp-json\/wp\/v2\/users\/1"}],"replies":[{"embeddable":true,"href":"https:\/\/norvita.eu\/de\/wp-json\/wp\/v2\/comments?post=4692"}],"version-history":[{"count":4,"href":"https:\/\/norvita.eu\/de\/wp-json\/wp\/v2\/pages\/4692\/revisions"}],"predecessor-version":[{"id":13917,"href":"https:\/\/norvita.eu\/de\/wp-json\/wp\/v2\/pages\/4692\/revisions\/13917"}],"wp:attachment":[{"href":"https:\/\/norvita.eu\/de\/wp-json\/wp\/v2\/media?parent=4692"}],"curies":[{"name":"wp","href":"https:\/\/api.w.org\/{rel}","templated":true}]}}